{"id":22324,"date":"2022-06-08T10:38:44","date_gmt":"2022-06-08T07:38:44","guid":{"rendered":"https:\/\/www.weckmansteel.fi\/?page_id=22324"},"modified":"2024-11-12T09:58:50","modified_gmt":"2024-11-12T07:58:50","slug":"frontpage","status":"publish","type":"page","link":"https:\/\/www.weckmansteel.fi\/en\/","title":{"rendered":"Frontpage"},"content":{"rendered":"\n  <div class=\"banner has-hover\" id=\"banner-2066167050\">\n          <div class=\"banner-inner fill\">\n        <div class=\"banner-bg fill\" >\n            <img loading=\"lazy\" decoding=\"async\" width=\"2560\" height=\"1709\" src=\"https:\/\/www.weckmansteel.fi\/wp-content\/uploads\/2020\/02\/Novoferm-Assen-8-scaled.jpg\" class=\"bg attachment-original size-original\" alt=\"\" \/>                        <div class=\"overlay\"><\/div>            \n                    <\/div>\n\t\t\n        <div class=\"banner-layers container\">\n            <div class=\"fill banner-link\"><\/div>            \n   <div id=\"text-box-1508627653\" class=\"text-box banner-layer x50 md-x50 lg-x50 y80 md-y80 lg-y75 res-text\">\n                                <div class=\"text-box-content text dark\">\n              \n              <div class=\"text-inner text-center\">\n                  \n\t<div class=\"img has-hover x md-x lg-x y md-y lg-y\" id=\"image_492626100\">\n\t\t\t\t\t\t\t\t<div class=\"img-inner dark\" >\n\t\t\t<img loading=\"lazy\" decoding=\"async\" width=\"2442\" height=\"601\" src=\"https:\/\/www.weckmansteel.fi\/wp-content\/uploads\/2022\/02\/Weckman_60v_vaaka_nega_rgb.png\" class=\"attachment-original size-original\" alt=\"\" srcset=\"https:\/\/www.weckmansteel.fi\/wp-content\/uploads\/2022\/02\/Weckman_60v_vaaka_nega_rgb.png 2442w, https:\/\/www.weckmansteel.fi\/wp-content\/uploads\/2022\/02\/Weckman_60v_vaaka_nega_rgb-900x221.png 900w, https:\/\/www.weckmansteel.fi\/wp-content\/uploads\/2022\/02\/Weckman_60v_vaaka_nega_rgb-300x74.png 300w, https:\/\/www.weckmansteel.fi\/wp-content\/uploads\/2022\/02\/Weckman_60v_vaaka_nega_rgb-1024x252.png 1024w, https:\/\/www.weckmansteel.fi\/wp-content\/uploads\/2022\/02\/Weckman_60v_vaaka_nega_rgb-768x189.png 768w, https:\/\/www.weckmansteel.fi\/wp-content\/uploads\/2022\/02\/Weckman_60v_vaaka_nega_rgb-1536x378.png 1536w, https:\/\/www.weckmansteel.fi\/wp-content\/uploads\/2022\/02\/Weckman_60v_vaaka_nega_rgb-2048x504.png 2048w\" sizes=\"auto, (max-width: 2442px) 100vw, 2442px\" \/>\t\t\t\t\t\t\n\t\t\t\t\t<\/div>\n\t\t\t\t\t\t\t\t\n<style>\n#image_492626100 {\n  width: 58%;\n}\n@media (min-width:550px) {\n  #image_492626100 {\n    width: 50%;\n  }\n}\n@media (min-width:850px) {\n  #image_492626100 {\n    width: 41%;\n  }\n}\n<\/style>\n\t<\/div>\n\t\n<p style=\"font-size: 170% !important; font-weight: 400;\">WEATHER CHANGES \u2013 WECKMAN ENDURES<\/p>\n<a href=\"https:\/\/www.weckmansteel.fi\/en\/why-weckman\/\" class=\"button white is-outline\" >\n\t\t<span>WHY CHOOSE WECKMAN<\/span>\n\t<\/a>\n\n<a href=\"https:\/\/www.weckmansteel.fi\/en\/contact-information\/\" class=\"button white is-outline\" style=\"border-radius:99px;\">\n\t\t<span>CONTACT US<\/span>\n\t<\/a>\n\n              <\/div>\n           <\/div>\n                            \n<style>\n#text-box-1508627653 {\n  width: 95%;\n}\n#text-box-1508627653 .text-box-content {\n  font-size: 100%;\n}\n@media (min-width:550px) {\n  #text-box-1508627653 {\n    width: 60%;\n  }\n}\n<\/style>\n    <\/div>\n \n        <\/div>\n      <\/div>\n\n            \n<style>\n#banner-2066167050 {\n  padding-top: 70%;\n  background-color: #104592;\n}\n#banner-2066167050 .overlay {\n  background-color: rgba(16, 69, 146, 0.669);\n}\n#banner-2066167050 .banner-bg img {\n  object-position: 100% 0%;\n}\n@media (min-width:550px) {\n  #banner-2066167050 {\n    padding-top: 35%;\n  }\n}\n@media (min-width:850px) {\n  #banner-2066167050 {\n    padding-top: 370px;\n  }\n}\n<\/style>\n  <\/div>\n\n\n\n\t<section class=\"section\" id=\"section_1469982101\">\n\t\t<div class=\"section-bg fill\" >\n\t\t\t\t\t\t\t\t\t\n\t\t\t\n\n\t\t<\/div>\n\n\t\t\n\n\t\t<div class=\"section-content relative\">\n\t\t\t\n<div class=\"row row-large align-center\" style=\"max-width:1680px\" id=\"row-547833109\">\n\n\t<div id=\"col-38063012\" class=\"col medium-9 small-12 large-9\"  >\n\t\t\t\t<div class=\"col-inner text-center\"  >\n\t\t\t\n\t\t\t\n\t<div id=\"text-766478515\" class=\"text\">\n\t\t\n<h1 style=\"font-size: 36pt !important; line-height: 0.9em;\">STEEL PRODUCTS<\/h1>\n\t\t\n<style>\n#text-766478515 {\n  line-height: 1;\n}\n<\/style>\n\t<\/div>\n\t\n<p>Weckman represents the hard as steel Finnish know-how that creates the most durable steel roofs and walls, load-bearing structures and midsoles, steel halls and tractor trailers.<\/p>\n\t\t<\/div>\n\t\t\t\t\t<\/div>\n\n\t\n\n\t<div id=\"col-1454803347\" class=\"col medium-4 small-12 large-4\"  >\n\t\t\t\t<div class=\"col-inner\"  >\n\t\t\t\n\t\t\t\n\t<div class=\"img has-hover x md-x lg-x y md-y lg-y\" id=\"image_2057869141\">\n\t\t<a class=\"\" href=\"https:\/\/www.weckmansteel.fi\/en\/roof-range\/\" >\t\t\t\t\t\t<div class=\"img-inner image-cover dark\" style=\"padding-top:65%;margin:0px 0px 20px 0px;\">\n\t\t\t<img loading=\"lazy\" decoding=\"async\" width=\"449\" height=\"314\" src=\"https:\/\/www.weckmansteel.fi\/wp-content\/uploads\/2022\/05\/Weckman_tuotteet_katot_02.jpg\" class=\"attachment-large size-large\" alt=\"Weckman ter\u00e4skatot peltikatot\" srcset=\"https:\/\/www.weckmansteel.fi\/wp-content\/uploads\/2022\/05\/Weckman_tuotteet_katot_02.jpg 449w, https:\/\/www.weckmansteel.fi\/wp-content\/uploads\/2022\/05\/Weckman_tuotteet_katot_02-300x210.jpg 300w\" sizes=\"auto, (max-width: 449px) 100vw, 449px\" \/>\t\t\t\t\t\t\n\t\t\t\t\t<\/div>\n\t\t\t\t\t\t<\/a>\t\t\n<style>\n#image_2057869141 {\n  width: 100%;\n}\n<\/style>\n\t<\/div>\n\t\n<h3>Steel Roofing Selection<\/h3>\n<p>Weckman offers the most extensive steel roofing selection on the market. You can choose from more than 200 roofing products.<\/p>\n<a href=\"https:\/\/www.weckmansteel.fi\/en\/roof-range\/\" class=\"button primary is-outline\" >\n\t\t<span>SEE SELECTION<\/span>\n\t<\/a>\n\n\t\t<\/div>\n\t\t\t\t\t<\/div>\n\n\t\n\n\t<div id=\"col-945556612\" class=\"col medium-4 small-12 large-4\"  >\n\t\t\t\t<div class=\"col-inner\"  >\n\t\t\t\n\t\t\t\n\t<div class=\"img has-hover x md-x lg-x y md-y lg-y\" id=\"image_1818294451\">\n\t\t\t\t\t\t\t\t<div class=\"img-inner image-cover dark\" style=\"padding-top:65%;margin:0px 0px 20px 0px;\">\n\t\t\t<img loading=\"lazy\" decoding=\"async\" width=\"449\" height=\"314\" src=\"https:\/\/www.weckmansteel.fi\/wp-content\/uploads\/2022\/05\/Weckman_tuotteet_hallit_01.jpg\" class=\"attachment-large size-large\" alt=\"Weckman ter\u00e4shallit\" srcset=\"https:\/\/www.weckmansteel.fi\/wp-content\/uploads\/2022\/05\/Weckman_tuotteet_hallit_01.jpg 449w, https:\/\/www.weckmansteel.fi\/wp-content\/uploads\/2022\/05\/Weckman_tuotteet_hallit_01-300x210.jpg 300w\" sizes=\"auto, (max-width: 449px) 100vw, 449px\" \/>\t\t\t\t\t\t\n\t\t\t\t\t<\/div>\n\t\t\t\t\t\t\t\t\n<style>\n#image_1818294451 {\n  width: 100%;\n}\n<\/style>\n\t<\/div>\n\t\n<h3>Steel Halls<\/h3>\n<p>Weckman steel halls are suitable for industrial and agricultural use as well as for special applications. Choose a thermally insulated or non-insulated steel hall.<\/p>\n<a href=\"https:\/\/www.weckmansteel.fi\/terashallit\/\" class=\"button primary is-outline hidden\" >\n\t\t<span>SEE SELECTION<\/span>\n\t<\/a>\n\n\t\t<\/div>\n\t\t\t\t\t<\/div>\n\n\t\n\n\t<div id=\"col-1401000145\" class=\"col medium-4 small-12 large-4\"  >\n\t\t\t\t<div class=\"col-inner\"  >\n\t\t\t\n\t\t\t\n\t<div class=\"img has-hover x md-x lg-x y md-y lg-y\" id=\"image_86672601\">\n\t\t<a class=\"\" href=\"https:\/\/www.weckmansteel.fi\/en\/trailers-and-carts\/\" >\t\t\t\t\t\t<div class=\"img-inner image-cover dark\" style=\"padding-top:65%;margin:0px 0px 20px 0px;\">\n\t\t\t<img loading=\"lazy\" decoding=\"async\" width=\"449\" height=\"314\" src=\"https:\/\/www.weckmansteel.fi\/wp-content\/uploads\/2022\/05\/Weckman_tuotteet_perakarryt_01.jpg\" class=\"attachment-large size-large\" alt=\"Weckman traktorin per\u00e4k\u00e4rryt per\u00e4vaunut\" srcset=\"https:\/\/www.weckmansteel.fi\/wp-content\/uploads\/2022\/05\/Weckman_tuotteet_perakarryt_01.jpg 449w, https:\/\/www.weckmansteel.fi\/wp-content\/uploads\/2022\/05\/Weckman_tuotteet_perakarryt_01-300x210.jpg 300w\" sizes=\"auto, (max-width: 449px) 100vw, 449px\" \/>\t\t\t\t\t\t\n\t\t\t\t\t<\/div>\n\t\t\t\t\t\t<\/a>\t\t\n<style>\n#image_86672601 {\n  width: 100%;\n}\n<\/style>\n\t<\/div>\n\t\n<h3>Tractor Trailers<\/h3>\n<p>Weckman tractor trailers are designed for demanding transport of goods in agriculture, forestry, and earthworks.<\/p>\n<a href=\"https:\/\/www.weckmansteel.fi\/en\/trailers-and-carts\/\" class=\"button primary is-outline\" >\n\t\t<span>SEE SELECTION<\/span>\n\t<\/a>\n\n\t\t<\/div>\n\t\t\t\t\t<\/div>\n\n\t\n<\/div>\n\t\t<\/div>\n\n\t\t\n<style>\n#section_1469982101 {\n  padding-top: 40px;\n  padding-bottom: 40px;\n}\n<\/style>\n\t<\/section>\n\t\n\n\t<section class=\"section\" id=\"section_1566313337\">\n\t\t<div class=\"section-bg fill\" >\n\t\t\t\t\t\t\t\t\t\n\t\t\t\n\t<div class=\"is-border\"\n\t\tstyle=\"border-width:1px 0px 1px 0px;\">\n\t<\/div>\n\n\t\t<\/div>\n\n\t\t\n\n\t\t<div class=\"section-content relative\">\n\t\t\t\n<div class=\"row row-large align-center\" style=\"max-width:1680px\" id=\"row-1928310762\">\n\n\t<div id=\"col-1374386092\" class=\"col medium-9 small-12 large-9\"  >\n\t\t\t\t<div class=\"col-inner text-center\"  >\n\t\t\t\n\t\t\t\n<h2 style=\"font-size: 30pt !important; line-height: 0.9em;\">Professional Service<\/h2>\n\t<div id=\"text-1477961260\" class=\"text\">\n\t\t\n<p>We offer design services for roof renovation and steel hall construction. We also offer a comprehensive range of accessories and spare parts for tractor trailers.<br \/>\n\t\t\n<style>\n#text-1477961260 {\n  line-height: 1.15;\n}\n<\/style>\n\t<\/div>\n\t\n\t\t<\/div>\n\t\t\t\t\t<\/div>\n\n\t\n\n\t<div id=\"col-1455719414\" class=\"col medium-4 small-12 large-4\"  >\n\t\t\t\t<div class=\"col-inner\"  >\n\t\t\t\n\t\t\t\n\t<div class=\"img has-hover x md-x lg-x y md-y lg-y\" id=\"image_1872847000\">\n\t\t<a class=\"\" href=\"https:\/\/www.weckmansteel.fi\/en\/roof-renovation\/\" >\t\t\t\t\t\t<div class=\"img-inner image-cover dark\" style=\"padding-top:65%;margin:0px 0px 20px 0px;\">\n\t\t\t<img loading=\"lazy\" decoding=\"async\" width=\"1020\" height=\"680\" src=\"https:\/\/www.weckmansteel.fi\/wp-content\/uploads\/2022\/05\/Weckman-Kattokuvat-jatkettu-leikattu-1024x683.jpg\" class=\"attachment-large size-large\" alt=\"Weckman kattoremontti peltikatolle ter\u00e4skatteelle\" srcset=\"https:\/\/www.weckmansteel.fi\/wp-content\/uploads\/2022\/05\/Weckman-Kattokuvat-jatkettu-leikattu-1024x683.jpg 1024w, https:\/\/www.weckmansteel.fi\/wp-content\/uploads\/2022\/05\/Weckman-Kattokuvat-jatkettu-leikattu-900x600.jpg 900w, https:\/\/www.weckmansteel.fi\/wp-content\/uploads\/2022\/05\/Weckman-Kattokuvat-jatkettu-leikattu-300x200.jpg 300w, https:\/\/www.weckmansteel.fi\/wp-content\/uploads\/2022\/05\/Weckman-Kattokuvat-jatkettu-leikattu-768x512.jpg 768w, https:\/\/www.weckmansteel.fi\/wp-content\/uploads\/2022\/05\/Weckman-Kattokuvat-jatkettu-leikattu-1536x1024.jpg 1536w, https:\/\/www.weckmansteel.fi\/wp-content\/uploads\/2022\/05\/Weckman-Kattokuvat-jatkettu-leikattu.jpg 1684w\" sizes=\"auto, (max-width: 1020px) 100vw, 1020px\" \/>\t\t\t\t\t\t\n\t\t\t\t\t<\/div>\n\t\t\t\t\t\t<\/a>\t\t\n<style>\n#image_1872847000 {\n  width: 100%;\n}\n<\/style>\n\t<\/div>\n\t\n<h3>Roof Renovation<\/h3>\n<p>Weckman has the widest network of roof renovation and installation partners in Finland. You can choose from our partners the roofing expert that you want.<\/p>\n<a href=\"https:\/\/www.weckmansteel.fi\/en\/roof-renovation\/\" class=\"button primary is-outline\" >\n\t\t<span>LEARN MORE<\/span>\n\t<\/a>\n\n\t\t<\/div>\n\t\t\t\t\t<\/div>\n\n\t\n\n\t<div id=\"col-991268731\" class=\"col medium-4 small-12 large-4\"  >\n\t\t\t\t<div class=\"col-inner\"  >\n\t\t\t\n\t\t\t\n\t<div class=\"img has-hover x md-x lg-x y md-y lg-y\" id=\"image_2098051362\">\n\t\t<a class=\"\" href=\"https:\/\/www.weckmansteel.fi\/en\/for-professional-builders\/\" >\t\t\t\t\t\t<div class=\"img-inner image-cover dark\" style=\"padding-top:65%;margin:0px 0px 20px 0px;\">\n\t\t\t<img loading=\"lazy\" decoding=\"async\" width=\"1020\" height=\"574\" src=\"https:\/\/www.weckmansteel.fi\/wp-content\/uploads\/2021\/03\/weckman_erikoishallit_paakuva-1024x576.jpg\" class=\"attachment-large size-large\" alt=\"Weckman ter\u00e4shallien suunnittelu erikoishallit\" srcset=\"https:\/\/www.weckmansteel.fi\/wp-content\/uploads\/2021\/03\/weckman_erikoishallit_paakuva-1024x576.jpg 1024w, https:\/\/www.weckmansteel.fi\/wp-content\/uploads\/2021\/03\/weckman_erikoishallit_paakuva-900x506.jpg 900w, https:\/\/www.weckmansteel.fi\/wp-content\/uploads\/2021\/03\/weckman_erikoishallit_paakuva-300x169.jpg 300w, https:\/\/www.weckmansteel.fi\/wp-content\/uploads\/2021\/03\/weckman_erikoishallit_paakuva-768x432.jpg 768w, https:\/\/www.weckmansteel.fi\/wp-content\/uploads\/2021\/03\/weckman_erikoishallit_paakuva.jpg 1200w\" sizes=\"auto, (max-width: 1020px) 100vw, 1020px\" \/>\t\t\t\t\t\t\n\t\t\t\t\t<\/div>\n\t\t\t\t\t\t<\/a>\t\t\n<style>\n#image_2098051362 {\n  width: 100%;\n}\n<\/style>\n\t<\/div>\n\t\n<h3>Designing Steel Halls<\/h3>\n<p>Our experts will gladly help architects, and structural and technical engineers already at the design stage of projects.<\/p>\n<a href=\"https:\/\/www.weckmansteel.fi\/en\/for-professional-builders\/\" class=\"button primary is-outline\" >\n\t\t<span>LEARN MORE<\/span>\n\t<\/a>\n\n\t\t<\/div>\n\t\t\t\t\t<\/div>\n\n\t\n\n\t<div id=\"col-1257313644\" class=\"col medium-4 small-12 large-4\"  >\n\t\t\t\t<div class=\"col-inner\"  >\n\t\t\t\n\t\t\t\n\t<div class=\"img has-hover x md-x lg-x y md-y lg-y\" id=\"image_876479133\">\n\t\t<a class=\"\" href=\"https:\/\/www.weckmansteel.fi\/en\/trailers-and-carts\/trailer-accessories\/\" >\t\t\t\t\t\t<div class=\"img-inner image-cover dark\" style=\"padding-top:65%;margin:0px 0px 20px 0px;\">\n\t\t\t<img loading=\"lazy\" decoding=\"async\" width=\"1020\" height=\"628\" src=\"https:\/\/www.weckmansteel.fi\/wp-content\/uploads\/2021\/05\/5D4_7857-1-1024x630.jpg\" class=\"attachment-large size-large\" alt=\"Weckman traktorin per\u00e4k\u00e4rryjen varaosat\" srcset=\"https:\/\/www.weckmansteel.fi\/wp-content\/uploads\/2021\/05\/5D4_7857-1-1024x630.jpg 1024w, https:\/\/www.weckmansteel.fi\/wp-content\/uploads\/2021\/05\/5D4_7857-1-900x554.jpg 900w, https:\/\/www.weckmansteel.fi\/wp-content\/uploads\/2021\/05\/5D4_7857-1-300x185.jpg 300w, https:\/\/www.weckmansteel.fi\/wp-content\/uploads\/2021\/05\/5D4_7857-1-768x473.jpg 768w, https:\/\/www.weckmansteel.fi\/wp-content\/uploads\/2021\/05\/5D4_7857-1.jpg 1300w\" sizes=\"auto, (max-width: 1020px) 100vw, 1020px\" \/>\t\t\t\t\t\t\n\t\t\t\t\t<\/div>\n\t\t\t\t\t\t<\/a>\t\t\n<style>\n#image_876479133 {\n  width: 100%;\n}\n<\/style>\n\t<\/div>\n\t\n<h3>Tractor Trailer Spare Parts<\/h3>\n<p>Our promise is to deliver spare parts for tractor trailers fast. You can further enhance the versatility and safety with accessories.<\/p>\n<a href=\"https:\/\/www.weckmansteel.fi\/en\/trailers-and-carts\/trailer-accessories\/\" class=\"button primary is-outline\" >\n\t\t<span>SEE MORE<\/span>\n\t<\/a>\n\n\t\t<\/div>\n\t\t\t\t\t<\/div>\n\n\t\n<\/div>\n\t\t<\/div>\n\n\t\t\n<style>\n#section_1566313337 {\n  padding-top: 40px;\n  padding-bottom: 40px;\n  background-color: rgb(245, 245, 245);\n}\n<\/style>\n\t<\/section>\n\t\n\n\t<section class=\"section dark\" id=\"section_99843019\">\n\t\t<div class=\"section-bg fill\" >\n\t\t\t<img loading=\"lazy\" decoding=\"async\" width=\"2037\" height=\"1226\" src=\"https:\/\/www.weckmansteel.fi\/wp-content\/uploads\/2022\/03\/Konehalli.jpeg\" class=\"bg attachment- size-\" alt=\"Weckman konehalli\" \/>\t\t\t\t\t\t<div class=\"section-bg-overlay absolute fill\"><\/div>\n\t\t\t\n\n\t\t<\/div>\n\n\t\t\n\n\t\t<div class=\"section-content relative\">\n\t\t\t\n<div class=\"row row-solid\"  id=\"row-1966767573\">\n\n\t<div id=\"col-1756241554\" class=\"col medium-6 small-12 large-6\"  >\n\t\t\t\t<div class=\"col-inner\"  >\n\t\t\t\n\t\t\t\n<h2 style=\"font-size: 30pt !important; line-height: 0.9em;\">News<\/h2>\n\t<div id=\"gap-52232110\" class=\"gap-element clearfix\" style=\"display:block; height:auto;\">\n\t\t\n<style>\n#gap-52232110 {\n  padding-top: 10px;\n}\n<\/style>\n\t<\/div>\n\t\n<a href=\"https:\/\/www.weckmansteel.fi\/en\/news\/\" class=\"button secondary is-outline\" >\n\t\t<span>READ WECKMAN NEWS<\/span>\n\t<\/a>\n\n\t\t<\/div>\n\t\t\t\t\t<\/div>\n\n\t\n\n\t<div id=\"col-1939563916\" class=\"col medium-6 small-12 large-6\"  >\n\t\t\t\t<div class=\"col-inner\"  >\n\t\t\t\n\t\t\t\n<h2 style=\"font-size: 30pt !important; line-height: 0.9em;\">For Professional Builders<\/h2>\n\t<div id=\"gap-1826342032\" class=\"gap-element clearfix\" style=\"display:block; height:auto;\">\n\t\t\n<style>\n#gap-1826342032 {\n  padding-top: 10px;\n}\n<\/style>\n\t<\/div>\n\t\n<a href=\"https:\/\/www.weckmansteel.fi\/en\/load-bearing-structures\/\" class=\"button secondary\" >\n\t\t<span>LOAD-BEARING STRUCTURES<\/span>\n\t<\/a>\n\n<a href=\"https:\/\/www.weckmansteel.fi\/en\/walls\/\" class=\"button secondary\" >\n\t\t<span>WALLS<\/span>\n\t<\/a>\n\n\t\t<\/div>\n\t\t\t\t\t<\/div>\n\n\t\n<\/div>\n\t\t<\/div>\n\n\t\t\n<style>\n#section_99843019 {\n  padding-top: 30px;\n  padding-bottom: 30px;\n  background-color: rgb(255, 255, 255);\n}\n#section_99843019 .section-bg-overlay {\n  background-color: rgba(16, 69, 146, 0.89);\n}\n#section_99843019 .section-bg img {\n  object-position: 64% 35%;\n}\n<\/style>\n\t<\/section>\n\t\n\n\t<section class=\"section has-parallax\" id=\"section_1439003330\">\n\t\t<div class=\"section-bg fill\" data-parallax-container=\".section\" data-parallax-background data-parallax=\"-2\">\n\t\t\t<img loading=\"lazy\" decoding=\"async\" width=\"1200\" height=\"457\" src=\"https:\/\/www.weckmansteel.fi\/wp-content\/uploads\/2022\/02\/Weckman_ekologisuus.jpg\" class=\"bg attachment-original size-original\" alt=\"\" \/>\t\t\t\t\t\t<div class=\"section-bg-overlay absolute fill\"><\/div>\n\t\t\t\n\n\t\t<\/div>\n\n\t\t\n\n\t\t<div class=\"section-content relative\">\n\t\t\t\n<div class=\"row align-center\"  id=\"row-894224990\">\n\n\t<div id=\"col-2087329916\" class=\"col medium-4 small-12 large-4\"  >\n\t\t\t\t<div class=\"col-inner\"  >\n\t\t\t\n\t\t\t\n\t<div class=\"img has-hover x md-x lg-x y md-y lg-y\" id=\"image_340653122\">\n\t\t\t\t\t\t\t\t<div class=\"img-inner dark\" >\n\t\t\t\t\t\t\t\t\t\n\t\t\t\t\t<\/div>\n\t\t\t\t\t\t\t\t\n<style>\n#image_340653122 {\n  width: 100%;\n}\n<\/style>\n\t<\/div>\n\t\n\t\t<\/div>\n\t\t\t\t\n<style>\n#col-2087329916 > .col-inner {\n  padding: 36px 0px 0px 0px;\n}\n<\/style>\n\t<\/div>\n\n\t\n\n\t<div id=\"col-466215431\" class=\"col small-12 large-12\"  >\n\t\t\t\t<div class=\"col-inner text-center dark\"  >\n\t\t\t\n\t\t\t\n\t<div class=\"img has-hover x md-x lg-x y md-y lg-y\" id=\"image_558996827\">\n\t\t\t\t\t\t\t\t<div class=\"img-inner dark\" >\n\t\t\t<img loading=\"lazy\" decoding=\"async\" width=\"1020\" height=\"190\" src=\"https:\/\/www.weckmansteel.fi\/wp-content\/uploads\/2022\/02\/Luonnollisesti_Weckman_nega_rgb-1024x191.png\" class=\"attachment-large size-large\" alt=\"\" srcset=\"https:\/\/www.weckmansteel.fi\/wp-content\/uploads\/2022\/02\/Luonnollisesti_Weckman_nega_rgb-1024x191.png 1024w, https:\/\/www.weckmansteel.fi\/wp-content\/uploads\/2022\/02\/Luonnollisesti_Weckman_nega_rgb-scaled-900x168.png 900w, https:\/\/www.weckmansteel.fi\/wp-content\/uploads\/2022\/02\/Luonnollisesti_Weckman_nega_rgb-300x56.png 300w, https:\/\/www.weckmansteel.fi\/wp-content\/uploads\/2022\/02\/Luonnollisesti_Weckman_nega_rgb-768x143.png 768w, https:\/\/www.weckmansteel.fi\/wp-content\/uploads\/2022\/02\/Luonnollisesti_Weckman_nega_rgb-1536x286.png 1536w, https:\/\/www.weckmansteel.fi\/wp-content\/uploads\/2022\/02\/Luonnollisesti_Weckman_nega_rgb-2048x381.png 2048w\" sizes=\"auto, (max-width: 1020px) 100vw, 1020px\" \/>\t\t\t\t\t\t\n\t\t\t\t\t<\/div>\n\t\t\t\t\t\t\t\t\n<style>\n#image_558996827 {\n  width: 35%;\n}\n<\/style>\n\t<\/div>\n\t\n\t<div id=\"gap-1784945239\" class=\"gap-element clearfix\" style=\"display:block; height:auto;\">\n\t\t\n<style>\n#gap-1784945239 {\n  padding-top: 30px;\n}\n<\/style>\n\t<\/div>\n\t\n\t<div id=\"text-2700400399\" class=\"text\">\n\t\t\n<h2><strong>The smaller carbon footprint of Weckman steel halls, sheet metals, and trailers brings economic benefits<\/strong><\/h2>\n<p><strong>Production innovations of Weckman steel halls will reduce the carbon footprint from production to commissioning. The amount of steel in production will be reduced by up to 25%, which will also reduce the environmental impact of transporting and erecting halls. CO2 emissions will be reduced by around one million kilograms a year as a result of reduced steel use alone.<\/strong><br \/>\n\t\t\n<style>\n#text-2700400399 {\n  color: rgb(255,255,255);\n}\n#text-2700400399 > * {\n  color: rgb(255,255,255);\n}\n<\/style>\n\t<\/div>\n\t\n<a href=\"https:\/\/www.weckmansteel.fi\/ajankohtaista\/weckman-terashallien-pienempi-hiilijalanjalki-tuo-taloudellista-hyotya\/\" class=\"button white is-outline hidden\" >\n\t\t<span>ECOLOGY OF STEEL HALLS<\/span>\n\t<\/a>\n\n<a href=\"https:\/\/www.weckmansteel.fi\/ajankohtaista\/weckman-ohutlevyt-pienentamassa-rakennuttamisen-hiilijalanjalkea\/\" class=\"button white is-outline hidden\" >\n\t\t<span>ECOLOGY OF SHEET METAL<\/span>\n\t<\/a>\n\n<a href=\"https:\/\/www.weckmansteel.fi\/ajankohtaista\/uusi-weckman-peravaunumallisto-ekologisempi-valmistaa-ja-kayttaa\/\" class=\"button white is-outline hidden\" >\n\t\t<span>ECOLOGY OF TRAILERS<\/span>\n\t<\/a>\n\n\t\t<\/div>\n\t\t\t\t\t<\/div>\n\n\t\n\n<style>\n#row-894224990 > .col > .col-inner {\n  padding: 0px 0px 0px 0px;\n}\n<\/style>\n<\/div>\n\t\t<\/div>\n\n\t\t\n<style>\n#section_1439003330 {\n  padding-top: 30px;\n  padding-bottom: 30px;\n}\n#section_1439003330 .section-bg-overlay {\n  background-color: rgba(50, 205, 51, 0.808);\n}\n<\/style>\n\t<\/section>\n\t\n\n\n\n\t<section class=\"section\" id=\"section_770982030\">\n\t\t<div class=\"section-bg fill\" >\n\t\t\t\t\t\t\t\t\t\n\t\t\t\n\t<div class=\"is-border\"\n\t\tstyle=\"border-width:1px 0px 1px 0px;\">\n\t<\/div>\n\n\t\t<\/div>\n\n\t\t\n\n\t\t<div class=\"section-content relative\">\n\t\t\t\n<div class=\"row row-large align-middle\"  id=\"row-332375893\">\n\n\t<div id=\"col-1049057195\" class=\"col medium-6 small-12 large-6\"  >\n\t\t\t\t<div class=\"col-inner\"  >\n\t\t\t\n\t\t\t\n\t<div class=\"img has-hover x md-x lg-x y md-y lg-y\" id=\"image_913887106\">\n\t\t\t\t\t\t\t\t<div class=\"img-inner dark\" >\n\t\t\t\t\t\t\t\t\t\n\t\t\t\t\t<\/div>\n\t\t\t\t\t\t\t\t\n<style>\n#image_913887106 {\n  width: 100%;\n}\n<\/style>\n\t<\/div>\n\t\n\t<div class=\"img has-hover x md-x lg-x y md-y lg-y\" id=\"image_1395153648\">\n\t\t\t\t\t\t\t\t<div class=\"img-inner box-shadow-2 dark\" >\n\t\t\t\t\t\t\t\t\t\n\t\t\t\t\t<\/div>\n\t\t\t\t\t\t\t\t\n<style>\n#image_1395153648 {\n  width: 100%;\n}\n<\/style>\n\t<\/div>\n\t\n\t<div class=\"img has-hover x md-x lg-x y md-y lg-y\" id=\"image_913699951\">\n\t\t\t\t\t\t\t\t<div class=\"img-inner dark\" >\n\t\t\t<img loading=\"lazy\" decoding=\"async\" width=\"1020\" height=\"680\" src=\"https:\/\/www.weckmansteel.fi\/wp-content\/uploads\/2022\/05\/5D4_2490-1024x683.jpg\" class=\"attachment-large size-large\" alt=\"Weckman ter\u00e4ksen ammattilainen\" srcset=\"https:\/\/www.weckmansteel.fi\/wp-content\/uploads\/2022\/05\/5D4_2490-1024x683.jpg 1024w, https:\/\/www.weckmansteel.fi\/wp-content\/uploads\/2022\/05\/5D4_2490-900x600.jpg 900w, https:\/\/www.weckmansteel.fi\/wp-content\/uploads\/2022\/05\/5D4_2490-300x200.jpg 300w, https:\/\/www.weckmansteel.fi\/wp-content\/uploads\/2022\/05\/5D4_2490-768x512.jpg 768w, https:\/\/www.weckmansteel.fi\/wp-content\/uploads\/2022\/05\/5D4_2490-1536x1024.jpg 1536w, https:\/\/www.weckmansteel.fi\/wp-content\/uploads\/2022\/05\/5D4_2490.jpg 1920w\" sizes=\"auto, (max-width: 1020px) 100vw, 1020px\" \/>\t\t\t\t\t\t\n\t\t\t\t\t<\/div>\n\t\t\t\t\t\t\t\t\n<style>\n#image_913699951 {\n  width: 100%;\n}\n<\/style>\n\t<\/div>\n\t\n\t\t<\/div>\n\t\t\t\t\t<\/div>\n\n\t\n\n\t<div id=\"col-2013863536\" class=\"col medium-6 small-12 large-6\"  >\n\t\t\t\t<div class=\"col-inner text-left\"  >\n\t\t\t\n\t\t\t\n<h2 class=\"uppercase\">ABOUT WECKMAN<\/h2>\n<p>Weckman is a Finnish family-run business that is defined by good team spirit. Many of our employees have worked with us for decades. We are always looking for roofing experts and for people interested in working in steel construction.<\/p>\n<a href=\"https:\/\/www.weckmansteel.fi\/en\/why-weckman\/recruiting\/\" class=\"button primary is-outline\" >\n\t\t<span>READ MORE<\/span>\n\t<\/a>\n\n\t\t<\/div>\n\t\t\t\t\t<\/div>\n\n\t\n<\/div>\n\t\t<\/div>\n\n\t\t\n<style>\n#section_770982030 {\n  padding-top: 60px;\n  padding-bottom: 60px;\n}\n<\/style>\n\t<\/section>\n\t\n","protected":false},"excerpt":{"rendered":"","protected":false},"author":17,"featured_media":45729,"parent":0,"menu_order":272,"comment_status":"closed","ping_status":"closed","template":"page-blank.php","meta":{"footnotes":""},"class_list":["post-22324","page","type-page","status-publish","has-post-thumbnail","hentry"],"_links":{"self":[{"href":"https:\/\/www.weckmansteel.fi\/en\/wp-json\/wp\/v2\/pages\/22324","targetHints":{"allow":["GET"]}}],"collection":[{"href":"https:\/\/www.weckmansteel.fi\/en\/wp-json\/wp\/v2\/pages"}],"about":[{"href":"https:\/\/www.weckmansteel.fi\/en\/wp-json\/wp\/v2\/types\/page"}],"author":[{"embeddable":true,"href":"https:\/\/www.weckmansteel.fi\/en\/wp-json\/wp\/v2\/users\/17"}],"replies":[{"embeddable":true,"href":"https:\/\/www.weckmansteel.fi\/en\/wp-json\/wp\/v2\/comments?post=22324"}],"version-history":[{"count":1,"href":"https:\/\/www.weckmansteel.fi\/en\/wp-json\/wp\/v2\/pages\/22324\/revisions"}],"predecessor-version":[{"id":36551,"href":"https:\/\/www.weckmansteel.fi\/en\/wp-json\/wp\/v2\/pages\/22324\/revisions\/36551"}],"wp:featuredmedia":[{"embeddable":true,"href":"https:\/\/www.weckmansteel.fi\/en\/wp-json\/wp\/v2\/media\/45729"}],"wp:attachment":[{"href":"https:\/\/www.weckmansteel.fi\/en\/wp-json\/wp\/v2\/media?parent=22324"}],"curies":[{"name":"wp","href":"https:\/\/api.w.org\/{rel}","templated":true}]}}