{"id":24254,"date":"2022-09-21T14:45:35","date_gmt":"2022-09-21T11:45:35","guid":{"rendered":"https:\/\/www.weckmansteel.fi\/?page_id=24254"},"modified":"2022-10-25T10:06:33","modified_gmt":"2022-10-25T07:06:33","slug":"factories","status":"publish","type":"page","link":"https:\/\/www.weckmansteel.fi\/en\/why-weckman\/factories\/","title":{"rendered":"Factories"},"content":{"rendered":"\n  <div class=\"banner has-hover\" id=\"banner-520876024\">\n          <div class=\"banner-inner fill\">\n        <div class=\"banner-bg fill\" >\n            <img loading=\"lazy\" decoding=\"async\" width=\"1280\" height=\"414\" src=\"https:\/\/www.weckmansteel.fi\/wp-content\/uploads\/2017\/04\/tehtaat_iso.jpg\" class=\"bg attachment-original size-original\" alt=\"\" \/>                        <div class=\"overlay\"><\/div>            \n                    <\/div>\n\t\t\n        <div class=\"banner-layers container\">\n            <div class=\"fill banner-link\"><\/div>            \n   <div id=\"text-box-1108524731\" class=\"text-box banner-layer x50 md-x50 lg-x50 y50 md-y50 lg-y50 res-text\">\n                                <div class=\"text-box-content text dark\">\n              \n              <div class=\"text-inner text-center\">\n                  \n<p class=\"uppercase\" style=\"text-align: center;\"><span style=\"font-size: 170%;\"><strong>Weckman steel factories<\/strong><\/span><\/p>\n              <\/div>\n           <\/div>\n                            \n<style>\n#text-box-1108524731 {\n  width: 95%;\n}\n#text-box-1108524731 .text-box-content {\n  font-size: 100%;\n}\n@media (min-width:550px) {\n  #text-box-1108524731 {\n    width: 70%;\n  }\n}\n<\/style>\n    <\/div>\n \n        <\/div>\n      <\/div>\n\n            \n<style>\n#banner-520876024 {\n  padding-top: 80%;\n}\n#banner-520876024 .overlay {\n  background-color: rgba(16, 69, 146, 0.75);\n}\n@media (min-width:550px) {\n  #banner-520876024 {\n    padding-top: 40%;\n  }\n}\n@media (min-width:850px) {\n  #banner-520876024 {\n    padding-top: 500px;\n  }\n}\n<\/style>\n  <\/div>\n\n\n\n\t<section class=\"section\" id=\"section_668436310\">\n\t\t<div class=\"section-bg fill\" >\n\t\t\t\t\t\t\t\t\t\n\t\t\t\n\n\t\t<\/div>\n\n\t\t\n\n\t\t<div class=\"section-content relative\">\n\t\t\t\n<div class=\"row\"  id=\"row-267826254\">\n\n\t<div id=\"col-1181523970\" class=\"col small-12 large-12\"  >\n\t\t\t\t<div class=\"col-inner\"  >\n\t\t\t\n\t\t\t\n<h2  class=\"uppercase\">Weckman steel factories<\/h2>\n\t\t<\/div>\n\t\t\t\t\t<\/div>\n\n\t\n\n\t<div id=\"col-1016572711\" class=\"col medium-6 small-12 large-6\"  >\n\t\t\t\t<div class=\"col-inner\"  >\n\t\t\t\n\t\t\t\n<h3>Weckman Steel Oy, Vierum\u00e4ki<\/h3>\n<p><strong>Factory opening hours<\/strong><br \/>Sheet, storage hall and trailer collections, receiving of incoming goods, transport company collections and II choice sales:<br \/>Monday to Friday from 7:30 am to 3:30 pm<\/p>\n<p><strong>Address<\/strong><br \/>H\u00e4rk\u00e4l\u00e4ntie 72, 19110 Vierum\u00e4ki<br \/>Tel. +358 888 70<\/p>\n<p><strong>Directions<\/strong><br \/>Please note: When coming from regional road 140, there is an undercrossing with maximum height of 4.0 metres according to the traffic sign. There is an alternative route for heavy vehicles via Uraj\u00e4rventie road (turning from Route 313).<\/p>\n<p><a class=\"button primary is-outline\" href=\"https:\/\/www.google.fi\/maps\/place\/H%C3%A4rk%C3%A4l%C3%A4ntie+72,+19110+Vierum%C3%A4ki\/@61.107632,25.908766,14z\/data=!4m5!3m4!1s0x46902abd00c671f1:0xf28bc04283d0bc62!8m2!3d61.1079784!4d25.9117484?hl=fi\" target=\"_blank\" rel=\"noopener\">Directions<\/a><a class=\"button is-outline primary\" href=\"https:\/\/www.weckmansteel.fi\/wp-content\/uploads\/2018\/09\/Pihakartta.jpg\" target=\"_blank\" rel=\"noopener\">Map of the factory area<\/a><\/p>\n\t\t<\/div>\n\t\t\t\t\t<\/div>\n\n\t\n\n\t<div id=\"col-199313158\" class=\"col medium-6 small-12 large-6\"  >\n\t\t\t\t<div class=\"col-inner\"  >\n\t\t\t\n\t\t\t\n<h3>Weckman Steel Oy, Iisalmi<\/h3>\n<p><strong>Factory opening hours<\/strong><br \/>Sheet collections, receiving of incoming goods and transport company collections: Monday to Friday from 7:30 am to 3:30 pm.<\/p>\n<p><strong>Address<\/strong><br \/>Muovikatu 12, 74120 Iisalmi<br \/>Tel. +358 888 70<\/p>\n<p><a class=\"button is-outline primary\" href=\"https:\/\/www.google.fi\/maps?q=muovikatu+12+iisalmi&amp;hl=fi&amp;sll=61.24857,26.157479&amp;sspn=0.526473,1.229095&amp;t=h&amp;hnear=Muovikatu+12,+Iisalmi&amp;z=16\" target=\"_blank\" rel=\"noopener\">Directions<\/a><\/p>\n\t\t<\/div>\n\t\t\t\t\t<\/div>\n\n\t\n<\/div>\n\t\t<\/div>\n\n\t\t\n<style>\n#section_668436310 {\n  padding-top: 60px;\n  padding-bottom: 60px;\n}\n<\/style>\n\t<\/section>\n\t\n","protected":false},"excerpt":{"rendered":"","protected":false},"author":16,"featured_media":0,"parent":24230,"menu_order":288,"comment_status":"closed","ping_status":"closed","template":"page-blank.php","meta":{"footnotes":""},"class_list":["post-24254","page","type-page","status-publish","hentry"],"_links":{"self":[{"href":"https:\/\/www.weckmansteel.fi\/en\/wp-json\/wp\/v2\/pages\/24254","targetHints":{"allow":["GET"]}}],"collection":[{"href":"https:\/\/www.weckmansteel.fi\/en\/wp-json\/wp\/v2\/pages"}],"about":[{"href":"https:\/\/www.weckmansteel.fi\/en\/wp-json\/wp\/v2\/types\/page"}],"author":[{"embeddable":true,"href":"https:\/\/www.weckmansteel.fi\/en\/wp-json\/wp\/v2\/users\/16"}],"replies":[{"embeddable":true,"href":"https:\/\/www.weckmansteel.fi\/en\/wp-json\/wp\/v2\/comments?post=24254"}],"version-history":[{"count":0,"href":"https:\/\/www.weckmansteel.fi\/en\/wp-json\/wp\/v2\/pages\/24254\/revisions"}],"up":[{"embeddable":true,"href":"https:\/\/www.weckmansteel.fi\/en\/wp-json\/wp\/v2\/pages\/24230"}],"wp:attachment":[{"href":"https:\/\/www.weckmansteel.fi\/en\/wp-json\/wp\/v2\/media?parent=24254"}],"curies":[{"name":"wp","href":"https:\/\/api.w.org\/{rel}","templated":true}]}}