{"id":5096,"date":"2017-03-13T11:16:34","date_gmt":"2017-03-13T11:16:34","guid":{"rendered":"http:\/\/weckmansteel.fi\/roof-range\/"},"modified":"2023-11-20T07:52:59","modified_gmt":"2023-11-20T05:52:59","slug":"roof-range","status":"publish","type":"page","link":"https:\/\/www.weckmansteel.fi\/en\/roof-range\/","title":{"rendered":"Roof Range"},"content":{"rendered":"\n  <div class=\"banner has-hover\" id=\"banner-1560999569\">\n          <div class=\"banner-inner fill\">\n        <div class=\"banner-bg fill\" >\n            <img loading=\"lazy\" decoding=\"async\" width=\"1536\" height=\"396\" src=\"https:\/\/www.weckmansteel.fi\/wp-content\/uploads\/2017\/04\/kattomallisto-tausta-1.jpg\" class=\"bg attachment-1536x1536 size-1536x1536\" alt=\"\" \/>                        <div class=\"overlay\"><\/div>            \n                    <\/div>\n\t\t\n        <div class=\"banner-layers container\">\n            <div class=\"fill banner-link\"><\/div>            \n   <div id=\"text-box-2090757254\" class=\"text-box banner-layer x50 md-x50 lg-x50 y45 md-y45 lg-y45 res-text\">\n                                <div class=\"text-box-content text dark\">\n              \n              <div class=\"text-inner text-center\">\n                  \n<p class=\"uppercase\" style=\"text-align: center;\"><span style=\"font-size: 170%;\"><strong>Roof Range<\/strong><\/span><\/p>\n              <\/div>\n           <\/div>\n                            \n<style>\n#text-box-2090757254 {\n  width: 100%;\n}\n#text-box-2090757254 .text-box-content {\n  font-size: 60%;\n}\n@media (min-width:550px) {\n  #text-box-2090757254 {\n    width: 70%;\n  }\n  #text-box-2090757254 .text-box-content {\n    font-size: 100%;\n  }\n}\n<\/style>\n    <\/div>\n \n        <\/div>\n      <\/div>\n\n            \n<style>\n#banner-1560999569 {\n  padding-top: 99.99%;\n}\n#banner-1560999569 .overlay {\n  background-color: rgba(16, 69, 146, 0.75);\n}\n@media (min-width:550px) {\n  #banner-1560999569 {\n    padding-top: 40%;\n  }\n}\n@media (min-width:850px) {\n  #banner-1560999569 {\n    padding-top: 500px;\n  }\n}\n<\/style>\n  <\/div>\n\n\n\n\t<section class=\"section\" id=\"section_2114773283\">\n\t\t<div class=\"section-bg fill\" >\n\t\t\t\t\t\t\t\t\t\n\t\t\t\n\n\t\t<\/div>\n\n\t\t\n\n\t\t<div class=\"section-content relative\">\n\t\t\t\n<div class=\"row\"  id=\"row-1045005421\">\n\n\t<div id=\"col-1296749715\" class=\"col small-12 large-12\"  >\n\t\t\t\t<div class=\"col-inner\"  >\n\t\t\t\n\t\t\t\n<h1>Roof range<\/h1>\n<p>Weckman offers the largest range in steel roofings for roof construction and renovation in the market. Our products are suitable for the roofs of detached houses, terraced houses and blocks of flats.<\/p>\n<p>High-quality Weckman steel roofings have sheltered homes and other buildings in Finland and around the world for over 55 years. Continuous product development ensures that our products are top quality in terms of durability, practicality and appearance.<\/p>\n\t\t<\/div>\n\t\t\t\t\t<\/div>\n\n\t\n<\/div>\n\t\t<\/div>\n\n\t\t\n<style>\n#section_2114773283 {\n  padding-top: 60px;\n  padding-bottom: 60px;\n}\n<\/style>\n\t<\/section>\n\t\n\n\t<section class=\"section\" id=\"section_510170689\">\n\t\t<div class=\"section-bg fill\" >\n\t\t\t\t\t\t\t\t\t\n\t\t\t\n\n\t\t<\/div>\n\n\t\t\n\n\t\t<div class=\"section-content relative\">\n\t\t\t\n<div class=\"row\"  id=\"row-973388351\">\n\n\t<div id=\"col-1404863275\" class=\"col medium-4 small-12 large-4\"  >\n\t\t\t\t<div class=\"col-inner text-left\"  >\n\t\t\t\n\t\t\t\n\t<div class=\"img has-hover x md-x lg-x y md-y lg-y\" id=\"image_1349747980\">\n\t\t<a class=\"\" href=\"https:\/\/www.weckmansteel.fi\/en\/interlocking-roof-sheets\/\" >\t\t\t\t\t\t<div class=\"img-inner image-cover dark\" style=\"padding-top:75%;\">\n\t\t\t<img loading=\"lazy\" decoding=\"async\" width=\"372\" height=\"307\" src=\"https:\/\/www.weckmansteel.fi\/wp-content\/uploads\/2017\/07\/Progantti-rajattu.jpg\" class=\"attachment-large size-large\" alt=\"\" srcset=\"https:\/\/www.weckmansteel.fi\/wp-content\/uploads\/2017\/07\/Progantti-rajattu.jpg 372w, https:\/\/www.weckmansteel.fi\/wp-content\/uploads\/2017\/07\/Progantti-rajattu-300x248.jpg 300w\" sizes=\"auto, (max-width: 372px) 100vw, 372px\" \/>\t\t\t\t\t\t\n\t\t\t\t\t<\/div>\n\t\t\t\t\t\t<\/a>\t\t\n<style>\n#image_1349747980 {\n  width: 100%;\n}\n<\/style>\n\t<\/div>\n\t\n<h3>WECKMAN PROGANTTI INTERLOCKING ROOF SHEETS<\/h3>\n<p>Progantti is a new, durable roof sheet which represents a new generation of interlocking roof sheets. Extra strong structural steel and unique construction solutions make Prograntti the quietest and best ventilated roof.<\/p>\n<a href=\"https:\/\/www.weckmansteel.fi\/en\/interlocking-roof-sheets\/\" class=\"button primary is-outline\" style=\"border-radius:99px;\">\n\t\t<span>INTERLOCKING ROOF SHEETS<\/span>\n\t<\/a>\n\n\t\t<\/div>\n\t\t\t\t\t<\/div>\n\n\t\n\n\t<div id=\"col-583080042\" class=\"col medium-4 small-12 large-4\"  >\n\t\t\t\t<div class=\"col-inner text-left\"  >\n\t\t\t\n\t\t\t\n\t<div class=\"img has-hover x md-x lg-x y md-y lg-y\" id=\"image_565354863\">\n\t\t<a class=\"\" href=\"https:\/\/www.weckmansteel.fi\/en\/tile-pattern-roofs\/\" >\t\t\t\t\t\t<div class=\"img-inner image-cover dark\" style=\"padding-top:75%;\">\n\t\t\t<img loading=\"lazy\" decoding=\"async\" width=\"636\" height=\"346\" src=\"https:\/\/www.weckmansteel.fi\/wp-content\/uploads\/2017\/04\/weckman-tiilikuviokatot-etusivu.jpg\" class=\"attachment-large size-large\" alt=\"\" srcset=\"https:\/\/www.weckmansteel.fi\/wp-content\/uploads\/2017\/04\/weckman-tiilikuviokatot-etusivu.jpg 636w, https:\/\/www.weckmansteel.fi\/wp-content\/uploads\/2017\/04\/weckman-tiilikuviokatot-etusivu-600x326.jpg 600w, https:\/\/www.weckmansteel.fi\/wp-content\/uploads\/2017\/04\/weckman-tiilikuviokatot-etusivu-300x163.jpg 300w\" sizes=\"auto, (max-width: 636px) 100vw, 636px\" \/>\t\t\t\t\t\t\n\t\t\t\t\t<\/div>\n\t\t\t\t\t\t<\/a>\t\t\n<style>\n#image_565354863 {\n  width: 100%;\n}\n<\/style>\n\t<\/div>\n\t\n<h3>WECKMAN TILE PATTERN ROOFS<\/h3>\n<p>Weckman\u2019s stylish tile pattern roofs give your house a valuable look. Weckman\u2019s traditional steel roofs Ter\u00e4saalto, Ter\u00e4saateli and Ter\u00e4stiili are long-time favourites among Finnish builders. Our newest model, Europa, gives your roof a new and impressive look.<\/p>\n<a href=\"https:\/\/www.weckmansteel.fi\/en\/tile-pattern-roofs\/\" class=\"button primary is-outline\" style=\"border-radius:99px;\">\n\t\t<span>TILE PATTERN ROOFS<\/span>\n\t<\/a>\n\n\t\t<\/div>\n\t\t\t\t\t<\/div>\n\n\t\n\n\t<div id=\"col-280443974\" class=\"col medium-4 small-12 large-4\"  >\n\t\t\t\t<div class=\"col-inner text-left\"  >\n\t\t\t\n\t\t\t\n\t<div class=\"img has-hover x md-x lg-x y md-y lg-y\" id=\"image_1538079171\">\n\t\t<a class=\"\" href=\"https:\/\/www.weckmansteel.fi\/en\/corrugated-roofs\/\" >\t\t\t\t\t\t<div class=\"img-inner image-cover dark\" style=\"padding-top:75%;\">\n\t\t\t<img loading=\"lazy\" decoding=\"async\" width=\"636\" height=\"346\" src=\"https:\/\/www.weckmansteel.fi\/wp-content\/uploads\/2017\/04\/weckman-poimukatot-etusivu.jpg\" class=\"attachment-large size-large\" alt=\"\" srcset=\"https:\/\/www.weckmansteel.fi\/wp-content\/uploads\/2017\/04\/weckman-poimukatot-etusivu.jpg 636w, https:\/\/www.weckmansteel.fi\/wp-content\/uploads\/2017\/04\/weckman-poimukatot-etusivu-600x326.jpg 600w, https:\/\/www.weckmansteel.fi\/wp-content\/uploads\/2017\/04\/weckman-poimukatot-etusivu-300x163.jpg 300w\" sizes=\"auto, (max-width: 636px) 100vw, 636px\" \/>\t\t\t\t\t\t\n\t\t\t\t\t<\/div>\n\t\t\t\t\t\t<\/a>\t\t\n<style>\n#image_1538079171 {\n  width: 100%;\n}\n<\/style>\n\t<\/div>\n\t\n<h3>WECKMAN CORRUGATED ROOF SHEETS<\/h3>\n<p>Weckman corrugated roof sheets are traditional Finnish tin roof profiles. Our versatile range includes many great options, regardless of whether you want a galvanised or painted roof.<\/p>\n<a href=\"https:\/\/www.weckmansteel.fi\/en\/corrugated-roofs\/\" class=\"button primary is-outline\" style=\"border-radius:99px;\">\n\t\t<span>CORRUGATED ROOF SHEETS<\/span>\n\t<\/a>\n\n\t\t<\/div>\n\t\t\t\t\t<\/div>\n\n\t\n<\/div>\n<div class=\"row\"  id=\"row-298396080\">\n\n\t<div id=\"col-181103753\" class=\"col medium-4 small-12 large-4\"  >\n\t\t\t\t<div class=\"col-inner text-left\"  >\n\t\t\t\n\t\t\t\n\t<div class=\"img has-hover x md-x lg-x y md-y lg-y\" id=\"image_18519575\">\n\t\t<a class=\"\" href=\"https:\/\/www.weckmansteel.fi\/en\/machine-seamed-roofs\/\" >\t\t\t\t\t\t<div class=\"img-inner image-cover dark\" style=\"padding-top:75%;\">\n\t\t\t<img loading=\"lazy\" decoding=\"async\" width=\"800\" height=\"600\" src=\"https:\/\/www.weckmansteel.fi\/wp-content\/uploads\/2017\/03\/Konesaumakatto-RR23.jpg\" class=\"attachment-large size-large\" alt=\"\" srcset=\"https:\/\/www.weckmansteel.fi\/wp-content\/uploads\/2017\/03\/Konesaumakatto-RR23.jpg 800w, https:\/\/www.weckmansteel.fi\/wp-content\/uploads\/2017\/03\/Konesaumakatto-RR23-600x450.jpg 600w, https:\/\/www.weckmansteel.fi\/wp-content\/uploads\/2017\/03\/Konesaumakatto-RR23-300x225.jpg 300w, https:\/\/www.weckmansteel.fi\/wp-content\/uploads\/2017\/03\/Konesaumakatto-RR23-768x576.jpg 768w\" sizes=\"auto, (max-width: 800px) 100vw, 800px\" \/>\t\t\t\t\t\t\n\t\t\t\t\t<\/div>\n\t\t\t\t\t\t<\/a>\t\t\n<style>\n#image_18519575 {\n  width: 100%;\n}\n<\/style>\n\t<\/div>\n\t\n<h3>MACHINE-SEAMED ROOFS<\/h3>\n<p>Top quality sheets for machine-seamed roofs. Installed by a tinsmith.<\/p>\n<a href=\"https:\/\/www.weckmansteel.fi\/en\/machine-seamed-roofs\/\" class=\"button primary is-outline\" style=\"border-radius:99px;\">\n\t\t<span>Machine-Seamed Roofs<\/span>\n\t<\/a>\n\n\t\t<\/div>\n\t\t\t\t\t<\/div>\n\n\t\n\n\t<div id=\"col-984419874\" class=\"col medium-4 small-12 large-4\"  >\n\t\t\t\t<div class=\"col-inner text-left\"  >\n\t\t\t\n\t\t\t\n\t<div class=\"img has-hover x md-x lg-x y md-y lg-y\" id=\"image_1589880731\">\n\t\t<a class=\"\" href=\"https:\/\/www.weckmansteel.fi\/en\/walls\/\" >\t\t\t\t\t\t<div class=\"img-inner image-cover dark\" style=\"padding-top:75%;\">\n\t\t\t<img loading=\"lazy\" decoding=\"async\" width=\"1020\" height=\"791\" src=\"https:\/\/www.weckmansteel.fi\/wp-content\/uploads\/2018\/07\/20080428-006-1-1024x794.jpg\" class=\"attachment-large size-large\" alt=\"Weckman sein\u00e4t\" srcset=\"https:\/\/www.weckmansteel.fi\/wp-content\/uploads\/2018\/07\/20080428-006-1-1024x794.jpg 1024w, https:\/\/www.weckmansteel.fi\/wp-content\/uploads\/2018\/07\/20080428-006-1-900x698.jpg 900w, https:\/\/www.weckmansteel.fi\/wp-content\/uploads\/2018\/07\/20080428-006-1-300x233.jpg 300w, https:\/\/www.weckmansteel.fi\/wp-content\/uploads\/2018\/07\/20080428-006-1-768x596.jpg 768w, https:\/\/www.weckmansteel.fi\/wp-content\/uploads\/2018\/07\/20080428-006-1.jpg 2048w\" sizes=\"auto, (max-width: 1020px) 100vw, 1020px\" \/>\t\t\t\t\t\t\n\t\t\t\t\t<\/div>\n\t\t\t\t\t\t<\/a>\t\t\n<style>\n#image_1589880731 {\n  width: 100%;\n}\n<\/style>\n\t<\/div>\n\t\n<h3>WECKMAN WALLS<\/h3>\n<p>Weckman wall sheets for outer and inner walls and ceilings. Various profiles and colours can be combined to create impressive results.<\/p>\n<a href=\"https:\/\/www.weckmansteel.fi\/en\/walls\/\" class=\"button primary is-outline\" style=\"border-radius:99px;\">\n\t\t<span>Wall Sheets<\/span>\n\t<\/a>\n\n\t\t<\/div>\n\t\t\t\t\t<\/div>\n\n\t\n<\/div>\n\t\t<\/div>\n\n\t\t\n<style>\n#section_510170689 {\n  padding-top: 30px;\n  padding-bottom: 30px;\n}\n<\/style>\n\t<\/section>\n\t\n","protected":false},"excerpt":{"rendered":"","protected":false},"author":16,"featured_media":9354,"parent":0,"menu_order":453,"comment_status":"closed","ping_status":"closed","template":"page-blank.php","meta":{"footnotes":""},"class_list":["post-5096","page","type-page","status-publish","has-post-thumbnail","hentry"],"_links":{"self":[{"href":"https:\/\/www.weckmansteel.fi\/en\/wp-json\/wp\/v2\/pages\/5096","targetHints":{"allow":["GET"]}}],"collection":[{"href":"https:\/\/www.weckmansteel.fi\/en\/wp-json\/wp\/v2\/pages"}],"about":[{"href":"https:\/\/www.weckmansteel.fi\/en\/wp-json\/wp\/v2\/types\/page"}],"author":[{"embeddable":true,"href":"https:\/\/www.weckmansteel.fi\/en\/wp-json\/wp\/v2\/users\/16"}],"replies":[{"embeddable":true,"href":"https:\/\/www.weckmansteel.fi\/en\/wp-json\/wp\/v2\/comments?post=5096"}],"version-history":[{"count":0,"href":"https:\/\/www.weckmansteel.fi\/en\/wp-json\/wp\/v2\/pages\/5096\/revisions"}],"wp:featuredmedia":[{"embeddable":true,"href":"https:\/\/www.weckmansteel.fi\/en\/wp-json\/wp\/v2\/media\/9354"}],"wp:attachment":[{"href":"https:\/\/www.weckmansteel.fi\/en\/wp-json\/wp\/v2\/media?parent=5096"}],"curies":[{"name":"wp","href":"https:\/\/api.w.org\/{rel}","templated":true}]}}