{"id":6222,"date":"2018-10-31T11:21:01","date_gmt":"2018-10-31T11:21:01","guid":{"rendered":"http:\/\/weckmansteel.fi\/contact-information\/sales-of-trailer-spare-parts\/"},"modified":"2025-08-08T15:02:16","modified_gmt":"2025-08-08T12:02:16","slug":"sales-of-trailer-spare-parts","status":"publish","type":"page","link":"https:\/\/www.weckmansteel.fi\/en\/sales-of-trailer-spare-parts\/","title":{"rendered":"Sales of trailer spare parts"},"content":{"rendered":"\n\t<section class=\"section dark\" id=\"section_1545044016\">\n\t\t<div class=\"section-bg fill\" >\n\t\t\t<img loading=\"lazy\" decoding=\"async\" width=\"1536\" height=\"864\" src=\"https:\/\/www.weckmansteel.fi\/wp-content\/uploads\/2022\/10\/weckman_artikkelikuva_traktorin_perakarryt-1536x864.jpg\" class=\"bg attachment-1536x1536 size-1536x1536\" alt=\"\" \/>\t\t\t\t\t\t<div class=\"section-bg-overlay absolute fill\"><\/div>\n\t\t\t\n\n\t\t<\/div>\n\n\t\t\n\n\t\t<div class=\"section-content relative\">\n\t\t\t\n<div class=\"row\"  id=\"row-485852578\">\n\n\t<div id=\"col-1514020484\" class=\"col small-12 large-12\"  >\n\t\t\t\t<div class=\"col-inner text-center\"  >\n\t\t\t\n\t\t\t\n\t<div id=\"text-3904338152\" class=\"text heading-font\">\n\t\t\n<p class=\"uppercase\"><strong>Sales of trailer spare parts<\/strong><\/p>\n\t\t\n<style>\n#text-3904338152 {\n  font-size: 2.25rem;\n}\n@media (min-width:550px) {\n  #text-3904338152 {\n    font-size: 2.75rem;\n  }\n}\n<\/style>\n\t<\/div>\n\t\n\t\t<\/div>\n\t\t\t\t\n<style>\n#col-1514020484 > .col-inner {\n  margin: 0px 0px -90px 0px;\n}\n<\/style>\n\t<\/div>\n\n\t\n<\/div>\n\t\t<\/div>\n\n\t\t\n<style>\n#section_1545044016 {\n  padding-top: 0px;\n  padding-bottom: 0px;\n  min-height: 500px;\n}\n#section_1545044016 .section-bg-overlay {\n  background-color: rgba(0, 30, 78, 0.5);\n}\n#section_1545044016 .section-bg img {\n  object-position: 50% 50%;\n}\n<\/style>\n\t<\/section>\n\t\n<div class=\"row\"  id=\"row-608069219\">\n\n\t<div id=\"col-919271263\" class=\"col small-12 large-12\"  >\n\t\t\t\t<div class=\"col-inner\"  >\n\t\t\t\n\t\t\t\n<div class=\"breadcrumb\">\n<nav aria-label=\"breadcrumbs\" class=\"rank-math-breadcrumb\"><p><span class=\"last\">Weckman<\/span><\/p><\/nav>\n<\/div>\n\t\t<\/div>\n\t\t\t\t\t<\/div>\n\n\t\n<\/div>\n<div class=\"row\"  id=\"row-444043860\">\n\n\t<div id=\"col-1830926026\" class=\"col small-12 large-12\"  >\n\t\t\t\t<div class=\"col-inner\"  >\n\t\t\t\n\t\t\t\n<h2>Ask about trailer spare parts<\/h2>\n<p>Weckman Steel Oy<br \/>H\u00e4rk\u00e4l\u00e4ntie 72<br \/>FI-19110 VIERUM\u00c4KI<br \/>Tel <a href=\"tel:0447837210\">044 7837210<\/a> \/ Pasi Kivilahti <a href=\"mailto:pasi.kivilahti@weckmansteel.fi\">pasi.kivilahti@weckmansteel.fi<\/a><\/p>\n\t\t<\/div>\n\t\t\t\t\t<\/div>\n\n\t\n<\/div>\n","protected":false},"excerpt":{"rendered":"","protected":false},"author":16,"featured_media":0,"parent":0,"menu_order":502,"comment_status":"closed","ping_status":"closed","template":"page-blank.php","meta":{"footnotes":""},"class_list":["post-6222","page","type-page","status-publish","hentry"],"_links":{"self":[{"href":"https:\/\/www.weckmansteel.fi\/en\/wp-json\/wp\/v2\/pages\/6222","targetHints":{"allow":["GET"]}}],"collection":[{"href":"https:\/\/www.weckmansteel.fi\/en\/wp-json\/wp\/v2\/pages"}],"about":[{"href":"https:\/\/www.weckmansteel.fi\/en\/wp-json\/wp\/v2\/types\/page"}],"author":[{"embeddable":true,"href":"https:\/\/www.weckmansteel.fi\/en\/wp-json\/wp\/v2\/users\/16"}],"replies":[{"embeddable":true,"href":"https:\/\/www.weckmansteel.fi\/en\/wp-json\/wp\/v2\/comments?post=6222"}],"version-history":[{"count":3,"href":"https:\/\/www.weckmansteel.fi\/en\/wp-json\/wp\/v2\/pages\/6222\/revisions"}],"predecessor-version":[{"id":44843,"href":"https:\/\/www.weckmansteel.fi\/en\/wp-json\/wp\/v2\/pages\/6222\/revisions\/44843"}],"wp:attachment":[{"href":"https:\/\/www.weckmansteel.fi\/en\/wp-json\/wp\/v2\/media?parent=6222"}],"curies":[{"name":"wp","href":"https:\/\/api.w.org\/{rel}","templated":true}]}}