{"id":22340,"date":"2022-06-08T11:03:08","date_gmt":"2022-06-08T08:03:08","guid":{"rendered":"https:\/\/www.weckmansteel.fi\/?page_id=22340"},"modified":"2025-03-20T12:39:12","modified_gmt":"2025-03-20T10:39:12","slug":"framsida","status":"publish","type":"page","link":"https:\/\/www.weckmansteel.fi\/sv\/","title":{"rendered":"Framsida"},"content":{"rendered":"\n  <div class=\"banner has-hover\" id=\"banner-805347514\">\n          <div class=\"banner-inner fill\">\n        <div class=\"banner-bg fill\" >\n            <img loading=\"lazy\" decoding=\"async\" width=\"2560\" height=\"1709\" src=\"https:\/\/www.weckmansteel.fi\/wp-content\/uploads\/2020\/02\/Novoferm-Assen-8-scaled.jpg\" class=\"bg attachment-original size-original\" alt=\"\" \/>                        <div class=\"overlay\"><\/div>            \n                    <\/div>\n\t\t\n        <div class=\"banner-layers container\">\n            <div class=\"fill banner-link\"><\/div>            \n   <div id=\"text-box-138199010\" class=\"text-box banner-layer x50 md-x50 lg-x50 y80 md-y80 lg-y75 res-text\">\n                                <div class=\"text-box-content text dark\">\n              \n              <div class=\"text-inner text-center\">\n                  \n\t<div class=\"img has-hover x md-x lg-x y md-y lg-y\" id=\"image_1519528419\">\n\t\t\t\t\t\t\t\t<div class=\"img-inner dark\" >\n\t\t\t<img loading=\"lazy\" decoding=\"async\" width=\"2442\" height=\"601\" src=\"https:\/\/www.weckmansteel.fi\/wp-content\/uploads\/2022\/02\/Weckman_60v_vaaka_nega_rgb.png\" class=\"attachment-original size-original\" alt=\"\" srcset=\"https:\/\/www.weckmansteel.fi\/wp-content\/uploads\/2022\/02\/Weckman_60v_vaaka_nega_rgb.png 2442w, https:\/\/www.weckmansteel.fi\/wp-content\/uploads\/2022\/02\/Weckman_60v_vaaka_nega_rgb-900x221.png 900w, https:\/\/www.weckmansteel.fi\/wp-content\/uploads\/2022\/02\/Weckman_60v_vaaka_nega_rgb-300x74.png 300w, https:\/\/www.weckmansteel.fi\/wp-content\/uploads\/2022\/02\/Weckman_60v_vaaka_nega_rgb-1024x252.png 1024w, https:\/\/www.weckmansteel.fi\/wp-content\/uploads\/2022\/02\/Weckman_60v_vaaka_nega_rgb-768x189.png 768w, https:\/\/www.weckmansteel.fi\/wp-content\/uploads\/2022\/02\/Weckman_60v_vaaka_nega_rgb-1536x378.png 1536w, https:\/\/www.weckmansteel.fi\/wp-content\/uploads\/2022\/02\/Weckman_60v_vaaka_nega_rgb-2048x504.png 2048w\" sizes=\"auto, (max-width: 2442px) 100vw, 2442px\" \/>\t\t\t\t\t\t\n\t\t\t\t\t<\/div>\n\t\t\t\t\t\t\t\t\n<style>\n#image_1519528419 {\n  width: 58%;\n}\n@media (min-width:550px) {\n  #image_1519528419 {\n    width: 50%;\n  }\n}\n@media (min-width:850px) {\n  #image_1519528419 {\n    width: 41%;\n  }\n}\n<\/style>\n\t<\/div>\n\t\n<p style=\"font-size: 170% !important;\n    font-weight: 400;\">V\u00c4DRET VARIERAR \u2013 WECKMAN H\u00c5LLER<\/p>\n<a href=\"https:\/\/www.weckmansteel.fi\/sv\/varfor-weckman\/\" class=\"button white is-outline\" >\n\t\t<span>VARF\u00d6R V\u00c4LJA WECKMAN<\/span>\n\t<\/a>\n\n<a href=\"https:\/\/www.weckmansteel.fi\/sv\/kontaktuppgifter\/\" class=\"button white is-outline\" style=\"border-radius:99px;\">\n\t\t<span>KONTAKTINFORMATION<\/span>\n\t<\/a>\n\n              <\/div>\n           <\/div>\n                            \n<style>\n#text-box-138199010 {\n  width: 95%;\n}\n#text-box-138199010 .text-box-content {\n  font-size: 100%;\n}\n@media (min-width:550px) {\n  #text-box-138199010 {\n    width: 60%;\n  }\n}\n<\/style>\n    <\/div>\n \n        <\/div>\n      <\/div>\n\n            \n<style>\n#banner-805347514 {\n  padding-top: 70%;\n  background-color: #104592;\n}\n#banner-805347514 .overlay {\n  background-color: rgba(16, 69, 146, 0.669);\n}\n#banner-805347514 .banner-bg img {\n  object-position: 100% 0%;\n}\n@media (min-width:550px) {\n  #banner-805347514 {\n    padding-top: 35%;\n  }\n}\n@media (min-width:850px) {\n  #banner-805347514 {\n    padding-top: 370px;\n  }\n}\n<\/style>\n  <\/div>\n\n\n\n\t<section class=\"section\" id=\"section_663948244\">\n\t\t<div class=\"section-bg fill\" >\n\t\t\t\t\t\t\t\t\t\n\t\t\t\n\n\t\t<\/div>\n\n\t\t\n\n\t\t<div class=\"section-content relative\">\n\t\t\t\n<div class=\"row row-large align-center\" style=\"max-width:1680px\" id=\"row-21951781\">\n\n\t<div id=\"col-280126858\" class=\"col medium-9 small-12 large-9\"  >\n\t\t\t\t<div class=\"col-inner text-center\"  >\n\t\t\t\n\t\t\t\n\t<div id=\"text-847017381\" class=\"text\">\n\t\t\n<h1 style=\"font-size: 36pt !important; line-height: 0.9em;\">WECKMAN ST\u00c5LPRODUKTER<\/h1>\n\t\t\n<style>\n#text-847017381 {\n  line-height: 1;\n}\n<\/style>\n\t<\/div>\n\t\n<p>Weckman representerar st\u00e5lh\u00e5rt finskt kunnande som skapar de mest h\u00e5llbara st\u00e5ltak och v\u00e4ggar, b\u00e4rande konstruktioner och mellansulor, st\u00e5lhallar och traktorsl\u00e4pvagnar.<\/p>\n\t\t<\/div>\n\t\t\t\t\t<\/div>\n\n\t\n\n\t<div id=\"col-1009265816\" class=\"col medium-4 small-12 large-4\"  >\n\t\t\t\t<div class=\"col-inner\"  >\n\t\t\t\n\t\t\t\n\t<div class=\"img has-hover x md-x lg-x y md-y lg-y\" id=\"image_2000721653\">\n\t\t<a class=\"\" href=\"https:\/\/www.weckmansteel.fi\/sv\/taksortiment\/\" >\t\t\t\t\t\t<div class=\"img-inner image-cover dark\" style=\"padding-top:65%;margin:0px 0px 20px 0px;\">\n\t\t\t<img loading=\"lazy\" decoding=\"async\" width=\"449\" height=\"314\" src=\"https:\/\/www.weckmansteel.fi\/wp-content\/uploads\/2022\/05\/Weckman_tuotteet_katot_02.jpg\" class=\"attachment-large size-large\" alt=\"Weckman ter\u00e4skatot peltikatot\" srcset=\"https:\/\/www.weckmansteel.fi\/wp-content\/uploads\/2022\/05\/Weckman_tuotteet_katot_02.jpg 449w, https:\/\/www.weckmansteel.fi\/wp-content\/uploads\/2022\/05\/Weckman_tuotteet_katot_02-300x210.jpg 300w\" sizes=\"auto, (max-width: 449px) 100vw, 449px\" \/>\t\t\t\t\t\t\n\t\t\t\t\t<\/div>\n\t\t\t\t\t\t<\/a>\t\t\n<style>\n#image_2000721653 {\n  width: 100%;\n}\n<\/style>\n\t<\/div>\n\t\n<h3>St\u00e5lpl\u00e5ttaker<\/h3>\n<p>Weckman har marknadens bredaste utbud av st\u00e5lpl\u00e5ttak. V\u00e4lj bland \u00f6ver 200 olika alternativ f\u00f6r alla sorters tak.<\/p>\n<a href=\"https:\/\/www.weckmansteel.fi\/sv\/taksortiment\/\" class=\"button primary is-outline\" >\n\t\t<span>L\u00c4S MER OM V\u00c5RA MODELLER<\/span>\n\t<\/a>\n\n\t\t<\/div>\n\t\t\t\t\t<\/div>\n\n\t\n\n\t<div id=\"col-1651551514\" class=\"col medium-4 small-12 large-4\"  >\n\t\t\t\t<div class=\"col-inner\"  >\n\t\t\t\n\t\t\t\n\t<div class=\"img has-hover x md-x lg-x y md-y lg-y\" id=\"image_303928037\">\n\t\t<a class=\"\" href=\"https:\/\/www.weckmansteel.fi\/sv\/hallar\/\" >\t\t\t\t\t\t<div class=\"img-inner image-cover dark\" style=\"padding-top:65%;margin:0px 0px 20px 0px;\">\n\t\t\t<img loading=\"lazy\" decoding=\"async\" width=\"449\" height=\"314\" src=\"https:\/\/www.weckmansteel.fi\/wp-content\/uploads\/2022\/05\/Weckman_tuotteet_hallit_01.jpg\" class=\"attachment-large size-large\" alt=\"Weckman ter\u00e4shallit\" srcset=\"https:\/\/www.weckmansteel.fi\/wp-content\/uploads\/2022\/05\/Weckman_tuotteet_hallit_01.jpg 449w, https:\/\/www.weckmansteel.fi\/wp-content\/uploads\/2022\/05\/Weckman_tuotteet_hallit_01-300x210.jpg 300w\" sizes=\"auto, (max-width: 449px) 100vw, 449px\" \/>\t\t\t\t\t\t\n\t\t\t\t\t<\/div>\n\t\t\t\t\t\t<\/a>\t\t\n<style>\n#image_303928037 {\n  width: 100%;\n}\n<\/style>\n\t<\/div>\n\t\n<h3>St\u00e5lhallar<\/h3>\n<p>Weckman st\u00e5lhallar \u00e4r l\u00e4mpliga f\u00f6r industri- och jordbruksbruk samt f\u00f6r speciella applikationer. V\u00e4lj en v\u00e4rmeisolerad eller oisolerad st\u00e5lhall.<\/p>\n<a href=\"https:\/\/www.weckmansteel.fi\/sv\/hallar\/\" class=\"button primary is-outline\" >\n\t\t<span>L\u00c4S MER OM V\u00c5RA MODELLER<\/span>\n\t<\/a>\n\n\t\t<\/div>\n\t\t\t\t\t<\/div>\n\n\t\n\n\t<div id=\"col-429338489\" class=\"col medium-4 small-12 large-4\"  >\n\t\t\t\t<div class=\"col-inner\"  >\n\t\t\t\n\t\t\t\n\t<div class=\"img has-hover x md-x lg-x y md-y lg-y\" id=\"image_15383164\">\n\t\t<a class=\"\" href=\"https:\/\/www.weckmansteel.fi\/sv\/traktorslapvagnar\/\" >\t\t\t\t\t\t<div class=\"img-inner image-cover dark\" style=\"padding-top:65%;margin:0px 0px 20px 0px;\">\n\t\t\t<img loading=\"lazy\" decoding=\"async\" width=\"449\" height=\"314\" src=\"https:\/\/www.weckmansteel.fi\/wp-content\/uploads\/2022\/05\/Weckman_tuotteet_perakarryt_01.jpg\" class=\"attachment-large size-large\" alt=\"Weckman traktorin per\u00e4k\u00e4rryt per\u00e4vaunut\" srcset=\"https:\/\/www.weckmansteel.fi\/wp-content\/uploads\/2022\/05\/Weckman_tuotteet_perakarryt_01.jpg 449w, https:\/\/www.weckmansteel.fi\/wp-content\/uploads\/2022\/05\/Weckman_tuotteet_perakarryt_01-300x210.jpg 300w\" sizes=\"auto, (max-width: 449px) 100vw, 449px\" \/>\t\t\t\t\t\t\n\t\t\t\t\t<\/div>\n\t\t\t\t\t\t<\/a>\t\t\n<style>\n#image_15383164 {\n  width: 100%;\n}\n<\/style>\n\t<\/div>\n\t\n<h3>Traktor sl\u00e4pvagnar<\/h3>\n<p>Weckman traktorvagnar \u00e4r designade f\u00f6r kr\u00e4vande godstransporter p\u00e5 g\u00e5rdar, skogsbruk och markarbeten.<\/p>\n<a href=\"https:\/\/www.weckmansteel.fi\/sv\/traktorslapvagnar\/\" class=\"button primary is-outline\" >\n\t\t<span>L\u00c4S MER OM V\u00c5RA MODELLER<\/span>\n\t<\/a>\n\n\t\t<\/div>\n\t\t\t\t\t<\/div>\n\n\t\n<\/div>\n\t\t<\/div>\n\n\t\t\n<style>\n#section_663948244 {\n  padding-top: 40px;\n  padding-bottom: 40px;\n}\n<\/style>\n\t<\/section>\n\t\n\n\t<section class=\"section\" id=\"section_1420406839\">\n\t\t<div class=\"section-bg fill\" >\n\t\t\t\t\t\t\t\t\t\n\t\t\t\n\t<div class=\"is-border\"\n\t\tstyle=\"border-width:1px 0px 1px 0px;\">\n\t<\/div>\n\n\t\t<\/div>\n\n\t\t\n\n\t\t<div class=\"section-content relative\">\n\t\t\t\n<div class=\"row row-large align-center\" style=\"max-width:1680px\" id=\"row-811960453\">\n\n\t<div id=\"col-14587896\" class=\"col medium-9 small-12 large-9\"  >\n\t\t\t\t<div class=\"col-inner text-center\"  >\n\t\t\t\n\t\t\t\n<h2 style=\"font-size: 30pt !important; line-height: 0.9em;\">Personlig och professionell servicetj\u00e4nst<\/h2>\n\t<div id=\"text-4096099573\" class=\"text\">\n\t\t\n<p>Designtj\u00e4nster f\u00f6r takrenovering och byggande av st\u00e5lhallar kan du f\u00e5 hos oss. Vi erbjuder \u00e4ven ett omfattande utbud av tillbeh\u00f6r och reservdelar till traktorsl\u00e4p.<\/p>\n\t\t\n<style>\n#text-4096099573 {\n  line-height: 1.15;\n}\n<\/style>\n\t<\/div>\n\t\n\t\t<\/div>\n\t\t\t\t\t<\/div>\n\n\t\n\n\t<div id=\"col-1126037473\" class=\"col medium-4 small-12 large-4\"  >\n\t\t\t\t<div class=\"col-inner\"  >\n\t\t\t\n\t\t\t\n\t<div class=\"img has-hover x md-x lg-x y md-y lg-y\" id=\"image_797632221\">\n\t\t<a class=\"\" href=\"https:\/\/www.weckmansteel.fi\/sv\/takrenovering\/\" >\t\t\t\t\t\t<div class=\"img-inner image-cover dark\" style=\"padding-top:65%;margin:0px 0px 20px 0px;\">\n\t\t\t<img loading=\"lazy\" decoding=\"async\" width=\"1020\" height=\"680\" src=\"https:\/\/www.weckmansteel.fi\/wp-content\/uploads\/2022\/05\/Weckman-Kattokuvat-jatkettu-leikattu-1024x683.jpg\" class=\"attachment-large size-large\" alt=\"Weckman kattoremontti peltikatolle ter\u00e4skatteelle\" srcset=\"https:\/\/www.weckmansteel.fi\/wp-content\/uploads\/2022\/05\/Weckman-Kattokuvat-jatkettu-leikattu-1024x683.jpg 1024w, https:\/\/www.weckmansteel.fi\/wp-content\/uploads\/2022\/05\/Weckman-Kattokuvat-jatkettu-leikattu-900x600.jpg 900w, https:\/\/www.weckmansteel.fi\/wp-content\/uploads\/2022\/05\/Weckman-Kattokuvat-jatkettu-leikattu-300x200.jpg 300w, https:\/\/www.weckmansteel.fi\/wp-content\/uploads\/2022\/05\/Weckman-Kattokuvat-jatkettu-leikattu-768x512.jpg 768w, https:\/\/www.weckmansteel.fi\/wp-content\/uploads\/2022\/05\/Weckman-Kattokuvat-jatkettu-leikattu-1536x1024.jpg 1536w, https:\/\/www.weckmansteel.fi\/wp-content\/uploads\/2022\/05\/Weckman-Kattokuvat-jatkettu-leikattu.jpg 1684w\" sizes=\"auto, (max-width: 1020px) 100vw, 1020px\" \/>\t\t\t\t\t\t\n\t\t\t\t\t<\/div>\n\t\t\t\t\t\t<\/a>\t\t\n<style>\n#image_797632221 {\n  width: 100%;\n}\n<\/style>\n\t<\/div>\n\t\n<h3>Takrenovering<\/h3>\n<p>Weckman har Finlands st\u00f6rsta n\u00e4tverk av monterings- och entrepren\u00f6rsf\u00f6retag f\u00f6r tak.<br \/>\nDu kan v\u00e4lja en takexpert f\u00f6r ditt takprojekt h\u00e4r.<\/p>\n<a href=\"https:\/\/www.weckmansteel.fi\/sv\/takrenovering\/\" class=\"button primary is-outline\" >\n\t\t<span>L\u00c4S MER OM V\u00c5R SERVICE<\/span>\n\t<\/a>\n\n\t\t<\/div>\n\t\t\t\t\t<\/div>\n\n\t\n\n\t<div id=\"col-1754704964\" class=\"col medium-4 small-12 large-4\"  >\n\t\t\t\t<div class=\"col-inner\"  >\n\t\t\t\n\t\t\t\n\t<div class=\"img has-hover x md-x lg-x y md-y lg-y\" id=\"image_549389036\">\n\t\t<a class=\"\" href=\"https:\/\/www.weckmansteel.fi\/sv\/for-professionella-byggare\/\" >\t\t\t\t\t\t<div class=\"img-inner image-cover dark\" style=\"padding-top:65%;margin:0px 0px 20px 0px;\">\n\t\t\t<img loading=\"lazy\" decoding=\"async\" width=\"1020\" height=\"574\" src=\"https:\/\/www.weckmansteel.fi\/wp-content\/uploads\/2021\/03\/weckman_erikoishallit_paakuva-1024x576.jpg\" class=\"attachment-large size-large\" alt=\"Weckman ter\u00e4shallien suunnittelu erikoishallit\" srcset=\"https:\/\/www.weckmansteel.fi\/wp-content\/uploads\/2021\/03\/weckman_erikoishallit_paakuva-1024x576.jpg 1024w, https:\/\/www.weckmansteel.fi\/wp-content\/uploads\/2021\/03\/weckman_erikoishallit_paakuva-900x506.jpg 900w, https:\/\/www.weckmansteel.fi\/wp-content\/uploads\/2021\/03\/weckman_erikoishallit_paakuva-300x169.jpg 300w, https:\/\/www.weckmansteel.fi\/wp-content\/uploads\/2021\/03\/weckman_erikoishallit_paakuva-768x432.jpg 768w, https:\/\/www.weckmansteel.fi\/wp-content\/uploads\/2021\/03\/weckman_erikoishallit_paakuva.jpg 1200w\" sizes=\"auto, (max-width: 1020px) 100vw, 1020px\" \/>\t\t\t\t\t\t\n\t\t\t\t\t<\/div>\n\t\t\t\t\t\t<\/a>\t\t\n<style>\n#image_549389036 {\n  width: 100%;\n}\n<\/style>\n\t<\/div>\n\t\n<h3>Design av st\u00e5lhallar<\/h3>\n<p>V\u00e5ra experter hj\u00e4lper g\u00e4rna arkitekter och tekniska konstrukt\u00f6rer redan p\u00e5 projekteringsstadiet.<\/p>\n<a href=\"https:\/\/www.weckmansteel.fi\/sv\/for-professionella-byggare\/\" class=\"button primary is-outline\" >\n\t\t<span>L\u00c4S MER OM V\u00c5R SERVICE<\/span>\n\t<\/a>\n\n\t\t<\/div>\n\t\t\t\t\t<\/div>\n\n\t\n\n\t<div id=\"col-616826473\" class=\"col medium-4 small-12 large-4\"  >\n\t\t\t\t<div class=\"col-inner\"  >\n\t\t\t\n\t\t\t\n\t<div class=\"img has-hover x md-x lg-x y md-y lg-y\" id=\"image_883937415\">\n\t\t<a class=\"\" href=\"https:\/\/www.weckmansteel.fi\/sv\/traktorslapvagnar\/tillbehor-slapvagnar\/\" >\t\t\t\t\t\t<div class=\"img-inner image-cover dark\" style=\"padding-top:65%;margin:0px 0px 20px 0px;\">\n\t\t\t<img loading=\"lazy\" decoding=\"async\" width=\"1020\" height=\"628\" src=\"https:\/\/www.weckmansteel.fi\/wp-content\/uploads\/2021\/05\/5D4_7857-1-1024x630.jpg\" class=\"attachment-large size-large\" alt=\"Weckman traktorin per\u00e4k\u00e4rryjen varaosat\" srcset=\"https:\/\/www.weckmansteel.fi\/wp-content\/uploads\/2021\/05\/5D4_7857-1-1024x630.jpg 1024w, https:\/\/www.weckmansteel.fi\/wp-content\/uploads\/2021\/05\/5D4_7857-1-900x554.jpg 900w, https:\/\/www.weckmansteel.fi\/wp-content\/uploads\/2021\/05\/5D4_7857-1-300x185.jpg 300w, https:\/\/www.weckmansteel.fi\/wp-content\/uploads\/2021\/05\/5D4_7857-1-768x473.jpg 768w, https:\/\/www.weckmansteel.fi\/wp-content\/uploads\/2021\/05\/5D4_7857-1.jpg 1300w\" sizes=\"auto, (max-width: 1020px) 100vw, 1020px\" \/>\t\t\t\t\t\t\n\t\t\t\t\t<\/div>\n\t\t\t\t\t\t<\/a>\t\t\n<style>\n#image_883937415 {\n  width: 100%;\n}\n<\/style>\n\t<\/div>\n\t\n<h3>Reservdelar till traktorsl\u00e4p<\/h3>\n<p>Du kan snabbt f\u00e5 reservdelar till traktorsl\u00e4p hos oss. Med tillbeh\u00f6r f\u00f6rb\u00e4ttrar du m\u00e5ngsidigheten och s\u00e4kerheten ytterligare.<\/p>\n<a href=\"https:\/\/www.weckmansteel.fi\/sv\/traktorslapvagnar\/tillbehor-slapvagnar\/\" class=\"button primary is-outline\" >\n\t\t<span>L\u00c4S MER OM RESERVDELAR<\/span>\n\t<\/a>\n\n\t\t<\/div>\n\t\t\t\t\t<\/div>\n\n\t\n<\/div>\n\t\t<\/div>\n\n\t\t\n<style>\n#section_1420406839 {\n  padding-top: 40px;\n  padding-bottom: 40px;\n  background-color: rgb(245, 245, 245);\n}\n<\/style>\n\t<\/section>\n\t\n\n\t<section class=\"section dark\" id=\"section_277995418\">\n\t\t<div class=\"section-bg fill\" >\n\t\t\t<img loading=\"lazy\" decoding=\"async\" width=\"2037\" height=\"1226\" src=\"https:\/\/www.weckmansteel.fi\/wp-content\/uploads\/2022\/03\/Konehalli.jpeg\" class=\"bg attachment- size-\" alt=\"Weckman konehalli\" \/>\t\t\t\t\t\t<div class=\"section-bg-overlay absolute fill\"><\/div>\n\t\t\t\n\n\t\t<\/div>\n\n\t\t\n\n\t\t<div class=\"section-content relative\">\n\t\t\t\n<div class=\"row row-solid\"  id=\"row-1452271614\">\n\n\t<div id=\"col-1459758163\" class=\"col medium-6 small-12 large-6\"  >\n\t\t\t\t<div class=\"col-inner\"  >\n\t\t\t\n\t\t\t\n<h2 style=\"font-size: 30pt !important; line-height: 0.9em;\">Nyheter<\/h2>\n\t<div id=\"gap-1654884550\" class=\"gap-element clearfix\" style=\"display:block; height:auto;\">\n\t\t\n<style>\n#gap-1654884550 {\n  padding-top: 10px;\n}\n<\/style>\n\t<\/div>\n\t\n<a href=\"https:\/\/www.weckmansteel.fi\/sv\/aktuellt\/\" class=\"button secondary is-outline\" >\n\t\t<span>L\u00c4S V\u00c5RA SENASTE NYHETER<\/span>\n\t<\/a>\n\n\t\t<\/div>\n\t\t\t\t\t<\/div>\n\n\t\n\n\t<div id=\"col-1903047476\" class=\"col medium-6 small-12 large-6\"  >\n\t\t\t\t<div class=\"col-inner\"  >\n\t\t\t\n\t\t\t\n<h2 style=\"font-size: 30pt !important; line-height: 0.9em;\">F\u00f6r professionella byggare<\/h2>\n\t<div id=\"gap-1892204467\" class=\"gap-element clearfix\" style=\"display:block; height:auto;\">\n\t\t\n<style>\n#gap-1892204467 {\n  padding-top: 10px;\n}\n<\/style>\n\t<\/div>\n\t\n<a href=\"https:\/\/www.weckmansteel.fi\/sv\/barande-konstruktioner\/\" class=\"button secondary\" >\n\t\t<span>B\u00c4RANDE KONSTRUKTIONER<\/span>\n\t<\/a>\n\n<a href=\"https:\/\/www.weckmansteel.fi\/sv\/vaggar\/\" class=\"button secondary\" >\n\t\t<span>PL\u00c5TAR FOR V\u00c4GGAR<\/span>\n\t<\/a>\n\n\t\t<\/div>\n\t\t\t\t\t<\/div>\n\n\t\n<\/div>\n\t\t<\/div>\n\n\t\t\n<style>\n#section_277995418 {\n  padding-top: 30px;\n  padding-bottom: 30px;\n  background-color: rgb(255, 255, 255);\n}\n#section_277995418 .section-bg-overlay {\n  background-color: rgba(16, 69, 146, 0.89);\n}\n#section_277995418 .section-bg img {\n  object-position: 64% 35%;\n}\n<\/style>\n\t<\/section>\n\t\n\n\t<section class=\"section has-parallax\" id=\"section_1162934593\">\n\t\t<div class=\"section-bg fill\" data-parallax-container=\".section\" data-parallax-background data-parallax=\"-2\">\n\t\t\t<img loading=\"lazy\" decoding=\"async\" width=\"1200\" height=\"457\" src=\"https:\/\/www.weckmansteel.fi\/wp-content\/uploads\/2022\/02\/Weckman_ekologisuus.jpg\" class=\"bg attachment-original size-original\" alt=\"\" \/>\t\t\t\t\t\t<div class=\"section-bg-overlay absolute fill\"><\/div>\n\t\t\t\n\n\t\t<\/div>\n\n\t\t\n\n\t\t<div class=\"section-content relative\">\n\t\t\t\n<div class=\"row align-center\"  id=\"row-572324768\">\n\n\t<div id=\"col-408157522\" class=\"col medium-4 small-12 large-4\"  >\n\t\t\t\t<div class=\"col-inner\"  >\n\t\t\t\n\t\t\t\n\t<div class=\"img has-hover x md-x lg-x y md-y lg-y\" id=\"image_37914496\">\n\t\t\t\t\t\t\t\t<div class=\"img-inner dark\" >\n\t\t\t\t\t\t\t\t\t\n\t\t\t\t\t<\/div>\n\t\t\t\t\t\t\t\t\n<style>\n#image_37914496 {\n  width: 100%;\n}\n<\/style>\n\t<\/div>\n\t\n\t\t<\/div>\n\t\t\t\t\n<style>\n#col-408157522 > .col-inner {\n  padding: 36px 0px 0px 0px;\n}\n<\/style>\n\t<\/div>\n\n\t\n\n\t<div id=\"col-1038978919\" class=\"col small-12 large-12\"  >\n\t\t\t\t<div class=\"col-inner text-center dark\"  >\n\t\t\t\n\t\t\t\n\t<div class=\"img has-hover x md-x lg-x y md-y lg-y\" id=\"image_201485731\">\n\t\t\t\t\t\t\t\t<div class=\"img-inner dark\" >\n\t\t\t<img loading=\"lazy\" decoding=\"async\" width=\"1020\" height=\"190\" src=\"https:\/\/www.weckmansteel.fi\/wp-content\/uploads\/2022\/02\/Luonnollisesti_Weckman_nega_rgb-1024x191.png\" class=\"attachment-large size-large\" alt=\"\" srcset=\"https:\/\/www.weckmansteel.fi\/wp-content\/uploads\/2022\/02\/Luonnollisesti_Weckman_nega_rgb-1024x191.png 1024w, https:\/\/www.weckmansteel.fi\/wp-content\/uploads\/2022\/02\/Luonnollisesti_Weckman_nega_rgb-scaled-900x168.png 900w, https:\/\/www.weckmansteel.fi\/wp-content\/uploads\/2022\/02\/Luonnollisesti_Weckman_nega_rgb-300x56.png 300w, https:\/\/www.weckmansteel.fi\/wp-content\/uploads\/2022\/02\/Luonnollisesti_Weckman_nega_rgb-768x143.png 768w, https:\/\/www.weckmansteel.fi\/wp-content\/uploads\/2022\/02\/Luonnollisesti_Weckman_nega_rgb-1536x286.png 1536w, https:\/\/www.weckmansteel.fi\/wp-content\/uploads\/2022\/02\/Luonnollisesti_Weckman_nega_rgb-2048x381.png 2048w\" sizes=\"auto, (max-width: 1020px) 100vw, 1020px\" \/>\t\t\t\t\t\t\n\t\t\t\t\t<\/div>\n\t\t\t\t\t\t\t\t\n<style>\n#image_201485731 {\n  width: 35%;\n}\n<\/style>\n\t<\/div>\n\t\n\t<div id=\"gap-998086417\" class=\"gap-element clearfix\" style=\"display:block; height:auto;\">\n\t\t\n<style>\n#gap-998086417 {\n  padding-top: 30px;\n}\n<\/style>\n\t<\/div>\n\t\n\t<div id=\"text-1320350034\" class=\"text\">\n\t\t\n<h2>Weckman st\u00e5lhallar, pl\u00e5t och sl\u00e4p<br \/>ett mindre koldioxidavtryck ger ekonomiska f\u00f6rdelar<strong><br \/><\/strong><\/h2>\n<p><strong>Produktionsinnovationer i Weckman st\u00e5lhallar kommer att minska hallarnas koldioxidavtryck fr\u00e5n produktion till drifts\u00e4ttning: m\u00e4ngden st\u00e5l i produktionen kommer att minska med upp till 25 %, vilket ocks\u00e5 minskar milj\u00f6p\u00e5verkan fr\u00e5n att transportera och bygga hallarna. CO2-utsl\u00e4ppen kommer att minska med cirka en miljon kilo per \u00e5r p\u00e5 grund av minskad anv\u00e4ndning enbart av st\u00e5l.<\/strong><\/p>\n\t\t\n<style>\n#text-1320350034 {\n  color: rgb(255,255,255);\n}\n#text-1320350034 > * {\n  color: rgb(255,255,255);\n}\n<\/style>\n\t<\/div>\n\t\n<a href=\"https:\/\/www.weckmansteel.fi\/ajankohtaista\/weckman-terashallien-pienempi-hiilijalanjalki-tuo-taloudellista-hyotya\/\" class=\"button white is-outline hidden\" >\n\t\t<span>ELOLOGISKA H\u00c5LLBARHET AV ST\u00c5LHALLAR<\/span>\n\t<\/a>\n\n<a href=\"https:\/\/www.weckmansteel.fi\/ajankohtaista\/weckman-ohutlevyt-pienentamassa-rakennuttamisen-hiilijalanjalkea\/\" class=\"button white is-outline hidden\" >\n\t\t<span>ELOLOGISKA H\u00c5LLBARHET AV PL\u00c5TTAR<\/span>\n\t<\/a>\n\n<a href=\"https:\/\/www.weckmansteel.fi\/ajankohtaista\/uusi-weckman-peravaunumallisto-ekologisempi-valmistaa-ja-kayttaa\/\" class=\"button white is-outline hidden\" >\n\t\t<span>ELOLOGISKA H\u00c5LLBARHET AV SL\u00c4PVAGNAR<\/span>\n\t<\/a>\n\n\t\t<\/div>\n\t\t\t\t\t<\/div>\n\n\t\n\n<style>\n#row-572324768 > .col > .col-inner {\n  padding: 0px 0px 0px 0px;\n}\n<\/style>\n<\/div>\n\t\t<\/div>\n\n\t\t\n<style>\n#section_1162934593 {\n  padding-top: 30px;\n  padding-bottom: 30px;\n}\n#section_1162934593 .section-bg-overlay {\n  background-color: rgba(50, 205, 51, 0.808);\n}\n<\/style>\n\t<\/section>\n\t\n\n\n\n\t<section class=\"section\" id=\"section_1004522564\">\n\t\t<div class=\"section-bg fill\" >\n\t\t\t\t\t\t\t\t\t\n\t\t\t\n\t<div class=\"is-border\"\n\t\tstyle=\"border-width:1px 0px 1px 0px;\">\n\t<\/div>\n\n\t\t<\/div>\n\n\t\t\n\n\t\t<div class=\"section-content relative\">\n\t\t\t\n<div class=\"row row-large align-middle\"  id=\"row-410948644\">\n\n\t<div id=\"col-1484559097\" class=\"col medium-6 small-12 large-6\"  >\n\t\t\t\t<div class=\"col-inner\"  >\n\t\t\t\n\t\t\t\n\t<div class=\"img has-hover x md-x lg-x y md-y lg-y\" id=\"image_241969977\">\n\t\t\t\t\t\t\t\t<div class=\"img-inner dark\" >\n\t\t\t\t\t\t\t\t\t\n\t\t\t\t\t<\/div>\n\t\t\t\t\t\t\t\t\n<style>\n#image_241969977 {\n  width: 100%;\n}\n<\/style>\n\t<\/div>\n\t\n\t<div class=\"img has-hover x md-x lg-x y md-y lg-y\" id=\"image_2119043628\">\n\t\t\t\t\t\t\t\t<div class=\"img-inner box-shadow-2 dark\" >\n\t\t\t\t\t\t\t\t\t\n\t\t\t\t\t<\/div>\n\t\t\t\t\t\t\t\t\n<style>\n#image_2119043628 {\n  width: 100%;\n}\n<\/style>\n\t<\/div>\n\t\n\t<div class=\"img has-hover x md-x lg-x y md-y lg-y\" id=\"image_1555901159\">\n\t\t\t\t\t\t\t\t<div class=\"img-inner dark\" >\n\t\t\t<img loading=\"lazy\" decoding=\"async\" width=\"1020\" height=\"680\" src=\"https:\/\/www.weckmansteel.fi\/wp-content\/uploads\/2022\/05\/5D4_2490-1024x683.jpg\" class=\"attachment-large size-large\" alt=\"Weckman ter\u00e4ksen ammattilainen\" srcset=\"https:\/\/www.weckmansteel.fi\/wp-content\/uploads\/2022\/05\/5D4_2490-1024x683.jpg 1024w, https:\/\/www.weckmansteel.fi\/wp-content\/uploads\/2022\/05\/5D4_2490-900x600.jpg 900w, https:\/\/www.weckmansteel.fi\/wp-content\/uploads\/2022\/05\/5D4_2490-300x200.jpg 300w, https:\/\/www.weckmansteel.fi\/wp-content\/uploads\/2022\/05\/5D4_2490-768x512.jpg 768w, https:\/\/www.weckmansteel.fi\/wp-content\/uploads\/2022\/05\/5D4_2490-1536x1024.jpg 1536w, https:\/\/www.weckmansteel.fi\/wp-content\/uploads\/2022\/05\/5D4_2490.jpg 1920w\" sizes=\"auto, (max-width: 1020px) 100vw, 1020px\" \/>\t\t\t\t\t\t\n\t\t\t\t\t<\/div>\n\t\t\t\t\t\t\t\t\n<style>\n#image_1555901159 {\n  width: 100%;\n}\n<\/style>\n\t<\/div>\n\t\n\t\t<\/div>\n\t\t\t\t\t<\/div>\n\n\t\n\n\t<div id=\"col-1701318819\" class=\"col medium-6 small-12 large-6\"  >\n\t\t\t\t<div class=\"col-inner text-left\"  >\n\t\t\t\n\t\t\t\n<h2 class=\"uppercase\">WECKMAN INTRODUKTION<\/h2>\n<p>Weckman \u00e4r ett finskt familjef\u00f6retag med en god och frimodig samarbetsanda.<br \/>\nM\u00e5nga av v\u00e5ra anst\u00e4llda har trivts hos oss i tiotals \u00e5r.<br \/>\nVi rekryterar kontinuerligt nya proffs inom branschen och personer som \u00e4r intresserade av en karri\u00e4r inom st\u00e5l.<\/p>\n<a href=\"https:\/\/www.weckmansteel.fi\/sv\/varfor-weckman\/rekrytering\/\" class=\"button primary is-outline\" >\n\t\t<span>L\u00c4S MER<\/span>\n\t<\/a>\n\n\t\t<\/div>\n\t\t\t\t\t<\/div>\n\n\t\n<\/div>\n\t\t<\/div>\n\n\t\t\n<style>\n#section_1004522564 {\n  padding-top: 60px;\n  padding-bottom: 60px;\n}\n<\/style>\n\t<\/section>\n\t\n","protected":false},"excerpt":{"rendered":"","protected":false},"author":17,"featured_media":45733,"parent":0,"menu_order":271,"comment_status":"closed","ping_status":"closed","template":"page-blank.php","meta":{"footnotes":""},"class_list":["post-22340","page","type-page","status-publish","has-post-thumbnail","hentry"],"_links":{"self":[{"href":"https:\/\/www.weckmansteel.fi\/sv\/wp-json\/wp\/v2\/pages\/22340","targetHints":{"allow":["GET"]}}],"collection":[{"href":"https:\/\/www.weckmansteel.fi\/sv\/wp-json\/wp\/v2\/pages"}],"about":[{"href":"https:\/\/www.weckmansteel.fi\/sv\/wp-json\/wp\/v2\/types\/page"}],"author":[{"embeddable":true,"href":"https:\/\/www.weckmansteel.fi\/sv\/wp-json\/wp\/v2\/users\/17"}],"replies":[{"embeddable":true,"href":"https:\/\/www.weckmansteel.fi\/sv\/wp-json\/wp\/v2\/comments?post=22340"}],"version-history":[{"count":1,"href":"https:\/\/www.weckmansteel.fi\/sv\/wp-json\/wp\/v2\/pages\/22340\/revisions"}],"predecessor-version":[{"id":39925,"href":"https:\/\/www.weckmansteel.fi\/sv\/wp-json\/wp\/v2\/pages\/22340\/revisions\/39925"}],"wp:featuredmedia":[{"embeddable":true,"href":"https:\/\/www.weckmansteel.fi\/sv\/wp-json\/wp\/v2\/media\/45733"}],"wp:attachment":[{"href":"https:\/\/www.weckmansteel.fi\/sv\/wp-json\/wp\/v2\/media?parent=22340"}],"curies":[{"name":"wp","href":"https:\/\/api.w.org\/{rel}","templated":true}]}}