{"id":22660,"date":"2022-07-04T16:10:09","date_gmt":"2022-07-04T13:10:09","guid":{"rendered":"https:\/\/www.weckmansteel.fi\/maskinfalsade-tak\/"},"modified":"2022-09-29T08:56:49","modified_gmt":"2022-09-29T05:56:49","slug":"maskinfalsade-tak","status":"publish","type":"page","link":"https:\/\/www.weckmansteel.fi\/sv\/maskinfalsade-tak\/","title":{"rendered":"Maskinfalsade tak"},"content":{"rendered":"\n\t<section class=\"section\" id=\"section_26825594\">\n\t\t<div class=\"section-bg fill\" >\n\t\t\t\t\t\t\t\t\t\n\t\t\t\n\n\t\t<\/div>\n\n\t\t\n\n\t\t<div class=\"section-content relative\">\n\t\t\t\n<div class=\"slider-wrapper relative\" id=\"slider-502557447\" >\n    <div class=\"slider slider-nav-circle slider-nav-large slider-nav-light slider-style-normal slider-show-nav\"\n        data-flickity-options='{\n            \"cellAlign\": \"center\",\n            \"imagesLoaded\": true,\n            \"lazyLoad\": 1,\n            \"freeScroll\": true,\n            \"wrapAround\": false,\n            \"autoPlay\": 6000,\n            \"pauseAutoPlayOnHover\" : false,\n            \"prevNextButtons\": true,\n            \"contain\" : true,\n            \"adaptiveHeight\" : true,\n            \"dragThreshold\" : 10,\n            \"percentPosition\": true,\n            \"pageDots\": true,\n            \"rightToLeft\": false,\n            \"draggable\": true,\n            \"selectedAttraction\": 0.1,\n            \"parallax\" : 0,\n            \"friction\": 0.6        }'\n        >\n        \n\n  <div class=\"banner has-hover\" id=\"banner-1988828965\">\n          <div class=\"banner-inner fill\">\n        <div class=\"banner-bg fill\" >\n            <img loading=\"lazy\" decoding=\"async\" width=\"2500\" height=\"1042\" src=\"https:\/\/www.weckmansteel.fi\/wp-content\/uploads\/2022\/09\/Weckman_konesaumakatot.jpg\" class=\"bg attachment-original size-original\" alt=\"\" \/>                                    \n                    <\/div>\n\t\t\n        <div class=\"banner-layers container\">\n            <div class=\"fill banner-link\"><\/div>            \n   <div id=\"text-box-1661430365\" class=\"text-box banner-layer x50 md-x50 lg-x50 y50 md-y50 lg-y50 res-text\">\n                                <div class=\"text-box-content text dark\">\n              \n              <div class=\"text-inner text-center\">\n                  \n\t<div id=\"text-773490687\" class=\"text\">\n\t\t\n<p class=\"uppercase\" style=\"text-align: center;\"><span style=\"font-size: 170%;\"><strong>Maskinfalsade tak<\/strong><\/span><\/p>\n\t\t\n<style>\n#text-773490687 {\n  text-align: center;\n}\n<\/style>\n\t<\/div>\n\t\n              <\/div>\n           <\/div>\n                            \n<style>\n#text-box-1661430365 {\n  width: 100%;\n}\n#text-box-1661430365 .text-box-content {\n  font-size: 50%;\n}\n@media (min-width:550px) {\n  #text-box-1661430365 {\n    width: 38%;\n  }\n  #text-box-1661430365 .text-box-content {\n    font-size: 100%;\n  }\n}\n<\/style>\n    <\/div>\n \n        <\/div>\n      <\/div>\n\n            \n<style>\n#banner-1988828965 {\n  padding-top: 80%;\n}\n#banner-1988828965 .banner-bg img {\n  object-position: 0% 100%;\n}\n@media (min-width:550px) {\n  #banner-1988828965 {\n    padding-top: 40%;\n  }\n}\n@media (min-width:850px) {\n  #banner-1988828965 {\n    padding-top: 500px;\n  }\n}\n<\/style>\n  <\/div>\n\n\n\n  <div class=\"banner has-hover\" id=\"banner-271576265\">\n          <div class=\"banner-inner fill\">\n        <div class=\"banner-bg fill\" >\n            <img loading=\"lazy\" decoding=\"async\" width=\"1600\" height=\"1200\" src=\"https:\/\/www.weckmansteel.fi\/wp-content\/uploads\/2017\/03\/Kopio-P1010003.jpg\" class=\"bg attachment-original size-original\" alt=\"\" \/>                                    \n                    <\/div>\n\t\t\n        <div class=\"banner-layers container\">\n            <div class=\"fill banner-link\"><\/div>            \n   <div id=\"text-box-763778801\" class=\"text-box banner-layer x50 md-x50 lg-x50 y50 md-y50 lg-y50 res-text\">\n                                <div class=\"text-box-content text dark\">\n              \n              <div class=\"text-inner text-center\">\n                  \n<p class=\"uppercase\" style=\"text-align: center;\"><span style=\"font-size: 170%;\"><strong>Maskinfalsade tak<\/strong><\/span><\/p>\n              <\/div>\n           <\/div>\n                            \n<style>\n#text-box-763778801 {\n  width: 100%;\n}\n#text-box-763778801 .text-box-content {\n  font-size: 50%;\n}\n@media (min-width:550px) {\n  #text-box-763778801 {\n    width: 60%;\n  }\n  #text-box-763778801 .text-box-content {\n    font-size: 100%;\n  }\n}\n<\/style>\n    <\/div>\n \n        <\/div>\n      <\/div>\n\n            \n<style>\n#banner-271576265 {\n  padding-top: 80%;\n}\n#banner-271576265 .banner-bg img {\n  object-position: 58% 67%;\n}\n@media (min-width:550px) {\n  #banner-271576265 {\n    padding-top: 40%;\n  }\n}\n@media (min-width:850px) {\n  #banner-271576265 {\n    padding-top: 500px;\n  }\n}\n<\/style>\n  <\/div>\n\n\n     <\/div>\n\n     <div class=\"loading-spin dark large centered\"><\/div>\n\n\t<\/div>\n\n\n\t\t<\/div>\n\n\t\t\n<style>\n#section_26825594 {\n  padding-top: 0px;\n  padding-bottom: 0px;\n}\n<\/style>\n\t<\/section>\n\t\n\n\t<section class=\"section\" id=\"section_582619403\">\n\t\t<div class=\"section-bg fill\" >\n\t\t\t\t\t\t\t\t\t\n\t\t\t\n\n\t\t<\/div>\n\n\t\t\n\n\t\t<div class=\"section-content relative\">\n\t\t\t\n<div class=\"row row-small align-center\"  id=\"row-485520060\">\n\n\t<div id=\"col-1636633664\" class=\"col small-12 large-12\"  >\n\t\t\t\t<div class=\"col-inner\"  >\n\t\t\t\n\t\t\t\n<h1>Weckman Maskinfalsade tak<\/h1>\n<p>H\u00f6gklassiga radpl\u00e5tar f\u00f6r maskinfalsade tak. Monteras av pl\u00e5tslagare.<\/p>\n\t\t<\/div>\n\t\t\t\t\n<style>\n#col-1636633664 > .col-inner {\n  padding: 35px 0px 0px 0px;\n}\n<\/style>\n\t<\/div>\n\n\t\n\n<style>\n#row-485520060 > .col > .col-inner {\n  padding: 0px 0px 0px 0px;\n}\n@media (min-width:850px) {\n  #row-485520060 > .col > .col-inner {\n    padding: 0px 0px 0px 0px;\n  }\n}\n<\/style>\n<\/div>\n\t\t<\/div>\n\n\t\t\n<style>\n#section_582619403 {\n  padding-top: 60px;\n  padding-bottom: 60px;\n}\n@media (min-width:850px) {\n  #section_582619403 {\n    padding-top: 60px;\n    padding-bottom: 60px;\n  }\n}\n<\/style>\n\t<\/section>\n\t\n\n\t<section class=\"section dark has-parallax\" id=\"section_1768256858\">\n\t\t<div class=\"section-bg fill\" data-parallax-container=\".section\" data-parallax-background data-parallax=\"-10\">\n\t\t\t<img loading=\"lazy\" decoding=\"async\" width=\"800\" height=\"566\" src=\"https:\/\/www.weckmansteel.fi\/wp-content\/uploads\/2022\/03\/weckman_progantti.jpg\" class=\"bg attachment-1536x1536 size-1536x1536\" alt=\"\" \/>\t\t\t\t\t\t<div class=\"section-bg-overlay absolute fill\"><\/div>\n\t\t\t\n\n\t\t<\/div>\n\n\t\t\n\n\t\t<div class=\"section-content relative\">\n\t\t\t\n<div class=\"row align-center\"  id=\"row-1153486684\">\n\n\t<div id=\"col-1395998649\" class=\"col medium-4 small-12 large-4\"  >\n\t\t\t\t<div class=\"col-inner\"  >\n\t\t\t\n\t\t\t\n\t<div class=\"box has-hover flatsome-box  has-hover box-text-bottom\" >\n\n\t\t<div class=\"box-image\" >\n\t\t\t\t\t\t<div class=\"image-cover\" style=\"padding-top:75%;\">\n\t\t\t\t<img loading=\"lazy\" decoding=\"async\" width=\"1020\" height=\"765\" src=\"https:\/\/www.weckmansteel.fi\/wp-content\/uploads\/2017\/03\/Kopio-P1010003-1024x768.jpg\" class=\"attachment-large size-large\" alt=\"\" srcset=\"https:\/\/www.weckmansteel.fi\/wp-content\/uploads\/2017\/03\/Kopio-P1010003-1024x768.jpg 1024w, https:\/\/www.weckmansteel.fi\/wp-content\/uploads\/2017\/03\/Kopio-P1010003-900x675.jpg 900w, https:\/\/www.weckmansteel.fi\/wp-content\/uploads\/2017\/03\/Kopio-P1010003-300x225.jpg 300w, https:\/\/www.weckmansteel.fi\/wp-content\/uploads\/2017\/03\/Kopio-P1010003-768x576.jpg 768w, https:\/\/www.weckmansteel.fi\/wp-content\/uploads\/2017\/03\/Kopio-P1010003.jpg 1600w\" sizes=\"auto, (max-width: 1020px) 100vw, 1020px\" \/>\t\t\t\t\t\t\t\t\t\t\t<\/div>\n\t\t\t\t\t<\/div>\n\n\t\t<div class=\"box-text text-center\" >\n\t\t\t<div class=\"box-text-inner\">\n\t\t\t\t\n<h3>Weckman Radpl\u00e5t<\/h3>\n<p>Weckman erbjuder radpl\u00e5tar till pl\u00e5tslagare f\u00f6r konstruktion av maskinfalsade tak.<br \/>\nDet finns tre alternativ: galvaniserat 0,5 och 0,6 mm (DX53 + Z350 MA) samt Premium 0,6 mm TINSMITH PRO av kvalitetsklass 50 \u2013 pl\u00e5tslagarkvalitet.<\/p>\n<a href=\"\/sv\/maskinfalsade-tak\/weckman-radplat\/\" class=\"button secondary\" >\n\t\t<span>Radpl\u00e5t<\/span>\n\t<\/a>\n\n\t<div id=\"gap-1352999936\" class=\"gap-element clearfix\" style=\"display:block; height:auto;\">\n\t\t\n<style>\n#gap-1352999936 {\n  padding-top: 50px;\n}\n<\/style>\n\t<\/div>\n\t\n\t\t\t<\/div>\n\t\t<\/div>\n\t<\/div>\n\t\n\t\t<\/div>\n\t\t\t\t\n<style>\n#col-1395998649 > .col-inner {\n  padding: 0px 0px 0px 0px;\n}\n<\/style>\n\t<\/div>\n\n\t\n\n\t<div id=\"col-907174911\" class=\"col medium-4 small-12 large-4\"  >\n\t\t\t\t<div class=\"col-inner\"  >\n\t\t\t\n\t\t\t\n\t<div class=\"box has-hover flatsome-box  has-hover box-text-bottom\" >\n\n\t\t<div class=\"box-image\" >\n\t\t\t\t\t\t<div class=\"image-cover\" style=\"padding-top:75%;\">\n\t\t\t\t<img loading=\"lazy\" decoding=\"async\" width=\"950\" height=\"498\" src=\"https:\/\/www.weckmansteel.fi\/wp-content\/uploads\/2017\/03\/weckman-riviraina.jpg\" class=\"attachment-large size-large\" alt=\"\" srcset=\"https:\/\/www.weckmansteel.fi\/wp-content\/uploads\/2017\/03\/weckman-riviraina.jpg 950w, https:\/\/www.weckmansteel.fi\/wp-content\/uploads\/2017\/03\/weckman-riviraina-900x472.jpg 900w, https:\/\/www.weckmansteel.fi\/wp-content\/uploads\/2017\/03\/weckman-riviraina-300x157.jpg 300w, https:\/\/www.weckmansteel.fi\/wp-content\/uploads\/2017\/03\/weckman-riviraina-768x403.jpg 768w\" sizes=\"auto, (max-width: 950px) 100vw, 950px\" \/>\t\t\t\t\t\t\t\t\t\t\t<\/div>\n\t\t\t\t\t<\/div>\n\n\t\t<div class=\"box-text text-center\" >\n\t\t\t<div class=\"box-text-inner\">\n\t\t\t\t\n<h3>Weckman Radband<\/h3>\n<p>Weckman erbjuder radband till pl\u00e5tslagare som r\u00e5material f\u00f6r radpl\u00e5tar. Standardbredden \u00e4r 610 mm och det finns tre alternativ: galvaniserat 0,5 och 0,6 mm (DX53 + Z350 MA) samt Premium 0,6 mm TINSMITH PRO av kvalitetsklass 50 \u2013 pl\u00e5tslagarkvalitet.<\/p>\n<a href=\"\/sv\/maskinfalsade-tak\/weckman-radband\/\" class=\"button secondary\" >\n\t\t<span>Radband<\/span>\n\t<\/a>\n\n\t\t\t<\/div>\n\t\t<\/div>\n\t<\/div>\n\t\n\t\t<\/div>\n\t\t\t\t\n<style>\n#col-907174911 > .col-inner {\n  padding: 0px 0px 0px 0px;\n}\n<\/style>\n\t<\/div>\n\n\t\n\n<style>\n#row-1153486684 > .col > .col-inner {\n  padding: 0px 10px 0px 10px;\n}\n<\/style>\n<\/div>\n\t\t<\/div>\n\n\t\t\n<style>\n#section_1768256858 {\n  padding-top: 60px;\n  padding-bottom: 60px;\n}\n#section_1768256858 .section-bg-overlay {\n  background-color: rgba(16, 69, 146, 0.628);\n}\n#section_1768256858 .section-bg img {\n  object-position: 60% 60%;\n}\n<\/style>\n\t<\/section>\n\t\n\n\t<section class=\"section\" id=\"section_1131148497\">\n\t\t<div class=\"section-bg fill\" >\n\t\t\t\t\t\t\t\t\t\n\t\t\t\n\n\t\t<\/div>\n\n\t\t\n\n\t\t<div class=\"section-content relative\">\n\t\t\t\n<div class=\"row align-center\"  id=\"row-200740800\">\n\n\t<div id=\"col-1698090821\" class=\"col small-12 large-12\"  >\n\t\t\t\t<div class=\"col-inner\"  >\n\t\t\t\n\t\t\t\n<h2>Weckmans f\u00f6retagsber\u00e4ttelse<\/h2>\n<p>Weckmans historia b\u00f6rjar i mitten av 1700-talet, n\u00e4r smeder tillverkade de f\u00f6rsta Weckman-produkterna. Arbetet fortsatte i \u00e5rhundrade efter \u00e5rhundrade.<\/p>\n\t\t<\/div>\n\t\t\t\t\t<\/div>\n\n\t\n\n\t<div id=\"col-734788258\" class=\"col medium-4 small-12 large-4\"  >\n\t\t\t\t<div class=\"col-inner\"  >\n\t\t\t\n\t\t\t\n<a data-animate=\"flipInX\" href=\"\/sv\/varfor-weckman\/historia\/\" target=\"_blank\" class=\"button secondary\" rel=\"noopener\" >\n\t\t<span>L\u00e4s mer<\/span>\n\t<\/a>\n\n\t\t<\/div>\n\t\t\t\t\t<\/div>\n\n\t\n<\/div>\n\t\t<\/div>\n\n\t\t\n<style>\n#section_1131148497 {\n  padding-top: 60px;\n  padding-bottom: 60px;\n}\n<\/style>\n\t<\/section>\n\t\n\n\t<section class=\"section has-parallax\" id=\"section_1661793080\">\n\t\t<div class=\"section-bg fill\" data-parallax-container=\".section\" data-parallax-background data-parallax=\"-2\">\n\t\t\t<img loading=\"lazy\" decoding=\"async\" width=\"1200\" height=\"457\" src=\"https:\/\/www.weckmansteel.fi\/wp-content\/uploads\/2022\/02\/Weckman_ekologisuus.jpg\" class=\"bg attachment-original size-original\" alt=\"\" \/>\t\t\t\t\t\t<div class=\"section-bg-overlay absolute fill\"><\/div>\n\t\t\t\n\n\t\t<\/div>\n\n\t\t\n\n\t\t<div class=\"section-content relative\">\n\t\t\t\n<div class=\"row align-center\"  id=\"row-2123504857\">\n\n\t<div id=\"col-1749081861\" class=\"col medium-4 small-12 large-4\"  >\n\t\t\t\t<div class=\"col-inner\"  >\n\t\t\t\n\t\t\t\n\t<div class=\"img has-hover x md-x lg-x y md-y lg-y\" id=\"image_1509258629\">\n\t\t\t\t\t\t\t\t<div class=\"img-inner dark\" >\n\t\t\t\t\t\t\t\t\t\n\t\t\t\t\t<\/div>\n\t\t\t\t\t\t\t\t\n<style>\n#image_1509258629 {\n  width: 100%;\n}\n<\/style>\n\t<\/div>\n\t\n\t\t<\/div>\n\t\t\t\t\n<style>\n#col-1749081861 > .col-inner {\n  padding: 36px 0px 0px 0px;\n}\n<\/style>\n\t<\/div>\n\n\t\n\n\t<div id=\"col-1275649767\" class=\"col small-12 large-12\"  >\n\t\t\t\t<div class=\"col-inner text-center dark\"  >\n\t\t\t\n\t\t\t\n\t<div class=\"img has-hover x md-x lg-x y md-y lg-y\" id=\"image_112305845\">\n\t\t\t\t\t\t\t\t<div class=\"img-inner dark\" >\n\t\t\t<img loading=\"lazy\" decoding=\"async\" width=\"1020\" height=\"190\" src=\"https:\/\/www.weckmansteel.fi\/wp-content\/uploads\/2022\/02\/Luonnollisesti_Weckman_nega_rgb-1024x191.png\" class=\"attachment-large size-large\" alt=\"\" srcset=\"https:\/\/www.weckmansteel.fi\/wp-content\/uploads\/2022\/02\/Luonnollisesti_Weckman_nega_rgb-1024x191.png 1024w, https:\/\/www.weckmansteel.fi\/wp-content\/uploads\/2022\/02\/Luonnollisesti_Weckman_nega_rgb-scaled-900x168.png 900w, https:\/\/www.weckmansteel.fi\/wp-content\/uploads\/2022\/02\/Luonnollisesti_Weckman_nega_rgb-300x56.png 300w, https:\/\/www.weckmansteel.fi\/wp-content\/uploads\/2022\/02\/Luonnollisesti_Weckman_nega_rgb-768x143.png 768w, https:\/\/www.weckmansteel.fi\/wp-content\/uploads\/2022\/02\/Luonnollisesti_Weckman_nega_rgb-1536x286.png 1536w, https:\/\/www.weckmansteel.fi\/wp-content\/uploads\/2022\/02\/Luonnollisesti_Weckman_nega_rgb-2048x381.png 2048w\" sizes=\"auto, (max-width: 1020px) 100vw, 1020px\" \/>\t\t\t\t\t\t\n\t\t\t\t\t<\/div>\n\t\t\t\t\t\t\t\t\n<style>\n#image_112305845 {\n  width: 35%;\n}\n<\/style>\n\t<\/div>\n\t\n\t<div id=\"gap-206881380\" class=\"gap-element clearfix\" style=\"display:block; height:auto;\">\n\t\t\n<style>\n#gap-206881380 {\n  padding-top: 30px;\n}\n<\/style>\n\t<\/div>\n\t\n\t<div id=\"text-1494246651\" class=\"text\">\n\t\t\n<h2><strong>Weckman st\u00e5lhallar, pl\u00e5t och sl\u00e4p<br \/>\nett mindre koldioxidavtryck ger ekonomiska f\u00f6rdelar<br \/>\n<\/strong><\/h2>\n<p><strong>Produktionsinnovationer i Weckman st\u00e5lhallar kommer att minska hallarnas koldioxidavtryck fr\u00e5n produktion till drifts\u00e4ttning: m\u00e4ngden st\u00e5l i produktionen kommer att minska med upp till 25 %, vilket ocks\u00e5 minskar milj\u00f6p\u00e5verkan fr\u00e5n att transportera och bygga hallarna. CO2-utsl\u00e4ppen kommer att minska med cirka en miljon kilo per \u00e5r p\u00e5 grund av minskad anv\u00e4ndning enbart av st\u00e5l.<\/strong><br \/>\n\t\t\n<style>\n#text-1494246651 {\n  color: rgb(255,255,255);\n}\n#text-1494246651 > * {\n  color: rgb(255,255,255);\n}\n<\/style>\n\t<\/div>\n\t\n<a href=\"https:\/\/www.weckmansteel.fi\/ajankohtaista\/weckman-terashallien-pienempi-hiilijalanjalki-tuo-taloudellista-hyotya\/\" class=\"button white is-outline\" >\n\t\t<span>ELOLOGISKA H\u00c5LLBARHET AV ST\u00c5LHALLAR<\/span>\n\t<\/a>\n\n<a href=\"https:\/\/www.weckmansteel.fi\/ajankohtaista\/weckman-ohutlevyt-pienentamassa-rakennuttamisen-hiilijalanjalkea\/\" class=\"button white is-outline\" >\n\t\t<span>ELOLOGISKA H\u00c5LLBARHET AV PL\u00c5TTAR<\/span>\n\t<\/a>\n\n<a href=\"https:\/\/www.weckmansteel.fi\/ajankohtaista\/uusi-weckman-peravaunumallisto-ekologisempi-valmistaa-ja-kayttaa\/\" class=\"button white is-outline\" >\n\t\t<span>ELOLOGISKA H\u00c5LLBARHET AV SL\u00c4PVAGNAR<\/span>\n\t<\/a>\n\n\t\t<\/div>\n\t\t\t\t\t<\/div>\n\n\t\n\n<style>\n#row-2123504857 > .col > .col-inner {\n  padding: 0px 0px 0px 0px;\n}\n<\/style>\n<\/div>\n\t\t<\/div>\n\n\t\t\n<style>\n#section_1661793080 {\n  padding-top: 30px;\n  padding-bottom: 30px;\n}\n#section_1661793080 .section-bg-overlay {\n  background-color: rgba(50, 205, 51, 0.808);\n}\n<\/style>\n\t<\/section>\n\t\n\n\t<section class=\"section dark has-parallax\" id=\"section_472639419\">\n\t\t<div class=\"section-bg fill\" data-parallax-container=\".section\" data-parallax-background data-parallax=\"-10\">\n\t\t\t<img loading=\"lazy\" decoding=\"async\" width=\"1200\" height=\"675\" src=\"https:\/\/www.weckmansteel.fi\/wp-content\/uploads\/2021\/03\/weckman_erikoishallit_paakuva.jpg\" class=\"bg attachment-original size-original\" alt=\"Weckman ter\u00e4shallien suunnittelu erikoishallit\" \/>\t\t\t\t\t\t<div class=\"section-bg-overlay absolute fill\"><\/div>\n\t\t\t\n\n\t\t<\/div>\n\n\t\t\n\n\t\t<div class=\"section-content relative\">\n\t\t\t\n<div class=\"row row-collapse align-center\"  id=\"row-795155225\">\n\n\t<div id=\"col-86753907\" class=\"col small-12 large-12\"  >\n\t\t\t\t<div class=\"col-inner\"  >\n\t\t\t\n\t\t\t\n<h2>H\u00f6g och garanterad kvalitet<\/h2>\n\t\t<\/div>\n\t\t\t\t\t<\/div>\n\n\t\n\n\t<div id=\"col-1379898801\" class=\"col medium-4 small-12 large-4\"  data-animate=\"flipInY\">\n\t\t\t\t<div class=\"col-inner text-center\"  >\n\t\t\t\n\t\t\t\n\n\t\t<div class=\"icon-box featured-box icon-box-center text-center\"  >\n\t\t\t\t\t<div class=\"icon-box-img\" style=\"width: 172px\">\n\t\t\t\t<div class=\"icon\">\n\t\t\t\t\t<div class=\"icon-inner\" >\n\t\t\t\t\t\t<img loading=\"lazy\" decoding=\"async\" width=\"248\" height=\"248\" src=\"https:\/\/www.weckmansteel.fi\/wp-content\/uploads\/2017\/04\/weckman-teraskatto-kestaa.png\" class=\"attachment-medium size-medium\" alt=\"\" srcset=\"https:\/\/www.weckmansteel.fi\/wp-content\/uploads\/2017\/04\/weckman-teraskatto-kestaa.png 248w, https:\/\/www.weckmansteel.fi\/wp-content\/uploads\/2017\/04\/weckman-teraskatto-kestaa-100x100.png 100w, https:\/\/www.weckmansteel.fi\/wp-content\/uploads\/2017\/04\/weckman-teraskatto-kestaa-150x150.png 150w\" sizes=\"auto, (max-width: 248px) 100vw, 248px\" \/>\t\t\t\t\t<\/div>\n\t\t\t\t<\/div>\n\t\t\t<\/div>\n\t\t\t\t<div class=\"icon-box-text last-reset\">\n\t\t\t\t\t\t\t\t\t\n<h3 style=\"text-align: center;\">Weckman kvalitet f\u00f6r nordliga f\u00f6rh\u00e5llanden och krav<\/h3>\n\t\t<\/div>\n\t<\/div>\n\t\n\t\n\t\t<\/div>\n\t\t\t\t\n<style>\n#col-1379898801 > .col-inner {\n  padding: 0px 0px 20px 0px;\n}\n<\/style>\n\t<\/div>\n\n\t\n\n\t<div id=\"col-1636585295\" class=\"col medium-4 small-12 large-4\"  data-animate=\"flipInY\">\n\t\t\t\t<div class=\"col-inner text-center\"  >\n\t\t\t\n\t\t\t\n\n\t\t<div class=\"icon-box featured-box icon-box-center text-center\"  >\n\t\t\t\t\t<div class=\"icon-box-img\" style=\"width: 172px\">\n\t\t\t\t<div class=\"icon\">\n\t\t\t\t\t<div class=\"icon-inner\" >\n\t\t\t\t\t\t<img loading=\"lazy\" decoding=\"async\" width=\"248\" height=\"248\" src=\"https:\/\/www.weckmansteel.fi\/wp-content\/uploads\/2017\/04\/weckman-markkinoiden-laajin-valikoima.png\" class=\"attachment-medium size-medium\" alt=\"\" srcset=\"https:\/\/www.weckmansteel.fi\/wp-content\/uploads\/2017\/04\/weckman-markkinoiden-laajin-valikoima.png 248w, https:\/\/www.weckmansteel.fi\/wp-content\/uploads\/2017\/04\/weckman-markkinoiden-laajin-valikoima-100x100.png 100w, https:\/\/www.weckmansteel.fi\/wp-content\/uploads\/2017\/04\/weckman-markkinoiden-laajin-valikoima-150x150.png 150w\" sizes=\"auto, (max-width: 248px) 100vw, 248px\" \/>\t\t\t\t\t<\/div>\n\t\t\t\t<\/div>\n\t\t\t<\/div>\n\t\t\t\t<div class=\"icon-box-text last-reset\">\n\t\t\t\t\t\t\t\t\t\n<h3 style=\"text-align: center;\">Weckman kan st\u00e5l<\/h3>\n\t\t<\/div>\n\t<\/div>\n\t\n\t\n\t\t<\/div>\n\t\t\t\t\n<style>\n#col-1636585295 > .col-inner {\n  padding: 0px 0px 20px 0px;\n}\n<\/style>\n\t<\/div>\n\n\t\n\n\t<div id=\"col-806192666\" class=\"col medium-4 small-12 large-4\"  data-animate=\"flipInY\">\n\t\t\t\t<div class=\"col-inner text-center\"  >\n\t\t\t\n\t\t\t\n\n\t\t<div class=\"icon-box featured-box icon-box-center text-center\"  >\n\t\t\t\t\t<div class=\"icon-box-img\" style=\"width: 172px\">\n\t\t\t\t<div class=\"icon\">\n\t\t\t\t\t<div class=\"icon-inner\" >\n\t\t\t\t\t\t<img loading=\"lazy\" decoding=\"async\" width=\"248\" height=\"248\" src=\"https:\/\/www.weckmansteel.fi\/wp-content\/uploads\/2019\/12\/weckman-60v.png\" class=\"attachment-medium size-medium\" alt=\"\" srcset=\"https:\/\/www.weckmansteel.fi\/wp-content\/uploads\/2019\/12\/weckman-60v.png 248w, https:\/\/www.weckmansteel.fi\/wp-content\/uploads\/2019\/12\/weckman-60v-100x100.png 100w, https:\/\/www.weckmansteel.fi\/wp-content\/uploads\/2019\/12\/weckman-60v-150x150.png 150w\" sizes=\"auto, (max-width: 248px) 100vw, 248px\" \/>\t\t\t\t\t<\/div>\n\t\t\t\t<\/div>\n\t\t\t<\/div>\n\t\t\t\t<div class=\"icon-box-text last-reset\">\n\t\t\t\t\t\t\t\t\t\n<h3 style=\"text-align: center;\">Mer \u00e4n 60 \u00e5rs st\u00e5lexpertis<\/h3>\n\t\t<\/div>\n\t<\/div>\n\t\n\t\n\t\t<\/div>\n\t\t\t\t\t<\/div>\n\n\t\n\n\t<div id=\"col-99565912\" class=\"col medium-4 small-12 large-4\"  >\n\t\t\t\t<div class=\"col-inner\"  >\n\t\t\t\n\t\t\t\n\t<div id=\"gap-130039140\" class=\"gap-element clearfix\" style=\"display:block; height:auto;\">\n\t\t\n<style>\n#gap-130039140 {\n  padding-top: 65px;\n}\n<\/style>\n\t<\/div>\n\t\n<a data-animate=\"flipInX\" href=\"https:\/\/www.weckmansteel.fi\/miksi-weckman\/weckman-steel\/\" target=\"_blank\" class=\"button secondary\" rel=\"noopener\" >\n\t\t<span>Lue lis\u00e4\u00e4<\/span>\n\t<\/a>\n\n\t\t<\/div>\n\t\t\t\t\t<\/div>\n\n\t\n<\/div>\n\t\t<\/div>\n\n\t\t\n<style>\n#section_472639419 {\n  padding-top: 30px;\n  padding-bottom: 30px;\n  background-color: #104592;\n}\n#section_472639419 .section-bg-overlay {\n  background-color: rgba(16, 69, 146, 0.628);\n}\n#section_472639419 .section-bg img {\n  object-position: 48% 53%;\n}\n<\/style>\n\t<\/section>\n\t\n","protected":false},"excerpt":{"rendered":"","protected":false},"author":17,"featured_media":0,"parent":0,"menu_order":207,"comment_status":"closed","ping_status":"closed","template":"page-blank.php","meta":{"footnotes":""},"class_list":["post-22660","page","type-page","status-publish","hentry"],"_links":{"self":[{"href":"https:\/\/www.weckmansteel.fi\/sv\/wp-json\/wp\/v2\/pages\/22660","targetHints":{"allow":["GET"]}}],"collection":[{"href":"https:\/\/www.weckmansteel.fi\/sv\/wp-json\/wp\/v2\/pages"}],"about":[{"href":"https:\/\/www.weckmansteel.fi\/sv\/wp-json\/wp\/v2\/types\/page"}],"author":[{"embeddable":true,"href":"https:\/\/www.weckmansteel.fi\/sv\/wp-json\/wp\/v2\/users\/17"}],"replies":[{"embeddable":true,"href":"https:\/\/www.weckmansteel.fi\/sv\/wp-json\/wp\/v2\/comments?post=22660"}],"version-history":[{"count":0,"href":"https:\/\/www.weckmansteel.fi\/sv\/wp-json\/wp\/v2\/pages\/22660\/revisions"}],"wp:attachment":[{"href":"https:\/\/www.weckmansteel.fi\/sv\/wp-json\/wp\/v2\/media?parent=22660"}],"curies":[{"name":"wp","href":"https:\/\/api.w.org\/{rel}","templated":true}]}}