{"id":22663,"date":"2022-07-04T16:17:13","date_gmt":"2022-07-04T13:17:13","guid":{"rendered":"https:\/\/www.weckmansteel.fi\/tegelprofiltak\/"},"modified":"2024-05-23T09:25:21","modified_gmt":"2024-05-23T06:25:21","slug":"tegelprofiltak","status":"publish","type":"page","link":"https:\/\/www.weckmansteel.fi\/sv\/tegelprofiltak\/","title":{"rendered":"Tegelprofiltak"},"content":{"rendered":"\n\t<section class=\"section\" id=\"section_157859753\">\n\t\t<div class=\"section-bg fill\" >\n\t\t\t\t\t\t\t\t\t\n\t\t\t\n\n\t\t<\/div>\n\n\t\t\n\n\t\t<div class=\"section-content relative\">\n\t\t\t\n<div class=\"slider-wrapper relative\" id=\"slider-460951414\" >\n    <div class=\"slider slider-nav-circle slider-nav-large slider-nav-light slider-style-normal slider-show-nav\"\n        data-flickity-options='{\n            \"cellAlign\": \"center\",\n            \"imagesLoaded\": true,\n            \"lazyLoad\": 1,\n            \"freeScroll\": true,\n            \"wrapAround\": false,\n            \"autoPlay\": 6000,\n            \"pauseAutoPlayOnHover\" : false,\n            \"prevNextButtons\": true,\n            \"contain\" : true,\n            \"adaptiveHeight\" : true,\n            \"dragThreshold\" : 10,\n            \"percentPosition\": true,\n            \"pageDots\": true,\n            \"rightToLeft\": false,\n            \"draggable\": true,\n            \"selectedAttraction\": 0.1,\n            \"parallax\" : 0,\n            \"friction\": 0.6        }'\n        >\n        \n\n  <div class=\"banner has-hover\" id=\"banner-1304138592\">\n          <div class=\"banner-inner fill\">\n        <div class=\"banner-bg fill\" >\n            <img loading=\"lazy\" decoding=\"async\" width=\"1200\" height=\"500\" src=\"https:\/\/www.weckmansteel.fi\/wp-content\/uploads\/2024\/05\/Weckman_kattomalliston_paasivujen_paakuvat_terasaalto.jpg\" class=\"bg attachment-original size-original\" alt=\"\" \/>                                    \n                    <\/div>\n\t\t\n        <div class=\"banner-layers container\">\n            <div class=\"fill banner-link\"><\/div>            \n   <div id=\"text-box-1408818991\" class=\"text-box banner-layer x50 md-x50 lg-x50 y50 md-y50 lg-y50 res-text\">\n                                <div class=\"text-box-content text dark\">\n              \n              <div class=\"text-inner text-center\">\n                  \n\t<div id=\"text-3174209537\" class=\"text\">\n\t\t\n<p class=\"uppercase\" style=\"text-align: center;\"><span style=\"font-size: 170%;\"><strong>Tegelprofiltak<\/strong><\/span><\/p>\n\t\t\n<style>\n#text-3174209537 {\n  text-align: center;\n}\n<\/style>\n\t<\/div>\n\t\n              <\/div>\n           <\/div>\n                            \n<style>\n#text-box-1408818991 {\n  width: 100%;\n}\n#text-box-1408818991 .text-box-content {\n  font-size: 50%;\n}\n@media (min-width:550px) {\n  #text-box-1408818991 {\n    width: 38%;\n  }\n  #text-box-1408818991 .text-box-content {\n    font-size: 100%;\n  }\n}\n<\/style>\n    <\/div>\n \n        <\/div>\n      <\/div>\n\n            \n<style>\n#banner-1304138592 {\n  padding-top: 80%;\n}\n#banner-1304138592 .banner-bg img {\n  object-position: 50% 100%;\n}\n@media (min-width:550px) {\n  #banner-1304138592 {\n    padding-top: 40%;\n  }\n}\n@media (min-width:850px) {\n  #banner-1304138592 {\n    padding-top: 500px;\n  }\n}\n<\/style>\n  <\/div>\n\n\n\n  <div class=\"banner has-hover\" id=\"banner-1996669728\">\n          <div class=\"banner-inner fill\">\n        <div class=\"banner-bg fill\" >\n            <img loading=\"lazy\" decoding=\"async\" width=\"2048\" height=\"1536\" src=\"https:\/\/www.weckmansteel.fi\/wp-content\/uploads\/2017\/03\/terastiili-5-jalkeen.jpg\" class=\"bg attachment-original size-original\" alt=\"J\u00c4LKEEN\" \/>                                    \n                    <\/div>\n\t\t\n        <div class=\"banner-layers container\">\n            <div class=\"fill banner-link\"><\/div>            \n   <div id=\"text-box-1111421142\" class=\"text-box banner-layer x50 md-x50 lg-x50 y50 md-y50 lg-y50 res-text\">\n                                <div class=\"text-box-content text dark\">\n              \n              <div class=\"text-inner text-center\">\n                  \n<p class=\"uppercase\" style=\"text-align: center;\"><span style=\"font-size: 170%;\"><strong>Tegelprofiltak<\/strong><\/span><\/p>\n              <\/div>\n           <\/div>\n                            \n<style>\n#text-box-1111421142 {\n  width: 100%;\n}\n#text-box-1111421142 .text-box-content {\n  font-size: 50%;\n}\n@media (min-width:550px) {\n  #text-box-1111421142 {\n    width: 60%;\n  }\n  #text-box-1111421142 .text-box-content {\n    font-size: 100%;\n  }\n}\n<\/style>\n    <\/div>\n \n        <\/div>\n      <\/div>\n\n            \n<style>\n#banner-1996669728 {\n  padding-top: 80%;\n}\n#banner-1996669728 .banner-bg img {\n  object-position: 55% 7%;\n}\n@media (min-width:550px) {\n  #banner-1996669728 {\n    padding-top: 40%;\n  }\n}\n@media (min-width:850px) {\n  #banner-1996669728 {\n    padding-top: 500px;\n  }\n}\n<\/style>\n  <\/div>\n\n\n     <\/div>\n\n     <div class=\"loading-spin dark large centered\"><\/div>\n\n\t<\/div>\n\n\n\t\t<\/div>\n\n\t\t\n<style>\n#section_157859753 {\n  padding-top: 0px;\n  padding-bottom: 0px;\n}\n<\/style>\n\t<\/section>\n\t\n\n\t<section class=\"section\" id=\"section_553373871\">\n\t\t<div class=\"section-bg fill\" >\n\t\t\t\t\t\t\t\t\t\n\t\t\t\n\n\t\t<\/div>\n\n\t\t\n\n\t\t<div class=\"section-content relative\">\n\t\t\t\n<div class=\"row row-small align-center\"  id=\"row-887299689\">\n\n\t<div id=\"col-2005569480\" class=\"col small-12 large-12\"  >\n\t\t\t\t<div class=\"col-inner\"  >\n\t\t\t\n\t\t\t\n<h1>Weckman Tegelprofiltak<\/h1>\n<p>Weckmans stiliga tegelprofiltak ger huset en lyxig look. Weckmans traditionella takpl\u00e5tar Ter\u00e4saalto, Ter\u00e4saateli och St\u00e5ltegel \u00e4r tidl\u00f6sa favoriter bland finl\u00e4ndska byggare. Du kan bara lyckas med dessa takluckor.<\/p>\n\t\t<\/div>\n\t\t\t\t\n<style>\n#col-2005569480 > .col-inner {\n  padding: 35px 0px 0px 0px;\n}\n<\/style>\n\t<\/div>\n\n\t\n\n<style>\n#row-887299689 > .col > .col-inner {\n  padding: 0px 0px 0px 0px;\n}\n@media (min-width:850px) {\n  #row-887299689 > .col > .col-inner {\n    padding: 0px 0px 0px 0px;\n  }\n}\n<\/style>\n<\/div>\n\t\t<\/div>\n\n\t\t\n<style>\n#section_553373871 {\n  padding-top: 60px;\n  padding-bottom: 60px;\n}\n@media (min-width:850px) {\n  #section_553373871 {\n    padding-top: 60px;\n    padding-bottom: 60px;\n  }\n}\n<\/style>\n\t<\/section>\n\t\n\n\t<section class=\"section dark has-parallax\" id=\"section_620493316\">\n\t\t<div class=\"section-bg fill\" data-parallax-container=\".section\" data-parallax-background data-parallax=\"-10\">\n\t\t\t<img loading=\"lazy\" decoding=\"async\" width=\"2048\" height=\"1244\" src=\"https:\/\/www.weckmansteel.fi\/wp-content\/uploads\/2017\/02\/Ter\u00e4saalto-RR33.jpg\" class=\"bg attachment-original size-original\" alt=\"\" \/>\t\t\t\t\t\t<div class=\"section-bg-overlay absolute fill\"><\/div>\n\t\t\t\n\n\t\t<\/div>\n\n\t\t\n\n\t\t<div class=\"section-content relative\">\n\t\t\t\n<div class=\"row align-center\"  id=\"row-130454263\">\n\n\t<div id=\"col-1386735812\" class=\"col medium-4 small-12 large-4\"  >\n\t\t\t\t<div class=\"col-inner\"  >\n\t\t\t\n\t\t\t\n\t<div class=\"box has-hover flatsome-box  has-hover box-text-bottom\" >\n\n\t\t<div class=\"box-image\" >\n\t\t\t\t\t\t<div class=\"image-cover\" style=\"padding-top:75%;\">\n\t\t\t\t<img loading=\"lazy\" decoding=\"async\" width=\"768\" height=\"467\" src=\"https:\/\/www.weckmansteel.fi\/wp-content\/uploads\/2017\/02\/Ter\u00e4saalto-RR33-768x467.jpg\" class=\"attachment-medium_large size-medium_large\" alt=\"\" srcset=\"https:\/\/www.weckmansteel.fi\/wp-content\/uploads\/2017\/02\/Ter\u00e4saalto-RR33-768x467.jpg 768w, https:\/\/www.weckmansteel.fi\/wp-content\/uploads\/2017\/02\/Ter\u00e4saalto-RR33-900x547.jpg 900w, https:\/\/www.weckmansteel.fi\/wp-content\/uploads\/2017\/02\/Ter\u00e4saalto-RR33-300x182.jpg 300w, https:\/\/www.weckmansteel.fi\/wp-content\/uploads\/2017\/02\/Ter\u00e4saalto-RR33-1024x622.jpg 1024w, https:\/\/www.weckmansteel.fi\/wp-content\/uploads\/2017\/02\/Ter\u00e4saalto-RR33.jpg 2048w\" sizes=\"auto, (max-width: 768px) 100vw, 768px\" \/>\t\t\t\t\t\t\t\t\t\t\t<\/div>\n\t\t\t\t\t<\/div>\n\n\t\t<div class=\"box-text text-center\" >\n\t\t\t<div class=\"box-text-inner\">\n\t\t\t\t\n<h3>Weckman Ter\u00e4saalto<\/h3>\n<p>V\u00e5r mest popul\u00e4ra takpl\u00e5t med tegelprofil, Weckman Ter\u00e4saalto, \u00e4r perfekt f\u00f6r den finl\u00e4ndska stilen. Dess l\u00e5ga form ger taket ett lugnt och vackert utseende. <\/p>\n<a href=\"\/sv\/tegelprofiltak\/weckman-terasaalto\/\" class=\"button secondary\" >\n\t\t<span>Ter\u00e4saalto<\/span>\n\t<\/a>\n\n\t<div id=\"gap-638703430\" class=\"gap-element clearfix\" style=\"display:block; height:auto;\">\n\t\t\n<style>\n#gap-638703430 {\n  padding-top: 50px;\n}\n<\/style>\n\t<\/div>\n\t\n\t\t\t<\/div>\n\t\t<\/div>\n\t<\/div>\n\t\n\t\t<\/div>\n\t\t\t\t\n<style>\n#col-1386735812 > .col-inner {\n  padding: 0px 0px 0px 0px;\n}\n<\/style>\n\t<\/div>\n\n\t\n\n\t<div id=\"col-675639903\" class=\"col medium-4 small-12 large-4\"  >\n\t\t\t\t<div class=\"col-inner\"  >\n\t\t\t\n\t\t\t\n\t<div class=\"box has-hover flatsome-box  has-hover box-text-bottom\" >\n\n\t\t<div class=\"box-image\" >\n\t\t\t\t\t\t<div class=\"image-cover\" style=\"padding-top:75%;\">\n\t\t\t\t<img loading=\"lazy\" decoding=\"async\" width=\"1020\" height=\"765\" src=\"https:\/\/www.weckmansteel.fi\/wp-content\/uploads\/2017\/03\/terastiili-5-jalkeen-1024x768.jpg\" class=\"attachment-large size-large\" alt=\"J\u00c4LKEEN\" srcset=\"https:\/\/www.weckmansteel.fi\/wp-content\/uploads\/2017\/03\/terastiili-5-jalkeen-1024x768.jpg 1024w, https:\/\/www.weckmansteel.fi\/wp-content\/uploads\/2017\/03\/terastiili-5-jalkeen-900x675.jpg 900w, https:\/\/www.weckmansteel.fi\/wp-content\/uploads\/2017\/03\/terastiili-5-jalkeen-300x225.jpg 300w, https:\/\/www.weckmansteel.fi\/wp-content\/uploads\/2017\/03\/terastiili-5-jalkeen-768x576.jpg 768w, https:\/\/www.weckmansteel.fi\/wp-content\/uploads\/2017\/03\/terastiili-5-jalkeen.jpg 2048w\" sizes=\"auto, (max-width: 1020px) 100vw, 1020px\" \/>\t\t\t\t\t\t\t\t\t\t\t<\/div>\n\t\t\t\t\t<\/div>\n\n\t\t<div class=\"box-text text-center\" >\n\t\t\t<div class=\"box-text-inner\">\n\t\t\t\t\n<h3>Weckman St\u00e5ltegel<\/h3>\n<p>Weckman Ter\u00e4stiili har varit byggarnas favorit i n\u00e4stan 40 \u00e5rs tid. Ter\u00e4stiils profil ger ditt tak ett lugnt men \u00e4nd\u00e5 imponerande utseende.<\/p>\n<a href=\"\/sv\/tegelprofiltak\/weckman-staltegel\/\" class=\"button secondary\" >\n\t\t<span>Ter\u00e4stiili<\/span>\n\t<\/a>\n\n\t\t\t<\/div>\n\t\t<\/div>\n\t<\/div>\n\t\n\t\t<\/div>\n\t\t\t\t\n<style>\n#col-675639903 > .col-inner {\n  padding: 0px 0px 0px 0px;\n}\n<\/style>\n\t<\/div>\n\n\t\n\n\t<div id=\"col-1625519944\" class=\"col medium-4 small-12 large-4\"  >\n\t\t\t\t<div class=\"col-inner\"  >\n\t\t\t\n\t\t\t\n\t<div class=\"box has-hover flatsome-box  has-hover box-text-bottom\" >\n\n\t\t<div class=\"box-image\" >\n\t\t\t\t\t\t<div class=\"image-cover\" style=\"padding-top:75%;\">\n\t\t\t\t<img loading=\"lazy\" decoding=\"async\" width=\"768\" height=\"624\" src=\"https:\/\/www.weckmansteel.fi\/wp-content\/uploads\/2017\/02\/Ter\u00e4saateli-e1671003389710-768x624.jpg\" class=\"attachment-medium_large size-medium_large\" alt=\"\" srcset=\"https:\/\/www.weckmansteel.fi\/wp-content\/uploads\/2017\/02\/Ter\u00e4saateli-e1671003389710-768x624.jpg 768w, https:\/\/www.weckmansteel.fi\/wp-content\/uploads\/2017\/02\/Ter\u00e4saateli-e1671003389710-900x732.jpg 900w, https:\/\/www.weckmansteel.fi\/wp-content\/uploads\/2017\/02\/Ter\u00e4saateli-e1671003389710-300x244.jpg 300w, https:\/\/www.weckmansteel.fi\/wp-content\/uploads\/2017\/02\/Ter\u00e4saateli-e1671003389710.jpg 1016w\" sizes=\"auto, (max-width: 768px) 100vw, 768px\" \/>\t\t\t\t\t\t\t\t\t\t\t<\/div>\n\t\t\t\t\t<\/div>\n\n\t\t<div class=\"box-text text-center\" >\n\t\t\t<div class=\"box-text-inner\">\n\t\t\t\t\n<h3>Weckman Ter\u00e4saateli<\/h3>\n<p>Weckman Ter\u00e4saateli \u00e4r ett imponerande val s\u00e4rskilt f\u00f6r stora tak. Dess h\u00f6ga v\u00e5gprofil p\u00e5minner om ett traditionellt tegeltak och ger ett lyxigt intryck. Ter\u00e4saatelis konstruktionsl\u00f6sningar g\u00f6r det \u00e4ven till ett l\u00e4ttmonterat takalternativ.<\/p>\n<a href=\"\/sv\/tegelprofiltak\/weckman-terasaateli\/\" class=\"button secondary\" >\n\t\t<span>Ter\u00e4saateli<\/span>\n\t<\/a>\n\n\t\t\t<\/div>\n\t\t<\/div>\n\t<\/div>\n\t\n\t\t<\/div>\n\t\t\t\t\n<style>\n#col-1625519944 > .col-inner {\n  padding: 0px 0px 0px 0px;\n}\n<\/style>\n\t<\/div>\n\n\t\n\n<style>\n#row-130454263 > .col > .col-inner {\n  padding: 0px 10px 0px 10px;\n}\n<\/style>\n<\/div>\n\t\t<\/div>\n\n\t\t\n<style>\n#section_620493316 {\n  padding-top: 60px;\n  padding-bottom: 60px;\n}\n#section_620493316 .section-bg-overlay {\n  background-color: rgba(16, 69, 146, 0.628);\n}\n#section_620493316 .section-bg img {\n  object-position: 53% 0%;\n}\n<\/style>\n\t<\/section>\n\t\n\n\t<section class=\"section\" id=\"section_1906931362\">\n\t\t<div class=\"section-bg fill\" >\n\t\t\t\t\t\t\t\t\t\n\t\t\t\n\n\t\t<\/div>\n\n\t\t\n\n\t\t<div class=\"section-content relative\">\n\t\t\t\n<div class=\"row align-center\"  id=\"row-164654932\">\n\n\t<div id=\"col-801594821\" class=\"col small-12 large-12\"  >\n\t\t\t\t<div class=\"col-inner\"  >\n\t\t\t\n\t\t\t\n<h2>Weckmans f\u00f6retagsber\u00e4ttelse<\/h2>\n<p>Weckmans historia b\u00f6rjar i mitten av 1700-talet, n\u00e4r smeder tillverkade de f\u00f6rsta Weckman-produkterna. Arbetet fortsatte i \u00e5rhundrade efter \u00e5rhundrade.<\/p>\n\t\t<\/div>\n\t\t\t\t\t<\/div>\n\n\t\n\n\t<div id=\"col-680191324\" class=\"col medium-4 small-12 large-4\"  >\n\t\t\t\t<div class=\"col-inner\"  >\n\t\t\t\n\t\t\t\n<a data-animate=\"flipInX\" href=\"\/sv\/varfor-weckman\/historia\/\" target=\"_blank\" class=\"button secondary\" rel=\"noopener\" >\n\t\t<span>L\u00e4s mer<\/span>\n\t<\/a>\n\n\t\t<\/div>\n\t\t\t\t\t<\/div>\n\n\t\n<\/div>\n\t\t<\/div>\n\n\t\t\n<style>\n#section_1906931362 {\n  padding-top: 60px;\n  padding-bottom: 60px;\n}\n<\/style>\n\t<\/section>\n\t\n\n\t<section class=\"section has-parallax\" id=\"section_160044577\">\n\t\t<div class=\"section-bg fill\" data-parallax-container=\".section\" data-parallax-background data-parallax=\"-2\">\n\t\t\t<img loading=\"lazy\" decoding=\"async\" width=\"1200\" height=\"457\" src=\"https:\/\/www.weckmansteel.fi\/wp-content\/uploads\/2022\/02\/Weckman_ekologisuus.jpg\" class=\"bg attachment-original size-original\" alt=\"\" \/>\t\t\t\t\t\t<div class=\"section-bg-overlay absolute fill\"><\/div>\n\t\t\t\n\n\t\t<\/div>\n\n\t\t\n\n\t\t<div class=\"section-content relative\">\n\t\t\t\n<div class=\"row align-center\"  id=\"row-1828696335\">\n\n\t<div id=\"col-1974931897\" class=\"col medium-4 small-12 large-4\"  >\n\t\t\t\t<div class=\"col-inner\"  >\n\t\t\t\n\t\t\t\n\t<div class=\"img has-hover x md-x lg-x y md-y lg-y\" id=\"image_1467243353\">\n\t\t\t\t\t\t\t\t<div class=\"img-inner dark\" >\n\t\t\t\t\t\t\t\t\t\n\t\t\t\t\t<\/div>\n\t\t\t\t\t\t\t\t\n<style>\n#image_1467243353 {\n  width: 100%;\n}\n<\/style>\n\t<\/div>\n\t\n\t\t<\/div>\n\t\t\t\t\n<style>\n#col-1974931897 > .col-inner {\n  padding: 36px 0px 0px 0px;\n}\n<\/style>\n\t<\/div>\n\n\t\n\n\t<div id=\"col-222728116\" class=\"col small-12 large-12\"  >\n\t\t\t\t<div class=\"col-inner text-center dark\"  >\n\t\t\t\n\t\t\t\n\t<div class=\"img has-hover x md-x lg-x y md-y lg-y\" id=\"image_186971498\">\n\t\t\t\t\t\t\t\t<div class=\"img-inner dark\" >\n\t\t\t<img loading=\"lazy\" decoding=\"async\" width=\"1020\" height=\"190\" src=\"https:\/\/www.weckmansteel.fi\/wp-content\/uploads\/2022\/02\/Luonnollisesti_Weckman_nega_rgb-1024x191.png\" class=\"attachment-large size-large\" alt=\"\" srcset=\"https:\/\/www.weckmansteel.fi\/wp-content\/uploads\/2022\/02\/Luonnollisesti_Weckman_nega_rgb-1024x191.png 1024w, https:\/\/www.weckmansteel.fi\/wp-content\/uploads\/2022\/02\/Luonnollisesti_Weckman_nega_rgb-scaled-900x168.png 900w, https:\/\/www.weckmansteel.fi\/wp-content\/uploads\/2022\/02\/Luonnollisesti_Weckman_nega_rgb-300x56.png 300w, https:\/\/www.weckmansteel.fi\/wp-content\/uploads\/2022\/02\/Luonnollisesti_Weckman_nega_rgb-768x143.png 768w, https:\/\/www.weckmansteel.fi\/wp-content\/uploads\/2022\/02\/Luonnollisesti_Weckman_nega_rgb-1536x286.png 1536w, https:\/\/www.weckmansteel.fi\/wp-content\/uploads\/2022\/02\/Luonnollisesti_Weckman_nega_rgb-2048x381.png 2048w\" sizes=\"auto, (max-width: 1020px) 100vw, 1020px\" \/>\t\t\t\t\t\t\n\t\t\t\t\t<\/div>\n\t\t\t\t\t\t\t\t\n<style>\n#image_186971498 {\n  width: 35%;\n}\n<\/style>\n\t<\/div>\n\t\n\t<div id=\"gap-444713957\" class=\"gap-element clearfix\" style=\"display:block; height:auto;\">\n\t\t\n<style>\n#gap-444713957 {\n  padding-top: 30px;\n}\n<\/style>\n\t<\/div>\n\t\n\t<div id=\"text-3920423075\" class=\"text\">\n\t\t\n<h2><strong>Weckman st\u00e5lhallar, pl\u00e5t och sl\u00e4p<br \/>\nett mindre koldioxidavtryck ger ekonomiska f\u00f6rdelar<br \/>\n<\/strong><\/h2>\n<p><strong>Produktionsinnovationer i Weckman st\u00e5lhallar kommer att minska hallarnas koldioxidavtryck fr\u00e5n produktion till drifts\u00e4ttning: m\u00e4ngden st\u00e5l i produktionen kommer att minska med upp till 25 %, vilket ocks\u00e5 minskar milj\u00f6p\u00e5verkan fr\u00e5n att transportera och bygga hallarna. CO2-utsl\u00e4ppen kommer att minska med cirka en miljon kilo per \u00e5r p\u00e5 grund av minskad anv\u00e4ndning enbart av st\u00e5l.<\/strong><br \/>\n\t\t\n<style>\n#text-3920423075 {\n  color: rgb(255,255,255);\n}\n#text-3920423075 > * {\n  color: rgb(255,255,255);\n}\n<\/style>\n\t<\/div>\n\t\n<a href=\"https:\/\/www.weckmansteel.fi\/ajankohtaista\/weckman-terashallien-pienempi-hiilijalanjalki-tuo-taloudellista-hyotya\/\" class=\"button white is-outline\" >\n\t\t<span>ELOLOGISKA H\u00c5LLBARHET AV ST\u00c5LHALLAR<\/span>\n\t<\/a>\n\n<a href=\"https:\/\/www.weckmansteel.fi\/ajankohtaista\/weckman-ohutlevyt-pienentamassa-rakennuttamisen-hiilijalanjalkea\/\" class=\"button white is-outline\" >\n\t\t<span>ELOLOGISKA H\u00c5LLBARHET AV PL\u00c5TTAR<\/span>\n\t<\/a>\n\n<a href=\"https:\/\/www.weckmansteel.fi\/ajankohtaista\/uusi-weckman-peravaunumallisto-ekologisempi-valmistaa-ja-kayttaa\/\" class=\"button white is-outline\" >\n\t\t<span>ELOLOGISKA H\u00c5LLBARHET AV SL\u00c4PVAGNAR<\/span>\n\t<\/a>\n\n\t\t<\/div>\n\t\t\t\t\t<\/div>\n\n\t\n\n<style>\n#row-1828696335 > .col > .col-inner {\n  padding: 0px 0px 0px 0px;\n}\n<\/style>\n<\/div>\n\t\t<\/div>\n\n\t\t\n<style>\n#section_160044577 {\n  padding-top: 30px;\n  padding-bottom: 30px;\n}\n#section_160044577 .section-bg-overlay {\n  background-color: rgba(50, 205, 51, 0.808);\n}\n<\/style>\n\t<\/section>\n\t\n\n\t<section class=\"section dark has-parallax\" id=\"section_1225497129\">\n\t\t<div class=\"section-bg fill\" data-parallax-container=\".section\" data-parallax-background data-parallax=\"-10\">\n\t\t\t<img loading=\"lazy\" decoding=\"async\" width=\"1200\" height=\"675\" src=\"https:\/\/www.weckmansteel.fi\/wp-content\/uploads\/2021\/03\/weckman_erikoishallit_paakuva.jpg\" class=\"bg attachment-original size-original\" alt=\"Weckman ter\u00e4shallien suunnittelu erikoishallit\" \/>\t\t\t\t\t\t<div class=\"section-bg-overlay absolute fill\"><\/div>\n\t\t\t\n\n\t\t<\/div>\n\n\t\t\n\n\t\t<div class=\"section-content relative\">\n\t\t\t\n<div class=\"row row-collapse align-center\"  id=\"row-1327264328\">\n\n\t<div id=\"col-1842340838\" class=\"col small-12 large-12\"  >\n\t\t\t\t<div class=\"col-inner\"  >\n\t\t\t\n\t\t\t\n<h2>H\u00f6g och garanterad kvalitet<\/h2>\n\t\t<\/div>\n\t\t\t\t\t<\/div>\n\n\t\n\n\t<div id=\"col-675808432\" class=\"col medium-4 small-12 large-4\"  data-animate=\"flipInY\">\n\t\t\t\t<div class=\"col-inner text-center\"  >\n\t\t\t\n\t\t\t\n\n\t\t<div class=\"icon-box featured-box icon-box-center text-center\"  >\n\t\t\t\t\t<div class=\"icon-box-img\" style=\"width: 172px\">\n\t\t\t\t<div class=\"icon\">\n\t\t\t\t\t<div class=\"icon-inner\" >\n\t\t\t\t\t\t<img loading=\"lazy\" decoding=\"async\" width=\"248\" height=\"248\" src=\"https:\/\/www.weckmansteel.fi\/wp-content\/uploads\/2017\/04\/weckman-teraskatto-kestaa.png\" class=\"attachment-medium size-medium\" alt=\"\" srcset=\"https:\/\/www.weckmansteel.fi\/wp-content\/uploads\/2017\/04\/weckman-teraskatto-kestaa.png 248w, https:\/\/www.weckmansteel.fi\/wp-content\/uploads\/2017\/04\/weckman-teraskatto-kestaa-100x100.png 100w, https:\/\/www.weckmansteel.fi\/wp-content\/uploads\/2017\/04\/weckman-teraskatto-kestaa-150x150.png 150w\" sizes=\"auto, (max-width: 248px) 100vw, 248px\" \/>\t\t\t\t\t<\/div>\n\t\t\t\t<\/div>\n\t\t\t<\/div>\n\t\t\t\t<div class=\"icon-box-text last-reset\">\n\t\t\t\t\t\t\t\t\t\n<h3 style=\"text-align: center;\">Weckman kvalitet f\u00f6r nordliga f\u00f6rh\u00e5llanden och krav<\/h3>\n\t\t<\/div>\n\t<\/div>\n\t\n\t\n\t\t<\/div>\n\t\t\t\t\n<style>\n#col-675808432 > .col-inner {\n  padding: 0px 0px 20px 0px;\n}\n<\/style>\n\t<\/div>\n\n\t\n\n\t<div id=\"col-154796509\" class=\"col medium-4 small-12 large-4\"  data-animate=\"flipInY\">\n\t\t\t\t<div class=\"col-inner text-center\"  >\n\t\t\t\n\t\t\t\n\n\t\t<div class=\"icon-box featured-box icon-box-center text-center\"  >\n\t\t\t\t\t<div class=\"icon-box-img\" style=\"width: 172px\">\n\t\t\t\t<div class=\"icon\">\n\t\t\t\t\t<div class=\"icon-inner\" >\n\t\t\t\t\t\t<img loading=\"lazy\" decoding=\"async\" width=\"248\" height=\"248\" src=\"https:\/\/www.weckmansteel.fi\/wp-content\/uploads\/2017\/04\/weckman-markkinoiden-laajin-valikoima.png\" class=\"attachment-medium size-medium\" alt=\"\" srcset=\"https:\/\/www.weckmansteel.fi\/wp-content\/uploads\/2017\/04\/weckman-markkinoiden-laajin-valikoima.png 248w, https:\/\/www.weckmansteel.fi\/wp-content\/uploads\/2017\/04\/weckman-markkinoiden-laajin-valikoima-100x100.png 100w, https:\/\/www.weckmansteel.fi\/wp-content\/uploads\/2017\/04\/weckman-markkinoiden-laajin-valikoima-150x150.png 150w\" sizes=\"auto, (max-width: 248px) 100vw, 248px\" \/>\t\t\t\t\t<\/div>\n\t\t\t\t<\/div>\n\t\t\t<\/div>\n\t\t\t\t<div class=\"icon-box-text last-reset\">\n\t\t\t\t\t\t\t\t\t\n<h3 style=\"text-align: center;\">Weckman kan st\u00e5l<\/h3>\n\t\t<\/div>\n\t<\/div>\n\t\n\t\n\t\t<\/div>\n\t\t\t\t\n<style>\n#col-154796509 > .col-inner {\n  padding: 0px 0px 20px 0px;\n}\n<\/style>\n\t<\/div>\n\n\t\n\n\t<div id=\"col-1996295165\" class=\"col medium-4 small-12 large-4\"  data-animate=\"flipInY\">\n\t\t\t\t<div class=\"col-inner text-center\"  >\n\t\t\t\n\t\t\t\n\n\t\t<div class=\"icon-box featured-box icon-box-center text-center\"  >\n\t\t\t\t\t<div class=\"icon-box-img\" style=\"width: 172px\">\n\t\t\t\t<div class=\"icon\">\n\t\t\t\t\t<div class=\"icon-inner\" >\n\t\t\t\t\t\t<img loading=\"lazy\" decoding=\"async\" width=\"248\" height=\"248\" src=\"https:\/\/www.weckmansteel.fi\/wp-content\/uploads\/2019\/12\/weckman-60v.png\" class=\"attachment-medium size-medium\" alt=\"\" srcset=\"https:\/\/www.weckmansteel.fi\/wp-content\/uploads\/2019\/12\/weckman-60v.png 248w, https:\/\/www.weckmansteel.fi\/wp-content\/uploads\/2019\/12\/weckman-60v-100x100.png 100w, https:\/\/www.weckmansteel.fi\/wp-content\/uploads\/2019\/12\/weckman-60v-150x150.png 150w\" sizes=\"auto, (max-width: 248px) 100vw, 248px\" \/>\t\t\t\t\t<\/div>\n\t\t\t\t<\/div>\n\t\t\t<\/div>\n\t\t\t\t<div class=\"icon-box-text last-reset\">\n\t\t\t\t\t\t\t\t\t\n<h3 style=\"text-align: center;\">Mer \u00e4n 60 \u00e5rs st\u00e5lexpertis<\/h3>\n\t\t<\/div>\n\t<\/div>\n\t\n\t\n\t\t<\/div>\n\t\t\t\t\t<\/div>\n\n\t\n\n\t<div id=\"col-2047910837\" class=\"col medium-4 small-12 large-4\"  >\n\t\t\t\t<div class=\"col-inner\"  >\n\t\t\t\n\t\t\t\n\t<div id=\"gap-1965882168\" class=\"gap-element clearfix\" style=\"display:block; height:auto;\">\n\t\t\n<style>\n#gap-1965882168 {\n  padding-top: 65px;\n}\n<\/style>\n\t<\/div>\n\t\n<a data-animate=\"flipInX\" href=\"https:\/\/www.weckmansteel.fi\/miksi-weckman\/weckman-steel\/\" target=\"_blank\" class=\"button secondary\" rel=\"noopener\" >\n\t\t<span>Lue lis\u00e4\u00e4<\/span>\n\t<\/a>\n\n\t\t<\/div>\n\t\t\t\t\t<\/div>\n\n\t\n<\/div>\n\t\t<\/div>\n\n\t\t\n<style>\n#section_1225497129 {\n  padding-top: 30px;\n  padding-bottom: 30px;\n  background-color: #104592;\n}\n#section_1225497129 .section-bg-overlay {\n  background-color: rgba(16, 69, 146, 0.628);\n}\n#section_1225497129 .section-bg img {\n  object-position: 48% 53%;\n}\n<\/style>\n\t<\/section>\n\t\n","protected":false},"excerpt":{"rendered":"","protected":false},"author":17,"featured_media":0,"parent":0,"menu_order":244,"comment_status":"closed","ping_status":"closed","template":"page-blank.php","meta":{"footnotes":""},"class_list":["post-22663","page","type-page","status-publish","hentry"],"_links":{"self":[{"href":"https:\/\/www.weckmansteel.fi\/sv\/wp-json\/wp\/v2\/pages\/22663","targetHints":{"allow":["GET"]}}],"collection":[{"href":"https:\/\/www.weckmansteel.fi\/sv\/wp-json\/wp\/v2\/pages"}],"about":[{"href":"https:\/\/www.weckmansteel.fi\/sv\/wp-json\/wp\/v2\/types\/page"}],"author":[{"embeddable":true,"href":"https:\/\/www.weckmansteel.fi\/sv\/wp-json\/wp\/v2\/users\/17"}],"replies":[{"embeddable":true,"href":"https:\/\/www.weckmansteel.fi\/sv\/wp-json\/wp\/v2\/comments?post=22663"}],"version-history":[{"count":1,"href":"https:\/\/www.weckmansteel.fi\/sv\/wp-json\/wp\/v2\/pages\/22663\/revisions"}],"predecessor-version":[{"id":35397,"href":"https:\/\/www.weckmansteel.fi\/sv\/wp-json\/wp\/v2\/pages\/22663\/revisions\/35397"}],"wp:attachment":[{"href":"https:\/\/www.weckmansteel.fi\/sv\/wp-json\/wp\/v2\/media?parent=22663"}],"curies":[{"name":"wp","href":"https:\/\/api.w.org\/{rel}","templated":true}]}}