{"id":24262,"date":"2022-09-21T15:11:20","date_gmt":"2022-09-21T12:11:20","guid":{"rendered":"https:\/\/www.weckmansteel.fi\/?page_id=24262"},"modified":"2022-10-25T09:56:55","modified_gmt":"2022-10-25T06:56:55","slug":"fabriker","status":"publish","type":"page","link":"https:\/\/www.weckmansteel.fi\/sv\/varfor-weckman\/fabriker\/","title":{"rendered":"Fabriker"},"content":{"rendered":"\n  <div class=\"banner has-hover\" id=\"banner-38159874\">\n          <div class=\"banner-inner fill\">\n        <div class=\"banner-bg fill\" >\n            <img loading=\"lazy\" decoding=\"async\" width=\"1280\" height=\"414\" src=\"https:\/\/www.weckmansteel.fi\/wp-content\/uploads\/2017\/04\/tehtaat_iso.jpg\" class=\"bg attachment-original size-original\" alt=\"\" \/>                        <div class=\"overlay\"><\/div>            \n                    <\/div>\n\t\t\n        <div class=\"banner-layers container\">\n            <div class=\"fill banner-link\"><\/div>            \n   <div id=\"text-box-932458788\" class=\"text-box banner-layer x50 md-x50 lg-x50 y50 md-y50 lg-y50 res-text\">\n                                <div class=\"text-box-content text dark\">\n              \n              <div class=\"text-inner text-center\">\n                  \n<p class=\"uppercase\" style=\"text-align: center;\"><span style=\"font-size: 170%;\"><strong>Weckman Fabriker<\/strong><\/span><\/p>\n              <\/div>\n           <\/div>\n                            \n<style>\n#text-box-932458788 {\n  width: 95%;\n}\n#text-box-932458788 .text-box-content {\n  font-size: 100%;\n}\n@media (min-width:550px) {\n  #text-box-932458788 {\n    width: 70%;\n  }\n}\n<\/style>\n    <\/div>\n \n        <\/div>\n      <\/div>\n\n            \n<style>\n#banner-38159874 {\n  padding-top: 80%;\n}\n#banner-38159874 .overlay {\n  background-color: rgba(16, 69, 146, 0.75);\n}\n@media (min-width:550px) {\n  #banner-38159874 {\n    padding-top: 40%;\n  }\n}\n@media (min-width:850px) {\n  #banner-38159874 {\n    padding-top: 500px;\n  }\n}\n<\/style>\n  <\/div>\n\n\n\n\t<section class=\"section\" id=\"section_1821971348\">\n\t\t<div class=\"section-bg fill\" >\n\t\t\t\t\t\t\t\t\t\n\t\t\t\n\n\t\t<\/div>\n\n\t\t\n\n\t\t<div class=\"section-content relative\">\n\t\t\t\n<div class=\"row\"  id=\"row-933169908\">\n\n\t<div id=\"col-2142315706\" class=\"col small-12 large-12\"  >\n\t\t\t\t<div class=\"col-inner\"  >\n\t\t\t\n\t\t\t\n<h2  class=\"uppercase\">Weckman Steels fabriker<\/h2>\n\t\t<\/div>\n\t\t\t\t\t<\/div>\n\n\t\n\n\t<div id=\"col-1536672106\" class=\"col medium-6 small-12 large-6\"  >\n\t\t\t\t<div class=\"col-inner\"  >\n\t\t\t\n\t\t\t\n<h3>Weckman Seel Oy, Vierum\u00e4ki<\/h3>\n<p><strong>Fabrikens \u00f6ppettider<\/strong><br \/>Avh\u00e4mtning av pl\u00e5tar, hallar och sl\u00e4pvagnar, varumottagning, transportf\u00f6retagens avh\u00e4mtningar samt f\u00f6rs\u00e4ljning av II-kvalitet:<br \/>m\u00e5-to fr klo 7.30 \u2013 15.30.<\/p>\n<p><strong>Adress<\/strong><br \/>H\u00e4rk\u00e4l\u00e4ntie 72, 19110 Vierum\u00e4ki<br \/>Tfn. +358 888 70<\/p>\n<p><strong>\u00c4gbeskrivning<\/strong><br \/>Obs. Vid ankomst fr\u00e5n v\u00e4gen 140 \u00e4r broh\u00f6jden under trafikskylten 4,0 m.<br \/>Alternativ rutt f\u00f6r tung trafik via Uraj\u00e4rventie (v\u00e4nder fr\u00e5n v\u00e4gen 313).<\/p>\n<p><a class=\"button primary is-outline\" href=\"https:\/\/www.google.fi\/maps\/place\/H%C3%A4rk%C3%A4l%C3%A4ntie+72,+19110+Vierum%C3%A4ki\/@61.107632,25.908766,14z\/data=!4m5!3m4!1s0x46902abd00c671f1:0xf28bc04283d0bc62!8m2!3d61.1079784!4d25.9117484?hl=fi\" target=\"_blank\" rel=\"noopener\">V\u00e4gbeskrivning<\/a><a class=\"button is-outline primary\" href=\"https:\/\/www.weckmansteel.fi\/wp-content\/uploads\/2018\/09\/Pihakartta.jpg\" target=\"_blank\" rel=\"noopener\">Karta \u00f6ver fabriksomr\u00e5det<\/a><\/p>\n\t\t<\/div>\n\t\t\t\t\t<\/div>\n\n\t\n\n\t<div id=\"col-2049870789\" class=\"col medium-6 small-12 large-6\"  >\n\t\t\t\t<div class=\"col-inner\"  >\n\t\t\t\n\t\t\t\n<h3>Weckman Seel Oy, Idensalmi<\/h3>\n<p><strong>Fabrikens \u00f6ppettider<\/strong><br \/>Avh\u00e4mtning av pl\u00e5tar, varumottagning och transportf\u00f6retagens avh\u00e4mtningar m\u00e5-fr 7.30 \u2013 15.30.<\/p>\n<p><strong>Adress<\/strong><br \/>Muovikatu 12, 74120 Iidensalmi<br \/>Tfn. +358 888 70<\/p>\n<p><a class=\"button is-outline primary\" href=\"https:\/\/maps.google.fi\/maps?q=muovikatu+12+iisalmi&amp;hl=fi&amp;sll=61.24857,26.157479&amp;sspn=0.526473,1.229095&amp;t=h&amp;hnear=Muovikatu+12,+Iisalmi&amp;z=16\" target=\"_blank\" rel=\"noopener\">V\u00e4gbeskrivning<\/a><\/p>\n\t\t<\/div>\n\t\t\t\t\t<\/div>\n\n\t\n<\/div>\n\t\t<\/div>\n\n\t\t\n<style>\n#section_1821971348 {\n  padding-top: 60px;\n  padding-bottom: 60px;\n}\n<\/style>\n\t<\/section>\n\t\n","protected":false},"excerpt":{"rendered":"","protected":false},"author":16,"featured_media":0,"parent":25379,"menu_order":291,"comment_status":"closed","ping_status":"closed","template":"page-blank.php","meta":{"footnotes":""},"class_list":["post-24262","page","type-page","status-publish","hentry"],"_links":{"self":[{"href":"https:\/\/www.weckmansteel.fi\/sv\/wp-json\/wp\/v2\/pages\/24262","targetHints":{"allow":["GET"]}}],"collection":[{"href":"https:\/\/www.weckmansteel.fi\/sv\/wp-json\/wp\/v2\/pages"}],"about":[{"href":"https:\/\/www.weckmansteel.fi\/sv\/wp-json\/wp\/v2\/types\/page"}],"author":[{"embeddable":true,"href":"https:\/\/www.weckmansteel.fi\/sv\/wp-json\/wp\/v2\/users\/16"}],"replies":[{"embeddable":true,"href":"https:\/\/www.weckmansteel.fi\/sv\/wp-json\/wp\/v2\/comments?post=24262"}],"version-history":[{"count":0,"href":"https:\/\/www.weckmansteel.fi\/sv\/wp-json\/wp\/v2\/pages\/24262\/revisions"}],"up":[{"embeddable":true,"href":"https:\/\/www.weckmansteel.fi\/sv\/wp-json\/wp\/v2\/pages\/25379"}],"wp:attachment":[{"href":"https:\/\/www.weckmansteel.fi\/sv\/wp-json\/wp\/v2\/media?parent=24262"}],"curies":[{"name":"wp","href":"https:\/\/api.w.org\/{rel}","templated":true}]}}