{"id":24268,"date":"2022-09-22T08:42:05","date_gmt":"2022-09-22T05:42:05","guid":{"rendered":"https:\/\/www.weckmansteel.fi\/?page_id=24268"},"modified":"2024-05-03T11:46:58","modified_gmt":"2024-05-03T08:46:58","slug":"kvalitet-2","status":"publish","type":"page","link":"https:\/\/www.weckmansteel.fi\/sv\/varfor-weckman\/kvalitet-2\/","title":{"rendered":"Kvalitet"},"content":{"rendered":"\n  <div class=\"banner has-hover\" id=\"banner-1697698701\">\n          <div class=\"banner-inner fill\">\n        <div class=\"banner-bg fill\" >\n            <img loading=\"lazy\" decoding=\"async\" width=\"1684\" height=\"1123\" src=\"https:\/\/www.weckmansteel.fi\/wp-content\/uploads\/2022\/05\/Weckman-Kattokuvat-jatkettu-leikattu.jpg\" class=\"bg attachment-original size-original\" alt=\"Weckman kattoremontti peltikatolle ter\u00e4skatteelle\" \/>                        <div class=\"overlay\"><\/div>            \n                    <\/div>\n\t\t\n        <div class=\"banner-layers container\">\n            <div class=\"fill banner-link\"><\/div>            \n   <div id=\"text-box-985928479\" class=\"text-box banner-layer x50 md-x50 lg-x50 y50 md-y50 lg-y50 res-text\">\n                                <div class=\"text-box-content text dark\">\n              \n              <div class=\"text-inner text-center\">\n                  \n<h1 class=\"uppercase\">Weckman kvalitet<\/h1>\n              <\/div>\n           <\/div>\n                            \n<style>\n#text-box-985928479 {\n  width: 94%;\n}\n#text-box-985928479 .text-box-content {\n  font-size: 100%;\n}\n@media (min-width:550px) {\n  #text-box-985928479 {\n    width: 70%;\n  }\n}\n<\/style>\n    <\/div>\n \n        <\/div>\n      <\/div>\n\n            \n<style>\n#banner-1697698701 {\n  padding-top: 80%;\n}\n#banner-1697698701 .overlay {\n  background-color: rgba(0, 0, 0, 0.017);\n}\n#banner-1697698701 .banner-bg img {\n  object-position: 62% 15%;\n}\n@media (min-width:550px) {\n  #banner-1697698701 {\n    padding-top: 40%;\n  }\n}\n@media (min-width:850px) {\n  #banner-1697698701 {\n    padding-top: 500px;\n  }\n}\n<\/style>\n  <\/div>\n\n\n\n\t<section class=\"section\" id=\"section_883013640\">\n\t\t<div class=\"section-bg fill\" >\n\t\t\t\t\t\t\t\t\t\n\t\t\t\n\n\t\t<\/div>\n\n\t\t\n\n\t\t<div class=\"section-content relative\">\n\t\t\t\n<div class=\"row\"  id=\"row-1415964823\">\n\n\t<div id=\"col-674007247\" class=\"col small-12 large-12\"  >\n\t\t\t\t<div class=\"col-inner\"  >\n\t\t\t\n\t\t\t\n<h2>P\u00c5LITLIGA OCH S\u00c4KRA WECKMAN TAKPAKET<\/h2>\n<p>Weckman \u00e4r ett 100-procentigt finsk\u00e4gt familjef\u00f6retag och det st\u00f6rsta expertf\u00f6retaget i finsk \u00e4go som har specialiserat sig p\u00e5 takpl\u00e5tar och -produkter. Som f\u00f6retag tar Weckman ansvar f\u00f6r sin del f\u00f6r det finl\u00e4ndska samh\u00e4llet och dess skyldigheter.<\/p>\n<p>Weckmans h\u00f6gkvalitativa st\u00e5lpl\u00e5ttak har s\u00e4krat och skyddat hem i Finland och omkring v\u00e4rlden i \u00f6ver 60 \u00e5r. Man har alltid kunnat lita p\u00e5 Weckmans tak, nu och l\u00e5ng tid fram\u00f6ver.<br \/>Weckmans historia i st\u00e5lkompetens str\u00e4cker sig \u00e4nda till 1750-talet. Som f\u00f6reg\u00e5ngare i v\u00e5r bransch utf\u00f6r Weckman fortg\u00e5ende utvecklingsarbete f\u00f6r v\u00e5ra kunders b\u00e4sta. Fabrikens tekniska produktsupport hj\u00e4lper och ger handledning \u00e5t monteringsf\u00f6retag.<br \/>H\u00e4rmed garanteras kompetensen \u00e4nda fram till slutkunden.<br \/>Vi utvecklar v\u00e5ra produkter kontinuerligt, ser till att den \u00f6vergripande kvaliteten p\u00e5 v\u00e5ra produkter \u00e4ven i forts\u00e4ttningen alltid intar en framtr\u00e4dande plats vare sig det handlar om takets h\u00e5llbarhet, funktionalitet eller utseende.<\/p>\n<p>Weckmans expertkompanjoner inspekterar ditt taks v\u00e4lbefinnande \u00e4nda in till yttertakets underbyggnader. Weckman levererar till ditt tak allt du beh\u00f6ver f\u00f6r takl\u00e4ggning, inspektion av alla takkonstruktioner, reparationsarbeten, h\u00f6gkvalitativa st\u00e5lpl\u00e5ttak, monteringstillbeh\u00f6r, regnvattensystem och taks\u00e4kerhetsprodukter, alla monterade p\u00e5 plats.<\/p>\n\t\t<\/div>\n\t\t\t\t\t<\/div>\n\n\t\n<\/div>\n<div class=\"row\" style=\"max-width:900px\" id=\"row-1392580945\">\n\n\t<div id=\"col-954886575\" class=\"col medium-4 small-6 large-4\"  >\n\t\t\t\t<div class=\"col-inner text-center\"  >\n\t\t\t\n\t\t\t\n\t<div class=\"img has-hover x md-x lg-x y md-y lg-y\" id=\"image_1907246948\">\n\t\t\t\t\t\t\t\t<div class=\"img-inner dark\" >\n\t\t\t<img loading=\"lazy\" decoding=\"async\" width=\"248\" height=\"248\" src=\"https:\/\/www.weckmansteel.fi\/wp-content\/uploads\/2017\/04\/weckman-sataprosenttisesti-suomalainen.png\" class=\"attachment-large size-large\" alt=\"\" srcset=\"https:\/\/www.weckmansteel.fi\/wp-content\/uploads\/2017\/04\/weckman-sataprosenttisesti-suomalainen.png 248w, https:\/\/www.weckmansteel.fi\/wp-content\/uploads\/2017\/04\/weckman-sataprosenttisesti-suomalainen-100x100.png 100w, https:\/\/www.weckmansteel.fi\/wp-content\/uploads\/2017\/04\/weckman-sataprosenttisesti-suomalainen-150x150.png 150w\" sizes=\"auto, (max-width: 248px) 100vw, 248px\" \/>\t\t\t\t\t\t\n\t\t\t\t\t<\/div>\n\t\t\t\t\t\t\t\t\n<style>\n#image_1907246948 {\n  width: 95%;\n}\n@media (min-width:550px) {\n  #image_1907246948 {\n    width: 65%;\n  }\n}\n<\/style>\n\t<\/div>\n\t\n\t\t<\/div>\n\t\t\t\t\t<\/div>\n\n\t\n\n\t<div id=\"col-832378457\" class=\"col medium-4 small-6 large-4\"  >\n\t\t\t\t<div class=\"col-inner text-center\"  >\n\t\t\t\n\t\t\t\n\t<div class=\"img has-hover x md-x lg-x y md-y lg-y\" id=\"image_473734071\">\n\t\t\t\t\t\t\t\t<div class=\"img-inner dark\" >\n\t\t\t<img loading=\"lazy\" decoding=\"async\" width=\"248\" height=\"248\" src=\"https:\/\/www.weckmansteel.fi\/wp-content\/uploads\/2019\/12\/weckman-60v.png\" class=\"attachment-large size-large\" alt=\"\" srcset=\"https:\/\/www.weckmansteel.fi\/wp-content\/uploads\/2019\/12\/weckman-60v.png 248w, https:\/\/www.weckmansteel.fi\/wp-content\/uploads\/2019\/12\/weckman-60v-100x100.png 100w, https:\/\/www.weckmansteel.fi\/wp-content\/uploads\/2019\/12\/weckman-60v-150x150.png 150w\" sizes=\"auto, (max-width: 248px) 100vw, 248px\" \/>\t\t\t\t\t\t\n\t\t\t\t\t<\/div>\n\t\t\t\t\t\t\t\t\n<style>\n#image_473734071 {\n  width: 95%;\n}\n@media (min-width:550px) {\n  #image_473734071 {\n    width: 65%;\n  }\n}\n<\/style>\n\t<\/div>\n\t\n\t\t<\/div>\n\t\t\t\t\t<\/div>\n\n\t\n\n\t<div id=\"col-1798489629\" class=\"col medium-4 small-12 large-4\"  >\n\t\t\t\t<div class=\"col-inner text-center\"  >\n\t\t\t\n\t\t\t\n\t<div class=\"img has-hover x md-x lg-x y md-y lg-y\" id=\"image_1816248017\">\n\t\t\t\t\t\t\t\t<div class=\"img-inner dark\" >\n\t\t\t<img loading=\"lazy\" decoding=\"async\" width=\"248\" height=\"248\" src=\"https:\/\/www.weckmansteel.fi\/wp-content\/uploads\/2017\/04\/weckman-1750.png\" class=\"attachment-large size-large\" alt=\"\" srcset=\"https:\/\/www.weckmansteel.fi\/wp-content\/uploads\/2017\/04\/weckman-1750.png 248w, https:\/\/www.weckmansteel.fi\/wp-content\/uploads\/2017\/04\/weckman-1750-100x100.png 100w, https:\/\/www.weckmansteel.fi\/wp-content\/uploads\/2017\/04\/weckman-1750-150x150.png 150w\" sizes=\"auto, (max-width: 248px) 100vw, 248px\" \/>\t\t\t\t\t\t\n\t\t\t\t\t<\/div>\n\t\t\t\t\t\t\t\t\n<style>\n#image_1816248017 {\n  width: 46%;\n}\n@media (min-width:550px) {\n  #image_1816248017 {\n    width: 65%;\n  }\n}\n<\/style>\n\t<\/div>\n\t\n\t\t<\/div>\n\t\t\t\t\t<\/div>\n\n\t\n<\/div>\n\t\t<\/div>\n\n\t\t\n<style>\n#section_883013640 {\n  padding-top: 60px;\n  padding-bottom: 60px;\n}\n<\/style>\n\t<\/section>\n\t\n\n\t<section class=\"section\" id=\"section_1911362242\">\n\t\t<div class=\"section-bg fill\" >\n\t\t\t\t\t\t\t\t\t\n\t\t\t\n\n\t\t<\/div>\n\n\t\t\n\n\t\t<div class=\"section-content relative\">\n\t\t\t\n<div class=\"row\"  id=\"row-58374629\">\n\n\t<div id=\"col-1184381372\" class=\"col small-12 large-12\"  >\n\t\t\t\t<div class=\"col-inner text-center\"  >\n\t\t\t\n\t\t\t\n<h2>FINLANDS MEST ERFARNA ST\u00c5LKOMPETENS<\/h2>\n<p>Weckmans f\u00f6rsta smedsprodukter tillverkades f\u00f6r n\u00e4stan 300 \u00e5r sedan.<br \/>St\u00e5lf\u00f6r\u00e4dlingsf\u00e4rdigheter som \u00f6verf\u00f6rts fr\u00e5n en generation till n\u00e4sta \u00e4r numera synliga p\u00e5 tiotusentals tak och v\u00e4ggar. Produktutbudet av kvalificerade personer med breda kunskaper omfattar \u00e4ven b\u00e4rande ytter- och undertakskonstruktioner, skr\u00e4ddarsydda st\u00e5lhallar och v\u00e4lk\u00e4nda Weckman-traktorsl\u00e4pvagnar.<br \/>Tillverkningen av traktorsl\u00e4pvagnar p\u00e5b\u00f6rjades redan p\u00e5 1950-talet, tillverkningen av st\u00e5lpl\u00e5ttak p\u00e5 det f\u00f6ljande decenniet.<br \/>Tillverkningen av hallar med st\u00e5lstomme p\u00e5b\u00f6rjades i b\u00f6rjan av 1980-talet.<\/p>\n\t<div class=\"img has-hover x md-x lg-x y md-y lg-y\" id=\"image_761563818\">\n\t\t\t\t\t\t\t\t<div class=\"img-inner dark\" >\n\t\t\t<img loading=\"lazy\" decoding=\"async\" width=\"572\" height=\"250\" src=\"https:\/\/www.weckmansteel.fi\/wp-content\/uploads\/2017\/03\/weckman-karryt.png\" class=\"attachment-large size-large\" alt=\"\" srcset=\"https:\/\/www.weckmansteel.fi\/wp-content\/uploads\/2017\/03\/weckman-karryt.png 572w, https:\/\/www.weckmansteel.fi\/wp-content\/uploads\/2017\/03\/weckman-karryt-300x131.png 300w\" sizes=\"auto, (max-width: 572px) 100vw, 572px\" \/>\t\t\t\t\t\t\n\t\t\t\t\t<\/div>\n\t\t\t\t\t\t\t\t\n<style>\n#image_761563818 {\n  width: 100%;\n}\n@media (min-width:550px) {\n  #image_761563818 {\n    width: 64%;\n  }\n}\n@media (min-width:850px) {\n  #image_761563818 {\n    width: 50%;\n  }\n}\n<\/style>\n\t<\/div>\n\t\n\t\t<\/div>\n\t\t\t\t\t<\/div>\n\n\t\n<\/div>\n\t\t<\/div>\n\n\t\t\n<style>\n#section_1911362242 {\n  padding-top: 60px;\n  padding-bottom: 60px;\n  background-color: rgb(240, 240, 240);\n}\n<\/style>\n\t<\/section>\n\t\n\n\t<section class=\"section dark has-parallax\" id=\"section_908856120\">\n\t\t<div class=\"section-bg fill\" data-parallax-container=\".section\" data-parallax-background data-parallax=\"-3\">\n\t\t\t<img loading=\"lazy\" decoding=\"async\" width=\"2048\" height=\"373\" src=\"https:\/\/www.weckmansteel.fi\/wp-content\/uploads\/2017\/02\/weckman-terasaalto-main.jpg\" class=\"bg attachment-original size-original\" alt=\"\" \/>\t\t\t\t\t\t<div class=\"section-bg-overlay absolute fill\"><\/div>\n\t\t\t\n\n\t\t<\/div>\n\n\t\t\n\n\t\t<div class=\"section-content relative\">\n\t\t\t\n<div class=\"row\"  id=\"row-135511432\">\n\n\t<div id=\"col-2014180004\" class=\"col small-12 large-12\"  >\n\t\t\t\t<div class=\"col-inner\"  >\n\t\t\t\n\t\t\t\n<p>Weckmans kvalitet s\u00e4kerst\u00e4lls genom tillverkning enligt ISO9001 kvalitetssystemet. Du k\u00e4nner igen kvaliteten p\u00e5 grund av CE-m\u00e4rkningen, eftersom alla v\u00e5ra st\u00e5lprodukter uppfyller kraven i SFS-EN 14783:2006 och SFS-EN 1090-1:2009+A1:2011 standarder. Var och en av v\u00e5ra anst\u00e4llda har internaliserat v\u00e5rt m\u00e5l att beh\u00e5lla arbetskvaliteten h\u00f6g och felfri.<\/p>\n\t\t<\/div>\n\t\t\t\t\t<\/div>\n\n\t\n<\/div>\n<div class=\"row align-center\" style=\"max-width:600px\" id=\"row-832710125\">\n\n\t<div id=\"col-1941019204\" class=\"col medium-4 small-6 large-4\"  >\n\t\t\t\t<div class=\"col-inner text-center\"  >\n\t\t\t\n\t\t\t\n\t<div class=\"img has-hover x md-x lg-x y md-y lg-y\" id=\"image_1501199134\">\n\t\t\t\t\t\t\t\t<div class=\"img-inner dark\" >\n\t\t\t<img loading=\"lazy\" decoding=\"async\" width=\"88\" height=\"90\" src=\"https:\/\/www.weckmansteel.fi\/wp-content\/uploads\/2022\/03\/Weckman_iso9001_nega-1.png\" class=\"attachment-large size-large\" alt=\"\" \/>\t\t\t\t\t\t\n\t\t\t\t\t<\/div>\n\t\t\t\t\t\t\t\t\n<style>\n#image_1501199134 {\n  width: 65%;\n}\n@media (min-width:550px) {\n  #image_1501199134 {\n    width: 65%;\n  }\n}\n<\/style>\n\t<\/div>\n\t\n\t\t<\/div>\n\t\t\t\t\t<\/div>\n\n\t\n\n\t<div id=\"col-2058905182\" class=\"col medium-4 small-6 large-4\"  >\n\t\t\t\t<div class=\"col-inner text-center\"  >\n\t\t\t\n\t\t\t\n\t<div class=\"img has-hover x md-x lg-x y md-y lg-y\" id=\"image_1532216667\">\n\t\t\t\t\t\t\t\t<div class=\"img-inner dark\" >\n\t\t\t<img loading=\"lazy\" decoding=\"async\" width=\"88\" height=\"90\" src=\"https:\/\/www.weckmansteel.fi\/wp-content\/uploads\/2022\/03\/Weckman_ce_nega-1.png\" class=\"attachment-large size-large\" alt=\"\" \/>\t\t\t\t\t\t\n\t\t\t\t\t<\/div>\n\t\t\t\t\t\t\t\t\n<style>\n#image_1532216667 {\n  width: 65%;\n}\n@media (min-width:550px) {\n  #image_1532216667 {\n    width: 65%;\n  }\n}\n<\/style>\n\t<\/div>\n\t\n\t\t<\/div>\n\t\t\t\t\t<\/div>\n\n\t\n<\/div>\n\t\t<\/div>\n\n\t\t\n<style>\n#section_908856120 {\n  padding-top: 60px;\n  padding-bottom: 60px;\n}\n#section_908856120 .section-bg-overlay {\n  background-color: rgba(0, 0, 0, 0.279);\n}\n#section_908856120 .section-bg img {\n  object-position: 79% 100%;\n}\n<\/style>\n\t<\/section>\n\t\n\n\t<section class=\"section\" id=\"section_990439871\">\n\t\t<div class=\"section-bg fill\" >\n\t\t\t\t\t\t\t\t\t\n\t\t\t\n\n\t\t<\/div>\n\n\t\t\n\n\t\t<div class=\"section-content relative\">\n\t\t\t\n<div class=\"row\"  id=\"row-1584481394\">\n\n\t<div id=\"col-1549275815\" class=\"col small-12 large-12\"  >\n\t\t\t\t<div class=\"col-inner\"  >\n\t\t\t\n\t\t\t\n<h2>WECKMAN T\u00c5L OCH H\u00c5LLER UT<\/h2>\n<p>WECKMANS kvalitetsklasser \u00e4r ett tecken p\u00e5 kvalitet, h\u00e5llbarhet och l\u00e5ng livsl\u00e4ngd. V\u00e4lj den l\u00e4mpligaste takprofilen och kvalitetsklassen.<br \/>Med WECKMANS takmonteringstillbeh\u00f6r, taks\u00e4kerhet och regnvattensystem garanterar du ett h\u00f6gkvalitativt slutresultat.<\/p>\n\t\t<\/div>\n\t\t\t\t\t<\/div>\n\n\t\n<\/div>\n<div class=\"row\" style=\"max-width:980px\" id=\"row-1429799188\">\n\n\t<div id=\"col-496199284\" class=\"col medium-4 small-12 large-4\"  >\n\t\t\t\t<div class=\"col-inner text-center\"  >\n\t\t\t\n\t\t\t\n\t<div class=\"img has-hover x md-x lg-x y md-y lg-y\" id=\"image_1202604415\">\n\t\t\t\t\t\t\t\t<div class=\"img-inner dark\" style=\"margin:0px 0px 30px 0px;\">\n\t\t\t<img loading=\"lazy\" decoding=\"async\" width=\"232\" height=\"233\" src=\"https:\/\/www.weckmansteel.fi\/wp-content\/uploads\/2022\/02\/Weckman_50.png\" class=\"attachment-large size-large\" alt=\"\" srcset=\"https:\/\/www.weckmansteel.fi\/wp-content\/uploads\/2022\/02\/Weckman_50.png 232w, https:\/\/www.weckmansteel.fi\/wp-content\/uploads\/2022\/02\/Weckman_50-100x100.png 100w, https:\/\/www.weckmansteel.fi\/wp-content\/uploads\/2022\/02\/Weckman_50-150x150.png 150w\" sizes=\"auto, (max-width: 232px) 100vw, 232px\" \/>\t\t\t\t\t\t\n\t\t\t\t\t<\/div>\n\t\t\t\t\t\t\t\t\n<style>\n#image_1202604415 {\n  width: 50%;\n}\n@media (min-width:550px) {\n  #image_1202604415 {\n    width: 65%;\n  }\n}\n<\/style>\n\t<\/div>\n\t\n<h3>WECKMAN PREMIUM 50<\/h3>\n<p>WECKMAN Premium 50 \u00e4r det b\u00e4sta valet f\u00f6r ditt tak, n\u00e4r du vill ha m\u00e4ktighet och h\u00e5llbarhet.<\/p>\n<p>\u2022 Teknisk garanti 50 \u00e5r<\/p>\n<p>\u2022 Garanti p\u00e5 f\u00e4rgbel\u00e4ggningen 20 \u00e5r<\/p>\n\t\t<\/div>\n\t\t\t\t\t<\/div>\n\n\t\n\n\t<div id=\"col-1766868957\" class=\"col medium-4 small-12 large-4\"  >\n\t\t\t\t<div class=\"col-inner text-center\"  >\n\t\t\t\n\t\t\t\n\t<div class=\"img has-hover x md-x lg-x y md-y lg-y\" id=\"image_660131491\">\n\t\t\t\t\t\t\t\t<div class=\"img-inner dark\" style=\"margin:0px 0px 30px 0px;\">\n\t\t\t<img loading=\"lazy\" decoding=\"async\" width=\"232\" height=\"233\" src=\"https:\/\/www.weckmansteel.fi\/wp-content\/uploads\/2022\/02\/Weckman_40.png\" class=\"attachment-large size-large\" alt=\"\" srcset=\"https:\/\/www.weckmansteel.fi\/wp-content\/uploads\/2022\/02\/Weckman_40.png 232w, https:\/\/www.weckmansteel.fi\/wp-content\/uploads\/2022\/02\/Weckman_40-100x100.png 100w, https:\/\/www.weckmansteel.fi\/wp-content\/uploads\/2022\/02\/Weckman_40-150x150.png 150w\" sizes=\"auto, (max-width: 232px) 100vw, 232px\" \/>\t\t\t\t\t\t\n\t\t\t\t\t<\/div>\n\t\t\t\t\t\t\t\t\n<style>\n#image_660131491 {\n  width: 50%;\n}\n@media (min-width:550px) {\n  #image_660131491 {\n    width: 65%;\n  }\n}\n<\/style>\n\t<\/div>\n\t\n<h3>WECKMAN STANDARD 40<\/h3>\n<p>WECKMAN Standard 40 \u00e4r ett mycket h\u00e5llbart och kvalitativt alternativ f\u00f6r alla tak.<\/p>\n<p>\u2022 Teknisk garanti 40 \u00e5r<\/p>\n<p>\u2022 Garanti p\u00e5 f\u00e4rgbel\u00e4ggningen 15 \u00e5r<\/p>\n\t\t<\/div>\n\t\t\t\t\t<\/div>\n\n\t\n\n\t<div id=\"col-532845067\" class=\"col medium-4 small-12 large-4\"  >\n\t\t\t\t<div class=\"col-inner text-center\"  >\n\t\t\t\n\t\t\t\n\t<div class=\"img has-hover x md-x lg-x y md-y lg-y\" id=\"image_357231959\">\n\t\t\t\t\t\t\t\t<div class=\"img-inner dark\" style=\"margin:0px 0px 30px 0px;\">\n\t\t\t<img loading=\"lazy\" decoding=\"async\" width=\"233\" height=\"233\" src=\"https:\/\/www.weckmansteel.fi\/wp-content\/uploads\/2022\/02\/Weckman_30.png\" class=\"attachment-large size-large\" alt=\"\" srcset=\"https:\/\/www.weckmansteel.fi\/wp-content\/uploads\/2022\/02\/Weckman_30.png 233w, https:\/\/www.weckmansteel.fi\/wp-content\/uploads\/2022\/02\/Weckman_30-100x100.png 100w, https:\/\/www.weckmansteel.fi\/wp-content\/uploads\/2022\/02\/Weckman_30-150x150.png 150w\" sizes=\"auto, (max-width: 233px) 100vw, 233px\" \/>\t\t\t\t\t\t\n\t\t\t\t\t<\/div>\n\t\t\t\t\t\t\t\t\n<style>\n#image_357231959 {\n  width: 50%;\n}\n@media (min-width:550px) {\n  #image_357231959 {\n    width: 65%;\n  }\n}\n<\/style>\n\t<\/div>\n\t\n<h3>WECKMAN ECONOMY 30<\/h3>\n<p>WECKMAN Economy 30 \u00e4r det r\u00e4tta valet n\u00e4r du kr\u00e4ver av bel\u00e4ggningen p\u00e5litlig h\u00e5llbarhet till ett f\u00f6rm\u00e5nligt pris.<\/p>\n<p>\u2022 Teknisk garanti 30 \u00e5r<\/p>\n<p>\u2022 Garanti p\u00e5 f\u00e4rgbel\u00e4ggningen 10 \u00e5r<\/p>\n\t\t<\/div>\n\t\t\t\t\t<\/div>\n\n\t\n<\/div>\n\t\t<\/div>\n\n\t\t\n<style>\n#section_990439871 {\n  padding-top: 60px;\n  padding-bottom: 60px;\n  background-color: rgb(240, 240, 240);\n}\n<\/style>\n\t<\/section>\n\t\n\n\t<section class=\"section dark has-parallax\" id=\"section_458057945\">\n\t\t<div class=\"section-bg fill\" data-parallax-container=\".section\" data-parallax-background data-parallax=\"-5\">\n\t\t\t<img loading=\"lazy\" decoding=\"async\" width=\"2043\" height=\"729\" src=\"https:\/\/www.weckmansteel.fi\/wp-content\/uploads\/2022\/07\/laatu-parallax.jpg\" class=\"bg attachment-original size-original\" alt=\"\" \/>\t\t\t\t\t\t\n\t\t\t\n\n\t\t<\/div>\n\n\t\t\n\n\t\t<div class=\"section-content relative\">\n\t\t\t\n<div class=\"row\"  id=\"row-1468520436\">\n\n\t<div id=\"col-398968066\" class=\"col small-12 large-12\"  >\n\t\t\t\t<div class=\"col-inner\"  >\n\t\t\t\n\t\t\t\n<h2>EN F\u00c4RDIGGJORD TAKENHET<\/h2>\n<p>Takrenoveringen kan man v\u00e4l lova att bli gjord p\u00e5 tv\u00e5 dagar.<br \/>Men, vill du att ditt tak blir f\u00e4rdigt p\u00e5 tv\u00e5 dagar eller vill du att taket renoveras omsorgsfullt?<br \/>Weckman \u00e4r en ansvarsfull takleverant\u00f6r vars tillf\u00f6rlitliga monteringspartners \u00e4r medvetna om, att en \u00f6verdriven hastighet i monteringsarbetet kan vara en risk f\u00f6r v\u00e4lbefinnandet av ditt tak eller din byggnad.<\/p>\n<p>Kontakta <a href=\"https:\/\/www.weckmansteel.fi\/jalleenmyyjat\/\">en monteringspartner p\u00e5 den h\u00e4r l\u00e4nken.<\/a> Yrkeskunniga partners inspekterar yttertaket och dess underkonstruktion i ditt hus och kartl\u00e4gger potentiella skador och problempunkter. Du f\u00e5r ett h\u00e5llbart anbud med fast pris ang\u00e5ende renoveringen av ditt tak.<br \/>Du kan utan oro \u00f6verl\u00e4mna renoveringen av ditt tak f\u00f6r att bli \u00e5tg\u00e4rdad av proffs och njuta av de kommande \u00e5rtionden med tillf\u00f6rsikt.<br \/>Ocks\u00e5 v\u00e4rdet p\u00e5 ditt hem \u00f6kar, n\u00e4r du sk\u00f6ter v\u00e4l dess viktigaste strukturer och v\u00e4ljer Weckmans monteringspartner till leverant\u00f6r av ditt takrenoveringsarbete.<\/p>\n<p>\u00a0<\/p>\n\t\t<\/div>\n\t\t\t\t\t<\/div>\n\n\t\n<\/div>\n<div class=\"row\" style=\"max-width:950px\" id=\"row-1674271889\">\n\n\t<div id=\"col-2020882758\" class=\"col medium-3 small-6 large-3\"  >\n\t\t\t\t<div class=\"col-inner text-center\"  >\n\t\t\t\n\t\t\t\n\t<div class=\"img has-hover x md-x lg-x y md-y lg-y\" id=\"image_989510868\">\n\t\t\t\t\t\t\t\t<div class=\"img-inner dark\" >\n\t\t\t<img loading=\"lazy\" decoding=\"async\" width=\"1\" height=\"1\" src=\"https:\/\/www.weckmansteel.fi\/wp-content\/uploads\/2022\/07\/vanhan-katon-kuntokartoitus.svg\" class=\"attachment-large size-large\" alt=\"\" \/>\t\t\t\t\t\t\n\t\t\t\t\t<\/div>\n\t\t\t\t\t\t\t\t\n<style>\n#image_989510868 {\n  width: 50%;\n}\n@media (min-width:850px) {\n  #image_989510868 {\n    width: 40%;\n  }\n}\n<\/style>\n\t<\/div>\n\t\n<h4>KONDITIONSKARTL\u00c4GGNING AV GAMMALT TAK<\/h4>\n\t\t<\/div>\n\t\t\t\t\t<\/div>\n\n\t\n\n\t<div id=\"col-2090874123\" class=\"col medium-3 small-6 large-3\"  >\n\t\t\t\t<div class=\"col-inner text-center\"  >\n\t\t\t\n\t\t\t\n\t<div class=\"img has-hover x md-x lg-x y md-y lg-y\" id=\"image_1102959126\">\n\t\t\t\t\t\t\t\t<div class=\"img-inner dark\" >\n\t\t\t<img loading=\"lazy\" decoding=\"async\" width=\"1\" height=\"1\" src=\"https:\/\/www.weckmansteel.fi\/wp-content\/uploads\/2022\/07\/perusteellisesti-katto-kuntoon.svg\" class=\"attachment-large size-large\" alt=\"\" \/>\t\t\t\t\t\t\n\t\t\t\t\t<\/div>\n\t\t\t\t\t\t\t\t\n<style>\n#image_1102959126 {\n  width: 50%;\n}\n@media (min-width:850px) {\n  #image_1102959126 {\n    width: 40%;\n  }\n}\n<\/style>\n\t<\/div>\n\t\n<h4>ETT GRUNDLIGT GENOMF\u00d6RT TAKARBETE<\/h4>\n\t\t<\/div>\n\t\t\t\t\t<\/div>\n\n\t\n\n\t<div id=\"col-256991772\" class=\"col medium-3 small-6 large-3\"  >\n\t\t\t\t<div class=\"col-inner text-center\"  >\n\t\t\t\n\t\t\t\n\t<div class=\"img has-hover x md-x lg-x y md-y lg-y\" id=\"image_1451012500\">\n\t\t\t\t\t\t\t\t<div class=\"img-inner dark\" >\n\t\t\t<img loading=\"lazy\" decoding=\"async\" width=\"1\" height=\"1\" src=\"https:\/\/www.weckmansteel.fi\/wp-content\/uploads\/2022\/07\/vastuullinen-katonrakentaja.svg\" class=\"attachment-large size-large\" alt=\"\" \/>\t\t\t\t\t\t\n\t\t\t\t\t<\/div>\n\t\t\t\t\t\t\t\t\n<style>\n#image_1451012500 {\n  width: 50%;\n}\n@media (min-width:850px) {\n  #image_1451012500 {\n    width: 40%;\n  }\n}\n<\/style>\n\t<\/div>\n\t\n<h4>EN ANSVARSFULL TAKBYGGARE<\/h4>\n\t\t<\/div>\n\t\t\t\t\t<\/div>\n\n\t\n\n\t<div id=\"col-2087685240\" class=\"col medium-3 small-6 large-3\"  >\n\t\t\t\t<div class=\"col-inner text-center\"  >\n\t\t\t\n\t\t\t\n\t<div class=\"img has-hover x md-x lg-x y md-y lg-y\" id=\"image_125535743\">\n\t\t\t\t\t\t\t\t<div class=\"img-inner dark\" >\n\t\t\t<img loading=\"lazy\" decoding=\"async\" width=\"1\" height=\"1\" src=\"https:\/\/www.weckmansteel.fi\/wp-content\/uploads\/2022\/07\/asennus.svg\" class=\"attachment-large size-large\" alt=\"\" \/>\t\t\t\t\t\t\n\t\t\t\t\t<\/div>\n\t\t\t\t\t\t\t\t\n<style>\n#image_125535743 {\n  width: 50%;\n}\n@media (min-width:850px) {\n  #image_125535743 {\n    width: 40%;\n  }\n}\n<\/style>\n\t<\/div>\n\t\n<h4>WECKMAN MONTERINGSSERVICE<\/h4>\n\t\t<\/div>\n\t\t\t\t\t<\/div>\n\n\t\n<\/div>\n\t\t<\/div>\n\n\t\t\n<style>\n#section_458057945 {\n  padding-top: 60px;\n  padding-bottom: 60px;\n  background-color: rgb(40, 40, 40);\n}\n#section_458057945 .section-bg img {\n  object-position: 53% 0%;\n}\n<\/style>\n\t<\/section>\n\t\n","protected":false},"excerpt":{"rendered":"","protected":false},"author":16,"featured_media":0,"parent":25379,"menu_order":297,"comment_status":"closed","ping_status":"closed","template":"page-blank.php","meta":{"footnotes":""},"class_list":["post-24268","page","type-page","status-publish","hentry"],"_links":{"self":[{"href":"https:\/\/www.weckmansteel.fi\/sv\/wp-json\/wp\/v2\/pages\/24268","targetHints":{"allow":["GET"]}}],"collection":[{"href":"https:\/\/www.weckmansteel.fi\/sv\/wp-json\/wp\/v2\/pages"}],"about":[{"href":"https:\/\/www.weckmansteel.fi\/sv\/wp-json\/wp\/v2\/types\/page"}],"author":[{"embeddable":true,"href":"https:\/\/www.weckmansteel.fi\/sv\/wp-json\/wp\/v2\/users\/16"}],"replies":[{"embeddable":true,"href":"https:\/\/www.weckmansteel.fi\/sv\/wp-json\/wp\/v2\/comments?post=24268"}],"version-history":[{"count":1,"href":"https:\/\/www.weckmansteel.fi\/sv\/wp-json\/wp\/v2\/pages\/24268\/revisions"}],"predecessor-version":[{"id":34535,"href":"https:\/\/www.weckmansteel.fi\/sv\/wp-json\/wp\/v2\/pages\/24268\/revisions\/34535"}],"up":[{"embeddable":true,"href":"https:\/\/www.weckmansteel.fi\/sv\/wp-json\/wp\/v2\/pages\/25379"}],"wp:attachment":[{"href":"https:\/\/www.weckmansteel.fi\/sv\/wp-json\/wp\/v2\/media?parent=24268"}],"curies":[{"name":"wp","href":"https:\/\/api.w.org\/{rel}","templated":true}]}}