{"id":24541,"date":"2022-09-27T16:19:13","date_gmt":"2022-09-27T13:19:13","guid":{"rendered":"https:\/\/www.weckmansteel.fi\/?page_id=24541"},"modified":"2025-05-07T14:38:37","modified_gmt":"2025-05-07T11:38:37","slug":"mellanbjalklag","status":"publish","type":"page","link":"https:\/\/www.weckmansteel.fi\/sv\/mellanbjalklag\/","title":{"rendered":"Mellanbj\u00e4lklag"},"content":{"rendered":"\n  <div class=\"banner has-hover\" id=\"banner-1039896153\">\n          <div class=\"banner-inner fill\">\n        <div class=\"banner-bg fill\" >\n            <img loading=\"lazy\" decoding=\"async\" width=\"1280\" height=\"414\" src=\"https:\/\/www.weckmansteel.fi\/wp-content\/uploads\/2017\/04\/valipohjat_iso.jpg\" class=\"bg attachment-original size-original\" alt=\"\" \/>                        <div class=\"overlay\"><\/div>            \n                    <\/div>\n\t\t\n        <div class=\"banner-layers container\">\n            <div class=\"fill banner-link\"><\/div>            \n   <div id=\"text-box-1850582990\" class=\"text-box banner-layer x50 md-x50 lg-x50 y50 md-y50 lg-y50 res-text\">\n                                <div class=\"text-box-content text dark\">\n              \n              <div class=\"text-inner text-center\">\n                  \n<h1>Mellanbj\u00e4lklag<\/h1>\n              <\/div>\n           <\/div>\n                            \n<style>\n#text-box-1850582990 {\n  width: 100%;\n}\n#text-box-1850582990 .text-box-content {\n  font-size: 100%;\n}\n@media (min-width:550px) {\n  #text-box-1850582990 {\n    width: 70%;\n  }\n}\n<\/style>\n    <\/div>\n \n        <\/div>\n      <\/div>\n\n            \n<style>\n#banner-1039896153 {\n  padding-top: 80%;\n}\n#banner-1039896153 .overlay {\n  background-color: rgba(0, 0, 0, 0.017);\n}\n#banner-1039896153 .banner-bg img {\n  object-position: 100% 45%;\n}\n@media (min-width:550px) {\n  #banner-1039896153 {\n    padding-top: 40%;\n  }\n}\n@media (min-width:850px) {\n  #banner-1039896153 {\n    padding-top: 500px;\n  }\n}\n<\/style>\n  <\/div>\n\n\n\n\t<section class=\"section\" id=\"section_1076008628\">\n\t\t<div class=\"section-bg fill\" >\n\t\t\t\t\t\t\t\t\t\n\t\t\t\n\n\t\t<\/div>\n\n\t\t\n\n\t\t<div class=\"section-content relative\">\n\t\t\t\n<div class=\"row\"  id=\"row-478863450\">\n\n\t<div id=\"col-1580103977\" class=\"col small-12 large-12\"  >\n\t\t\t\t<div class=\"col-inner\"  >\n\t\t\t\n\t\t\t\n<h1>Weckman-mellanbj\u00e4lklagsl\u00f6sning<\/h1>\n<p>Weckman erbjuder en modern, snabb och f\u00f6rm\u00e5nlig l\u00f6sning att bygga mellanbj\u00e4lklag.<\/p>\n<p>Samverkanspl\u00e5ten HC-45 ers\u00e4tter den traditionella arbetsdryga betonggjutformen. Samverkanspl\u00e5ten fungerar samtidigt som gjutform och dragarmering.<\/p>\n\t\t<\/div>\n\t\t\t\t\t<\/div>\n\n\t\n<\/div>\n<div class=\"row\"  id=\"row-1997270229\">\n\n\t<div id=\"col-855234009\" class=\"col small-12 large-12\"  >\n\t\t\t\t<div class=\"col-inner\"  >\n\t\t\t\n\t\t\t\n<h3>SAMVERKANSPL\u00c5TENS F\u00d6RDELAR<\/h3>\n<ul>\n<li>L\u00e4mpar sig f\u00f6r allt slags byggande av mellanbj\u00e4lklag<\/li>\n<li>Samverkanspl\u00e5ten fungerar som gjutform och armering.<\/li>\n<li>Piggarna i samverkanspl\u00e5ten s\u00e4krar att betongen f\u00e4ster<\/li>\n<li>Fullst\u00e4ndigt tillbeh\u00f6rspaket<\/li>\n<li>Dimensioneringsprogram f\u00f6r planerare<\/li>\n<\/ul>\n\t\t<\/div>\n\t\t\t\t\t<\/div>\n\n\t\n<\/div>\n\t\t<\/div>\n\n\t\t\n<style>\n#section_1076008628 {\n  padding-top: 60px;\n  padding-bottom: 60px;\n}\n<\/style>\n\t<\/section>\n\t\n\n\t<section class=\"section\" id=\"section_1359188156\">\n\t\t<div class=\"section-bg fill\" >\n\t\t\t\t\t\t\t\t\t\n\t\t\t\n\n\t\t<\/div>\n\n\t\t\n\n\t\t<div class=\"section-content relative\">\n\t\t\t\n<div class=\"row\"  id=\"row-489985136\">\n\n\t<div id=\"col-242248496\" class=\"col medium-4 small-12 large-4\"  >\n\t\t\t\t<div class=\"col-inner\"  >\n\t\t\t\n\t\t\t\n\t<div class=\"img has-hover x md-x lg-x y md-y lg-y\" id=\"image_759238170\">\n\t\t\t\t\t\t\t\t<div class=\"img-inner image-cover dark\" style=\"padding-top:50%;\">\n\t\t\t<img loading=\"lazy\" decoding=\"async\" width=\"1020\" height=\"621\" src=\"https:\/\/www.weckmansteel.fi\/wp-content\/uploads\/2020\/02\/HC-45-vinottain-1024x623.jpg\" class=\"attachment-large size-large\" alt=\"\" srcset=\"https:\/\/www.weckmansteel.fi\/wp-content\/uploads\/2020\/02\/HC-45-vinottain-1024x623.jpg 1024w, https:\/\/www.weckmansteel.fi\/wp-content\/uploads\/2020\/02\/HC-45-vinottain-scaled-900x547.jpg 900w, https:\/\/www.weckmansteel.fi\/wp-content\/uploads\/2020\/02\/HC-45-vinottain-300x182.jpg 300w, https:\/\/www.weckmansteel.fi\/wp-content\/uploads\/2020\/02\/HC-45-vinottain-768x467.jpg 768w, https:\/\/www.weckmansteel.fi\/wp-content\/uploads\/2020\/02\/HC-45-vinottain-1536x934.jpg 1536w, https:\/\/www.weckmansteel.fi\/wp-content\/uploads\/2020\/02\/HC-45-vinottain-2048x1246.jpg 2048w\" sizes=\"auto, (max-width: 1020px) 100vw, 1020px\" \/>\t\t\t\t\t\t\n\t\t\t\t\t<\/div>\n\t\t\t\t\t\t\t\t\n<style>\n#image_759238170 {\n  width: 100%;\n}\n<\/style>\n\t<\/div>\n\t\n<h3>SAMVERKANSPL\u00c5T HC-45<\/h3>\n<p>En snabb l\u00f6sning f\u00f6r byggande av mellanbj\u00e4lklag.<\/p>\n<a href=\"https:\/\/www.weckmansteel.fi\/sv\/mellanbjalklag\/samverkansplat-hc-45\/\" class=\"button primary\" >\n\t\t<span>L\u00c4S MER OM V\u00c5RA MODELLER<\/span>\n\t<\/a>\n\n\t\t<\/div>\n\t\t\t\t\t<\/div>\n\n\t\n\n\t<div id=\"col-603609596\" class=\"col medium-4 small-12 large-4\"  >\n\t\t\t\t<div class=\"col-inner\"  >\n\t\t\t\n\t\t\t\n\t<div class=\"img has-hover x md-x lg-x y md-y lg-y\" id=\"image_152935028\">\n\t\t\t\t\t\t\t\t<div class=\"img-inner image-cover dark\" style=\"padding-top:50%;\">\n\t\t\t<img loading=\"lazy\" decoding=\"async\" width=\"297\" height=\"211\" src=\"https:\/\/www.weckmansteel.fi\/wp-content\/uploads\/2017\/04\/liittolevyn_tarvikkeet.jpg\" class=\"attachment-large size-large\" alt=\"\" \/>\t\t\t\t\t\t\n\t\t\t\t\t<\/div>\n\t\t\t\t\t\t\t\t\n<style>\n#image_152935028 {\n  width: 100%;\n}\n<\/style>\n\t<\/div>\n\t\n<h3>TILLBEH\u00d6R TILL SAMVERKANSPL\u00c5TEN<\/h3>\n<p>Kantformar, formt\u00e4tningar och andra tillbeh\u00f6r f\u00f6r byggande av mellanbj\u00e4lklag.<\/p>\n<a href=\"https:\/\/www.weckmansteel.fi\/sv\/mellanbjalklag\/tillbehor-till-samverkansplaten-hc-45\/\" class=\"button primary\" >\n\t\t<span>L\u00c4S MER OM V\u00c5RA MODELLER<\/span>\n\t<\/a>\n\n\t\t<\/div>\n\t\t\t\t\t<\/div>\n\n\t\n\n\t<div id=\"col-657689819\" class=\"col medium-4 small-12 large-4\"  >\n\t\t\t\t<div class=\"col-inner\"  >\n\t\t\t\n\t\t\t\n\t<div id=\"stack-2116481013\" class=\"stack stack-row justify-start items-stretch\">\n\t\t\n\t<div class=\"img has-hover x md-x lg-x y md-y lg-y\" id=\"image_947835308\">\n\t\t\t\t\t\t\t\t<div class=\"img-inner dark\" >\n\t\t\t<img loading=\"lazy\" decoding=\"async\" width=\"825\" height=\"212\" src=\"https:\/\/www.weckmansteel.fi\/wp-content\/uploads\/2025\/05\/autodesk-revit-logo.png\" class=\"attachment-large size-large\" alt=\"\" srcset=\"https:\/\/www.weckmansteel.fi\/wp-content\/uploads\/2025\/05\/autodesk-revit-logo.png 825w, https:\/\/www.weckmansteel.fi\/wp-content\/uploads\/2025\/05\/autodesk-revit-logo-600x154.png 600w, https:\/\/www.weckmansteel.fi\/wp-content\/uploads\/2025\/05\/autodesk-revit-logo-300x77.png 300w, https:\/\/www.weckmansteel.fi\/wp-content\/uploads\/2025\/05\/autodesk-revit-logo-768x197.png 768w\" sizes=\"auto, (max-width: 825px) 100vw, 825px\" \/>\t\t\t\t\t\t\n\t\t\t\t\t<\/div>\n\t\t\t\t\t\t\t\t\n<style>\n#image_947835308 {\n  width: 100%;\n}\n<\/style>\n\t<\/div>\n\t\n\t<div class=\"img has-hover x md-x lg-x y md-y lg-y\" id=\"image_1451768622\">\n\t\t\t\t\t\t\t\t<div class=\"img-inner dark\" >\n\t\t\t<img loading=\"lazy\" decoding=\"async\" width=\"1020\" height=\"241\" src=\"https:\/\/www.weckmansteel.fi\/wp-content\/uploads\/2025\/05\/Archicad-logo-1-1024x242.png\" class=\"attachment-large size-large\" alt=\"\" srcset=\"https:\/\/www.weckmansteel.fi\/wp-content\/uploads\/2025\/05\/Archicad-logo-1-1024x242.png 1024w, https:\/\/www.weckmansteel.fi\/wp-content\/uploads\/2025\/05\/Archicad-logo-1-900x213.png 900w, https:\/\/www.weckmansteel.fi\/wp-content\/uploads\/2025\/05\/Archicad-logo-1-300x71.png 300w, https:\/\/www.weckmansteel.fi\/wp-content\/uploads\/2025\/05\/Archicad-logo-1-768x182.png 768w, https:\/\/www.weckmansteel.fi\/wp-content\/uploads\/2025\/05\/Archicad-logo-1.png 1048w\" sizes=\"auto, (max-width: 1020px) 100vw, 1020px\" \/>\t\t\t\t\t\t\n\t\t\t\t\t<\/div>\n\t\t\t\t\t\t\t\t\n<style>\n#image_1451768622 {\n  width: 100%;\n}\n<\/style>\n\t<\/div>\n\t\n\t\t\n<style>\n#stack-2116481013 > * {\n  --stack-gap: 2rem;\n}\n<\/style>\n\t<\/div>\n\t\n\t<div id=\"gap-665485834\" class=\"gap-element clearfix\" style=\"display:block; height:auto;\">\n\t\t\n<style>\n#gap-665485834 {\n  padding-top: 30px;\n}\n<\/style>\n\t<\/div>\n\t\n\t<div id=\"stack-173144454\" class=\"stack stack-row justify-start items-stretch\">\n\t\t\n\t<div class=\"img has-hover x md-x lg-x y md-y lg-y\" id=\"image_370152013\">\n\t\t\t\t\t\t\t\t<div class=\"img-inner dark\" >\n\t\t\t<img loading=\"lazy\" decoding=\"async\" width=\"300\" height=\"83\" src=\"https:\/\/www.weckmansteel.fi\/wp-content\/uploads\/2025\/05\/autocad_logo-1.png\" class=\"attachment-large size-large\" alt=\"\" \/>\t\t\t\t\t\t\n\t\t\t\t\t<\/div>\n\t\t\t\t\t\t\t\t\n<style>\n#image_370152013 {\n  width: 100%;\n}\n<\/style>\n\t<\/div>\n\t\n\t<div class=\"img has-hover x md-x lg-x y md-y lg-y\" id=\"image_1379815031\">\n\t\t\t\t\t\t\t\t<div class=\"img-inner dark\" >\n\t\t\t<img loading=\"lazy\" decoding=\"async\" width=\"1020\" height=\"235\" src=\"https:\/\/www.weckmansteel.fi\/wp-content\/uploads\/2025\/05\/Tekla-logo.svg-1024x236.png\" class=\"attachment-large size-large\" alt=\"\" srcset=\"https:\/\/www.weckmansteel.fi\/wp-content\/uploads\/2025\/05\/Tekla-logo.svg-1024x236.png 1024w, https:\/\/www.weckmansteel.fi\/wp-content\/uploads\/2025\/05\/Tekla-logo.svg-900x207.png 900w, https:\/\/www.weckmansteel.fi\/wp-content\/uploads\/2025\/05\/Tekla-logo.svg-300x69.png 300w, https:\/\/www.weckmansteel.fi\/wp-content\/uploads\/2025\/05\/Tekla-logo.svg-768x177.png 768w, https:\/\/www.weckmansteel.fi\/wp-content\/uploads\/2025\/05\/Tekla-logo.svg-1536x354.png 1536w, https:\/\/www.weckmansteel.fi\/wp-content\/uploads\/2025\/05\/Tekla-logo.svg-2048x472.png 2048w\" sizes=\"auto, (max-width: 1020px) 100vw, 1020px\" \/>\t\t\t\t\t\t\n\t\t\t\t\t<\/div>\n\t\t\t\t\t\t\t\t\n<style>\n#image_1379815031 {\n  width: 100%;\n}\n<\/style>\n\t<\/div>\n\t\n\t\t\n<style>\n#stack-173144454 > * {\n  --stack-gap: 2rem;\n}\n<\/style>\n\t<\/div>\n\t\n\t<div id=\"gap-1405960195\" class=\"gap-element clearfix\" style=\"display:block; height:auto;\">\n\t\t\n<style>\n#gap-1405960195 {\n  padding-top: 90px;\n}\n<\/style>\n\t<\/div>\n\t\n<a href=\"https:\/\/www.prodlib.com\/weckman?lang=fi\" target=\"_blank\" class=\"button primary\" rel=\"noopener\">\n\t\t<span>Ladda ner BIM-objekt<\/span>\n\t<\/a>\n\n<a href=\"http:\/\/warehouse.tekla.com\/#\/catalog\/details\/ue0a4c45c-b509-460f-8c21-05184b8c0b45\" target=\"_blank\" class=\"button primary\" rel=\"noopener\">\n\t\t<span>Ladda ner Tekla-objekt<\/span>\n\t<\/a>\n\n\t\t<\/div>\n\t\t\t\t\t<\/div>\n\n\t\n<\/div>\n\t\t<\/div>\n\n\t\t\n<style>\n#section_1359188156 {\n  padding-top: 60px;\n  padding-bottom: 60px;\n}\n<\/style>\n\t<\/section>\n\t\n","protected":false},"excerpt":{"rendered":"","protected":false},"author":17,"featured_media":0,"parent":0,"menu_order":169,"comment_status":"closed","ping_status":"closed","template":"page-blank.php","meta":{"footnotes":""},"class_list":["post-24541","page","type-page","status-publish","hentry"],"_links":{"self":[{"href":"https:\/\/www.weckmansteel.fi\/sv\/wp-json\/wp\/v2\/pages\/24541","targetHints":{"allow":["GET"]}}],"collection":[{"href":"https:\/\/www.weckmansteel.fi\/sv\/wp-json\/wp\/v2\/pages"}],"about":[{"href":"https:\/\/www.weckmansteel.fi\/sv\/wp-json\/wp\/v2\/types\/page"}],"author":[{"embeddable":true,"href":"https:\/\/www.weckmansteel.fi\/sv\/wp-json\/wp\/v2\/users\/17"}],"replies":[{"embeddable":true,"href":"https:\/\/www.weckmansteel.fi\/sv\/wp-json\/wp\/v2\/comments?post=24541"}],"version-history":[{"count":3,"href":"https:\/\/www.weckmansteel.fi\/sv\/wp-json\/wp\/v2\/pages\/24541\/revisions"}],"predecessor-version":[{"id":41819,"href":"https:\/\/www.weckmansteel.fi\/sv\/wp-json\/wp\/v2\/pages\/24541\/revisions\/41819"}],"wp:attachment":[{"href":"https:\/\/www.weckmansteel.fi\/sv\/wp-json\/wp\/v2\/media?parent=24541"}],"curies":[{"name":"wp","href":"https:\/\/api.w.org\/{rel}","templated":true}]}}