{"id":25002,"date":"2022-10-24T09:15:19","date_gmt":"2022-10-24T06:15:19","guid":{"rendered":"https:\/\/www.weckmansteel.fi\/?page_id=25002"},"modified":"2025-03-10T14:57:42","modified_gmt":"2025-03-10T12:57:42","slug":"samverkansplat-hc-45","status":"publish","type":"page","link":"https:\/\/www.weckmansteel.fi\/sv\/mellanbjalklag\/samverkansplat-hc-45\/","title":{"rendered":"Samverkanspl\u00e5t HC-45"},"content":{"rendered":"\n  <div class=\"banner has-hover\" id=\"banner-1938686358\">\n          <div class=\"banner-inner fill\">\n        <div class=\"banner-bg fill\" >\n            <img loading=\"lazy\" decoding=\"async\" width=\"1020\" height=\"330\" src=\"https:\/\/www.weckmansteel.fi\/wp-content\/uploads\/2017\/04\/valipohjat_iso-1024x331.jpg\" class=\"bg attachment-large size-large\" alt=\"\" \/>                        <div class=\"overlay\"><\/div>            \n                    <\/div>\n\t\t\n        <div class=\"banner-layers container\">\n            <div class=\"fill banner-link\"><\/div>            \n   <div id=\"text-box-2044687568\" class=\"text-box banner-layer x50 md-x50 lg-x50 y50 md-y50 lg-y50 res-text\">\n                                <div class=\"text-box-content text dark\">\n              \n              <div class=\"text-inner text-center\">\n                  \n\t<div id=\"text-668020587\" class=\"text\">\n\t\t\n<p class=\"uppercase\" style=\"text-align: center;\"><span style=\"font-size: 170%;\"><strong>Samverkanspl\u00e5t HC-45<\/strong><\/span><\/p>\n\t\t\t<\/div>\n\t\n              <\/div>\n           <\/div>\n                            \n<style>\n#text-box-2044687568 {\n  width: 100%;\n}\n#text-box-2044687568 .text-box-content {\n  font-size: 60%;\n}\n@media (min-width:550px) {\n  #text-box-2044687568 {\n    width: 70%;\n  }\n  #text-box-2044687568 .text-box-content {\n    font-size: 100%;\n  }\n}\n<\/style>\n    <\/div>\n \n        <\/div>\n      <\/div>\n\n            \n<style>\n#banner-1938686358 {\n  padding-top: 80%;\n}\n#banner-1938686358 .overlay {\n  background-color: rgba(0, 0, 0, 0.017);\n}\n#banner-1938686358 .banner-bg img {\n  object-position: 100% 74%;\n}\n@media (min-width:550px) {\n  #banner-1938686358 {\n    padding-top: 40%;\n  }\n}\n@media (min-width:850px) {\n  #banner-1938686358 {\n    padding-top: 500px;\n  }\n}\n<\/style>\n  <\/div>\n\n\n\n\t<section class=\"section\" id=\"section_837114550\">\n\t\t<div class=\"section-bg fill\" >\n\t\t\t\t\t\t\t\t\t\n\t\t\t\n\n\t\t<\/div>\n\n\t\t\n\n\t\t<div class=\"section-content relative\">\n\t\t\t\n<div class=\"row\"  id=\"row-1455522586\">\n\n\t<div id=\"col-1541911546\" class=\"col medium-6 small-12 large-6\"  >\n\t\t\t\t<div class=\"col-inner\"  >\n\t\t\t\n\t\t\t\n\t<div class=\"img has-hover x md-x lg-x y md-y lg-y\" id=\"image_1443765018\">\n\t\t\t\t\t\t\t\t<div class=\"img-inner dark\" >\n\t\t\t<img loading=\"lazy\" decoding=\"async\" width=\"1020\" height=\"727\" src=\"https:\/\/www.weckmansteel.fi\/wp-content\/uploads\/2017\/04\/223-1024x730.jpeg\" class=\"attachment-large size-large\" alt=\"\" srcset=\"https:\/\/www.weckmansteel.fi\/wp-content\/uploads\/2017\/04\/223-1024x730.jpeg 1024w, https:\/\/www.weckmansteel.fi\/wp-content\/uploads\/2017\/04\/223-scaled-900x642.jpeg 900w, https:\/\/www.weckmansteel.fi\/wp-content\/uploads\/2017\/04\/223-300x214.jpeg 300w, https:\/\/www.weckmansteel.fi\/wp-content\/uploads\/2017\/04\/223-768x548.jpeg 768w\" sizes=\"auto, (max-width: 1020px) 100vw, 1020px\" \/>\t\t\t\t\t\t\n\t\t\t\t\t<\/div>\n\t\t\t\t\t\t\t\t\n<style>\n#image_1443765018 {\n  width: 100%;\n}\n<\/style>\n\t<\/div>\n\t\n\t\t<\/div>\n\t\t\t\t\t<\/div>\n\n\t\n\n\t<div id=\"col-1084352530\" class=\"col medium-6 small-12 large-6\"  >\n\t\t\t\t<div class=\"col-inner\"  >\n\t\t\t\n\t\t\t\n<ul>\n<li>HC-45 samverkanspl\u00e5tar anv\u00e4nds i samverkansplattor av betong i mellanbj\u00e4lklaget. Samverkanspl\u00e5ten fungerar samtidigt som b\u00e5de gjutform och dragarmering.<\/li>\n<li>Anv\u00e4ndningsobjekt \u00e4r bl.a. bostadsbyggnader, hallar, aff\u00e4rer, lager och industribyggnader.<\/li>\n<\/ul>\n\t\t<\/div>\n\t\t\t\t\t<\/div>\n\n\t\n<\/div>\n\t\t<\/div>\n\n\t\t\n<style>\n#section_837114550 {\n  padding-top: 60px;\n  padding-bottom: 60px;\n}\n<\/style>\n\t<\/section>\n\t\n\n\t<section class=\"section\" id=\"section_185564474\">\n\t\t<div class=\"section-bg fill\" >\n\t\t\t\t\t\t\t\t\t\n\t\t\t\n\n\t\t<\/div>\n\n\t\t\n\n\t\t<div class=\"section-content relative\">\n\t\t\t\n<div class=\"row\"  id=\"row-1237418604\">\n\n\t<div id=\"col-296827201\" class=\"col medium-6 small-12 large-6\"  >\n\t\t\t\t<div class=\"col-inner\"  >\n\t\t\t\n\t\t\t\n<h2>HC-45 Samverkanspl\u00e5t<\/h2>\n\t<div class=\"img has-hover x md-x lg-x y md-y lg-y\" id=\"image_657752104\">\n\t\t\t\t\t\t\t\t<div class=\"img-inner dark\" >\n\t\t\t<img loading=\"lazy\" decoding=\"async\" width=\"613\" height=\"425\" src=\"https:\/\/www.weckmansteel.fi\/wp-content\/uploads\/2017\/04\/hc-45.jpg\" class=\"attachment-large size-large\" alt=\"\" srcset=\"https:\/\/www.weckmansteel.fi\/wp-content\/uploads\/2017\/04\/hc-45.jpg 613w, https:\/\/www.weckmansteel.fi\/wp-content\/uploads\/2017\/04\/hc-45-600x416.jpg 600w, https:\/\/www.weckmansteel.fi\/wp-content\/uploads\/2017\/04\/hc-45-300x208.jpg 300w\" sizes=\"auto, (max-width: 613px) 100vw, 613px\" \/>\t\t\t\t\t\t\n\t\t\t\t\t<\/div>\n\t\t\t\t\t\t\t\t\n<style>\n#image_657752104 {\n  width: 100%;\n}\n<\/style>\n\t<\/div>\n\t\n\t\t<\/div>\n\t\t\t\t\t<\/div>\n\n\t\n\n\t<div id=\"col-1913569599\" class=\"col medium-6 small-12 large-6\"  >\n\t\t\t\t<div class=\"col-inner\"  >\n\t\t\t\n\t\t\t\n<div class=\"col-md-6\">\n<p style=\"text-align: center;\">Nominell effektiv bredd 900 mm<br \/>Totalbredd ~960 mm<br \/>R\u00e5materialtjockleker 0,7\/0,9 mm<br \/>Maxl\u00e4ngd 10 000 mm<br \/>R\u00e5materialet f\u00f6rzinkat konstruktionsst\u00e5l S350GD+Z (SFS-EN 10147)<br \/>Produkten \u00e4r CE-m\u00e4rkt<br \/>M\u00e5tten enligt toleranserna i SFS-EN 508-1<\/p>\n<\/div>\n\t\t<\/div>\n\t\t\t\t\t<\/div>\n\n\t\n\n\t<div id=\"col-195481507\" class=\"col small-12 large-12\"  >\n\t\t\t\t<div class=\"col-inner text-center\"  >\n\t\t\t\n\t\t\t\n\t<div id=\"text-2220430304\" class=\"text\">\n\t\t\n<p style=\"text-align: center;\"><a title=\"hc-45-iso.jpg\" href=\"https:\/\/www.weckmansteel.fi\/wp-content\/uploads\/2017\/04\/hc-45.jpg\">St\u00f6rre bild av profilen<\/a>\u00a0\u00a0\u00a0\u00a0\u00a0\u00a0\u00a0\u00a0\u00a0\u00a0 <a title=\"liittolevy_hc-45_asennusohje.pdf\" href=\"https:\/\/www.weckmansteel.fi\/sv\/instruktioner-och-broschyrer\/\" target=\"_blank\" rel=\"noopener\">Monteringsanvisningar<\/a> \u00a0\u00a0\u00a0\u00a0\u00a0\u00a0\u00a0\u00a0 <a title=\"hc-45_asennus.zip\" href=\"https:\/\/www.weckmansteel.fi\/sv\/ladda-optimi\/\">Dimensioneringsprogram<\/a> \u00a0\u00a0\u00a0\u00a0\u00a0\u00a0\u00a0\u00a0 <a title=\"Liittolevy HC-45, tarvikkeet\" href=\"https:\/\/www.weckmansteel.fi\/sv\/mellanbjalklag\/tillbehor-till-samverkansplaten-hc-45\/\">Tillbeh\u00f6r<\/a><\/p>\n<p style=\"text-align: center;\">\u00a0<\/p>\n<p style=\"text-align: center;\">\u00a0<\/p>\n\t\t\n<style>\n#text-2220430304 {\n  text-align: center;\n}\n<\/style>\n\t<\/div>\n\t\n\t\t<\/div>\n\t\t\t\t\t<\/div>\n\n\t\n<\/div>\n\t\t<\/div>\n\n\t\t\n<style>\n#section_185564474 {\n  padding-top: 60px;\n  padding-bottom: 60px;\n}\n<\/style>\n\t<\/section>\n\t\n","protected":false},"excerpt":{"rendered":"","protected":false},"author":17,"featured_media":0,"parent":24541,"menu_order":174,"comment_status":"closed","ping_status":"closed","template":"page-blank.php","meta":{"footnotes":""},"class_list":["post-25002","page","type-page","status-publish","hentry"],"_links":{"self":[{"href":"https:\/\/www.weckmansteel.fi\/sv\/wp-json\/wp\/v2\/pages\/25002","targetHints":{"allow":["GET"]}}],"collection":[{"href":"https:\/\/www.weckmansteel.fi\/sv\/wp-json\/wp\/v2\/pages"}],"about":[{"href":"https:\/\/www.weckmansteel.fi\/sv\/wp-json\/wp\/v2\/types\/page"}],"author":[{"embeddable":true,"href":"https:\/\/www.weckmansteel.fi\/sv\/wp-json\/wp\/v2\/users\/17"}],"replies":[{"embeddable":true,"href":"https:\/\/www.weckmansteel.fi\/sv\/wp-json\/wp\/v2\/comments?post=25002"}],"version-history":[{"count":1,"href":"https:\/\/www.weckmansteel.fi\/sv\/wp-json\/wp\/v2\/pages\/25002\/revisions"}],"predecessor-version":[{"id":38851,"href":"https:\/\/www.weckmansteel.fi\/sv\/wp-json\/wp\/v2\/pages\/25002\/revisions\/38851"}],"up":[{"embeddable":true,"href":"https:\/\/www.weckmansteel.fi\/sv\/wp-json\/wp\/v2\/pages\/24541"}],"wp:attachment":[{"href":"https:\/\/www.weckmansteel.fi\/sv\/wp-json\/wp\/v2\/media?parent=25002"}],"curies":[{"name":"wp","href":"https:\/\/api.w.org\/{rel}","templated":true}]}}