{"id":25125,"date":"2022-10-24T12:36:25","date_gmt":"2022-10-24T09:36:25","guid":{"rendered":"https:\/\/www.weckmansteel.fi\/?page_id=25125"},"modified":"2025-05-07T13:05:47","modified_gmt":"2025-05-07T10:05:47","slug":"for-arkitekterna-och-planerare","status":"publish","type":"page","link":"https:\/\/www.weckmansteel.fi\/sv\/for-arkitekterna-och-planerare\/","title":{"rendered":"F\u00f6r arkitekterna och planerare"},"content":{"rendered":"\n  <div class=\"banner has-hover\" id=\"banner-1713200021\">\n          <div class=\"banner-inner fill\">\n        <div class=\"banner-bg fill\" >\n            <img loading=\"lazy\" decoding=\"async\" width=\"1020\" height=\"510\" src=\"https:\/\/www.weckmansteel.fi\/wp-content\/uploads\/2017\/04\/tausta7-1024x512.jpg\" class=\"bg attachment-large size-large\" alt=\"\" \/>                        <div class=\"overlay\"><\/div>            \n                    <\/div>\n\t\t\n        <div class=\"banner-layers container\">\n            <div class=\"fill banner-link\"><\/div>            \n   <div id=\"text-box-1526085815\" class=\"text-box banner-layer x50 md-x50 lg-x50 y50 md-y50 lg-y50 res-text\">\n                                <div class=\"text-box-content text dark\">\n              \n              <div class=\"text-inner text-center\">\n                  \n<p class=\"uppercase\" style=\"text-align: center;\"><span style=\"font-size: 170%;\"><strong>F\u00f6r arkitekterna och planerare<\/strong><\/span><\/p>\n              <\/div>\n           <\/div>\n                            \n<style>\n#text-box-1526085815 {\n  width: 100%;\n}\n#text-box-1526085815 .text-box-content {\n  font-size: 85%;\n}\n@media (min-width:550px) {\n  #text-box-1526085815 {\n    width: 81%;\n  }\n  #text-box-1526085815 .text-box-content {\n    font-size: 100%;\n  }\n}\n@media (min-width:850px) {\n  #text-box-1526085815 {\n    width: 90%;\n  }\n}\n<\/style>\n    <\/div>\n \n        <\/div>\n      <\/div>\n\n            \n<style>\n#banner-1713200021 {\n  padding-top: 80%;\n}\n#banner-1713200021 .overlay {\n  background-color: rgba(0, 0, 0, 0.017);\n}\n@media (min-width:550px) {\n  #banner-1713200021 {\n    padding-top: 40%;\n  }\n}\n@media (min-width:850px) {\n  #banner-1713200021 {\n    padding-top: 500px;\n  }\n}\n<\/style>\n  <\/div>\n\n\n\n\t<section class=\"section\" id=\"section_2042814310\">\n\t\t<div class=\"section-bg fill\" >\n\t\t\t\t\t\t\t\t\t\n\t\t\t\n\n\t\t<\/div>\n\n\t\t\n\n\t\t<div class=\"section-content relative\">\n\t\t\t\n<div class=\"row align-center\"  id=\"row-1577886675\">\n\n\t<div id=\"col-187624117\" class=\"col medium-10 small-12 large-10\"  >\n\t\t\t\t<div class=\"col-inner\"  >\n\t\t\t\n\t\t\t\n\t<div id=\"text-3247232173\" class=\"text\">\n\t\t\n<h2 class=\"uppercase\">Weckman hj\u00e4lper till att f\u00f6rverkliga tak f\u00f6r olika typer av byggnader<\/h2>\n\t\t\n<style>\n#text-3247232173 {\n  text-align: center;\n}\n<\/style>\n\t<\/div>\n\t\n\t\t<\/div>\n\t\t\t\t\t<\/div>\n\n\t\n<\/div>\n<div class=\"row align-center\"  id=\"row-422897393\">\n\n\t<div id=\"col-870963945\" class=\"col medium-7 small-12 large-10\"  >\n\t\t\t\t<div class=\"col-inner\"  >\n\t\t\t\n\t\t\t\n\t<div id=\"text-1750128528\" class=\"text\">\n\t\t\n<p>Vi erbjuder takalternativ f\u00f6r olika \u00e4ndam\u00e5l i flera olika tjocklekar samt f\u00e4rg- och ytbel\u00e4ggningsalternativ.<br \/>Monteringstillbeh\u00f6r avsedda s\u00e4rskilt f\u00f6r Weckman-tak samt regnvattensystem och taks\u00e4kerhetsprodukter garanterar ett fungerande tak.<\/p>\n<p>P\u00e5 sidan Taksortiment hittar du Weckmans taksortiment.<br \/>P\u00e5 sidan Monteringstillbeh\u00f6r finns mer information om kompatibla Weckman-tillbeh\u00f6r.<\/p>\n<p>Takprofilernas tv\u00e4rsektionsbilder kan enkelt laddas ner till planer i dwg-, dwf- och pdf-format <a href=\"https:\/\/www.weckmansteel.fi\/sv\/instruktioner-och-broschyrer\/\">h\u00e4r<\/a>.<\/p>\n<p>F\u00f6r byggnadsplanerar finns \u00e4ven f\u00e4rdiga <a href=\"https:\/\/warehouse.tekla.com\/#\/catalog\/details\/ue0a4c45c-b509-460f-8c21-05184b8c0b45\" target=\"_blank\" rel=\"noopener\">3D-objekt <\/a>Ttill designprogrammet Tekla. Alla Weckmans korrugerade pl\u00e5tar (18\u2013155 mm), samverkanspl\u00e5tar och l\u00e4tta tak\u00e5sar finns att ladda ner.<\/p>\n<p>F\u00f6r kapacitetsdimensionering av b\u00e4rande korrugerade pl\u00e5tar (41\u2013155 mm) kan du <a href=\"https:\/\/www.weckmansteel.fi\/sv\/ladda-optimi\/\">ladda ner det kostnadsfria dimensioneringsprogrammet OPTIMI<\/a>, med vilket du snabbt kan fastst\u00e4lla r\u00e4tt profil och tjocklek f\u00f6r objektet samt \u00f6verlappnings- och monteringsanvisningar.<\/p>\n<p>F\u00f6r dimensioneringen av HC-45-samverkanspl\u00e5tar avsedda f\u00f6r betonggjutningar kan man ladda ner ett dimensioneringsprogram som fastst\u00e4ller r\u00e5materialets korrekta h\u00e5llfasthet och behovet av till\u00e4ggsarmering.<\/p>\n<p>Nedladdningsl\u00e4nkar f\u00f6r dimensioneringsprogrammen och profilernas vikt per nyttokvadratmeter finns p\u00e5 sidan <a href=\"https:\/\/www.weckmansteel.fi\/sv\/hjalp-for-planeringen\/\">Hj\u00e4lp f\u00f6r planeringen<\/a>.<\/p>\n<p>\u00a0<\/p>\n<p><a class=\"button is-outline primary\" href=\"https:\/\/www.weckmansteel.fi\/sv\/taksortiment\/\">Taksortiment<\/a><\/p>\n<p><a class=\"button is-outline primary\" href=\"https:\/\/www.weckmansteel.fi\/sv\/taktillbehor\/monteringstillbehor\/\">Monteringstillbeh\u00f6r<\/a><\/p>\n<p><a class=\"button is-outline primary\" href=\"https:\/\/www.weckmansteel.fi\/sv\/taktillbehor\/regnvattensystem\/\">Regnvattensystem<\/a><\/p>\n<p><a class=\"button is-outline primary\" href=\"https:\/\/www.weckmansteel.fi\/sv\/taktillbehor\/taksakerhetsprodukter\/\">Taks\u00e4kerhetsprodukter<\/a><\/p>\n<p><a class=\"button is-outline primary\" href=\"https:\/\/www.weckmansteel.fi\/sv\/instruktioner-och-broschyrer\/\">Takprofilernas tv\u00e4rsektionsbilder<\/a><\/p>\n<p><a class=\"button is-outline primary\" href=\"https:\/\/www.prodlib.com\/weckman?lang=en\" target=\"_blank\" rel=\"noopener\">BIM-objekt f\u00f6r pl\u00e5tprodukter<\/a><\/p>\n\t\t\n<style>\n#text-1750128528 {\n  text-align: center;\n}\n<\/style>\n\t<\/div>\n\t\n\t\t<\/div>\n\t\t\t\t\t<\/div>\n\n\t\n\n<\/div>\n\t\t<\/div>\n\n\t\t\n<style>\n#section_2042814310 {\n  padding-top: 60px;\n  padding-bottom: 60px;\n}\n<\/style>\n\t<\/section>\n\t\n","protected":false},"excerpt":{"rendered":"","protected":false},"author":17,"featured_media":0,"parent":0,"menu_order":193,"comment_status":"closed","ping_status":"closed","template":"page-blank.php","meta":{"footnotes":""},"class_list":["post-25125","page","type-page","status-publish","hentry"],"_links":{"self":[{"href":"https:\/\/www.weckmansteel.fi\/sv\/wp-json\/wp\/v2\/pages\/25125","targetHints":{"allow":["GET"]}}],"collection":[{"href":"https:\/\/www.weckmansteel.fi\/sv\/wp-json\/wp\/v2\/pages"}],"about":[{"href":"https:\/\/www.weckmansteel.fi\/sv\/wp-json\/wp\/v2\/types\/page"}],"author":[{"embeddable":true,"href":"https:\/\/www.weckmansteel.fi\/sv\/wp-json\/wp\/v2\/users\/17"}],"replies":[{"embeddable":true,"href":"https:\/\/www.weckmansteel.fi\/sv\/wp-json\/wp\/v2\/comments?post=25125"}],"version-history":[{"count":1,"href":"https:\/\/www.weckmansteel.fi\/sv\/wp-json\/wp\/v2\/pages\/25125\/revisions"}],"predecessor-version":[{"id":41657,"href":"https:\/\/www.weckmansteel.fi\/sv\/wp-json\/wp\/v2\/pages\/25125\/revisions\/41657"}],"wp:attachment":[{"href":"https:\/\/www.weckmansteel.fi\/sv\/wp-json\/wp\/v2\/media?parent=25125"}],"curies":[{"name":"wp","href":"https:\/\/api.w.org\/{rel}","templated":true}]}}