{"id":25643,"date":"2022-10-26T10:54:36","date_gmt":"2022-10-26T07:54:36","guid":{"rendered":"https:\/\/www.weckmansteel.fi\/?page_id=25643"},"modified":"2025-05-07T13:24:10","modified_gmt":"2025-05-07T10:24:10","slug":"geoplate","status":"publish","type":"page","link":"https:\/\/www.weckmansteel.fi\/sv\/geoplate\/","title":{"rendered":"Geoplate"},"content":{"rendered":"\n  <div class=\"banner has-hover\" id=\"banner-1054196013\">\n          <div class=\"banner-inner fill\">\n        <div class=\"banner-bg fill\" >\n            <img loading=\"lazy\" decoding=\"async\" width=\"1020\" height=\"765\" src=\"https:\/\/www.weckmansteel.fi\/wp-content\/uploads\/2019\/03\/Geo-45-kaivanto-1-1024x768.jpg\" class=\"bg attachment-large size-large\" alt=\"\" \/>                        <div class=\"overlay\"><\/div>            \n                    <\/div>\n\t\t\n        <div class=\"banner-layers container\">\n            <div class=\"fill banner-link\"><\/div>            \n   <div id=\"text-box-311657150\" class=\"text-box banner-layer x50 md-x50 lg-x50 y50 md-y50 lg-y50 res-text\">\n                                <div class=\"text-box-content text dark\">\n              \n              <div class=\"text-inner text-center\">\n                  \n<p class=\"uppercase\" style=\"text-align: center;\"><span style=\"font-size: 170%;\"><strong>Jordbyggnadsprodukter<\/strong><\/span><\/p>\n              <\/div>\n           <\/div>\n                            \n<style>\n#text-box-311657150 {\n  width: 100%;\n}\n#text-box-311657150 .text-box-content {\n  font-size: 66%;\n}\n@media (min-width:550px) {\n  #text-box-311657150 {\n    width: 70%;\n  }\n  #text-box-311657150 .text-box-content {\n    font-size: 100%;\n  }\n}\n<\/style>\n    <\/div>\n \n        <\/div>\n      <\/div>\n\n            \n<style>\n#banner-1054196013 {\n  padding-top: 80%;\n}\n#banner-1054196013 .overlay {\n  background-color: rgba(0, 0, 0, 0.017);\n}\n#banner-1054196013 .banner-bg img {\n  object-position: 0% 0%;\n}\n@media (min-width:550px) {\n  #banner-1054196013 {\n    padding-top: 40%;\n  }\n}\n@media (min-width:850px) {\n  #banner-1054196013 {\n    padding-top: 500px;\n  }\n}\n<\/style>\n  <\/div>\n\n\n\n\t<section class=\"section\" id=\"section_1285632450\">\n\t\t<div class=\"section-bg fill\" >\n\t\t\t\t\t\t\t\t\t\n\t\t\t\n\n\t\t<\/div>\n\n\t\t\n\n\t\t<div class=\"section-content relative\">\n\t\t\t\n<div class=\"row align-middle align-center\"  id=\"row-725617907\">\n\n\t<div id=\"col-409360305\" class=\"col medium-10 small-12 large-10\"  >\n\t\t\t\t<div class=\"col-inner\"  >\n\t\t\t\n\t\t\t\n<h2 class=\"uppercase\">Weckman Geolevy Geo-45 f\u00f6r markarbeten<\/h2>\n\t\t<\/div>\n\t\t\t\t\t<\/div>\n\n\t\n\n\t<div id=\"col-2041912446\" class=\"col medium-6 small-12 large-6\"  >\n\t\t\t\t<div class=\"col-inner text-center\"  >\n\t\t\t\n\t\t\t\n\t<div class=\"img has-hover x md-x lg-x y md-y lg-y\" id=\"image_1565404954\">\n\t\t\t\t\t\t\t\t<div class=\"img-inner dark\" >\n\t\t\t<img loading=\"lazy\" decoding=\"async\" width=\"1020\" height=\"737\" src=\"https:\/\/www.weckmansteel.fi\/wp-content\/uploads\/2019\/03\/Sivu-3-ylin-1024x740.jpg\" class=\"attachment-large size-large\" alt=\"\" srcset=\"https:\/\/www.weckmansteel.fi\/wp-content\/uploads\/2019\/03\/Sivu-3-ylin-1024x740.jpg 1024w, https:\/\/www.weckmansteel.fi\/wp-content\/uploads\/2019\/03\/Sivu-3-ylin-900x650.jpg 900w, https:\/\/www.weckmansteel.fi\/wp-content\/uploads\/2019\/03\/Sivu-3-ylin-300x217.jpg 300w, https:\/\/www.weckmansteel.fi\/wp-content\/uploads\/2019\/03\/Sivu-3-ylin-768x555.jpg 768w, https:\/\/www.weckmansteel.fi\/wp-content\/uploads\/2019\/03\/Sivu-3-ylin.jpg 1294w\" sizes=\"auto, (max-width: 1020px) 100vw, 1020px\" \/>\t\t\t\t\t\t\n\t\t\t\t\t<\/div>\n\t\t\t\t\t\t\t\t\n<style>\n#image_1565404954 {\n  width: 100%;\n}\n<\/style>\n\t<\/div>\n\t\n\t\t<\/div>\n\t\t\t\t\t<\/div>\n\n\t\n\n\t<div id=\"col-1646459928\" class=\"col medium-6 small-12 large-6\"  >\n\t\t\t\t<div class=\"col-inner\"  >\n\t\t\t\n\t\t\t\n\t<div class=\"img has-hover x md-x lg-x y md-y lg-y\" id=\"image_1977152108\">\n\t\t\t\t\t\t\t\t<div class=\"img-inner dark\" >\n\t\t\t<img loading=\"lazy\" decoding=\"async\" width=\"987\" height=\"300\" src=\"https:\/\/www.weckmansteel.fi\/wp-content\/uploads\/2019\/03\/Sivu-3-keskimm\u00e4inen.jpg\" class=\"attachment-large size-large\" alt=\"\" srcset=\"https:\/\/www.weckmansteel.fi\/wp-content\/uploads\/2019\/03\/Sivu-3-keskimm\u00e4inen.jpg 987w, https:\/\/www.weckmansteel.fi\/wp-content\/uploads\/2019\/03\/Sivu-3-keskimm\u00e4inen-900x274.jpg 900w, https:\/\/www.weckmansteel.fi\/wp-content\/uploads\/2019\/03\/Sivu-3-keskimm\u00e4inen-300x91.jpg 300w, https:\/\/www.weckmansteel.fi\/wp-content\/uploads\/2019\/03\/Sivu-3-keskimm\u00e4inen-768x233.jpg 768w\" sizes=\"auto, (max-width: 987px) 100vw, 987px\" \/>\t\t\t\t\t\t\n\t\t\t\t\t<\/div>\n\t\t\t\t\t\t\t\t\n<style>\n#image_1977152108 {\n  width: 100%;\n}\n<\/style>\n\t<\/div>\n\t\n\t\t<\/div>\n\t\t\t\t\t<\/div>\n\n\t\n<\/div>\n<div class=\"row align-center\"  id=\"row-1934434142\">\n\n\t<div id=\"col-1872152988\" class=\"col medium-10 small-12 large-10\"  >\n\t\t\t\t<div class=\"col-inner text-left\"  >\n\t\t\t\n\t\t\t\n<p><span class=\"HwtZe\" lang=\"sv\"><span class=\"jCAhz ChMk0b\"><span class=\"ryNqvb\">Weckman GEO-45 geoplattan anv\u00e4nds till exempel i r\u00f6r- och kabelgravar d\u00e4r nackdelarna med oj\u00e4mn botten och b\u00e4righet ska minimeras.<\/span><\/span> <span class=\"jCAhz ChMk0b\"><span class=\"ryNqvb\">Weckman GEO-45 f\u00f6rst\u00e4rker botten av diket och minskar s\u00e4ttningen av slutfyllningen kostnadseffektivt.<\/span><\/span> <\/span><\/p>\n<p><span class=\"HwtZe\" lang=\"sv\"><span class=\"jCAhz ChMk0b\"><span class=\"ryNqvb\">Weckman GEO-45 r\u00f6rgallerplattor \u00e4r tillverkade av st\u00e5l S350GD+Z enligt standard SFS-EN 10147 och med en nominell tjocklek p\u00e5 0,7 mm.<\/span><\/span> <span class=\"jCAhz ChMk0b\"><span class=\"ryNqvb\">Tillverkningsmaterialet \u00e4r varmf\u00f6rzinkat 350 g\/m2 (EN 10326).<\/span><\/span> <span class=\"jCAhz ChMk0b\"><span class=\"ryNqvb\">Weckman GEO-45 \u00e4r CE-m\u00e4rkt.<\/span><\/span> <span class=\"jCAhz ChMk0b\"><span class=\"ryNqvb\">GEO-45 best\u00e5r av en st\u00e5lgallerplatta och sidoprofiler.<\/span><\/span> <\/span><\/p>\n<ul>\n<li><span class=\"HwtZe\" lang=\"sv\"><span class=\"jCAhz ChMk0b\"><span class=\"ryNqvb\">GEO-45 standardl\u00e4ngd 3500 mm<\/span><\/span> <\/span><\/li>\n<li><span class=\"HwtZe\" lang=\"sv\"><span class=\"jCAhz ChMk0b\"><span class=\"ryNqvb\">Standardl\u00e4ngden p\u00e5 sidoprofilerna \u00e4r 2000 mm<\/span><\/span> <\/span><\/li>\n<li><span class=\"HwtZe\" lang=\"sv\"><span class=\"jCAhz ChMk0b\"><span class=\"ryNqvb\">Paketet med GEO-45 inneh\u00e5ller k500 f\u00e4stskruvar f\u00f6r sidorna<\/span><\/span> <\/span><\/li>\n<li><span class=\"HwtZe\" lang=\"sv\"><span class=\"jCAhz ChMk0b\"><span class=\"ryNqvb\">Installation: InfraRYL 2009\/1 1<\/span><\/span><\/span><\/li>\n<\/ul>\n<p><a class=\"is-outline button primary\" href=\"https:\/\/www.weckmansteel.fi\/wp-content\/uploads\/2019\/03\/Weckman-Pro-2019.pdf\">Ladda ner Weckman PRO-broschyren<\/a><\/p>\n<p><a class=\"is-outline button primary\" href=\"https:\/\/www.prodlib.com\/weckman?lang=en\" target=\"_blank\" rel=\"noopener\">Ladda ner BIM-objekt<\/a><\/p>\n\t\t<\/div>\n\t\t\t\t\t<\/div>\n\n\t\n<\/div>\n\t\t<\/div>\n\n\t\t\n<style>\n#section_1285632450 {\n  padding-top: 60px;\n  padding-bottom: 60px;\n}\n<\/style>\n\t<\/section>\n\t\n","protected":false},"excerpt":{"rendered":"","protected":false},"author":17,"featured_media":0,"parent":0,"menu_order":203,"comment_status":"closed","ping_status":"closed","template":"page-blank.php","meta":{"footnotes":""},"class_list":["post-25643","page","type-page","status-publish","hentry"],"_links":{"self":[{"href":"https:\/\/www.weckmansteel.fi\/sv\/wp-json\/wp\/v2\/pages\/25643","targetHints":{"allow":["GET"]}}],"collection":[{"href":"https:\/\/www.weckmansteel.fi\/sv\/wp-json\/wp\/v2\/pages"}],"about":[{"href":"https:\/\/www.weckmansteel.fi\/sv\/wp-json\/wp\/v2\/types\/page"}],"author":[{"embeddable":true,"href":"https:\/\/www.weckmansteel.fi\/sv\/wp-json\/wp\/v2\/users\/17"}],"replies":[{"embeddable":true,"href":"https:\/\/www.weckmansteel.fi\/sv\/wp-json\/wp\/v2\/comments?post=25643"}],"version-history":[{"count":1,"href":"https:\/\/www.weckmansteel.fi\/sv\/wp-json\/wp\/v2\/pages\/25643\/revisions"}],"predecessor-version":[{"id":41683,"href":"https:\/\/www.weckmansteel.fi\/sv\/wp-json\/wp\/v2\/pages\/25643\/revisions\/41683"}],"wp:attachment":[{"href":"https:\/\/www.weckmansteel.fi\/sv\/wp-json\/wp\/v2\/media?parent=25643"}],"curies":[{"name":"wp","href":"https:\/\/api.w.org\/{rel}","templated":true}]}}