{"id":29194,"date":"2023-04-17T10:43:53","date_gmt":"2023-04-17T07:43:53","guid":{"rendered":"https:\/\/www.weckmansteel.fi\/miksi-weckman-perakarryt\/"},"modified":"2026-03-11T10:51:01","modified_gmt":"2026-03-11T08:51:01","slug":"varfor-weckman-traktorslapvagnar","status":"publish","type":"page","link":"https:\/\/www.weckmansteel.fi\/sv\/varfor-weckman-traktorslapvagnar\/","title":{"rendered":"Varf\u00f6r Weckman traktorsl\u00e4pvagnar"},"content":{"rendered":"\n\t<section class=\"section dark\" id=\"section_502919721\">\n\t\t<div class=\"section-bg fill\" >\n\t\t\t<img loading=\"lazy\" decoding=\"async\" width=\"1300\" height=\"800\" src=\"https:\/\/www.weckmansteel.fi\/wp-content\/uploads\/2022\/12\/Karrykuva-V2_muokattu.jpg\" class=\"bg attachment-1536x1536 size-1536x1536\" alt=\"\" \/>\t\t\t\t\t\t<div class=\"section-bg-overlay absolute fill\"><\/div>\n\t\t\t\n\n\t\t<\/div>\n\n\t\t\n\n\t\t<div class=\"section-content relative\">\n\t\t\t\n<div class=\"row\"  id=\"row-35417135\">\n\n\t<div id=\"col-791863984\" class=\"col small-12 large-12\"  >\n\t\t\t\t<div class=\"col-inner text-center\"  >\n\t\t\t\n\t\t\t\n\t<div id=\"text-3154290672\" class=\"text heading-font\">\n\t\t\n<p class=\"uppercase\"><strong>Lasterna varierar \u2013 Weckman h\u00e5ller<\/strong><\/p>\n\t\t\n<style>\n#text-3154290672 {\n  font-size: 2.25rem;\n}\n@media (min-width:550px) {\n  #text-3154290672 {\n    font-size: 2.75rem;\n  }\n}\n<\/style>\n\t<\/div>\n\t\n\t\t<\/div>\n\t\t\t\t\n<style>\n#col-791863984 > .col-inner {\n  margin: 0px 0px -90px 0px;\n}\n<\/style>\n\t<\/div>\n\n\t\n<\/div>\n\t\t<\/div>\n\n\t\t\n<style>\n#section_502919721 {\n  padding-top: 0px;\n  padding-bottom: 0px;\n  min-height: 500px;\n}\n#section_502919721 .section-bg-overlay {\n  background-color: rgba(0, 30, 78, 0.5);\n}\n#section_502919721 .section-bg img {\n  object-position: 55% 100%;\n}\n<\/style>\n\t<\/section>\n\t\n<div class=\"row\"  id=\"row-1381909668\">\n\n\n\t<div id=\"col-2052492416\" class=\"col small-12 large-12\"  >\n\t\t\t\t<div class=\"col-inner\"  >\n\t\t\t\n\t\t\t\n\n\n\n<div class=\"breadcrumb\">\n<nav aria-label=\"breadcrumbs\" class=\"rank-math-breadcrumb\"><p><span class=\"last\">Weckman<\/span><\/p><\/nav>\n<\/div>\n\n\n\t\t<\/div>\n\t\t\t\t\t<\/div>\n\n\t\n\n<\/div>\n\n\t<section class=\"section\" id=\"section_1714603041\">\n\t\t<div class=\"section-bg fill\" >\n\t\t\t\t\t\t\t\t\t\n\t\t\t\n\n\t\t<\/div>\n\n\t\t\n\n\t\t<div class=\"section-content relative\">\n\t\t\t\n<div class=\"row row-large align-center\"  id=\"row-1116834817\">\n\n\t<div id=\"col-756089532\" class=\"col small-12 large-12\"  >\n\t\t\t\t<div class=\"col-inner\"  >\n\t\t\t\n\t\t\t\n\t<div id=\"text-2105869502\" class=\"text\">\n\t\t\n<h1>Traktorsl\u00e4pvagn i enligt driftsmilj\u00f6n och kraven<\/h1>\n<p><strong>I Weckmans sortiment hittar du<\/strong><\/p>\n<ul>\n<li>spannm\u00e5ls- och fodervagnar med f\u00e4llbara och fasta l\u00e4mmar<\/li>\n<li>robusta dumpervagnar f\u00f6r kr\u00e4vande anv\u00e4ndning<\/li>\n<li>sl\u00e4pvagnar f\u00f6r m\u00e5nga slags transportbehov och produktionsarbete<\/li>\n<\/ul>\n\t\t\n<style>\n#text-2105869502 {\n  text-align: center;\n}\n<\/style>\n\t<\/div>\n\t\n\t\t<\/div>\n\t\t\t\t\n<style>\n#col-756089532 > .col-inner {\n  padding: 0px 10px 0px 10px;\n}\n<\/style>\n\t<\/div>\n\n\t\n<\/div>\n\t\t<\/div>\n\n\t\t\n<style>\n#section_1714603041 {\n  padding-top: 60px;\n  padding-bottom: 60px;\n}\n<\/style>\n\t<\/section>\n\t\n\n\t<section class=\"section dark has-parallax\" id=\"section_1597743853\">\n\t\t<div class=\"section-bg fill\" data-parallax-container=\".section\" data-parallax-background data-parallax=\"-2\">\n\t\t\t<img loading=\"lazy\" decoding=\"async\" width=\"1300\" height=\"800\" src=\"https:\/\/www.weckmansteel.fi\/wp-content\/uploads\/2022\/12\/5D4_7998_muokattu.jpg\" class=\"bg attachment-1536x1536 size-1536x1536\" alt=\"\" \/>\t\t\t\t\t\t<div class=\"section-bg-overlay absolute fill\"><\/div>\n\t\t\t\n\n\t\t<\/div>\n\n\t\t\n\n\t\t<div class=\"section-content relative\">\n\t\t\t\n<div class=\"row row-large align-center\"  id=\"row-2123459059\">\n\n\t<div id=\"col-1194014621\" class=\"col medium-10 small-12 large-10\"  >\n\t\t\t\t<div class=\"col-inner\"  >\n\t\t\t\n\t\t\t\n\t<div id=\"text-499227836\" class=\"text\">\n\t\t\n<h2 style=\"text-align: left;\">Andra faktorer som p\u00e5verkar valet av sl\u00e4pvagn<\/h2>\n<ul>\n<li style=\"text-align: left;\">En bra sl\u00e4pvagn \u00e4r m\u00e5ngsidig och \u00f6kar sl\u00e4pvagnens utnyttjandegrad.<\/li>\n<li style=\"text-align: left;\">Ett brett utbud av tillbeh\u00f6r kompletterar sl\u00e4pvagnens m\u00e5ngsidighet.<\/li>\n<li style=\"text-align: left;\">Sl\u00e4pvagnens maximala vikt m\u00e5ste st\u00e5 i proportion till traktorns egenvikt i enlighet med lagen.<\/li>\n<li style=\"text-align: left;\">Oljebehovet f\u00f6r sl\u00e4pvagnens tiltcylinder \u00e4r f\u00f6renligt med traktorns oljevolym.<\/li>\n<li style=\"text-align: left;\">Den retardation som enligt lagen kr\u00e4vs f\u00f6r en traktor i v\u00e4gtrafik (hastighet \u00f6ver 40 km\/h) s\u00e4kerst\u00e4lls av ett korrekt dimensionerat bromssystem.<\/li>\n<li style=\"text-align: left;\">En god tillg\u00e5ng till reservdelar minskar anv\u00e4ndningsuppeh\u00e5llen.<\/li>\n<li style=\"text-align: left;\">Weckmans sl\u00e4pvagnar genomg\u00e5r alltid ett omfattande testprogram av tredje part och uppfyller kraven i EU-standarden (maskindirektivet 2006\/42\/EG), vilket garanterar s\u00e4kerheten som sl\u00e4pvagn.<\/li>\n<li style=\"text-align: left;\">Observera att Weckman erbjuder en 2-\u00e5rig garanti p\u00e5 alla traktorsl\u00e4pvagnar som tillverkas av Weckman.<\/li>\n<\/ul>\n\t\t\n<style>\n#text-499227836 {\n  text-align: left;\n}\n<\/style>\n\t<\/div>\n\t\n\t\t<\/div>\n\t\t\t\t\t<\/div>\n\n\t\n\n<style>\n#row-2123459059 > .col > .col-inner {\n  padding: 0px 10px 0px 10px;\n}\n<\/style>\n<\/div>\n\t\t<\/div>\n\n\t\t\n<style>\n#section_1597743853 {\n  padding-top: 60px;\n  padding-bottom: 60px;\n  background-color: rgb(2, 80, 153);\n}\n#section_1597743853 .section-bg-overlay {\n  background-color: rgba(0, 54, 105, 0.66);\n}\n#section_1597743853 .section-bg img {\n  object-position: 60% 60%;\n}\n<\/style>\n\t<\/section>\n\t\n<p>&nbsp;<\/p>\n\n\t<section class=\"section\" id=\"section_449055773\">\n\t\t<div class=\"section-bg fill\" >\n\t\t\t\t\t\t\t\t\t\n\t\t\t\n\n\t\t<\/div>\n\n\t\t\n\n\t\t<div class=\"section-content relative\">\n\t\t\t\n<div class=\"row row-collapse align-center\"  id=\"row-870865177\">\n\n\t<div id=\"col-16696493\" class=\"col medium-4 small-12 large-4\"  >\n\t\t\t\t<div class=\"col-inner text-center\"  >\n\t\t\t\n\t\t\t\n\t<div class=\"img has-hover x md-x lg-x y md-y lg-y\" id=\"image_1264105928\">\n\t\t\t\t\t\t\t\t<div class=\"img-inner dark\" >\n\t\t\t<img loading=\"lazy\" decoding=\"async\" width=\"1\" height=\"1\" src=\"https:\/\/www.weckmansteel.fi\/wp-content\/uploads\/2021\/05\/harka.svg\" class=\"attachment-medium_large size-medium_large\" alt=\"\" \/>\t\t\t\t\t\t\n\t\t\t\t\t<\/div>\n\t\t\t\t\t\t\t\t\n<style>\n#image_1264105928 {\n  width: 74%;\n}\n<\/style>\n\t<\/div>\n\t\n\t\t<\/div>\n\t\t\t\t\n<style>\n#col-16696493 > .col-inner {\n  padding: 0px 0px 25px 0px;\n}\n<\/style>\n\t<\/div>\n\n\t\n\n\t<div id=\"col-1401518572\" class=\"col small-12 large-12\"  >\n\t\t\t\t<div class=\"col-inner\"  >\n\t\t\t\n\t\t\t\n\t<div id=\"text-3411308493\" class=\"text\">\n\t\t\n<h2 class=\"red\">Weckman traktorsl\u00e4pvagnar<\/h2>\n<p style=\"text-align: center;\">I hemlandet var Weckman-vagnarna k\u00e4nda under det traditionella namnet TUHTI. Fr\u00e5n och med 2023 kommer TUHTI-traktorsl\u00e4pvagnarna att s\u00e4ljas som Weckman-traktorsl\u00e4pvagnar. Sl\u00e4pvagnarna effektiverar arbetet bl.a. inom jord- och skogsbrukets produktions- och transportarbeten. \u00d6verv\u00e4gda detaljer garanterar den ypperliga h\u00e5llbarheten, anv\u00e4ndarbekv\u00e4mligheten och arbetss\u00e4kerheten hos Weckmans sl\u00e4pvagnar. En stabil boggi och h\u00f6g frig\u00e5ng underl\u00e4ttar traktorsl\u00e4pvagnens framkomst \u00e4ven i sv\u00e5ra f\u00f6rh\u00e5llanden. Den vridstyva konstruktionen p\u00e5 chassit f\u00f6r Weckman vagnarna \u00e4r flexibelt \u00e4ven med k\u00f6rning med parhjul.<\/p>\n\t\t\n<style>\n#text-3411308493 {\n  text-align: center;\n}\n<\/style>\n\t<\/div>\n\t\n\t\t<\/div>\n\t\t\t\t\n<style>\n#col-1401518572 > .col-inner {\n  padding: 0px 10px 0px 10px;\n}\n<\/style>\n\t<\/div>\n\n\t\n<\/div>\n\t\t<\/div>\n\n\t\t\n<style>\n#section_449055773 {\n  padding-top: 20px;\n  padding-bottom: 20px;\n}\n<\/style>\n\t<\/section>\n\t\n\n\t<section class=\"section\" id=\"section_1702359871\">\n\t\t<div class=\"section-bg fill\" >\n\t\t\t\t\t\t\t\t\t\n\t\t\t\n\n\t\t<\/div>\n\n\t\t\n\n\t\t<div class=\"section-content relative\">\n\t\t\t\n<div class=\"row row-small align-top align-center\"  id=\"row-1107336328\">\n\n\t<div id=\"col-232942471\" class=\"col medium-4 small-12 large-4\"  >\n\t\t\t\t<div class=\"col-inner text-left\"  >\n\t\t\t\n\t\t\t\n\t<div class=\"box has-hover flatsome-box  has-hover box-text-bottom\" >\n\n\t\t<div class=\"box-image\" >\n\t\t\t\t\t\t<div class=\"image-cover\" style=\"padding-top:56.25%;\">\n\t\t\t\t<img loading=\"lazy\" decoding=\"async\" width=\"1020\" height=\"628\" src=\"https:\/\/www.weckmansteel.fi\/wp-content\/uploads\/2021\/05\/5D4_7671-1024x630.jpg\" class=\"attachment-large size-large\" alt=\"\" srcset=\"https:\/\/www.weckmansteel.fi\/wp-content\/uploads\/2021\/05\/5D4_7671-1024x630.jpg 1024w, https:\/\/www.weckmansteel.fi\/wp-content\/uploads\/2021\/05\/5D4_7671-900x554.jpg 900w, https:\/\/www.weckmansteel.fi\/wp-content\/uploads\/2021\/05\/5D4_7671-300x185.jpg 300w, https:\/\/www.weckmansteel.fi\/wp-content\/uploads\/2021\/05\/5D4_7671-768x473.jpg 768w, https:\/\/www.weckmansteel.fi\/wp-content\/uploads\/2021\/05\/5D4_7671.jpg 1300w\" sizes=\"auto, (max-width: 1020px) 100vw, 1020px\" \/>\t\t\t\t\t\t\t\t\t\t\t<\/div>\n\t\t\t\t\t<\/div>\n\n\t\t<div class=\"box-text text-center is-small\" style=\"background-color:rgb(2, 80, 153);padding:0px 0px 0px 0px;\">\n\t\t\t<div class=\"box-text-inner\">\n\t\t\t\t\n<h3 class=\"uppercase\"><span style=\"color: #ffffff;\">M\u00e5ngsidig<\/span><\/h3>\n\t\t\t<\/div>\n\t\t<\/div>\n\t<\/div>\n\t\n\t\t<\/div>\n\t\t\t\t\n<style>\n#col-232942471 > .col-inner {\n  padding: 0px 0px 0px 0px;\n}\n<\/style>\n\t<\/div>\n\n\t\n\n\t<div id=\"col-1824938623\" class=\"col medium-4 small-12 large-4\"  >\n\t\t\t\t<div class=\"col-inner text-left\"  >\n\t\t\t\n\t\t\t\n\t<div class=\"box has-hover flatsome-box  has-hover box-text-bottom\" >\n\n\t\t<div class=\"box-image\" >\n\t\t\t\t\t\t<div class=\"image-cover\" style=\"padding-top:56.25%;\">\n\t\t\t\t<img loading=\"lazy\" decoding=\"async\" width=\"1020\" height=\"628\" src=\"https:\/\/www.weckmansteel.fi\/wp-content\/uploads\/2021\/05\/5D4_7497-1024x630.jpg\" class=\"attachment-large size-large\" alt=\"\" srcset=\"https:\/\/www.weckmansteel.fi\/wp-content\/uploads\/2021\/05\/5D4_7497-1024x630.jpg 1024w, https:\/\/www.weckmansteel.fi\/wp-content\/uploads\/2021\/05\/5D4_7497-900x554.jpg 900w, https:\/\/www.weckmansteel.fi\/wp-content\/uploads\/2021\/05\/5D4_7497-300x185.jpg 300w, https:\/\/www.weckmansteel.fi\/wp-content\/uploads\/2021\/05\/5D4_7497-768x473.jpg 768w, https:\/\/www.weckmansteel.fi\/wp-content\/uploads\/2021\/05\/5D4_7497.jpg 1300w\" sizes=\"auto, (max-width: 1020px) 100vw, 1020px\" \/>\t\t\t\t\t\t\t\t\t\t\t<\/div>\n\t\t\t\t\t<\/div>\n\n\t\t<div class=\"box-text text-center is-small\" style=\"background-color:rgb(2, 80, 153);padding:0px 0px 0px 0px;\">\n\t\t\t<div class=\"box-text-inner\">\n\t\t\t\t\n<h3 class=\"uppercase\"><span style=\"color: #ffffff;\">H\u00e5llbar<\/span><\/h3>\n\t\t\t<\/div>\n\t\t<\/div>\n\t<\/div>\n\t\n\t\t<\/div>\n\t\t\t\t\n<style>\n#col-1824938623 > .col-inner {\n  padding: 0px 0px 0px 0px;\n}\n<\/style>\n\t<\/div>\n\n\t\n\n\t<div id=\"col-1595869635\" class=\"col medium-4 small-12 large-4\"  >\n\t\t\t\t<div class=\"col-inner text-left\"  >\n\t\t\t\n\t\t\t\n\t<div class=\"box has-hover flatsome-box  has-hover box-text-bottom\" >\n\n\t\t<div class=\"box-image\" >\n\t\t\t\t\t\t<div class=\"image-cover\" style=\"padding-top:56.25%;\">\n\t\t\t\t<img loading=\"lazy\" decoding=\"async\" width=\"1020\" height=\"628\" src=\"https:\/\/www.weckmansteel.fi\/wp-content\/uploads\/2022\/12\/5D4_7566_muokattu-1024x630.jpg\" class=\"attachment-large size-large\" alt=\"\" srcset=\"https:\/\/www.weckmansteel.fi\/wp-content\/uploads\/2022\/12\/5D4_7566_muokattu-1024x630.jpg 1024w, https:\/\/www.weckmansteel.fi\/wp-content\/uploads\/2022\/12\/5D4_7566_muokattu-900x554.jpg 900w, https:\/\/www.weckmansteel.fi\/wp-content\/uploads\/2022\/12\/5D4_7566_muokattu-300x185.jpg 300w, https:\/\/www.weckmansteel.fi\/wp-content\/uploads\/2022\/12\/5D4_7566_muokattu-768x473.jpg 768w, https:\/\/www.weckmansteel.fi\/wp-content\/uploads\/2022\/12\/5D4_7566_muokattu.jpg 1300w\" sizes=\"auto, (max-width: 1020px) 100vw, 1020px\" \/>\t\t\t\t\t\t\t\t\t\t\t<\/div>\n\t\t\t\t\t<\/div>\n\n\t\t<div class=\"box-text text-center is-small\" style=\"background-color:rgb(2, 80, 153);padding:0px 0px 0px 0px;\">\n\t\t\t<div class=\"box-text-inner\">\n\t\t\t\t\n<h3 class=\"uppercase\"><span style=\"color: #ffffff;\">INHEMSK<\/span><\/h3>\n\t\t\t<\/div>\n\t\t<\/div>\n\t<\/div>\n\t\n\t\t<\/div>\n\t\t\t\t\n<style>\n#col-1595869635 > .col-inner {\n  padding: 0px 0px 0px 0px;\n}\n<\/style>\n\t<\/div>\n\n\t\n\n<style>\n#row-1107336328 > .col > .col-inner {\n  padding: 0px 0px 0px 0px;\n}\n@media (min-width:850px) {\n  #row-1107336328 > .col > .col-inner {\n    padding: 0px 0px 0px 0px;\n  }\n}\n<\/style>\n<\/div>\n\n\t<div id=\"gap-2015610429\" class=\"gap-element clearfix\" style=\"display:block; height:auto;\">\n\t\t\n<style>\n#gap-2015610429 {\n  padding-top: 10px;\n}\n<\/style>\n\t<\/div>\n\t\n\t\t<\/div>\n\n\t\t\n<style>\n#section_1702359871 {\n  padding-top: 2px;\n  padding-bottom: 2px;\n  min-height: 0px;\n}\n@media (min-width:850px) {\n  #section_1702359871 {\n    padding-top: 0px;\n    padding-bottom: 0px;\n  }\n}\n<\/style>\n\t<\/section>\n\t\n\n\t<section class=\"section\" id=\"section_1228327856\">\n\t\t<div class=\"section-bg fill\" >\n\t\t\t\t\t\t\t\t\t\n\t\t\t\n\n\t\t<\/div>\n\n\t\t\n\n\t\t<div class=\"section-content relative\">\n\t\t\t\n<div class=\"row align-center\"  id=\"row-1044099042\">\n\n\t<div id=\"col-1875234794\" class=\"col medium-9 small-12 large-9\"  >\n\t\t\t\t<div class=\"col-inner text-center\"  >\n\t\t\t\n\t\t\t\n<h2 style=\"text-align: center;\">Traktorsl\u00e4pvagnar fr\u00e5n Weckman<\/h2>\n<p style=\"text-align: center;\">Weckman Steel har \u00f6ver 60 \u00e5rs erfarenhet av design och tillverkning av TUHTI WS-sl\u00e4pvagnar. I dag \u00e4r TUHTI-vagnarna k\u00e4nda som Weckman-vagnar. Alla Weckmans traktorsl\u00e4pvagnar tillverkas \u00e4n idag i Finland, i Weckman Steel Oy:s fabrik i Vierum\u00e4ki.<\/p>\n<p>Uppt\u00e4ck de popul\u00e4raste Weckman-sl\u00e4pvagnarna i Finland hos din n\u00e4rmaste \u00e5terf\u00f6rs\u00e4ljare. De innovativa Weckman-traktorvagnarna fr\u00e5n v\u00e5r nya kollektion finns i alla Hankkija-Maatalous Oy-butiker runt om i Finland.<\/p>\n<a href=\"https:\/\/www.weckmansteel.fi\/sv\/kontaktuppgifter\/#traktorslap\" class=\"button secondary\" >\n\t\t<span>Hitta den n\u00e4rmaste \u00e5terf\u00f6rs\u00e4ljaren<\/span>\n\t<\/a>\n\n\t\t<\/div>\n\t\t\t\t\t<\/div>\n\n\t\n<\/div>\n\t\t<\/div>\n\n\t\t\n<style>\n#section_1228327856 {\n  padding-top: 30px;\n  padding-bottom: 30px;\n}\n<\/style>\n\t<\/section>\n\t\n\n\t<section class=\"section dark\" id=\"section_1028310425\">\n\t\t<div class=\"section-bg fill\" >\n\t\t\t\t\t\t\t\t\t\n\t\t\t\n\n\t\t<\/div>\n\n\t\t\n\n\t\t<div class=\"section-content relative\">\n\t\t\t\n\t<div id=\"text-3661967673\" class=\"text\">\n\t\t\n<h2 class=\"uppercase\">Weckman Steels inhemska<br \/>\nSl\u00e4pvagnar f\u00f6r traktorer<\/h2>\n\t\t\n<style>\n#text-3661967673 {\n  text-align: center;\n}\n<\/style>\n\t<\/div>\n\t\n<div class=\"row row-collapse align-center\"  id=\"row-1974117229\">\n\n\t<div id=\"col-2016960024\" class=\"col medium-4 small-6 large-4\"  >\n\t\t\t\t<div class=\"col-inner\"  >\n\t\t\t\n\t\t\t\n\t<div class=\"box has-hover flatsome-box  has-hover box-text-bottom\" >\n\n\t\t<div class=\"box-image\" >\n\t\t\t\t\t\t<div class=\"image-cover\" style=\"padding-top:75%;\">\n\t\t\t\t<img loading=\"lazy\" decoding=\"async\" width=\"1020\" height=\"628\" src=\"https:\/\/www.weckmansteel.fi\/wp-content\/uploads\/2022\/12\/5D4_7283-2-Edit_muokattu-1-1024x630.jpg\" class=\"attachment-large size-large\" alt=\"\" srcset=\"https:\/\/www.weckmansteel.fi\/wp-content\/uploads\/2022\/12\/5D4_7283-2-Edit_muokattu-1-1024x630.jpg 1024w, https:\/\/www.weckmansteel.fi\/wp-content\/uploads\/2022\/12\/5D4_7283-2-Edit_muokattu-1-900x554.jpg 900w, https:\/\/www.weckmansteel.fi\/wp-content\/uploads\/2022\/12\/5D4_7283-2-Edit_muokattu-1-300x185.jpg 300w, https:\/\/www.weckmansteel.fi\/wp-content\/uploads\/2022\/12\/5D4_7283-2-Edit_muokattu-1-768x473.jpg 768w, https:\/\/www.weckmansteel.fi\/wp-content\/uploads\/2022\/12\/5D4_7283-2-Edit_muokattu-1.jpg 1300w\" sizes=\"auto, (max-width: 1020px) 100vw, 1020px\" \/>\t\t\t\t\t\t\t\t\t\t\t<\/div>\n\t\t\t\t\t<\/div>\n\n\t\t<div class=\"box-text text-center\" >\n\t\t\t<div class=\"box-text-inner\">\n\t\t\t\t\n<h2>Spannm\u00e5lsvagnar med \u00f6ppningsbara l\u00e4mmar<\/h2>\n<p>Spannm\u00e5ls- och fodervagnar med \u00f6ppningsbara l\u00e4mmar<\/p>\n<a href=\"https:\/\/www.weckmansteel.fi\/sv\/traktorslapvagnar\/spannmalsvagnar-med-oppningsbara-lammar\/\" class=\"button secondary\" >\n\t\t<span>Bekanta dig med modellerna och best\u00e4ll<\/span>\n\t<\/a>\n\n\t<div id=\"gap-1983044806\" class=\"gap-element clearfix\" style=\"display:block; height:auto;\">\n\t\t\n<style>\n#gap-1983044806 {\n  padding-top: 50px;\n}\n<\/style>\n\t<\/div>\n\t\n\t\t\t<\/div>\n\t\t<\/div>\n\t<\/div>\n\t\n\t\t<\/div>\n\t\t\t\t\n<style>\n#col-2016960024 > .col-inner {\n  padding: 0px 0px 0px 0px;\n}\n<\/style>\n\t<\/div>\n\n\t\n\n\t<div id=\"col-1832610240\" class=\"col medium-4 small-6 large-4\"  >\n\t\t\t\t<div class=\"col-inner\"  >\n\t\t\t\n\t\t\t\n\t<div class=\"box has-hover flatsome-box  has-hover box-text-bottom\" >\n\n\t\t<div class=\"box-image\" >\n\t\t\t\t\t\t<div class=\"image-cover\" style=\"padding-top:75%;\">\n\t\t\t\t<img loading=\"lazy\" decoding=\"async\" width=\"1020\" height=\"765\" src=\"https:\/\/www.weckmansteel.fi\/wp-content\/uploads\/2022\/12\/Kiintealaitaset_viljavaunut_IMG_4_4082-1024x768_muokattu-1.jpg\" class=\"attachment-large size-large\" alt=\"\" srcset=\"https:\/\/www.weckmansteel.fi\/wp-content\/uploads\/2022\/12\/Kiintealaitaset_viljavaunut_IMG_4_4082-1024x768_muokattu-1.jpg 1024w, https:\/\/www.weckmansteel.fi\/wp-content\/uploads\/2022\/12\/Kiintealaitaset_viljavaunut_IMG_4_4082-1024x768_muokattu-1-900x675.jpg 900w, https:\/\/www.weckmansteel.fi\/wp-content\/uploads\/2022\/12\/Kiintealaitaset_viljavaunut_IMG_4_4082-1024x768_muokattu-1-300x225.jpg 300w, https:\/\/www.weckmansteel.fi\/wp-content\/uploads\/2022\/12\/Kiintealaitaset_viljavaunut_IMG_4_4082-1024x768_muokattu-1-768x576.jpg 768w\" sizes=\"auto, (max-width: 1020px) 100vw, 1020px\" \/>\t\t\t\t\t\t\t\t\t\t\t<\/div>\n\t\t\t\t\t<\/div>\n\n\t\t<div class=\"box-text text-center\" >\n\t\t\t<div class=\"box-text-inner\">\n\t\t\t\t\n<h2>Spannm\u00e5lsvagnar med fasta l\u00e4mmar<\/h2>\n<p>Spannm\u00e5ls- och fodervagnar med fasta l\u00e4mmar<\/p>\n<a href=\"https:\/\/www.weckmansteel.fi\/sv\/traktorslapvagnar\/spannmalsvagnar-med-fasta-lammar\/\" class=\"button secondary\" >\n\t\t<span>Bekanta dig med modellerna och best\u00e4ll<\/span>\n\t<\/a>\n\n\t\t\t<\/div>\n\t\t<\/div>\n\t<\/div>\n\t\n\t\t<\/div>\n\t\t\t\t\n<style>\n#col-1832610240 > .col-inner {\n  padding: 0px 0px 0px 0px;\n}\n<\/style>\n\t<\/div>\n\n\t\n\n\n\t<div id=\"col-1244447322\" class=\"col medium-4 small-6 large-4\"  >\n\t\t\t\t<div class=\"col-inner\"  >\n\t\t\t\n\t\t\t\n\t<div class=\"box has-hover flatsome-box  has-hover box-text-bottom\" >\n\n\t\t<div class=\"box-image\" >\n\t\t\t\t\t\t<div class=\"image-cover\" style=\"padding-top:75%;\">\n\t\t\t\t<img loading=\"lazy\" decoding=\"async\" width=\"1020\" height=\"628\" src=\"https:\/\/www.weckmansteel.fi\/wp-content\/uploads\/2021\/05\/5D4_7402-1024x630.jpg\" class=\"attachment-large size-large\" alt=\"\" srcset=\"https:\/\/www.weckmansteel.fi\/wp-content\/uploads\/2021\/05\/5D4_7402-1024x630.jpg 1024w, https:\/\/www.weckmansteel.fi\/wp-content\/uploads\/2021\/05\/5D4_7402-900x554.jpg 900w, https:\/\/www.weckmansteel.fi\/wp-content\/uploads\/2021\/05\/5D4_7402-300x185.jpg 300w, https:\/\/www.weckmansteel.fi\/wp-content\/uploads\/2021\/05\/5D4_7402-768x473.jpg 768w, https:\/\/www.weckmansteel.fi\/wp-content\/uploads\/2021\/05\/5D4_7402.jpg 1300w\" sizes=\"auto, (max-width: 1020px) 100vw, 1020px\" \/>\t\t\t\t\t\t\t\t\t\t\t<\/div>\n\t\t\t\t\t<\/div>\n\n\t\t<div class=\"box-text text-center\" >\n\t\t\t<div class=\"box-text-inner\">\n\t\t\t\t\n<h2>Dumpervagnar<\/h2>\n<p>Slitstarka dumpervagnar f\u00f6r kr\u00e4vande professionell anv\u00e4ndning.<\/p>\n<a href=\"https:\/\/www.weckmansteel.fi\/sv\/traktorslapvagnar\/dumpervagnar\/\" class=\"button secondary\" >\n\t\t<span>Bekanta dig med modellerna och best\u00e4ll<\/span>\n\t<\/a>\n\n\t\t\t<\/div>\n\t\t<\/div>\n\t<\/div>\n\t\n\t\t<\/div>\n\t\t\t\t\n<style>\n#col-1244447322 > .col-inner {\n  padding: 0px 0px 0px 0px;\n}\n<\/style>\n\t<\/div>\n\n\t\n\n\t<div id=\"col-1402527070\" class=\"col medium-4 small-6 large-4\"  >\n\t\t\t\t<div class=\"col-inner\"  >\n\t\t\t\n\t\t\t\n\t<div class=\"box has-hover flatsome-box  has-hover box-text-bottom\" >\n\n\t\t<div class=\"box-image\" >\n\t\t\t\t\t\t<div class=\"image-cover\" style=\"padding-top:75%;\">\n\t\t\t\t<img loading=\"lazy\" decoding=\"async\" width=\"1020\" height=\"582\" src=\"https:\/\/www.weckmansteel.fi\/wp-content\/uploads\/2022\/12\/WS130MG_muokattu-1024x584.jpg\" class=\"attachment-large size-large\" alt=\"Monitoimivaunu WS130 MG\" srcset=\"https:\/\/www.weckmansteel.fi\/wp-content\/uploads\/2022\/12\/WS130MG_muokattu-1024x584.jpg 1024w, https:\/\/www.weckmansteel.fi\/wp-content\/uploads\/2022\/12\/WS130MG_muokattu-900x513.jpg 900w, https:\/\/www.weckmansteel.fi\/wp-content\/uploads\/2022\/12\/WS130MG_muokattu-300x171.jpg 300w, https:\/\/www.weckmansteel.fi\/wp-content\/uploads\/2022\/12\/WS130MG_muokattu-768x438.jpg 768w, https:\/\/www.weckmansteel.fi\/wp-content\/uploads\/2022\/12\/WS130MG_muokattu.jpg 1300w\" sizes=\"auto, (max-width: 1020px) 100vw, 1020px\" \/>\t\t\t\t\t\t\t\t\t\t\t<\/div>\n\t\t\t\t\t<\/div>\n\n\t\t<div class=\"box-text text-center\" >\n\t\t\t<div class=\"box-text-inner\">\n\t\t\t\t\n<h2>Multifunktionella vagnar<\/h2>\n<p>Sl\u00e4pvagnar f\u00f6r m\u00e5nga olika transportbehov och produktionsarbeten.<\/p>\n<a href=\"https:\/\/www.weckmansteel.fi\/sv\/traktorslapvagnar\/multifunktionella-vagnar\/\" class=\"button secondary\" >\n\t\t<span>Bekanta dig med modellerna och best\u00e4ll<\/span>\n\t<\/a>\n\n\t\t\t<\/div>\n\t\t<\/div>\n\t<\/div>\n\t\n\t\t<\/div>\n\t\t\t\t\n<style>\n#col-1402527070 > .col-inner {\n  padding: 0px 0px 0px 0px;\n}\n<\/style>\n\t<\/div>\n\n\t\n\n\t<div id=\"col-1822537413\" class=\"col medium-4 small-6 large-4\"  >\n\t\t\t\t<div class=\"col-inner\"  >\n\t\t\t\n\t\t\t\n\t<div class=\"box has-hover flatsome-box  has-hover box-text-bottom\" >\n\n\t\t<div class=\"box-image\" >\n\t\t\t\t\t\t<div class=\"image-cover\" style=\"padding-top:75%;\">\n\t\t\t\t<img loading=\"lazy\" decoding=\"async\" width=\"1020\" height=\"628\" src=\"https:\/\/www.weckmansteel.fi\/wp-content\/uploads\/2021\/05\/5D4_7941-Edit-1024x630.jpg\" class=\"attachment-large size-large\" alt=\"\" srcset=\"https:\/\/www.weckmansteel.fi\/wp-content\/uploads\/2021\/05\/5D4_7941-Edit-1024x630.jpg 1024w, https:\/\/www.weckmansteel.fi\/wp-content\/uploads\/2021\/05\/5D4_7941-Edit-900x554.jpg 900w, https:\/\/www.weckmansteel.fi\/wp-content\/uploads\/2021\/05\/5D4_7941-Edit-300x185.jpg 300w, https:\/\/www.weckmansteel.fi\/wp-content\/uploads\/2021\/05\/5D4_7941-Edit-768x473.jpg 768w, https:\/\/www.weckmansteel.fi\/wp-content\/uploads\/2021\/05\/5D4_7941-Edit.jpg 1300w\" sizes=\"auto, (max-width: 1020px) 100vw, 1020px\" \/>\t\t\t\t\t\t\t\t\t\t\t<\/div>\n\t\t\t\t\t<\/div>\n\n\t\t<div class=\"box-text text-center\" >\n\t\t\t<div class=\"box-text-inner\">\n\t\t\t\t\n<h2>Tillbeh\u00f6r f\u00f6r sl\u00e4pvagnar<\/h2>\n<p>F\u00f6rb\u00e4ttra s\u00e4kerheten och komforten p\u00e5 jobbet<\/p>\n<a href=\"https:\/\/www.weckmansteel.fi\/sv\/traktorslapvagnar\/tillbehor-slapvagnar\/\" class=\"button secondary\" >\n\t\t<span>Bekanta dig med modellerna och best\u00e4ll<\/span>\n\t<\/a>\n\n\t\t\t<\/div>\n\t\t<\/div>\n\t<\/div>\n\t\n\t\t<\/div>\n\t\t\t\t\n<style>\n#col-1822537413 > .col-inner {\n  padding: 0px 0px 0px 0px;\n}\n<\/style>\n\t<\/div>\n\n\t\n\n<style>\n#row-1974117229 > .col > .col-inner {\n  padding: 0px 10px 0px 10px;\n}\n<\/style>\n<\/div>\n\t\t<\/div>\n\n\t\t\n<style>\n#section_1028310425 {\n  padding-top: 60px;\n  padding-bottom: 60px;\n  background-color: rgb(2, 80, 153);\n}\n<\/style>\n\t<\/section>\n\t\n\n\t<section class=\"section\" id=\"section_1222597577\">\n\t\t<div class=\"section-bg fill\" >\n\t\t\t\t\t\t\t\t\t\n\t\t\t\n\n\t\t<\/div>\n\n\t\t\n\n\t\t<div class=\"section-content relative\">\n\t\t\t\n<div class=\"row align-center\"  id=\"row-1002156770\">\n\n\t<div id=\"col-1920664155\" class=\"col small-12 large-12\"  >\n\t\t\t\t<div class=\"col-inner text-center\"  >\n\t\t\t\n\t\t\t\n\t<div id=\"text-3548375834\" class=\"text\">\n\t\t\n<h2>Kontakta Weckmans experter<br \/>\nn\u00e4r du funderar p\u00e5 att k\u00f6pa en sl\u00e4pvagn.<\/h2>\n\t\t\n<style>\n#text-3548375834 {\n  text-align: center;\n}\n<\/style>\n\t<\/div>\n\t\n<a href=\"https:\/\/www.weckmansteel.fi\/sv\/kontaktuppgifter\/#traktorslap\" class=\"button secondary\" >\n\t\t<span>Se kontaktuppgifter<\/span>\n\t<\/a>\n\n\t\t<\/div>\n\t\t\t\t\t<\/div>\n\n\t\n<\/div>\n\t\t<\/div>\n\n\t\t\n<style>\n#section_1222597577 {\n  padding-top: 60px;\n  padding-bottom: 60px;\n}\n<\/style>\n\t<\/section>\n\t\n","protected":false},"excerpt":{"rendered":"<p>&nbsp;<\/p>\n","protected":false},"author":16,"featured_media":0,"parent":0,"menu_order":347,"comment_status":"closed","ping_status":"closed","template":"page-blank.php","meta":{"footnotes":""},"class_list":["post-29194","page","type-page","status-publish","hentry"],"_links":{"self":[{"href":"https:\/\/www.weckmansteel.fi\/sv\/wp-json\/wp\/v2\/pages\/29194","targetHints":{"allow":["GET"]}}],"collection":[{"href":"https:\/\/www.weckmansteel.fi\/sv\/wp-json\/wp\/v2\/pages"}],"about":[{"href":"https:\/\/www.weckmansteel.fi\/sv\/wp-json\/wp\/v2\/types\/page"}],"author":[{"embeddable":true,"href":"https:\/\/www.weckmansteel.fi\/sv\/wp-json\/wp\/v2\/users\/16"}],"replies":[{"embeddable":true,"href":"https:\/\/www.weckmansteel.fi\/sv\/wp-json\/wp\/v2\/comments?post=29194"}],"version-history":[{"count":11,"href":"https:\/\/www.weckmansteel.fi\/sv\/wp-json\/wp\/v2\/pages\/29194\/revisions"}],"predecessor-version":[{"id":47571,"href":"https:\/\/www.weckmansteel.fi\/sv\/wp-json\/wp\/v2\/pages\/29194\/revisions\/47571"}],"wp:attachment":[{"href":"https:\/\/www.weckmansteel.fi\/sv\/wp-json\/wp\/v2\/media?parent=29194"}],"curies":[{"name":"wp","href":"https:\/\/api.w.org\/{rel}","templated":true}]}}