{"id":30168,"date":"2023-07-03T10:23:58","date_gmt":"2023-07-03T07:23:58","guid":{"rendered":"https:\/\/www.weckmansteel.fi\/hallar\/skarmtak-och-maskinskydd\/"},"modified":"2025-07-01T12:34:32","modified_gmt":"2025-07-01T09:34:32","slug":"skarmtak-och-maskinskydd","status":"publish","type":"page","link":"https:\/\/www.weckmansteel.fi\/sv\/hallar\/skarmtak-och-maskinskydd\/","title":{"rendered":"Sk\u00e4rmtak och maskinskydd"},"content":{"rendered":"\n\t<section class=\"section dark\" id=\"section_1590665228\">\n\t\t<div class=\"section-bg fill\" >\n\t\t\t<img loading=\"lazy\" decoding=\"async\" width=\"1500\" height=\"1125\" src=\"https:\/\/www.weckmansteel.fi\/wp-content\/uploads\/2019\/12\/weckman-kayntiovet.jpg\" class=\"bg attachment-1536x1536 size-1536x1536\" alt=\"\" \/>\t\t\t\t\t\t<div class=\"section-bg-overlay absolute fill\"><\/div>\n\t\t\t\n\n\t\t<\/div>\n\n\t\t\n\n\t\t<div class=\"section-content relative\">\n\t\t\t\n<div class=\"row\"  id=\"row-1342602153\">\n\n\t<div id=\"col-1034918474\" class=\"col small-12 large-12\"  >\n\t\t\t\t<div class=\"col-inner text-center\"  >\n\t\t\t\n\t\t\t\n\t<div id=\"text-3356058318\" class=\"text heading-font\">\n\t\t\n<p class=\"uppercase\" style=\"text-align: center;\"><strong>Weckmans hallar med pulpettak och sk\u00e4rmtak<\/strong><\/p>\n\t\t\n<style>\n#text-3356058318 {\n  font-size: 2.25rem;\n}\n@media (min-width:550px) {\n  #text-3356058318 {\n    font-size: 2.75rem;\n  }\n}\n<\/style>\n\t<\/div>\n\t\n\t\t<\/div>\n\t\t\t\t\n<style>\n#col-1034918474 > .col-inner {\n  margin: 0px 0px -90px 0px;\n}\n<\/style>\n\t<\/div>\n\n\t\n<\/div>\n\t\t<\/div>\n\n\t\t\n<style>\n#section_1590665228 {\n  padding-top: 0px;\n  padding-bottom: 0px;\n  min-height: 500px;\n}\n#section_1590665228 .section-bg-overlay {\n  background-color: rgba(0, 30, 78, 0.5);\n}\n#section_1590665228 .section-bg img {\n  object-position: 50% 15%;\n}\n<\/style>\n\t<\/section>\n\t\n<div class=\"row\"  id=\"row-389264946\">\n\n\n\t<div id=\"col-421043389\" class=\"col small-12 large-12\"  >\n\t\t\t\t<div class=\"col-inner\"  >\n\t\t\t\n\t\t\t\n\n\n\n<div class=\"breadcrumb\">\n<nav aria-label=\"breadcrumbs\" class=\"rank-math-breadcrumb\"><p><span class=\"last\">Weckman<\/span><\/p><\/nav>\n<\/div>\n\n\n\t\t<\/div>\n\t\t\t\t\t<\/div>\n\n\t\n\n<\/div>\n\n\t<section class=\"section\" id=\"section_772316103\">\n\t\t<div class=\"section-bg fill\" >\n\t\t\t\t\t\t\t\t\t\n\t\t\t\n\n\t\t<\/div>\n\n\t\t\n\n\t\t<div class=\"section-content relative\">\n\t\t\t\n<div class=\"row align-center\"  id=\"row-228154570\">\n\n\t<div id=\"col-1530599538\" class=\"col medium-8 small-12 large-9\"  >\n\t\t\t\t<div class=\"col-inner\"  >\n\t\t\t\n\t\t\t\n<h1>Sk\u00e4rmtak och maskinskydd<\/h2>\n<p>Weckmans KS-hallar med pulpettak fungerar som ett f\u00f6rdelaktigt f\u00f6rvaringsutrymme och sk\u00e4rmtak f\u00f6r exempelvis maskiner och utrustning. P\u00e5 lantbruk anv\u00e4nds de som maskinskydd, i f\u00f6retag som utomhusf\u00f6rr\u00e5d och i bostadsbolag som carport. Den modul\u00e4ra konstruktionen g\u00f6r att sk\u00e4rmtaket kan anpassas enligt kapacitetskraven eller byggnadens utrymme. Sk\u00e4rmtaket kan ocks\u00e5 placeras runt en industrihall. Standardleveranstiden f\u00f6r maskinhallar och olika typer av sk\u00e4rmtak \u00e4r kort. Standardutbudet inkluderar sk\u00e4rmtak om 8, 10 och 12 meter. Sk\u00e4rmtaken har 6 m h\u00e5lrum, vilket inneb\u00e4r att sk\u00e4rmtakets l\u00e4ngd kan v\u00e4ljas i multiplar om 6 m. Den fria h\u00f6jden i sk\u00e4rmtakets bakre h\u00f6rn \u00e4r 3,5 m.<\/p>\n<a href=\"https:\/\/www.weckmansteel.fi\/sv\/hallar\/offertbegaran\/\" class=\"button secondary is-outline\" >\n\t\t<span>Beg\u00e4r en offert f\u00f6r maskinskydd<\/span>\n\t<\/a>\n\n\t\t<\/div>\n\t\t\t\t\t<\/div>\n\n\t\n\n\t<div id=\"col-643270224\" class=\"col medium-4 small-12 large-3\"  >\n\t\t\t\t<div class=\"col-inner\"  >\n\t\t\t\n\t\t\t\n\t\n  \n    <div class=\"row large-columns-1 medium-columns-1 small-columns-1 row-small\" >\n  \n\t     <div class=\"col\" >\n\t\t\t\t\t\t<div class=\"col-inner\">\n\t\t\t\t\t\t\n<div class=\"badge-container absolute left top z-1\">\n\n<\/div>\n\t\t\t\t\t\t<div class=\"product-small box has-hover box-push box-text-bottom\">\n\t\t\t\t\t\t\t<div class=\"box-image\" >\n\t\t\t\t\t\t\t\t<div class=\"\" >\n\t\t\t\t\t\t\t\t\t<a href=\"https:\/\/www.weckmansteel.fi\/sv\/produkt\/skarmtak\/\" aria-label=\"Sk\u00e4rmtak\">\n\t\t\t\t\t\t\t\t\t\t<img loading=\"lazy\" decoding=\"async\" width=\"400\" height=\"400\" src=\"https:\/\/www.weckmansteel.fi\/wp-content\/uploads\/2025\/03\/Weckman_konekatos_1200x628-400x400.jpg\" class=\"attachment-woocommerce_thumbnail size-woocommerce_thumbnail\" alt=\"Sk\u00e4rmtak\" srcset=\"https:\/\/www.weckmansteel.fi\/wp-content\/uploads\/2025\/03\/Weckman_konekatos_1200x628-400x400.jpg 400w, https:\/\/www.weckmansteel.fi\/wp-content\/uploads\/2025\/03\/Weckman_konekatos_1200x628-100x100.jpg 100w, https:\/\/www.weckmansteel.fi\/wp-content\/uploads\/2025\/03\/Weckman_konekatos_1200x628-150x150.jpg 150w\" sizes=\"auto, (max-width: 400px) 100vw, 400px\" \/>\t\t\t\t\t\t\t\t\t<\/a>\n\t\t\t\t\t\t\t\t\t\t\t\t\t\t\t\t\t\t \t\t\t\t\t\t\t\t<\/div>\n\t\t\t\t\t\t\t\t<div class=\"image-tools top right show-on-hover\">\n\t\t\t\t\t\t\t\t\t\t\t\t\t\t\t\t\t<\/div>\n\t\t\t\t\t\t\t\t\t\t\t\t\t\t\t\t\t<div class=\"image-tools grid-tools text-center hide-for-small bottom hover-slide-in show-on-hover\">\n\t\t\t\t\t\t\t\t\t\t\t\t\t\t\t\t\t\t\t<\/div>\n\t\t\t\t\t\t\t\t\t\t\t\t\t\t\t\t\t\t\t\t\t\t\t<\/div>\n\n\t\t\t\t\t\t\t<div class=\"box-text text-center\" >\n\t\t\t\t\t\t\t\t<div class=\"title-wrapper\"><p class=\"name product-title woocommerce-loop-product__title\"><a href=\"https:\/\/www.weckmansteel.fi\/sv\/produkt\/skarmtak\/\" class=\"woocommerce-LoopProduct-link woocommerce-loop-product__link\">Sk\u00e4rmtak<\/a><\/p><\/div><div class=\"price-wrapper\"><\/div>\t\t\t\t\t\t\t<\/div>\n\t\t\t\t\t\t<\/div>\n\t\t\t\t\t\t<\/div>\n\t\t\t\t\t<\/div><\/div>\n\t\t<\/div>\n\t\t\t\t\t<\/div>\n\n\t\n<\/div>\n\t\t<\/div>\n\n\t\t\n<style>\n#section_772316103 {\n  padding-top: 60px;\n  padding-bottom: 60px;\n}\n<\/style>\n\t<\/section>\n\t\n\n\t<section class=\"section\" id=\"section_330491853\">\n\t\t<div class=\"section-bg fill\" >\n\t\t\t\t\t\t\t\t\t\n\t\t\t\n\n\t\t<\/div>\n\n\t\t\n\n\t\t<div class=\"section-content relative\">\n\t\t\t\n<div class=\"row row-small align-center\"  id=\"row-50460822\">\n\n\t<div id=\"col-279061309\" class=\"col small-12 large-12\"  >\n\t\t\t\t<div class=\"col-inner text-center\"  >\n\t\t\t\n\t\t\t\n<h2>F\u00f6rdelar och f\u00f6rm\u00e5ner med maskinskydd<\/h2>\n\t\t<\/div>\n\t\t\t\t\t<\/div>\n\n\t\n\n\t<div id=\"col-22383628\" class=\"col medium-4 small-12 large-4\"  >\n\t\t\t\t<div class=\"col-inner\"  >\n\t\t\t\n\t\t\t\n\t<div class=\"box has-hover flatsome-box  has-hover box-text-bottom\" >\n\n\t\t<div class=\"box-image\" style=\"width:30%;\">\n\t\t\t\t\t\t<div class=\"\" >\n\t\t\t\t<img loading=\"lazy\" decoding=\"async\" width=\"181\" height=\"181\" src=\"https:\/\/www.weckmansteel.fi\/wp-content\/uploads\/2019\/12\/weckman-kestava.png\" class=\"attachment- size-\" alt=\"\" srcset=\"https:\/\/www.weckmansteel.fi\/wp-content\/uploads\/2019\/12\/weckman-kestava.png 181w, https:\/\/www.weckmansteel.fi\/wp-content\/uploads\/2019\/12\/weckman-kestava-100x100.png 100w, https:\/\/www.weckmansteel.fi\/wp-content\/uploads\/2019\/12\/weckman-kestava-150x150.png 150w\" sizes=\"auto, (max-width: 181px) 100vw, 181px\" \/>\t\t\t\t\t\t\t\t\t\t\t<\/div>\n\t\t\t\t\t<\/div>\n\n\t\t<div class=\"box-text text-center\" style=\"padding:25px 0px 20px 0px;\">\n\t\t\t<div class=\"box-text-inner\">\n\t\t\t\t\n<p class=\"uppercase\"><strong>H\u00e5llbarhet<\/strong><\/p>\n<p>Designad f\u00f6r finl\u00e4ndska f\u00f6rh\u00e5llanden<\/p>\n\t\t\t<\/div>\n\t\t<\/div>\n\t<\/div>\n\t\n\t\t<\/div>\n\t\t\t\t\t<\/div>\n\n\t\n\n\t<div id=\"col-1995035117\" class=\"col medium-4 small-12 large-4\"  >\n\t\t\t\t<div class=\"col-inner\"  >\n\t\t\t\n\t\t\t\n\t<div class=\"box has-hover flatsome-box  has-hover box-text-bottom\" >\n\n\t\t<div class=\"box-image\" style=\"width:30%;\">\n\t\t\t\t\t\t<div class=\"\" >\n\t\t\t\t<img loading=\"lazy\" decoding=\"async\" width=\"181\" height=\"181\" src=\"https:\/\/www.weckmansteel.fi\/wp-content\/uploads\/2019\/12\/weckman-pitkaikainen.png\" class=\"attachment- size-\" alt=\"\" srcset=\"https:\/\/www.weckmansteel.fi\/wp-content\/uploads\/2019\/12\/weckman-pitkaikainen.png 181w, https:\/\/www.weckmansteel.fi\/wp-content\/uploads\/2019\/12\/weckman-pitkaikainen-100x100.png 100w, https:\/\/www.weckmansteel.fi\/wp-content\/uploads\/2019\/12\/weckman-pitkaikainen-150x150.png 150w\" sizes=\"auto, (max-width: 181px) 100vw, 181px\" \/>\t\t\t\t\t\t\t\t\t\t\t<\/div>\n\t\t\t\t\t<\/div>\n\n\t\t<div class=\"box-text text-center\" style=\"padding:25px 0px 20px 0px;\">\n\t\t\t<div class=\"box-text-inner\">\n\t\t\t\t\n<p class=\"uppercase\"><strong>L\u00e5ng livsl\u00e4ngd<\/strong><\/p>\n<p>Teknisk livsl\u00e4ngd 50 \u00e5r<\/p>\n\t\t\t<\/div>\n\t\t<\/div>\n\t<\/div>\n\t\n\t\t<\/div>\n\t\t\t\t\t<\/div>\n\n\t\n\n\t<div id=\"col-1712309874\" class=\"col medium-4 small-12 large-4\"  >\n\t\t\t\t<div class=\"col-inner\"  >\n\t\t\t\n\t\t\t\n\t<div class=\"box has-hover flatsome-box  has-hover box-text-bottom\" >\n\n\t\t<div class=\"box-image\" style=\"width:30%;\">\n\t\t\t\t\t\t<div class=\"\" >\n\t\t\t\t<img loading=\"lazy\" decoding=\"async\" width=\"181\" height=\"181\" src=\"https:\/\/www.weckmansteel.fi\/wp-content\/uploads\/2019\/12\/weckman-nopea.png\" class=\"attachment- size-\" alt=\"\" srcset=\"https:\/\/www.weckmansteel.fi\/wp-content\/uploads\/2019\/12\/weckman-nopea.png 181w, https:\/\/www.weckmansteel.fi\/wp-content\/uploads\/2019\/12\/weckman-nopea-100x100.png 100w, https:\/\/www.weckmansteel.fi\/wp-content\/uploads\/2019\/12\/weckman-nopea-150x150.png 150w\" sizes=\"auto, (max-width: 181px) 100vw, 181px\" \/>\t\t\t\t\t\t\t\t\t\t\t<\/div>\n\t\t\t\t\t<\/div>\n\n\t\t<div class=\"box-text text-center\" style=\"padding:25px 0px 20px 0px;\">\n\t\t\t<div class=\"box-text-inner\">\n\t\t\t\t\n<p class=\"uppercase\"><strong>snabbhet<\/strong><\/p>\n<p>Montering av prefabricerade element utan specialverktyg<\/p>\n\t\t\t<\/div>\n\t\t<\/div>\n\t<\/div>\n\t\n\t\t<\/div>\n\t\t\t\t\t<\/div>\n\n\t\n<\/div>\n\t\t<\/div>\n\n\t\t\n<style>\n#section_330491853 {\n  padding-top: 40px;\n  padding-bottom: 40px;\n  background-color: rgb(240, 240, 240);\n}\n@media (min-width:550px) {\n  #section_330491853 {\n    padding-top: 60px;\n    padding-bottom: 60px;\n  }\n}\n<\/style>\n\t<\/section>\n\t\n\n\t<section class=\"section dark has-parallax\" id=\"section_1267691448\">\n\t\t<div class=\"section-bg fill\" data-parallax-container=\".section\" data-parallax-background data-parallax=\"-2\">\n\t\t\t<img loading=\"lazy\" decoding=\"async\" width=\"1500\" height=\"1125\" src=\"https:\/\/www.weckmansteel.fi\/wp-content\/uploads\/2019\/12\/weckman-hallit-bg-07.jpg\" class=\"bg attachment-1536x1536 size-1536x1536\" alt=\"\" \/>\t\t\t\t\t\t\n\t\t\t\n\n\t\t<\/div>\n\n\t\t\n\n\t\t<div class=\"section-content relative\">\n\t\t\t\n<div class=\"row row-large align-center\"  id=\"row-1493173454\">\n\n\t<div id=\"col-763451392\" class=\"col medium-6 small-12 large-6\"  >\n\t\t\t\t<div class=\"col-inner text-left\"  >\n\t\t\t\n\t\t\t\n<h2>H\u00e5llbar och praktisk<\/h2>\n<p>Hallar med pulpettak \u00e4r f\u00f6rsedda med en h\u00e5llbar st\u00e5lr\u00f6rsstomme och ett l\u00e5ngt fr\u00e4mre takutspr\u00e5ng (0,5 m) som \u00e4r designat f\u00f6r Finlands kr\u00e4vande f\u00f6rh\u00e5llanden. S\u00e4kerheten hos Weckmans sk\u00e4rmtak grundar sig p\u00e5 decennier av erfarenhet av att bygga i Finlands kr\u00e4vande sn\u00f6iga f\u00f6rh\u00e5llanden.<\/p>\n\t\t<\/div>\n\t\t\t\t\n<style>\n#col-763451392 > .col-inner {\n  padding: 0px 10px 0px 0px;\n}\n<\/style>\n\t<\/div>\n\n\t\n\n\t<div id=\"col-1846623186\" class=\"col medium-6 small-12 large-6\"  >\n\t\t\t\t<div class=\"col-inner text-left\"  >\n\t\t\t\n\t\t\t\n<h2>Designade enligt anv\u00e4ndningen<\/h2>\n<p>Maskinskyddet kan designas helt och h\u00e5llet efter kundens anv\u00e4ndnings\u00e4ndam\u00e5l:\u00a0sp\u00e4nnvidd, fri h\u00f6jd, ramdjup. P\u00e5 s\u00e5 s\u00e4tt kan kostnadseffektiviteten optimeras.<\/p>\n\t\t<\/div>\n\t\t\t\t\n<style>\n#col-1846623186 > .col-inner {\n  padding: 0px 0px 0px 10px;\n}\n<\/style>\n\t<\/div>\n\n\t\n\n\t<div id=\"col-1803344725\" class=\"col medium-6 small-12 large-6\"  >\n\t\t\t\t<div class=\"col-inner text-left\"  >\n\t\t\t\n\t\t\t\n\t<div id=\"text-3610923449\" class=\"text\">\n\t\t\n<h2>Snygga maskinskydd f\u00f6r flera \u00e4ndam\u00e5l<\/h2>\n<p>\nWeckmans praktiska och snygga maskinskydd skyddar mot regn och sn\u00f6. En hall med pulpettak l\u00e4mpar sig f\u00f6r m\u00e5ngsidiga anv\u00e4ndnings\u00e4ndam\u00e5l, b\u00e5de som f\u00f6rvaringsutrymme och tr\u00e4dg\u00e5rdsf\u00f6rr\u00e5d. Du uppn\u00e5r en snygg helhet genom att kombinera olika st\u00e5lprofiler och f\u00e4rger.<\/p>\n\t\t\n<style>\n#text-3610923449 {\n  text-align: left;\n}\n@media (min-width:550px) {\n  #text-3610923449 {\n    text-align: center;\n  }\n}\n<\/style>\n\t<\/div>\n\t\n\t\t<\/div>\n\t\t\t\t\n<style>\n#col-1803344725 > .col-inner {\n  padding: 0px 0px 0px 10px;\n}\n<\/style>\n\t<\/div>\n\n\t\n\n<style>\n#row-1493173454 > .col > .col-inner {\n  padding: 0px 0px 0px 0px;\n}\n<\/style>\n<\/div>\n<div class=\"row\"  id=\"row-734776251\">\n\n\t<div id=\"col-317906943\" class=\"col small-12 large-12\"  >\n\t\t\t\t<div class=\"col-inner text-center\"  >\n\t\t\t\n\t\t\t\n<p>Ta kontakt med Weckmans hallexperter f\u00f6r att f\u00e5 r\u00e5d f\u00f6r planeringen av en hall som l\u00e4mpar sig f\u00f6r dina behov.<\/p>\n<a href=\"https:\/\/www.weckmansteel.fi\/sv\/kontaktuppgifter\/#terashallit\" class=\"button secondary\" >\n\t\t<span>Se kontaktuppgifter<\/span>\n\t<\/a>\n\n<a href=\"https:\/\/www.weckmansteel.fi\/sv\/hallar\/offertbegaran\/\" class=\"button white is-outline\" >\n\t\t<span>Beg\u00e4r offert f\u00f6r en hall<\/span>\n\t<\/a>\n\n\t\t<\/div>\n\t\t\t\t\t<\/div>\n\n\t\n<\/div>\n\t\t<\/div>\n\n\t\t\n<style>\n#section_1267691448 {\n  padding-top: 60px;\n  padding-bottom: 60px;\n  background-color: #446084;\n}\n#section_1267691448 .section-bg img {\n  object-position: 43% 23%;\n}\n<\/style>\n\t<\/section>\n\t\n\n\t<section class=\"section\" id=\"section_410676474\">\n\t\t<div class=\"section-bg fill\" >\n\t\t\t\t\t\t\t\t\t\n\t\t\t\n\n\t\t<\/div>\n\n\t\t\n\n\t\t<div class=\"section-content relative\">\n\t\t\t\n<div class=\"row align-center\"  id=\"row-1501852206\">\n\n\t<div id=\"col-133993018\" class=\"col small-12 large-12\"  >\n\t\t\t\t<div class=\"col-inner text-center\"  >\n\t\t\t\n\t\t\t\n<h2>Teknisk information<\/h2>\n\n\t\t<div class=\"tabbed-content\">\n\t\t\t\n\t\t\t<ul class=\"nav nav-tabs nav-uppercase nav-size-small nav-left\" role=\"tablist\"><li id=\"tab-teknisk-information\" class=\"tab active has-icon\" role=\"presentation\"><a href=\"#tab_teknisk-information\" role=\"tab\" aria-selected=\"true\" aria-controls=\"tab_teknisk-information\"><span>Teknisk information<\/span><\/a><\/li>\n<li id=\"tab-d\u00f6rrar-och-f\u00f6nster\" class=\"tab has-icon\" role=\"presentation\"><a href=\"#tab_d\u00f6rrar-och-f\u00f6nster\" tabindex=\"-1\" role=\"tab\" aria-selected=\"false\" aria-controls=\"tab_d\u00f6rrar-och-f\u00f6nster\"><span>d\u00f6rrar och f\u00f6nster<\/span><\/a><\/li>\n<li id=\"tab-tak-och-v\u00e4ggar\" class=\"tab has-icon\" role=\"presentation\"><a href=\"#tab_tak-och-v\u00e4ggar\" tabindex=\"-1\" role=\"tab\" aria-selected=\"false\" aria-controls=\"tab_tak-och-v\u00e4ggar\"><span>tak och v\u00e4ggar<\/span><\/a><\/li>\n<li id=\"tab-tillbeh\u00f6r\" class=\"tab has-icon\" role=\"presentation\"><a href=\"#tab_tillbeh\u00f6r\" tabindex=\"-1\" role=\"tab\" aria-selected=\"false\" aria-controls=\"tab_tillbeh\u00f6r\"><span>tillbeh\u00f6r<\/span><\/a><\/li><\/ul><div class=\"tab-panels\"><div id=\"tab_teknisk-information\" class=\"panel active entry-content\" role=\"tabpanel\" aria-labelledby=\"tab-teknisk-information\">\n\t<div id=\"text-1828475056\" class=\"text\">\n\t\t\n<h2>Ramkonstruktion<\/h2>\n<p>St\u00e5lramar och -bj\u00e4lkar<\/p>\n<p>V\u00e4ggh\u00f6jd (st\u00e5lpelarens h\u00f6jd): enligt behov<br \/>Bredd: enligt behov<br \/>Takvinkel 12,5\u00b0<\/p>\n<p>Brandklassificering P3<\/p>\n<p>Be om mer information hos Weckman-f\u00f6rs\u00e4ljningen p\u00e5 03 888 70.<\/p>\n\t\t\n<style>\n#text-1828475056 {\n  text-align: left;\n}\n<\/style>\n\t<\/div>\n\t\n<\/div>\n<div id=\"tab_d\u00f6rrar-och-f\u00f6nster\" class=\"panel entry-content\" role=\"tabpanel\" aria-labelledby=\"tab-d\u00f6rrar-och-f\u00f6nster\">\n\t<div id=\"text-1437184871\" class=\"text\">\n\t\t\n<h2>F\u00f6nster<\/h2>\n<p>Halvklara ljusskivor finns tillg\u00e4ngliga b\u00e5de f\u00f6r taket och v\u00e4ggarna i oisolerade hallar. Ljusskivorna tillverkas av glasfiberf\u00f6rst\u00e4rkt polyester och de \u00e4r kompatibla med tak- och v\u00e4ggpl\u00e5tarnas profiler.<\/p>\n<h2>D\u00f6rrar<\/h2>\n<p>Till hallarna finns skjutd\u00f6rrar och ing\u00e5ngsd\u00f6rrar i olika storlekar.<\/p>\n<p><strong>Skjutd\u00f6rrar<\/strong><\/p>\n<p>Weckmans skjutd\u00f6rrar \u00e4r l\u00e4tta att montera eftersom konsolerna svetsas fast i hallens pelare p\u00e5 fabriken. F\u00f6r att f\u00e5 en t\u00e4t konstruktion kan listerna p\u00e5 d\u00f6rrens sidopaneler kapas s\u00e5 att listen g\u00e5r \u00e4nda fr\u00e5n golvet.<\/p>\n<p><strong>Tv\u00e5 skjutd\u00f6rrar p\u00e5 samma skena<\/strong><\/p>\n<p>Tack vare det nya d\u00f6rrskenssystemet kan tv\u00e5 d\u00f6rrar f\u00e4stas sida vid sida p\u00e5 samma skena. Detta ers\u00e4tter det tidigare systemet som kr\u00e4vde tv\u00e5 skenor. D\u00f6rrarna glider f\u00f6rbi varandra p\u00e5 samma skena. Det g\u00e5r ocks\u00e5 att l\u00e4gga till en d\u00f6rr i efterhand.<\/p>\n<p><strong>Standard-skjutd\u00f6rrar<\/strong><\/p>\n<p>Skjutd\u00f6rrarnas standardh\u00f6jder 4300 och 4600, bredd 2660\u20135080.<\/p>\n<p><strong>Ing\u00e5ngsd\u00f6rrar och extra d\u00f6rrar kan ocks\u00e5 eftermonteras<\/strong><\/p>\n<p>En skild ing\u00e5ngsd\u00f6rr eller en extra d\u00f6rr kan \u00e4ven installeras i en prefabricerad Weckman-hall.<br \/>\n\t\t\n<style>\n#text-1437184871 {\n  text-align: left;\n}\n<\/style>\n\t<\/div>\n\t\n<div class=\"row\"  id=\"row-225940127\">\n\n\t<div id=\"col-1712142256\" class=\"col medium-6 small-12 large-6\"  >\n\t\t\t\t<div class=\"col-inner\"  >\n\t\t\t\n\t\t\t\n\t<div class=\"img has-hover x md-x lg-x y md-y lg-y\" id=\"image_1668993680\">\n\t\t\t\t\t\t\t\t<div class=\"img-inner dark\" >\n\t\t\t<img loading=\"lazy\" decoding=\"async\" width=\"1020\" height=\"765\" src=\"https:\/\/www.weckmansteel.fi\/wp-content\/uploads\/2020\/03\/IMG_20190812_132554-1024x768.jpg\" class=\"attachment-large size-large\" alt=\"\" srcset=\"https:\/\/www.weckmansteel.fi\/wp-content\/uploads\/2020\/03\/IMG_20190812_132554-1024x768.jpg 1024w, https:\/\/www.weckmansteel.fi\/wp-content\/uploads\/2020\/03\/IMG_20190812_132554-scaled-900x675.jpg 900w, https:\/\/www.weckmansteel.fi\/wp-content\/uploads\/2020\/03\/IMG_20190812_132554-300x225.jpg 300w, https:\/\/www.weckmansteel.fi\/wp-content\/uploads\/2020\/03\/IMG_20190812_132554-768x576.jpg 768w, https:\/\/www.weckmansteel.fi\/wp-content\/uploads\/2020\/03\/IMG_20190812_132554-1536x1152.jpg 1536w, https:\/\/www.weckmansteel.fi\/wp-content\/uploads\/2020\/03\/IMG_20190812_132554-2048x1536.jpg 2048w\" sizes=\"auto, (max-width: 1020px) 100vw, 1020px\" \/>\t\t\t\t\t\t\n\t\t\t\t\t<\/div>\n\t\t\t\t\t\t\t\t\n<style>\n#image_1668993680 {\n  width: 100%;\n}\n<\/style>\n\t<\/div>\n\t\n\t\t<\/div>\n\t\t\t\t\t<\/div>\n\n\t\n<\/div>\n<\/div>\n<div id=\"tab_tak-och-v\u00e4ggar\" class=\"panel entry-content\" role=\"tabpanel\" aria-labelledby=\"tab-tak-och-v\u00e4ggar\">\n\t<div id=\"text-3892999454\" class=\"text\">\n\t\t\n<h2>D\u00f6rrar och v\u00e4ggar<\/h2>\n<p>Du kan v\u00e4lja tak- och v\u00e4ggpl\u00e5tar till hallen ur ett brett utbud av modeller och f\u00e4rger. <\/p>\n<p>Byggnaden f\u00e5r ett unikt utseende med hj\u00e4lp av olika f\u00e4rger p\u00e5 ytorna. <\/p>\n<p>En s\u00e4rskild effekt uppn\u00e5s ofta med hj\u00e4lp av h\u00f6rn- och karmlister och\/eller skjutd\u00f6rrar i olika f\u00e4rger.<br \/>\n\t\t\n<style>\n#text-3892999454 {\n  text-align: left;\n}\n<\/style>\n\t<\/div>\n\t\n<div class=\"row\"  id=\"row-29861868\">\n\n\t<div id=\"col-1824647315\" class=\"col medium-6 small-12 large-6\"  >\n\t\t\t\t<div class=\"col-inner\"  >\n\t\t\t\n\t\t\t\n\t<div class=\"img has-hover x md-x lg-x y md-y lg-y\" id=\"image_726321777\">\n\t\t\t\t\t\t\t\t<div class=\"img-inner dark\" >\n\t\t\t<img loading=\"lazy\" decoding=\"async\" width=\"1020\" height=\"765\" src=\"https:\/\/www.weckmansteel.fi\/wp-content\/uploads\/2020\/03\/IMG_20190812_132554-1024x768.jpg\" class=\"attachment-large size-large\" alt=\"\" srcset=\"https:\/\/www.weckmansteel.fi\/wp-content\/uploads\/2020\/03\/IMG_20190812_132554-1024x768.jpg 1024w, https:\/\/www.weckmansteel.fi\/wp-content\/uploads\/2020\/03\/IMG_20190812_132554-scaled-900x675.jpg 900w, https:\/\/www.weckmansteel.fi\/wp-content\/uploads\/2020\/03\/IMG_20190812_132554-300x225.jpg 300w, https:\/\/www.weckmansteel.fi\/wp-content\/uploads\/2020\/03\/IMG_20190812_132554-768x576.jpg 768w, https:\/\/www.weckmansteel.fi\/wp-content\/uploads\/2020\/03\/IMG_20190812_132554-1536x1152.jpg 1536w, https:\/\/www.weckmansteel.fi\/wp-content\/uploads\/2020\/03\/IMG_20190812_132554-2048x1536.jpg 2048w\" sizes=\"auto, (max-width: 1020px) 100vw, 1020px\" \/>\t\t\t\t\t\t\n\t\t\t\t\t<\/div>\n\t\t\t\t\t\t\t\t\n<style>\n#image_726321777 {\n  width: 100%;\n}\n<\/style>\n\t<\/div>\n\t\n\t\t<\/div>\n\t\t\t\t\t<\/div>\n\n\t\n<\/div>\n<\/div>\n<div id=\"tab_tillbeh\u00f6r\" class=\"panel entry-content\" role=\"tabpanel\" aria-labelledby=\"tab-tillbeh\u00f6r\">\n\t<div id=\"text-3687932432\" class=\"text\">\n\t\t\n<h2>Tillbeh\u00f6r<\/h2>\n<p>Weckman-hallarna \u00e4r designade i detalj, inklusive varje enskilt installationsverktyg. N\u00e4r du v\u00e4ljer ett helt paket, kan du vara s\u00e4ker p\u00e5 att hallen h\u00e5ller och fungerar p\u00e5litligt och \u00e4r s\u00e5 h\u00e5llbar som den ska vara..<\/p>\n<p>Weckman-hallarna kan utrustas med tillbeh\u00f6r som \u00e4r designade efter anv\u00e4ndningsomr\u00e5dets krav. Alla detaljer \u00e4r utt\u00e4nkta med tanke p\u00e5 funktionaliteten och anv\u00e4ndbarheten med \u00f6ver 40 \u00e5r av erfarenhet av st\u00e5lbygge..<\/p>\n<h3>S\u00e4kerst\u00e4ll hallens funktionalitet och trygga dess s\u00e4kerhet genom att v\u00e4lja till\u00e4ggsutrustning.<\/h3>\n<ul>\n<li>taks\u00e4kerhetsprodukter (bland annat stegar, takbryggor, sn\u00f6r\u00e4cken)<\/li>\n<li>regnvattensystem<\/li>\n<li>f\u00e4stanordningar f\u00f6r solpaneler<\/li>\n<\/ul>\n<div id=\"row-977411432\" class=\"row\">\n<div class=\"col medium-4 small-12 large-4\">\n<div class=\"col-inner\">\n<div id=\"image_111256488\" class=\"img has-hover x md-x lg-x y md-y lg-y\"><\/div>\n<\/div>\n<\/div>\n<\/div>\n\t\t\n<style>\n#text-3687932432 {\n  text-align: left;\n}\n<\/style>\n\t<\/div>\n\t\n<\/div><\/div><\/div>\n\t\t<\/div>\n\t\t\t\t\t<\/div>\n\n\t\n<\/div>\n\t\t<\/div>\n\n\t\t\n<style>\n#section_410676474 {\n  padding-top: 60px;\n  padding-bottom: 60px;\n}\n<\/style>\n\t<\/section>\n\t\n\n\t<section class=\"section\" id=\"section_961992585\">\n\t\t<div class=\"section-bg fill\" >\n\t\t\t\t\t\t\t\t\t\n\t\t\t\n\n\t\t<\/div>\n\n\t\t\n\n\t\t<div class=\"section-content relative\">\n\t\t\t\n<div class=\"row\"  id=\"row-308018285\">\n\n\t<div id=\"col-1035938172\" class=\"col small-12 large-12\"  >\n\t\t\t\t<div class=\"col-inner text-center\"  >\n\t\t\t\n\t\t\t\n<a href=\"https:\/\/www.weckmansteel.fi\/sv\/databank\/\" class=\"button primary\" >\n\t\t<span>Dokument om hallarna<\/span>\n\t<i class=\"icon-angle-right\" aria-hidden=\"true\"><\/i><\/a>\n\n\t\t<\/div>\n\t\t\t\t\t<\/div>\n\n\t\n<\/div>\n\t\t<\/div>\n\n\t\t\n<style>\n#section_961992585 {\n  padding-top: 30px;\n  padding-bottom: 30px;\n  background-color: rgb(240, 240, 240);\n}\n<\/style>\n\t<\/section>\n\t\n","protected":false},"excerpt":{"rendered":"","protected":false},"author":16,"featured_media":0,"parent":30153,"menu_order":403,"comment_status":"closed","ping_status":"closed","template":"page-blank.php","meta":{"footnotes":""},"class_list":["post-30168","page","type-page","status-publish","hentry"],"_links":{"self":[{"href":"https:\/\/www.weckmansteel.fi\/sv\/wp-json\/wp\/v2\/pages\/30168","targetHints":{"allow":["GET"]}}],"collection":[{"href":"https:\/\/www.weckmansteel.fi\/sv\/wp-json\/wp\/v2\/pages"}],"about":[{"href":"https:\/\/www.weckmansteel.fi\/sv\/wp-json\/wp\/v2\/types\/page"}],"author":[{"embeddable":true,"href":"https:\/\/www.weckmansteel.fi\/sv\/wp-json\/wp\/v2\/users\/16"}],"replies":[{"embeddable":true,"href":"https:\/\/www.weckmansteel.fi\/sv\/wp-json\/wp\/v2\/comments?post=30168"}],"version-history":[{"count":4,"href":"https:\/\/www.weckmansteel.fi\/sv\/wp-json\/wp\/v2\/pages\/30168\/revisions"}],"predecessor-version":[{"id":43338,"href":"https:\/\/www.weckmansteel.fi\/sv\/wp-json\/wp\/v2\/pages\/30168\/revisions\/43338"}],"up":[{"embeddable":true,"href":"https:\/\/www.weckmansteel.fi\/sv\/wp-json\/wp\/v2\/pages\/30153"}],"wp:attachment":[{"href":"https:\/\/www.weckmansteel.fi\/sv\/wp-json\/wp\/v2\/media?parent=30168"}],"curies":[{"name":"wp","href":"https:\/\/api.w.org\/{rel}","templated":true}]}}