{"id":30180,"date":"2023-07-03T10:24:03","date_gmt":"2023-07-03T07:24:03","guid":{"rendered":"https:\/\/www.weckmansteel.fi\/hallar\/specialhallar\/"},"modified":"2025-07-01T12:34:32","modified_gmt":"2025-07-01T09:34:32","slug":"specialhallar","status":"publish","type":"page","link":"https:\/\/www.weckmansteel.fi\/sv\/hallar\/specialhallar\/","title":{"rendered":"Specialhallar"},"content":{"rendered":"\n\t<section class=\"section dark\" id=\"section_515734090\">\n\t\t<div class=\"section-bg fill\" >\n\t\t\t<img loading=\"lazy\" decoding=\"async\" width=\"1200\" height=\"675\" src=\"https:\/\/www.weckmansteel.fi\/wp-content\/uploads\/2025\/03\/weckman_erikoishallit_paakuva.jpg\" class=\"bg attachment-1536x1536 size-1536x1536\" alt=\"\" \/>\t\t\t\t\t\t<div class=\"section-bg-overlay absolute fill\"><\/div>\n\t\t\t\n\n\t\t<\/div>\n\n\t\t\n\n\t\t<div class=\"section-content relative\">\n\t\t\t\n<div class=\"row\"  id=\"row-1545908069\">\n\n\t<div id=\"col-1721916794\" class=\"col small-12 large-12\"  >\n\t\t\t\t<div class=\"col-inner text-center\"  >\n\t\t\t\n\t\t\t\n\t<div id=\"text-3058704519\" class=\"text heading-font\">\n\t\t\n<p class=\"uppercase\"><strong> Weckmans flexibla, ekologiska och attraktiva hallar \u00e4r designade f\u00f6r finl\u00e4ndska f\u00f6rh\u00e5llanden<\/strong><\/p>\n\t\t\n<style>\n#text-3058704519 {\n  font-size: 2.25rem;\n}\n@media (min-width:550px) {\n  #text-3058704519 {\n    font-size: 2.75rem;\n  }\n}\n<\/style>\n\t<\/div>\n\t\n\t\t<\/div>\n\t\t\t\t\n<style>\n#col-1721916794 > .col-inner {\n  margin: 0px 0px -90px 0px;\n}\n<\/style>\n\t<\/div>\n\n\t\n<\/div>\n\t\t<\/div>\n\n\t\t\n<style>\n#section_515734090 {\n  padding-top: 0px;\n  padding-bottom: 0px;\n  min-height: 500px;\n}\n#section_515734090 .section-bg-overlay {\n  background-color: rgba(0, 30, 78, 0.5);\n}\n#section_515734090 .section-bg img {\n  object-position: 50% 75%;\n}\n<\/style>\n\t<\/section>\n\t\n<div class=\"row\"  id=\"row-1793733029\">\n\n\n\t<div id=\"col-1764041608\" class=\"col small-12 large-12\"  >\n\t\t\t\t<div class=\"col-inner\"  >\n\t\t\t\n\t\t\t\n\n\n\n<div class=\"breadcrumb\">\n<nav aria-label=\"breadcrumbs\" class=\"rank-math-breadcrumb\"><p><span class=\"last\">Weckman<\/span><\/p><\/nav>\n<\/div>\n\n\n\t\t<\/div>\n\t\t\t\t\t<\/div>\n\n\t\n\n<\/div>\n\n\t<section class=\"section\" id=\"section_1335864812\">\n\t\t<div class=\"section-bg fill\" >\n\t\t\t\t\t\t\t\t\t\n\t\t\t\n\n\t\t<\/div>\n\n\t\t\n\n\t\t<div class=\"section-content relative\">\n\t\t\t\n<div class=\"row align-center\"  id=\"row-1278564346\">\n\n\t<div id=\"col-1907998509\" class=\"col medium-8 small-12 large-9\"  >\n\t\t\t\t<div class=\"col-inner text-left\"  >\n\t\t\t\n\t\t\t\n<h1>Weckmans flexibla hall<\/h1>\n<p>Flexibilitet \u00e4r en viktig del av fungerande och h\u00e5llbar byggnadsdesign. Flexibilitet f\u00f6rebygger uppkomsten av byggavfall och milj\u00f6belastningen fr\u00e5n nybygge, eftersom man redan i designstadiet i h\u00f6g grad kan p\u00e5verka hur v\u00e4l byggnaderna och konstruktionerna kan \u00e5teranv\u00e4ndas. Genom flexibilitet str\u00e4var man \u00e4ven efter modularitet, det vill s\u00e4ga att hallen enkelt anpassas till olika syften genom att flytta mellanv\u00e4ggarna.<\/p>\n<p>En hall byggd av Weckmans st\u00e5lelement kan enkelt nedmonteras tack vare skruvf\u00f6rbanden och grundf\u00f6rbanden. Hallen kan till exempel l\u00e4ttare s\u00e4ljas vidare eller monteras p\u00e5 nytt p\u00e5 en annan plats \u00e4n en hall av tr\u00e4 eller betong.<\/p>\n<a href=\"https:\/\/www.weckmansteel.fi\/sv\/hallar\/offertbegaran\/\" class=\"button secondary\" >\n\t\t<span>Beg\u00e4r offert f\u00f6r en hall<\/span>\n\t<\/a>\n\n\t\t<\/div>\n\t\t\t\t\t<\/div>\n\n\t\n\n\t<div id=\"col-420401344\" class=\"col medium-4 small-12 large-3\"  >\n\t\t\t\t<div class=\"col-inner\"  >\n\t\t\t\n\t\t\t\n\t\n  \n    <div class=\"row large-columns-1 medium-columns-1 small-columns-1 row-small\" >\n  \n\t     <div class=\"col\" >\n\t\t\t\t\t\t<div class=\"col-inner\">\n\t\t\t\t\t\t\n<div class=\"badge-container absolute left top z-1\">\n\n<\/div>\n\t\t\t\t\t\t<div class=\"product-small box has-hover box-push box-text-bottom\">\n\t\t\t\t\t\t\t<div class=\"box-image\" >\n\t\t\t\t\t\t\t\t<div class=\"\" >\n\t\t\t\t\t\t\t\t\t<a href=\"https:\/\/www.weckmansteel.fi\/sv\/produkt\/specialhall\/\" aria-label=\"Specialhall\">\n\t\t\t\t\t\t\t\t\t\t<img loading=\"lazy\" decoding=\"async\" width=\"400\" height=\"400\" src=\"https:\/\/www.weckmansteel.fi\/wp-content\/uploads\/2025\/03\/weckman_erikoishallit_paakuva-400x400.jpg\" class=\"attachment-woocommerce_thumbnail size-woocommerce_thumbnail\" alt=\"Specialhall\" srcset=\"https:\/\/www.weckmansteel.fi\/wp-content\/uploads\/2025\/03\/weckman_erikoishallit_paakuva-400x400.jpg 400w, https:\/\/www.weckmansteel.fi\/wp-content\/uploads\/2025\/03\/weckman_erikoishallit_paakuva-100x100.jpg 100w, https:\/\/www.weckmansteel.fi\/wp-content\/uploads\/2025\/03\/weckman_erikoishallit_paakuva-150x150.jpg 150w\" sizes=\"auto, (max-width: 400px) 100vw, 400px\" \/>\t\t\t\t\t\t\t\t\t<\/a>\n\t\t\t\t\t\t\t\t\t\t\t\t\t\t\t\t\t\t \t\t\t\t\t\t\t\t<\/div>\n\t\t\t\t\t\t\t\t<div class=\"image-tools top right show-on-hover\">\n\t\t\t\t\t\t\t\t\t\t\t\t\t\t\t\t\t<\/div>\n\t\t\t\t\t\t\t\t\t\t\t\t\t\t\t\t\t<div class=\"image-tools grid-tools text-center hide-for-small bottom hover-slide-in show-on-hover\">\n\t\t\t\t\t\t\t\t\t\t\t\t\t\t\t\t\t\t\t<\/div>\n\t\t\t\t\t\t\t\t\t\t\t\t\t\t\t\t\t\t\t\t\t\t\t<\/div>\n\n\t\t\t\t\t\t\t<div class=\"box-text text-center\" >\n\t\t\t\t\t\t\t\t<div class=\"title-wrapper\"><p class=\"name product-title woocommerce-loop-product__title\"><a href=\"https:\/\/www.weckmansteel.fi\/sv\/produkt\/specialhall\/\" class=\"woocommerce-LoopProduct-link woocommerce-loop-product__link\">Specialhall<\/a><\/p><\/div><div class=\"price-wrapper\"><\/div>\t\t\t\t\t\t\t<\/div>\n\t\t\t\t\t\t<\/div>\n\t\t\t\t\t\t<\/div>\n\t\t\t\t\t<\/div><\/div>\n\t\t<\/div>\n\t\t\t\t\t<\/div>\n\n\t\n<\/div>\n\t\t<\/div>\n\n\t\t\n<style>\n#section_1335864812 {\n  padding-top: 60px;\n  padding-bottom: 60px;\n}\n<\/style>\n\t<\/section>\n\t\n\n\t<section class=\"section\" id=\"section_2039759565\">\n\t\t<div class=\"section-bg fill\" >\n\t\t\t\t\t\t\t\t\t\n\t\t\t\n\n\t\t<\/div>\n\n\t\t\n\n\t\t<div class=\"section-content relative\">\n\t\t\t\n<div class=\"row row-small align-center\"  id=\"row-1329804665\">\n\n\t<div id=\"col-932817947\" class=\"col small-12 large-12\"  >\n\t\t\t\t<div class=\"col-inner\"  >\n\t\t\t\n\t\t\t\n<h2 class=\"red\">St\u00e5l som byggmaterial<\/h2>\n<p>St\u00e5l \u00e4r ett h\u00e5llbart material. R\u00e4tt anv\u00e4nt garanterar det en l\u00e5ng livsl\u00e4ngd f\u00f6r hallen. Den tekniska livsl\u00e4ngden f\u00f6r Weckmans hallar \u00e4r minst 50 \u00e5r.<\/p>\n<p>St\u00e5lets vinnande egenskap \u00e4r helt klart dess h\u00e5llbarhet. H\u00e5llbarheten skiljer st\u00e5l fr\u00e5n andra byggmaterial, till exempel tegel, betong och tr\u00e4. St\u00e5ldelar \u00e4r ocks\u00e5 l\u00e4tta i j\u00e4mf\u00f6relse med till exempel betong. En ytbehandlad st\u00e5lkonstruktion avger eller upptar inte heller orenheter eller fukt.<\/p>\n<p>St\u00e5l \u00e4r \u00e4ven ett milj\u00f6v\u00e4nligt byggmaterial, eftersom det framst\u00e4lls allt mer koldioxidneutralt och \u00e4r 100 % \u00e5tervinningsbart. Det ligger i de stora st\u00e5lfabrikernas strategi att tillverka 100 % koldioxidneutralt st\u00e5l inom en snar framtid.<\/p>\n<p>Den \u00e4ndam\u00e5lsenliga kvaliteten f\u00f6r Weckmans st\u00e5lkonstruktioner garanteras genom finl\u00e4ndsk design i enlighet med Euronormerna och tillverkning i enlighet med EN 1090-certifikatet. Av Weckmans experter och yrkesm\u00e4nniskor inom st\u00e5lbygge f\u00f6r du tips om h\u00e5llbart st\u00e5lbygge med l\u00e5ga koldioxidutsl\u00e4pp och ytterligare information f\u00f6r planeringen.<\/p>\n\t\t<\/div>\n\t\t\t\t\t<\/div>\n\n\t\n\n\n\n\n\n\t<div id=\"col-217091806\" class=\"col medium-4 small-12 large-4\"  >\n\t\t\t\t<div class=\"col-inner text-center\"  >\n\t\t\t\n\t\t\t\n<a href=\"https:\/\/www.weckmansteel.fi\/sv\/kontaktuppgifter\/#terashallit\" class=\"button primary\" >\n\t\t<span>Ta kontakt<\/span>\n\t<\/a>\n\n\t\t<\/div>\n\t\t\t\t\t<\/div>\n\n\t\n<\/div>\n\t\t<\/div>\n\n\t\t\n<style>\n#section_2039759565 {\n  padding-top: 40px;\n  padding-bottom: 40px;\n  background-color: rgb(240, 240, 240);\n}\n@media (min-width:550px) {\n  #section_2039759565 {\n    padding-top: 60px;\n    padding-bottom: 60px;\n  }\n}\n<\/style>\n\t<\/section>\n\t\n\n\t<section class=\"section dark has-parallax\" id=\"section_1981087296\">\n\t\t<div class=\"section-bg fill\" data-parallax-container=\".section\" data-parallax-background data-parallax=\"-2\">\n\t\t\t<img loading=\"lazy\" decoding=\"async\" width=\"1200\" height=\"675\" src=\"https:\/\/www.weckmansteel.fi\/wp-content\/uploads\/2021\/03\/weckman_erikoishallit_paakuva.jpg\" class=\"bg attachment-1536x1536 size-1536x1536\" alt=\"Weckman ter\u00e4shallien suunnittelu erikoishallit\" \/>\t\t\t\t\t\t<div class=\"section-bg-overlay absolute fill\"><\/div>\n\t\t\t\n\n\t\t<\/div>\n\n\t\t\n\n\t\t<div class=\"section-content relative\">\n\t\t\t\n<div class=\"row row-large align-center\"  id=\"row-31145730\">\n\n\t<div id=\"col-1516288397\" class=\"col medium-11 small-12 large-10\"  >\n\t\t\t\t<div class=\"col-inner text-left\"  >\n\t\t\t\n\t\t\t\n<h2>En h\u00e5llbar och m\u00e5ngsidig hall<\/h2>\n<p>Tack vare sin modul\u00e4ra design \u00e4r Weckmans skr\u00e4ddarsydda hall m\u00e5ngsidig och d\u00e4rmed h\u00e5llbar. Weckman-hallarna \u00e4r flexibla och begr\u00e4nsas inte av sin befintliga konstruktion eller storlek, eftersom storleken och funktionaliteten f\u00f6r prefabricerade hallar vid behov kan \u00e4ndras i efterhand.<\/p>\n<p><strong>N\u00e4r anv\u00e4ndnings\u00e4ndam\u00e5let \u00e4ndras kan en hall med st\u00e5lkonstruktion<\/strong> <br \/>&#8211; byggas ut <br \/>&#8211; v\u00e4rmeisoleras helt eller delvis <br \/>&#8211; f\u00f6rses med skjutd\u00f6rrar <br \/>&#8211; f\u00f6rses med h\u00f6gre eller bredare d\u00f6rr\u00f6ppningar och f\u00f6nster.<\/p>\n<p>Hallens dimensioner kan designas enligt anv\u00e4ndnings\u00e4ndam\u00e5let. Weckmans st\u00e5lbj\u00e4lkar m\u00f6jligg\u00f6r l\u00e5nga sp\u00e4nnvidder, s\u00e5 att d\u00f6rr\u00f6ppningar f\u00f6r stora maskiner kan placeras \u00e4ven p\u00e5 hallens l\u00e5ngv\u00e4gg. Kontor och sociala utrymmen \u00e4r ocks\u00e5 en del av Weckmans hallar.<\/p>\n<p>Weckmans CE-m\u00e4rkta och l\u00e4tta sandwich-element kan anv\u00e4ndas f\u00f6r att skapa en isolerad skiljev\u00e4gg i den prefabricerade hallen, som delar upp utrymmet i kalla och varma sektioner.<\/p>\n\t\t<\/div>\n\t\t\t\t\t<\/div>\n\n\t\n\n<style>\n#row-31145730 > .col > .col-inner {\n  padding: 0px 0px 0px 0px;\n}\n<\/style>\n<\/div>\n<div class=\"row align-center\"  id=\"row-1075119411\">\n\n\t<div id=\"col-1624998504\" class=\"col small-12 large-12\"  >\n\t\t\t\t<div class=\"col-inner text-center\"  >\n\t\t\t\n\t\t\t\n<a href=\"https:\/\/www.weckmansteel.fi\/sv\/hallar\/offertbegaran\/\" class=\"button secondary\" >\n\t\t<span>Beg\u00e4r offert f\u00f6r en hall<\/span>\n\t<\/a>\n\n\t\t<\/div>\n\t\t\t\t\t<\/div>\n\n\t\n<\/div>\n\t\t<\/div>\n\n\t\t\n<style>\n#section_1981087296 {\n  padding-top: 60px;\n  padding-bottom: 60px;\n  background-color: #446084;\n}\n#section_1981087296 .section-bg-overlay {\n  background-color: rgba(2, 80, 153, 0.75);\n}\n#section_1981087296 .section-bg img {\n  object-position: 51% 1%;\n}\n<\/style>\n\t<\/section>\n\t\n\n\t<section class=\"section\" id=\"section_1280271887\">\n\t\t<div class=\"section-bg fill\" >\n\t\t\t\t\t\t\t\t\t\n\t\t\t\n\n\t\t<\/div>\n\n\t\t\n\n\t\t<div class=\"section-content relative\">\n\t\t\t\n<div class=\"row align-center\"  id=\"row-249988011\">\n\n\t<div id=\"col-303906292\" class=\"col small-12 large-12\"  >\n\t\t\t\t<div class=\"col-inner\"  >\n\t\t\t\n\t\t\t\n<div class=\"row\"  id=\"row-1346431628\">\n\n\t<div id=\"col-1215188201\" class=\"col medium-6 small-12 large-6\"  >\n\t\t\t\t<div class=\"col-inner\"  >\n\t\t\t\n\t\t\t\n\t<div id=\"text-2038616459\" class=\"text\">\n\t\t\n<h2>Anv\u00e4ndning av Weckman-hallar<\/h2>\n<ul>\n<li class=\"bullet-checkmark\">Skr\u00e4ddarsydda hallar f\u00f6r kunder<\/li>\n<li class=\"bullet-checkmark\">Maskinhall<\/li>\n<li class=\"bullet-checkmark\">L\u00f6sdriftshallar<\/li>\n<li class=\"bullet-checkmark\">Maneger<\/li>\n<li class=\"bullet-checkmark\">Idrottshall<\/li>\n<li class=\"bullet-checkmark\">Aff\u00e4rslokal<\/li>\n<li class=\"bullet-checkmark\">Industrihall<\/li>\n<\/ul>\n\t\t\n<style>\n#text-2038616459 {\n  text-align: left;\n}\n<\/style>\n\t<\/div>\n\t\n\t\t<\/div>\n\t\t\t\t\t<\/div>\n\n\t\n\n\t<div id=\"col-1575838251\" class=\"col medium-6 small-12 large-6\"  >\n\t\t\t\t<div class=\"col-inner\"  >\n\t\t\t\n\t\t\t\n\t<div class=\"img has-hover x md-x lg-x y md-y lg-y\" id=\"image_1614049755\">\n\t\t\t\t\t\t\t\t<div class=\"img-inner dark\" >\n\t\t\t<img loading=\"lazy\" decoding=\"async\" width=\"1020\" height=\"644\" src=\"https:\/\/www.weckmansteel.fi\/wp-content\/uploads\/2021\/04\/Lautapintainen-tera\u0308shalli-IMG-20191207-WA0020-1024x647.jpg\" class=\"attachment-large size-large\" alt=\"Lautapintainen tera\u0308shalli\" srcset=\"https:\/\/www.weckmansteel.fi\/wp-content\/uploads\/2021\/04\/Lautapintainen-tera\u0308shalli-IMG-20191207-WA0020-1024x647.jpg 1024w, https:\/\/www.weckmansteel.fi\/wp-content\/uploads\/2021\/04\/Lautapintainen-tera\u0308shalli-IMG-20191207-WA0020-900x568.jpg 900w, https:\/\/www.weckmansteel.fi\/wp-content\/uploads\/2021\/04\/Lautapintainen-tera\u0308shalli-IMG-20191207-WA0020-300x189.jpg 300w, https:\/\/www.weckmansteel.fi\/wp-content\/uploads\/2021\/04\/Lautapintainen-tera\u0308shalli-IMG-20191207-WA0020-768x485.jpg 768w, https:\/\/www.weckmansteel.fi\/wp-content\/uploads\/2021\/04\/Lautapintainen-tera\u0308shalli-IMG-20191207-WA0020.jpg 1056w\" sizes=\"auto, (max-width: 1020px) 100vw, 1020px\" \/>\t\t\t\t\t\t\n\t\t\t\t\t\t\t<div class=\"caption\">Ter\u00e4shallin voi pinnoittaa my\u00f6s puulla.<\/div>\n\t\t\t\t\t<\/div>\n\t\t\t\t\t\t\t\t\n<style>\n#image_1614049755 {\n  width: 78%;\n}\n<\/style>\n\t<\/div>\n\t\n\t\t<\/div>\n\t\t\t\t\t<\/div>\n\n\t\n<\/div>\n\t\t<\/div>\n\t\t\t\t\t<\/div>\n\n\t\n<\/div>\n<div class=\"row align-equal row-box-shadow-1\"  id=\"row-556968440\">\n\n\t<div id=\"col-141345773\" class=\"col medium-6 small-12 large-4\"  >\n\t\t\t\t<div class=\"col-inner\"  >\n\t\t\t\n\t\t\t\n\t<div id=\"text-2523437102\" class=\"text\">\n\t\t\n<h2>Skr\u00e4ddarsydda hallar f\u00f6r kunder<\/h2>\n<p>Mets\u00e4 Group byggde v\u00e4rldens modernaste s\u00e5gverk i Raumo. Heinolan Sahakoneet f\u00f6rs\u00e5g s\u00e5gverket med torkutrymmen och tillh\u00f6rande lasthanteringsutrustning. Weckman levererade de t\u00e4ckta st\u00e5lkonstruktionerna till Heinola Sahakoneet, det vill s\u00e4ga en hall &#8221;lika stor som n\u00e5gra fotbollsplaner&#8221;.<\/p>\n\t\t\n<style>\n#text-2523437102 {\n  text-align: left;\n}\n<\/style>\n\t<\/div>\n\t\n\t\t<\/div>\n\t\t\t\t\t<\/div>\n\n\t\n\n\t<div id=\"col-384828987\" class=\"col medium-6 small-12 large-4\"  >\n\t\t\t\t<div class=\"col-inner text-left\"  >\n\t\t\t\n\t\t\t\n\t<div id=\"text-3487344854\" class=\"text\">\n\t\t\n<h2>Maskinhall<\/h2>\n<p>F\u00f6r traditionell f\u00f6rvaring av utrustning finns ett brett utbud av hallar i olika storlekar med traditionell takvinkel eller en brantare takvinkel f\u00f6r st\u00f6rre f\u00f6rvaringsbehov. Ett brett utbud av till\u00e4ggsutrustning finns tillg\u00e4ngligt f\u00f6r hallarna och leveranspaketet inkluderar fundament, d\u00f6rrar, f\u00f6nster, taks\u00e4kerhetsprodukter och regnvattensystem.<\/p>\n\t\t\n<style>\n#text-3487344854 {\n  text-align: left;\n}\n<\/style>\n\t<\/div>\n\t\n<a href=\"https:\/\/www.weckmansteel.fi\/sv\/hallar\/maskinhallar\/\" class=\"button secondary\" >\n\t\t<span>L\u00e4s mer om maskinhallar<\/span>\n\t<\/a>\n\n\t\t<\/div>\n\t\t\t\t\t<\/div>\n\n\t\n\n\t<div id=\"col-1617585046\" class=\"col medium-6 small-12 large-4\"  >\n\t\t\t\t<div class=\"col-inner text-left\"  >\n\t\t\t\n\t\t\t\n\t<div id=\"text-752846831\" class=\"text\">\n\t\t\n<h2>L\u00f6sdriftshallar<\/h2>\n<p>En s\u00e4ker och funktionell l\u00f6sning f\u00f6r djurh\u00e5llning p\u00e5 lantg\u00e5rdar<\/p>\n\t\t\n<style>\n#text-752846831 {\n  text-align: left;\n}\n<\/style>\n\t<\/div>\n\t\n<a href=\"https:\/\/www.weckmansteel.fi\/sv\/hallar\/losdriftshallar\/\" class=\"button secondary\" >\n\t\t<span>L\u00e4s mer om l\u00f6sdriftshallar<\/span>\n\t<\/a>\n\n\t\t<\/div>\n\t\t\t\t\t<\/div>\n\n\t\n\n\t<div id=\"col-1862957346\" class=\"col medium-6 small-12 large-4\"  >\n\t\t\t\t<div class=\"col-inner text-left\"  >\n\t\t\t\n\t\t\t\n\t<div id=\"text-1512175378\" class=\"text\">\n\t\t\n<h2>Maneger<\/h2>\n<p>H\u00f6gklassiga och effektfulla hallar f\u00f6r ridning.<\/p>\n\t\t\n<style>\n#text-1512175378 {\n  text-align: left;\n}\n<\/style>\n\t<\/div>\n\t\n<a href=\"https:\/\/www.weckmansteel.fi\/sv\/hallar\/maneger\/\" class=\"button secondary\" >\n\t\t<span>L\u00e4s mer om maneger<\/span>\n\t<\/a>\n\n\t\t<\/div>\n\t\t\t\t\t<\/div>\n\n\t\n\n\t<div id=\"col-311560223\" class=\"col medium-6 small-12 large-4\"  >\n\t\t\t\t<div class=\"col-inner\"  >\n\t\t\t\n\t\t\t\n\t<div id=\"text-3489479892\" class=\"text\">\n\t\t\n<h2>Aff\u00e4rslokal<\/h2>\n<p>V\u00e5rt hallkoncept erbjuder \u00e4ven l\u00f6sningar f\u00f6r aff\u00e4rslokaler. Effektiv anv\u00e4ndning av utrymmet, innovativ design f\u00f6r att m\u00f6ta kundens behov och en flexibel grundkonstruktion s\u00e4kerst\u00e4ller att Weckman-hallarna \u00e4r en l\u00f6nsam och s\u00e4ker investering i \u00e5rtionden fram\u00f6ver.<\/p>\n\t\t\n<style>\n#text-3489479892 {\n  text-align: left;\n}\n<\/style>\n\t<\/div>\n\t\n\t\t<\/div>\n\t\t\t\t\t<\/div>\n\n\t\n\n\t<div id=\"col-1086877016\" class=\"col medium-6 small-12 large-4\"  >\n\t\t\t\t<div class=\"col-inner\"  >\n\t\t\t\n\t\t\t\n\t<div id=\"text-2643010785\" class=\"text\">\n\t\t\n<h2>Idrottshall<\/h2>\n<p>Weckmans hallar l\u00e4mpar sig ocks\u00e5 f\u00f6r m\u00e5nga olika former av idrott. Till exempel har bollspelet padel blivit mycket popul\u00e4rt i Finland och som svar p\u00e5 detta har Weckman utvecklat ett eget kostnadseffektivt hallkoncept som uppfyller spelets krav p\u00e5 h\u00f6jd och bredd. Vi har varit med om att skapa b\u00e5de mindre hallar med n\u00e5gra banor och st\u00f6rre idrottscenter med upp till tio banor.<\/p>\n\t\t\n<style>\n#text-2643010785 {\n  text-align: left;\n}\n<\/style>\n\t<\/div>\n\t\n\t\t<\/div>\n\t\t\t\t\t<\/div>\n\n\t\n\n\t<div id=\"col-478865188\" class=\"col medium-6 small-12 large-4\"  >\n\t\t\t\t<div class=\"col-inner\"  >\n\t\t\t\n\t\t\t\n\t<div id=\"text-675968702\" class=\"text\">\n\t\t\n<h2>Industrihall<\/h2>\n<p>Industrihallar levereras skr\u00e4ddarsydda. Hallen kan till exempel omfatta kontor och sociala utrymmen. Ut\u00f6ver hallpaketet kan entrepren\u00f6ren best\u00e4lla fundament, lyftd\u00f6rrar, ing\u00e5ngsd\u00f6rrar, f\u00f6nster, taks\u00e4kerhetsprodukter och regnvattensystem fr\u00e5n Weckman. Allt detta kan \u00e4ven levereras med montering.<\/p>\n\t\t\n<style>\n#text-675968702 {\n  text-align: left;\n}\n<\/style>\n\t<\/div>\n\t\n\t\t<\/div>\n\t\t\t\t\t<\/div>\n\n\t\n\n<style>\n#row-556968440 > .col > .col-inner {\n  padding: 24px 24px 24px 24px;\n  background-color: rgb(255,255,255);\n}\n<\/style>\n<\/div>\n<div class=\"row align-middle\"  id=\"row-1489243613\">\n\n<\/div>\n<div class=\"row align-middle\"  id=\"row-646959266\">\n\n<\/div>\n<div class=\"row align-middle\"  id=\"row-1917991958\">\n\n<\/div>\n<div class=\"row align-middle\"  id=\"row-1308752369\">\n\n<\/div>\n\t\t<\/div>\n\n\t\t\n<style>\n#section_1280271887 {\n  padding-top: 60px;\n  padding-bottom: 60px;\n  background-color: rgb(240, 240, 240);\n}\n<\/style>\n\t<\/section>\n\t\n\n\t<section class=\"section dark has-parallax\" id=\"section_574228799\">\n\t\t<div class=\"section-bg fill\" data-parallax-container=\".section\" data-parallax-background data-parallax=\"-2\">\n\t\t\t<img loading=\"lazy\" decoding=\"async\" width=\"1200\" height=\"675\" src=\"https:\/\/www.weckmansteel.fi\/wp-content\/uploads\/2021\/03\/weckman_erikoishallit_paakuva.jpg\" class=\"bg attachment-1536x1536 size-1536x1536\" alt=\"Weckman ter\u00e4shallien suunnittelu erikoishallit\" \/>\t\t\t\t\t\t<div class=\"section-bg-overlay absolute fill\"><\/div>\n\t\t\t\n\n\t\t<\/div>\n\n\t\t\n\n\t\t<div class=\"section-content relative\">\n\t\t\t\n<div class=\"row row-large align-center\"  id=\"row-463891243\">\n\n\t<div id=\"col-1503055358\" class=\"col medium-6 small-12 large-6\"  >\n\t\t\t\t<div class=\"col-inner text-left\"  >\n\t\t\t\n\t\t\t\n<h2>V\u00e4lj en h\u00e5llbar och s\u00e4ker hall fr\u00e5n Weckman<\/h2>\n<p>Weckmans experter och yrkesm\u00e4nniskor inom st\u00e5lbygge ger dig tips om h\u00e5llbart och milj\u00f6v\u00e4nligt st\u00e5lbygge med l\u00e5ga koldioxidutsl\u00e4pp samt ytterligare information till st\u00f6d f\u00f6r planeringen.<\/p>\n<a href=\"https:\/\/www.weckmansteel.fi\/sv\/hallar\/val-och-bygge-av-en-stalhall\/\" class=\"button secondary\" >\n\t\t<span>L\u00e4s mer<\/span>\n\t<\/a>\n\n\t\t<\/div>\n\t\t\t\t\n<style>\n#col-1503055358 > .col-inner {\n  padding: 0px 10px 0px 0px;\n}\n<\/style>\n\t<\/div>\n\n\t\n\n\t<div id=\"col-1832104739\" class=\"col medium-6 small-12 large-6\"  >\n\t\t\t\t<div class=\"col-inner text-left\"  >\n\t\t\t\n\t\t\t\n<h2>Testa Weckmans planeringsprogram<\/h2>\n<p>Vi har sammanst\u00e4llt verktyg och planeringsinstruktioner f\u00f6r planerare med hj\u00e4lp av vilka du s\u00e4kerst\u00e4ller planeringen av en h\u00e5llbar hall med st\u00e5lkonstruktion som har en l\u00e5ng livsl\u00e4ngd.<\/p>\n<a href=\"https:\/\/www.weckmansteel.fi\/sv\/databank\/\" class=\"button secondary\" >\n\t\t<span>L\u00e4s mer<\/span>\n\t<\/a>\n\n\t\t<\/div>\n\t\t\t\t\n<style>\n#col-1832104739 > .col-inner {\n  padding: 0px 10px 0px 0px;\n}\n<\/style>\n\t<\/div>\n\n\t\n\n<style>\n#row-463891243 > .col > .col-inner {\n  padding: 0px 0px 0px 0px;\n}\n<\/style>\n<\/div>\n<div class=\"row align-center\"  id=\"row-1429799319\">\n\n\t<div id=\"col-1506014758\" class=\"col small-12 large-12\"  >\n\t\t\t\t<div class=\"col-inner\"  >\n\t\t\t\n\t\t\t\n\t<div id=\"text-84144322\" class=\"text\">\n\t\t\n<h2>Smarta fastighetsl\u00f6sningar<\/h2>\n<p>Den automation och optimering som AI m\u00f6jligg\u00f6r effektiviserar produktiviteten f\u00f6r anv\u00e4ndare av smarta fastigheter och \u00e4r en viktig del av h\u00e5llbar energianv\u00e4ndning. Weckman vill vara en del av denna framtid. V\u00e5r vision \u00e4r att skapa en smart hallhelhet som i framtiden kan vara sj\u00e4lvf\u00f6rs\u00f6rjande p\u00e5 energi. Framtidens smarta hall f\u00f6rst\u00e5r sin anv\u00e4ndare och reglerar sin temperatur, sitt ljus och sina \u00f6vriga funktioner efter anv\u00e4ndarens behov.\u00a0<\/p>\n\t\t\n<style>\n#text-84144322 {\n  text-align: left;\n}\n<\/style>\n\t<\/div>\n\t\n\t\t<\/div>\n\t\t\t\t\t<\/div>\n\n\t\n<\/div>\n\t\t<\/div>\n\n\t\t\n<style>\n#section_574228799 {\n  padding-top: 60px;\n  padding-bottom: 60px;\n  background-color: #446084;\n}\n#section_574228799 .section-bg-overlay {\n  background-color: rgba(2, 80, 153, 0.75);\n}\n#section_574228799 .section-bg img {\n  object-position: 51% 1%;\n}\n<\/style>\n\t<\/section>\n\t\n","protected":false},"excerpt":{"rendered":"","protected":false},"author":16,"featured_media":0,"parent":30153,"menu_order":408,"comment_status":"closed","ping_status":"closed","template":"page-blank.php","meta":{"footnotes":""},"class_list":["post-30180","page","type-page","status-publish","hentry"],"_links":{"self":[{"href":"https:\/\/www.weckmansteel.fi\/sv\/wp-json\/wp\/v2\/pages\/30180","targetHints":{"allow":["GET"]}}],"collection":[{"href":"https:\/\/www.weckmansteel.fi\/sv\/wp-json\/wp\/v2\/pages"}],"about":[{"href":"https:\/\/www.weckmansteel.fi\/sv\/wp-json\/wp\/v2\/types\/page"}],"author":[{"embeddable":true,"href":"https:\/\/www.weckmansteel.fi\/sv\/wp-json\/wp\/v2\/users\/16"}],"replies":[{"embeddable":true,"href":"https:\/\/www.weckmansteel.fi\/sv\/wp-json\/wp\/v2\/comments?post=30180"}],"version-history":[{"count":4,"href":"https:\/\/www.weckmansteel.fi\/sv\/wp-json\/wp\/v2\/pages\/30180\/revisions"}],"predecessor-version":[{"id":43354,"href":"https:\/\/www.weckmansteel.fi\/sv\/wp-json\/wp\/v2\/pages\/30180\/revisions\/43354"}],"up":[{"embeddable":true,"href":"https:\/\/www.weckmansteel.fi\/sv\/wp-json\/wp\/v2\/pages\/30153"}],"wp:attachment":[{"href":"https:\/\/www.weckmansteel.fi\/sv\/wp-json\/wp\/v2\/media?parent=30180"}],"curies":[{"name":"wp","href":"https:\/\/api.w.org\/{rel}","templated":true}]}}