{"id":30193,"date":"2023-07-03T10:24:10","date_gmt":"2023-07-03T07:24:10","guid":{"rendered":"https:\/\/www.weckmansteel.fi\/hallar\/offertbegaran\/"},"modified":"2025-07-07T08:32:02","modified_gmt":"2025-07-07T05:32:02","slug":"offertbegaran","status":"publish","type":"page","link":"https:\/\/www.weckmansteel.fi\/sv\/hallar\/offertbegaran\/","title":{"rendered":"Offertbeg\u00e4ran"},"content":{"rendered":"\n\t<section class=\"section dark\" id=\"section_2136582526\">\n\t\t<div class=\"section-bg fill\" >\n\t\t\t<img loading=\"lazy\" decoding=\"async\" width=\"1500\" height=\"837\" src=\"https:\/\/www.weckmansteel.fi\/wp-content\/uploads\/2025\/03\/weckman-WSE-halli-1.jpg\" class=\"bg attachment-1536x1536 size-1536x1536\" alt=\"\" \/>\t\t\t\t\t\t<div class=\"section-bg-overlay absolute fill\"><\/div>\n\t\t\t\n\n\t\t<\/div>\n\n\t\t\n\n\t\t<div class=\"section-content relative\">\n\t\t\t\n<div class=\"row\"  id=\"row-1113779315\">\n\n\t<div id=\"col-583910753\" class=\"col small-12 large-12\"  >\n\t\t\t\t<div class=\"col-inner text-center\"  >\n\t\t\t\n\t\t\t\n\t<div id=\"text-2910161997\" class=\"text heading-font\">\n\t\t\n<p class=\"uppercase\"><strong>Beg\u00e4r offert p\u00e5 en Weckman st\u00e5lhall<\/strong><\/p>\n\t\t\n<style>\n#text-2910161997 {\n  font-size: 2.25rem;\n}\n@media (min-width:550px) {\n  #text-2910161997 {\n    font-size: 2.75rem;\n  }\n}\n<\/style>\n\t<\/div>\n\t\n\t\t<\/div>\n\t\t\t\t\n<style>\n#col-583910753 > .col-inner {\n  margin: 0px 0px -90px 0px;\n}\n<\/style>\n\t<\/div>\n\n\t\n<\/div>\n\t\t<\/div>\n\n\t\t\n<style>\n#section_2136582526 {\n  padding-top: 0px;\n  padding-bottom: 0px;\n  min-height: 500px;\n}\n#section_2136582526 .section-bg-overlay {\n  background-color: rgba(0, 30, 78, 0.5);\n}\n#section_2136582526 .section-bg img {\n  object-position: 50% 50%;\n}\n<\/style>\n\t<\/section>\n\t\n<div class=\"row\"  id=\"row-1220063274\">\n\n\n\t<div id=\"col-1885657584\" class=\"col small-12 large-12\"  >\n\t\t\t\t<div class=\"col-inner\"  >\n\t\t\t\n\t\t\t\n\n\n\n<div class=\"breadcrumb\">\n<nav aria-label=\"breadcrumbs\" class=\"rank-math-breadcrumb\"><p><span class=\"last\">Weckman<\/span><\/p><\/nav>\n<\/div>\n\n\n\t\t<\/div>\n\t\t\t\t\t<\/div>\n\n\t\n\n<\/div>\n\n\t<section class=\"section\" id=\"section_1148576228\">\n\t\t<div class=\"section-bg fill\" >\n\t\t\t\t\t\t\t\t\t\n\t\t\t\n\n\t\t<\/div>\n\n\t\t\n\n\t\t<div class=\"section-content relative\">\n\t\t\t\n<div class=\"row\"  id=\"row-1089133656\">\n\n\t<div id=\"col-1869772322\" class=\"col small-12 large-12\"  >\n\t\t\t\t<div class=\"col-inner\"  >\n\t\t\t\n\t\t\t\n<h2>Offertbeg\u00e4ran st\u00e5lhall<\/h2>\n<p>Skicka en offertbeg\u00e4ran i fritt format f\u00f6r Weckman st\u00e5lhall med hj\u00e4lp av bifogat formul\u00e4r.<\/p>\n\t\t<\/div>\n\t\t\t\t\t<\/div>\n\n\t\n<\/div>\n<div class=\"row\"  id=\"row-343596716\">\n\n\t<div id=\"col-1980500924\" class=\"col medium-8 small-12 large-8\"  >\n\t\t\t\t<div class=\"col-inner text-left\"  >\n\t\t\t\n\t\t\t\n\n<div class='fluentform ff-default fluentform_wrapper_8 ffs_default_wrap'><form data-form_id=\"8\" id=\"fluentform_8\" class=\"frm-fluent-form fluent_form_8 ff-el-form-top ff_form_instance_8_1 ff-form-loading ff_has_v3_recptcha ffs_default\" data-form_instance=\"ff_form_instance_8_1\" method=\"POST\" data-recptcha_key=\"6LeHZAEpAAAAAK6qnuTyC5j6dNf_Pk4MeCNsVFdX\" ><fieldset  style=\"border: none!important;margin: 0!important;padding: 0!important;background-color: transparent!important;box-shadow: none!important;outline: none!important; min-inline-size: 100%;\">\n                    <legend class=\"ff_screen_reader_title\" style=\"display: block; margin: 0!important;padding: 0!important;height: 0!important;text-indent: -999999px;width: 0!important;overflow:hidden;\">Offertbeg\u00e4ran st\u00e5lhall<\/legend><input type='hidden' name='__fluent_form_embded_post_id' value='30193' \/><input type=\"hidden\" id=\"_fluentform_8_fluentformnonce\" name=\"_fluentform_8_fluentformnonce\" value=\"bf3a73cd81\" \/><input type=\"hidden\" name=\"_wp_http_referer\" value=\"\/sv\/wp-json\/wp\/v2\/pages\/30193\" \/><div class='ff-el-group  ff-custom_html' tabindex='-1' data-name=\"custom_html-8_1\" ><p class=\"heading-font\" style=\"font-size:1.75em\"><span class=\"HwtZe\" lang=\"sv\"><span class=\"jCAhz ChMk0b\"><span class=\"ryNqvb\"><b>Kontaktinformation<\/b><\/span><\/span><\/span><\/p><\/div><div data-name=\"ff_cn_id_1\"  class='ff-t-container ff-column-container ff_columns_total_2 '><div class='ff-t-cell ff-t-column-1' style='flex-basis: 50%;'><div class='ff-el-group one-half first'><div class=\"ff-el-input--label ff-el-is-required asterisk-right\"><label for='ff_8_foernamn_1693299980122' id='label_ff_8_foernamn_1693299980122' aria-label=\"F\u00f6rnamn\">F\u00f6rnamn<\/label><\/div><div class='ff-el-input--content'><input type=\"text\" name=\"foernamn_1693299980122\" class=\"ff-el-form-control\" id=\"ff_8_foernamn_1693299980122\" data-name=\"foernamn_1693299980122\"  aria-invalid=\"false\" aria-required=true><\/div><\/div><\/div><div class='ff-t-cell ff-t-column-2' style='flex-basis: 50%;'><div class='ff-el-group one-half'><div class=\"ff-el-input--label ff-el-is-required asterisk-right\"><label for='ff_8_efternamn_1693299992384' id='label_ff_8_efternamn_1693299992384' aria-label=\"Efternamn\">Efternamn<\/label><\/div><div class='ff-el-input--content'><input type=\"text\" name=\"efternamn_1693299992384\" class=\"ff-el-form-control\" id=\"ff_8_efternamn_1693299992384\" data-name=\"efternamn_1693299992384\"  aria-invalid=\"false\" aria-required=true><\/div><\/div><\/div><\/div><div class='ff-el-group'><div class=\"ff-el-input--label asterisk-right\"><label for='ff_8_foeretag_1693300035168' id='label_ff_8_foeretag_1693300035168' aria-label=\"F\u00f6retag\">F\u00f6retag<\/label><\/div><div class='ff-el-input--content'><input type=\"text\" name=\"foeretag_1693300035168\" class=\"ff-el-form-control\" id=\"ff_8_foeretag_1693300035168\" data-name=\"foeretag_1693300035168\"  aria-invalid=\"false\" aria-required=false><\/div><\/div><div class='ff-el-group'><div class=\"ff-el-input--label ff-el-is-required asterisk-right\"><label for='ff_8_gatuadress_1693300047335' id='label_ff_8_gatuadress_1693300047335' aria-label=\"Gatuadress\">Gatuadress<\/label><\/div><div class='ff-el-input--content'><input type=\"text\" name=\"gatuadress_1693300047335\" class=\"ff-el-form-control\" id=\"ff_8_gatuadress_1693300047335\" data-name=\"gatuadress_1693300047335\"  aria-invalid=\"false\" aria-required=true><\/div><\/div><div data-name=\"ff_cn_id_2\"  class='ff-t-container ff-column-container ff_columns_total_2 '><div class='ff-t-cell ff-t-column-1' style='flex-basis: 50%;'><div class='ff-el-group one-half first'><div class=\"ff-el-input--label ff-el-is-required asterisk-right\"><label for='ff_8_postnummer_1693300054521' id='label_ff_8_postnummer_1693300054521' aria-label=\"Postnummer\">Postnummer<\/label><\/div><div class='ff-el-input--content'><input type=\"text\" name=\"postnummer_1693300054521\" class=\"ff-el-form-control\" id=\"ff_8_postnummer_1693300054521\" data-name=\"postnummer_1693300054521\"  aria-invalid=\"false\" aria-required=true><\/div><\/div><\/div><div class='ff-t-cell ff-t-column-2' style='flex-basis: 50%;'><div class='ff-el-group one-half'><div class=\"ff-el-input--label ff-el-is-required asterisk-right\"><label for='ff_8_postort_1693300064703' id='label_ff_8_postort_1693300064703' aria-label=\"Postort\">Postort<\/label><\/div><div class='ff-el-input--content'><input type=\"text\" name=\"postort_1693300064703\" class=\"ff-el-form-control\" id=\"ff_8_postort_1693300064703\" data-name=\"postort_1693300064703\"  aria-invalid=\"false\" aria-required=true><\/div><\/div><\/div><\/div><div data-name=\"ff_cn_id_3\"  class='ff-t-container ff-column-container ff_columns_total_2 '><div class='ff-t-cell ff-t-column-1' style='flex-basis: 50%;'><div class='ff-el-group'><div class=\"ff-el-input--label ff-el-is-required asterisk-right\"><label for='ff_8_e-post_1693300072647' id='label_ff_8_e-post_1693300072647' aria-label=\"E-post\">E-post<\/label><\/div><div class='ff-el-input--content'><input type=\"email\" name=\"e-post_1693300072647\" class=\"ff-el-form-control\" id=\"ff_8_e-post_1693300072647\" data-name=\"e-post_1693300072647\"  aria-invalid=\"false\" aria-required=true><\/div><\/div><\/div><div class='ff-t-cell ff-t-column-2' style='flex-basis: 50%;'><div class='ff-el-group'><div class=\"ff-el-input--label ff-el-is-required asterisk-right\"><label for='ff_8_phone' id='label_ff_8_phone' aria-label=\"Telefonnummer\">Telefonnummer<\/label><\/div><div class='ff-el-input--content'><input name=\"phone\" class=\"ff-el-form-control ff-el-phone ff_el_with_extended_validation\" type=\"tel\" data-name=\"phone\" id=\"ff_8_phone\" inputmode=\"tel\"  aria-invalid='false' aria-required=true><\/div><\/div><\/div><\/div><div class='ff-el-group  ff-custom_html' tabindex='-1' data-name=\"custom_html-8_2\" ><p class=\"heading-font\" style=\"font-size:1.75em\"><span class=\"HwtZe\" lang=\"sv\"><span class=\"jCAhz ChMk0b\"><span class=\"ryNqvb\"><b>M\u00e5l<\/b><\/span><\/span><\/span><\/p><\/div><div class='ff-el-group'><div class=\"ff-el-input--label ff-el-is-required asterisk-right\"><label for='ff_8_dropdown' id='label_ff_8_dropdown' aria-label=\"Typ av hall\">Typ av hall<\/label><\/div><div class='ff-el-input--content'><select name=\"dropdown\" id=\"ff_8_dropdown\" class=\"ff-el-form-control\" data-name=\"dropdown\" data-calc_value=\"0\"  aria-invalid=\"false\" aria-required=\"true\" aria-labelledby=\"label_ff_8_dropdown\"><option value=\"\">- V\u00e4lja -<\/option><option value=\"625301\"  >Takv\u00e5ning<\/option><option value=\"625401\"  >Kall hall<\/option><option value=\"625501\"  >V\u00e4rmeisolerad hall<\/option><\/select><\/div><\/div><div class='ff-el-group'><div class=\"ff-el-input--label ff-el-is-required asterisk-right\"><label for='ff_8_byggplats_1693300124806' id='label_ff_8_byggplats_1693300124806' aria-label=\"Byggplats\">Byggplats<\/label><\/div><div class='ff-el-input--content'><input type=\"text\" name=\"byggplats_1693300124806\" class=\"ff-el-form-control\" id=\"ff_8_byggplats_1693300124806\" data-name=\"byggplats_1693300124806\"  aria-invalid=\"false\" aria-required=true><\/div><\/div><div class='ff-el-group'><div class=\"ff-el-input--label ff-el-is-required asterisk-right\"><label for='ff_8_ytterligare_information_1693300136918' id='label_ff_8_ytterligare_information_1693300136918' aria-label=\"Ytterligare information\">Ytterligare information<\/label><\/div><div class='ff-el-input--content'><textarea aria-required=\"true\" aria-labelledby=\"label_ff_8_ytterligare_information_1693300136918\" name=\"ytterligare_information_1693300136918\" class=\"ff-el-form-control\" id=\"ff_8_ytterligare_information_1693300136918\" placeholder=\"Beskrivning av hallen och eventuell ytterligare information\" cols=\"2\" data-name=\"ytterligare_information_1693300136918\" ><\/textarea><\/div><\/div><div class='ff-el-group'><div class=\"ff-el-input--label ff-el-is-required asterisk-right\"><label   aria-label=\"Bygglov\">Bygglov<\/label><\/div><div class='ff-el-input--content'><div class='ff-el-form-check ff-el-form-check-'><label class='ff-el-form-check-label' for='input_radio_5fd05aaa3e7fd238f0b7fb2ab9c979c2'><input  type=\"radio\" name=\"input_radio\" data-name=\"input_radio\" class=\"ff-el-form-check-input ff-el-form-check-radio\" value=\"625201\"  id='input_radio_5fd05aaa3e7fd238f0b7fb2ab9c979c2' aria-label='Ja' aria-invalid='false' aria-required=true> <span>Ja<\/span><\/label><\/div><div class='ff-el-form-check ff-el-form-check-'><label class='ff-el-form-check-label' for='input_radio_f2aa9018dbdbdfeed9c099730134172e'><input  type=\"radio\" name=\"input_radio\" data-name=\"input_radio\" class=\"ff-el-form-check-input ff-el-form-check-radio\" value=\"625101\"  id='input_radio_f2aa9018dbdbdfeed9c099730134172e' aria-label='Nej' aria-invalid='false' aria-required=true> <span>Nej<\/span><\/label><\/div><div class='ff-el-form-check ff-el-form-check-'><label class='ff-el-form-check-label' for='input_radio_4c29e1be3dc1b53744aafb7cfae8d040'><input  type=\"radio\" name=\"input_radio\" data-name=\"input_radio\" class=\"ff-el-form-check-input ff-el-form-check-radio\" value=\"625001\"  id='input_radio_4c29e1be3dc1b53744aafb7cfae8d040' aria-label='V\u00e4ntar p\u00e5 ett beslut' aria-invalid='false' aria-required=true> <span>V\u00e4ntar p\u00e5 ett beslut<\/span><\/label><\/div><\/div><\/div><div class='ff-el-group'><div class=\"ff-el-input--label ff-el-is-required asterisk-right\"><label for='ff_8_beraeknad_starttid_1693300160725' id='label_ff_8_beraeknad_starttid_1693300160725' aria-label=\"Ber\u00e4knad starttid\">Ber\u00e4knad starttid<\/label><\/div><div class='ff-el-input--content'><input type=\"text\" name=\"beraeknad_starttid_1693300160725\" class=\"ff-el-form-control\" id=\"ff_8_beraeknad_starttid_1693300160725\" placeholder=\"2025\" data-name=\"beraeknad_starttid_1693300160725\"  aria-invalid=\"false\" aria-required=true><\/div><\/div><div class='ff-el-group ff-text-left ff_submit_btn_wrapper'><button type=\"submit\" class=\"ff-btn ff-btn-submit ff-btn-md button primary ff_btn_style\"  aria-label=\"L\u00e4mna en offertbeg\u00e4ran\">L\u00e4mna en offertbeg\u00e4ran<\/button><\/div><\/fieldset><\/form><div id='fluentform_8_errors' class='ff-errors-in-stack ff_form_instance_8_1 ff-form-loading_errors ff_form_instance_8_1_errors'><\/div><\/div>            <script type=\"text\/javascript\">\n                window.fluent_form_ff_form_instance_8_1 = {\"id\":\"8\",\"settings\":{\"layout\":{\"labelPlacement\":\"top\",\"helpMessagePlacement\":\"with_label\",\"errorMessagePlacement\":\"inline\",\"cssClassName\":\"\",\"asteriskPlacement\":\"asterisk-right\"},\"restrictions\":{\"denyEmptySubmission\":{\"enabled\":false}}},\"form_instance\":\"ff_form_instance_8_1\",\"form_id_selector\":\"fluentform_8\",\"rules\":{\"foernamn_1693299980122\":{\"required\":{\"value\":true,\"message\":\"Detta f\\u00e4lt \\u00e4r obligatoriskt\",\"global\":false,\"global_message\":\"T\\u00e4m\\u00e4 kentt\\u00e4 on pakollinen\"}},\"efternamn_1693299992384\":{\"required\":{\"value\":true,\"message\":\"Detta f\\u00e4lt \\u00e4r obligatoriskt\",\"global\":false,\"global_message\":\"T\\u00e4m\\u00e4 kentt\\u00e4 on pakollinen\"}},\"foeretag_1693300035168\":{\"required\":{\"value\":false,\"message\":\"This field is required\",\"global\":false,\"global_message\":\"T\\u00e4m\\u00e4 kentt\\u00e4 on pakollinen\"}},\"gatuadress_1693300047335\":{\"required\":{\"value\":true,\"message\":\"Detta f\\u00e4lt \\u00e4r obligatoriskt\",\"global\":false,\"global_message\":\"T\\u00e4m\\u00e4 kentt\\u00e4 on pakollinen\"}},\"postnummer_1693300054521\":{\"required\":{\"value\":true,\"message\":\"Detta f\\u00e4lt \\u00e4r obligatoriskt\",\"global\":false,\"global_message\":\"T\\u00e4m\\u00e4 kentt\\u00e4 on pakollinen\"}},\"postort_1693300064703\":{\"required\":{\"value\":true,\"message\":\"Detta f\\u00e4lt \\u00e4r obligatoriskt\",\"global\":false,\"global_message\":\"T\\u00e4m\\u00e4 kentt\\u00e4 on pakollinen\"}},\"e-post_1693300072647\":{\"required\":{\"value\":true,\"message\":\"Detta f\\u00e4lt \\u00e4r obligatoriskt\",\"global\":false,\"global_message\":\"T\\u00e4m\\u00e4 kentt\\u00e4 on pakollinen\"},\"email\":{\"value\":1,\"message\":\"Kontrollera e-postadressens format\",\"global\":false,\"global_message\":\"T\\u00e4m\\u00e4n kent\\u00e4n tulee sis\\u00e4lt\\u00e4\\u00e4 kelvollinen s\\u00e4hk\\u00f6postiosoite\"}},\"phone\":{\"required\":{\"value\":true,\"message\":\"Detta f\\u00e4lt \\u00e4r obligatoriskt\",\"global\":false,\"global_message\":\"T\\u00e4m\\u00e4 kentt\\u00e4 on pakollinen\"},\"valid_phone_number\":{\"value\":true,\"message\":\"Kontrollera telefonnumrets format\",\"global\":false,\"global_message\":\"Phone number is not valid\"}},\"dropdown\":{\"required\":{\"value\":true,\"message\":\"Detta f\\u00e4lt \\u00e4r obligatoriskt\",\"global_message\":\"T\\u00e4m\\u00e4 kentt\\u00e4 on pakollinen\",\"global\":false}},\"byggplats_1693300124806\":{\"required\":{\"value\":true,\"message\":\"Detta f\\u00e4lt \\u00e4r obligatoriskt\",\"global\":false,\"global_message\":\"T\\u00e4m\\u00e4 kentt\\u00e4 on pakollinen\"}},\"ytterligare_information_1693300136918\":{\"required\":{\"value\":true,\"message\":\"Detta f\\u00e4lt \\u00e4r obligatoriskt\",\"global\":false,\"global_message\":\"T\\u00e4m\\u00e4 kentt\\u00e4 on pakollinen\"}},\"input_radio\":{\"required\":{\"value\":true,\"message\":\"Detta f\\u00e4lt \\u00e4r obligatoriskt\",\"global_message\":\"T\\u00e4m\\u00e4 kentt\\u00e4 on pakollinen\",\"global\":false}},\"beraeknad_starttid_1693300160725\":{\"required\":{\"value\":true,\"message\":\"Detta f\\u00e4lt \\u00e4r obligatoriskt\",\"global\":false,\"global_message\":\"T\\u00e4m\\u00e4 kentt\\u00e4 on pakollinen\"}}},\"debounce_time\":300};\n                            <\/script>\n            \n\n\t\t<\/div>\n\t\t\t\t\t<\/div>\n\n\t\n<\/div>\n\t\t<\/div>\n\n\t\t\n<style>\n#section_1148576228 {\n  padding-top: 60px;\n  padding-bottom: 60px;\n}\n<\/style>\n\t<\/section>\n\t\n","protected":false},"excerpt":{"rendered":"","protected":false},"author":16,"featured_media":0,"parent":30153,"menu_order":412,"comment_status":"closed","ping_status":"closed","template":"page-blank.php","meta":{"footnotes":""},"class_list":["post-30193","page","type-page","status-publish","hentry"],"_links":{"self":[{"href":"https:\/\/www.weckmansteel.fi\/sv\/wp-json\/wp\/v2\/pages\/30193","targetHints":{"allow":["GET"]}}],"collection":[{"href":"https:\/\/www.weckmansteel.fi\/sv\/wp-json\/wp\/v2\/pages"}],"about":[{"href":"https:\/\/www.weckmansteel.fi\/sv\/wp-json\/wp\/v2\/types\/page"}],"author":[{"embeddable":true,"href":"https:\/\/www.weckmansteel.fi\/sv\/wp-json\/wp\/v2\/users\/16"}],"replies":[{"embeddable":true,"href":"https:\/\/www.weckmansteel.fi\/sv\/wp-json\/wp\/v2\/comments?post=30193"}],"version-history":[{"count":5,"href":"https:\/\/www.weckmansteel.fi\/sv\/wp-json\/wp\/v2\/pages\/30193\/revisions"}],"predecessor-version":[{"id":43796,"href":"https:\/\/www.weckmansteel.fi\/sv\/wp-json\/wp\/v2\/pages\/30193\/revisions\/43796"}],"up":[{"embeddable":true,"href":"https:\/\/www.weckmansteel.fi\/sv\/wp-json\/wp\/v2\/pages\/30153"}],"wp:attachment":[{"href":"https:\/\/www.weckmansteel.fi\/sv\/wp-json\/wp\/v2\/media?parent=30193"}],"curies":[{"name":"wp","href":"https:\/\/api.w.org\/{rel}","templated":true}]}}