{"id":31381,"date":"2023-11-15T12:27:48","date_gmt":"2023-11-15T10:27:48","guid":{"rendered":"https:\/\/www.weckmansteel.fi\/vastuullisuus\/"},"modified":"2023-12-05T12:27:26","modified_gmt":"2023-12-05T10:27:26","slug":"ansvar","status":"publish","type":"page","link":"https:\/\/www.weckmansteel.fi\/sv\/ansvar\/","title":{"rendered":"Ansvar"},"content":{"rendered":"\n\t<section class=\"section\" id=\"section_2088999338\">\n\t\t<div class=\"section-bg fill\" >\n\t\t\t\t\t\t\t\t\t\n\t\t\t\n\n\t\t<\/div>\n\n\t\t\n\n\t\t<div class=\"section-content relative\">\n\t\t\t\n\n  <div class=\"banner has-hover\" id=\"banner-2145202497\">\n          <div class=\"banner-inner fill\">\n        <div class=\"banner-bg fill\" >\n            <img loading=\"lazy\" decoding=\"async\" width=\"1536\" height=\"480\" src=\"https:\/\/www.weckmansteel.fi\/wp-content\/uploads\/2023\/04\/Weckman_vastuullisuus_web_1920x600-1536x480.jpg\" class=\"bg attachment-1536x1536 size-1536x1536\" alt=\"\" \/>                                    \n                    <\/div>\n\t\t\n        <div class=\"banner-layers container\">\n            <div class=\"fill banner-link\"><\/div>            \n   <div id=\"text-box-701681312\" class=\"text-box banner-layer x50 md-x50 lg-x50 y50 md-y50 lg-y50 res-text\">\n                                <div class=\"text-box-content text \">\n              \n              <div class=\"text-inner text-center\">\n                  \n<p class=\"uppercase\" style=\"text-align: center;\"><span style=\"font-size: 170%;\"><strong>H\u00e5llbart byggande<br \/>Fossilfritt 2026<\/strong><\/span><\/p>\n              <\/div>\n           <\/div>\n                            \n<style>\n#text-box-701681312 {\n  width: 100%;\n}\n#text-box-701681312 .text-box-content {\n  font-size: 50%;\n}\n@media (min-width:550px) {\n  #text-box-701681312 {\n    width: 60%;\n  }\n  #text-box-701681312 .text-box-content {\n    font-size: 100%;\n  }\n}\n<\/style>\n    <\/div>\n \n        <\/div>\n      <\/div>\n\n            \n<style>\n#banner-2145202497 {\n  padding-top: 80%;\n}\n#banner-2145202497 .banner-bg img {\n  object-position: 56% 53%;\n}\n@media (min-width:550px) {\n  #banner-2145202497 {\n    padding-top: 45%;\n  }\n}\n@media (min-width:850px) {\n  #banner-2145202497 {\n    padding-top: 500px;\n  }\n}\n<\/style>\n  <\/div>\n\n\n\t\t<\/div>\n\n\t\t\n<style>\n#section_2088999338 {\n  padding-top: 0px;\n  padding-bottom: 0px;\n}\n<\/style>\n\t<\/section>\n\t\n\n\t<section class=\"section\" id=\"section_660734817\">\n\t\t<div class=\"section-bg fill\" >\n\t\t\t\t\t\t\t\t\t\n\t\t\t\n\n\t\t<\/div>\n\n\t\t\n\n\t\t<div class=\"section-content relative\">\n\t\t\t\n<div class=\"row row-small align-center\"  id=\"row-993408909\">\n\n\t<div id=\"col-361686731\" class=\"col small-12 large-12\"  >\n\t\t\t\t<div class=\"col-inner\"  >\n\t\t\t\n\t\t\t\n<h1>Ansvar hos Weckman<\/h1>\n\t\t<\/div>\n\t\t\t\t\n<style>\n#col-361686731 > .col-inner {\n  padding: 35px 0px 0px 0px;\n}\n<\/style>\n\t<\/div>\n\n\t\n\n\t<div id=\"col-1244078537\" class=\"col medium-6 small-12 large-6\"  >\n\t\t\t\t<div class=\"col-inner text-left\"  >\n\t\t\t\n\t\t\t\n<h2>Vi bygger en h\u00e5llbar framtid<\/h2>\n<p>Weckman \u00e4r ett familjef\u00f6retag som \u00e4r 100% finskt\u00e4gt samt det st\u00f6rsta finsk\u00e4gda f\u00f6retaget med expertis inom takpl\u00e5tar och takprodukter. Som f\u00f6retag tar Weckman ansvar f\u00f6r det finl\u00e4ndska samh\u00e4llet och sina skyldigheter. V\u00e5r m\u00e5ls\u00e4ttning \u00e4r att forts\u00e4tta utveckla h\u00e5llbara l\u00f6sningar samt att alltid ta h\u00e4nsyn till produktens hela livscykel.<\/p>\n\t<div class=\"img has-hover x md-x lg-x y md-y lg-y\" id=\"image_1962479346\">\n\t\t\t\t\t\t\t\t<div class=\"img-inner dark\" >\n\t\t\t<img loading=\"lazy\" decoding=\"async\" width=\"1020\" height=\"190\" src=\"https:\/\/www.weckmansteel.fi\/wp-content\/uploads\/2021\/11\/Luonnollisesti_Weckman_rgb-1024x191.png\" class=\"attachment-large size-large\" alt=\"\" srcset=\"https:\/\/www.weckmansteel.fi\/wp-content\/uploads\/2021\/11\/Luonnollisesti_Weckman_rgb-1024x191.png 1024w, https:\/\/www.weckmansteel.fi\/wp-content\/uploads\/2021\/11\/Luonnollisesti_Weckman_rgb-scaled-900x168.png 900w, https:\/\/www.weckmansteel.fi\/wp-content\/uploads\/2021\/11\/Luonnollisesti_Weckman_rgb-300x56.png 300w, https:\/\/www.weckmansteel.fi\/wp-content\/uploads\/2021\/11\/Luonnollisesti_Weckman_rgb-768x143.png 768w, https:\/\/www.weckmansteel.fi\/wp-content\/uploads\/2021\/11\/Luonnollisesti_Weckman_rgb-1536x286.png 1536w, https:\/\/www.weckmansteel.fi\/wp-content\/uploads\/2021\/11\/Luonnollisesti_Weckman_rgb-2048x381.png 2048w\" sizes=\"auto, (max-width: 1020px) 100vw, 1020px\" \/>\t\t\t\t\t\t\n\t\t\t\t\t<\/div>\n\t\t\t\t\t\t\t\t\n<style>\n#image_1962479346 {\n  width: 60%;\n}\n<\/style>\n\t<\/div>\n\t\n\t\t<\/div>\n\t\t\t\t\n<style>\n#col-1244078537 > .col-inner {\n  padding: 35px 0px 0px 0px;\n}\n<\/style>\n\t<\/div>\n\n\t\n\n\t<div id=\"col-852370704\" class=\"col medium-6 small-12 large-6\"  >\n\t\t\t\t<div class=\"col-inner text-left\"  >\n\t\t\t\n\t\t\t\n<h2>Ansvar f\u00f6r milj\u00f6n och m\u00e4nniskor<\/h2>\n<p>Vi verkar etiskt, ekonomiskt och milj\u00f6m\u00e4ssigt p\u00e5 ett h\u00e5llbart s\u00e4tt inom alla v\u00e5ra aff\u00e4rsverksamhetsomr\u00e5den. V\u00e5r verksamhet \u00e4r transparent, och vi ger p\u00e5litlig information om v\u00e5ra produkter och metoder. Vi genomf\u00f6r v\u00e5rt arbete p\u00e5 \u00f6verenskommet s\u00e4tt och h\u00e5ller vad vi har lovat.<\/p>\n<ul>\n<li>V\u00e5ra kunders behov \u00e4r det viktigaste i v\u00e5r verksamhet<\/li>\n<li>Vi tar ansvar f\u00f6r milj\u00f6n och m\u00e4nniskorna<\/li>\n<li>Vi f\u00f6rnyar v\u00e5r verksamhet kontinuerligt<\/li>\n<li>Vi agerar h\u00e5llbart och l\u00f6nsamt<\/li>\n<\/ul>\n\t\t<\/div>\n\t\t\t\t\n<style>\n#col-852370704 > .col-inner {\n  padding: 35px 0px 0px 0px;\n}\n<\/style>\n\t<\/div>\n\n\t\n\n<style>\n#row-993408909 > .col > .col-inner {\n  padding: 0px 0px 0px 0px;\n}\n@media (min-width:850px) {\n  #row-993408909 > .col > .col-inner {\n    padding: 0px 0px 0px 0px;\n  }\n}\n<\/style>\n<\/div>\n<div class=\"row row-large align-center\"  id=\"row-2019172411\">\n\n\t<div id=\"col-631015776\" class=\"col small-12 large-12\"  >\n\t\t\t\t<div class=\"col-inner text-center\"  >\n\t\t\t\n\t\t\t\n<h2>V\u00e5ra ansvarsprogram<\/h2>\n\t\t<\/div>\n\t\t\t\t\t<\/div>\n\n\t\n\n<style>\n#row-2019172411 > .col > .col-inner {\n  padding: 50px 0px 30px 0px;\n}\n<\/style>\n<\/div>\n<div class=\"row align-center\"  id=\"row-1669585268\">\n\n\t<div id=\"col-232246075\" class=\"col medium-6 small-12 large-6\"  >\n\t\t\t\t<div class=\"col-inner\"  >\n\t\t\t\n\t\t\t\n\n  <div class=\"banner has-hover\" id=\"banner-850601608\">\n          <div class=\"banner-inner fill\">\n        <div class=\"banner-bg fill\" >\n            <img loading=\"lazy\" decoding=\"async\" width=\"377\" height=\"377\" src=\"https:\/\/www.weckmansteel.fi\/wp-content\/uploads\/2022\/06\/Weckman_60_syyta_valita_Weckman_17.jpg\" class=\"bg attachment-large size-large\" alt=\"\" \/>                        <div class=\"overlay\"><\/div>            \n                    <\/div>\n\t\t\n        <div class=\"banner-layers container\">\n            <div class=\"fill banner-link\"><\/div>            \n   <div id=\"text-box-848105123\" class=\"text-box banner-layer x50 md-x50 lg-x50 y50 md-y50 lg-y50 res-text\">\n                                <div class=\"text-box-content text dark\">\n              \n              <div class=\"text-inner text-center\">\n                  \n\t<div id=\"text-987155093\" class=\"text\">\n\t\t\n<h3 class=\"uppercase\"><strong>H\u00e5llbart och l\u00f6nsamt<\/strong><\/h3>\n<p>F\u00f6r oss inneb\u00e4r ekonomiskt ansvar ocks\u00e5 fortl\u00f6pande utveckling.\u00a0Vi har en m\u00e5ls\u00e4ttning att verka ansvarsfullt och l\u00f6nsamt och vi f\u00f6rb\u00e4ttrar st\u00e4ndigt verksamheten.<\/p>\n\t\t\t<\/div>\n\t\n<a href=\"\/sv\/ansvar\/ekonomiskt-ansvar\/\" class=\"button white is-outline\" >\n\t\t<span>Ekonomiskt ansvar<\/span>\n\t<\/a>\n\n              <\/div>\n           <\/div>\n                            \n<style>\n#text-box-848105123 {\n  width: 80%;\n}\n#text-box-848105123 .text-box-content {\n  font-size: 100%;\n}\n<\/style>\n    <\/div>\n \n        <\/div>\n      <\/div>\n\n            \n<style>\n#banner-850601608 {\n  padding-top: 400px;\n}\n#banner-850601608 .overlay {\n  background-color: rgba(0, 30, 78, 0.7);\n}\n<\/style>\n  <\/div>\n\n\n\t\t<\/div>\n\t\t\t\t\t<\/div>\n\n\t\n\n\t<div id=\"col-813412745\" class=\"col medium-6 small-12 large-6\"  >\n\t\t\t\t<div class=\"col-inner\"  >\n\t\t\t\n\t\t\t\n\n  <div class=\"banner has-hover\" id=\"banner-474606702\">\n          <div class=\"banner-inner fill\">\n        <div class=\"banner-bg fill\" >\n            <img loading=\"lazy\" decoding=\"async\" width=\"378\" height=\"377\" src=\"https:\/\/www.weckmansteel.fi\/wp-content\/uploads\/2022\/06\/Weckman_60_syyta_valita_Weckman_14.jpg\" class=\"bg attachment-large size-large\" alt=\"\" \/>                        <div class=\"overlay\"><\/div>            \n                    <\/div>\n\t\t\n        <div class=\"banner-layers container\">\n            <div class=\"fill banner-link\"><\/div>            \n   <div id=\"text-box-1408001367\" class=\"text-box banner-layer x50 md-x50 lg-x50 y50 md-y50 lg-y50 res-text\">\n                                <div class=\"text-box-content text dark\">\n              \n              <div class=\"text-inner text-center\">\n                  \n\t<div id=\"text-1106075009\" class=\"text\">\n\t\t\n<h3 class=\"uppercase\"><strong>Vi v\u00e4rdes\u00e4tter varandra\u00a0<\/strong><\/h3>\n<p>Redan fr\u00e5n starten har omsorg om v\u00e5ra anst\u00e4llda samt en j\u00e4mlik behandling av dem varit en del av v\u00e5rt familjef\u00f6retags v\u00e4rderingar. F\u00f6retagets viktigaste kraftresurs och nyckeln till framg\u00e5ng \u00e4r f\u00f6retagets personal.<\/p>\n\t\t\t<\/div>\n\t\n<a href=\"\/sv\/ansvar\/socialt-ansvar\/\" class=\"button white is-outline\" >\n\t\t<span>Socialt ansvar<\/span>\n\t<\/a>\n\n              <\/div>\n           <\/div>\n                            \n<style>\n#text-box-1408001367 {\n  width: 80%;\n}\n#text-box-1408001367 .text-box-content {\n  font-size: 100%;\n}\n<\/style>\n    <\/div>\n \n        <\/div>\n      <\/div>\n\n            \n<style>\n#banner-474606702 {\n  padding-top: 400px;\n}\n#banner-474606702 .overlay {\n  background-color: rgba(20, 138, 211, 0.7);\n}\n<\/style>\n  <\/div>\n\n\n\t\t<\/div>\n\t\t\t\t\t<\/div>\n\n\t\n\n\t<div id=\"col-608071905\" class=\"col medium-6 small-12 large-6\"  >\n\t\t\t\t<div class=\"col-inner\"  >\n\t\t\t\n\t\t\t\n\n  <div class=\"banner has-hover\" id=\"banner-52198970\">\n          <div class=\"banner-inner fill\">\n        <div class=\"banner-bg fill\" >\n            <img loading=\"lazy\" decoding=\"async\" width=\"449\" height=\"314\" src=\"https:\/\/www.weckmansteel.fi\/wp-content\/uploads\/2022\/05\/Weckman_tuotteet_katot_01.jpg\" class=\"bg attachment-large size-large\" alt=\"\" \/>                        <div class=\"overlay\"><\/div>            \n                    <\/div>\n\t\t\n        <div class=\"banner-layers container\">\n            <div class=\"fill banner-link\"><\/div>            \n   <div id=\"text-box-1345870426\" class=\"text-box banner-layer x50 md-x50 lg-x50 y50 md-y50 lg-y50 res-text\">\n                                <div class=\"text-box-content text dark\">\n              \n              <div class=\"text-inner text-center\">\n                  \n\t<div id=\"text-2547791770\" class=\"text\">\n\t\t\n<h3 class=\"uppercase\"><strong>av fossilfritt st\u00e5l<\/strong><\/h3>\n<p>SSAB och Weckman Steel inleder ett samarbete f\u00f6r att leverera fossilfritt st\u00e5l. I framtiden kommer konsumenterna kunna v\u00e4lja Weckmans st\u00e5ltak och st\u00e5lhallar tillverkade av fossilfritt st\u00e5l.<\/p>\n\t\t\t<\/div>\n\t\n<a href=\"\/sv\/ansvar\/miljoansvar\/\" class=\"button white is-outline\" >\n\t\t<span>Milj\u00f6ansvar<\/span>\n\t<\/a>\n\n              <\/div>\n           <\/div>\n                            \n<style>\n#text-box-1345870426 {\n  width: 80%;\n}\n#text-box-1345870426 .text-box-content {\n  font-size: 100%;\n}\n<\/style>\n    <\/div>\n \n        <\/div>\n      <\/div>\n\n            \n<style>\n#banner-52198970 {\n  padding-top: 400px;\n}\n#banner-52198970 .overlay {\n  background-color: rgba(2, 148, 37, 0.8);\n}\n<\/style>\n  <\/div>\n\n\n\t\t<\/div>\n\t\t\t\t\t<\/div>\n\n\t\n<\/div>\n\t\t<\/div>\n\n\t\t\n<style>\n#section_660734817 {\n  padding-top: 60px;\n  padding-bottom: 60px;\n}\n@media (min-width:850px) {\n  #section_660734817 {\n    padding-top: 60px;\n    padding-bottom: 60px;\n  }\n}\n<\/style>\n\t<\/section>\n\t\n\n\t<section class=\"section\" id=\"section_486341245\">\n\t\t<div class=\"section-bg fill\" >\n\t\t\t\t\t\t\t\t\t<div class=\"section-bg-overlay absolute fill\"><\/div>\n\t\t\t\n\n\t\t<\/div>\n\n\t\t\n\n\t\t<div class=\"section-content relative\">\n\t\t\t\n<div class=\"row\"  id=\"row-910859067\">\n\n\t<div id=\"col-535322606\" class=\"col small-12 large-12\"  >\n\t\t\t\t<div class=\"col-inner\"  >\n\t\t\t\n\t\t\t\n<h2>Ansvarsfulla \u00e5tg\u00e4rder<\/h2>\n\t<div id=\"gap-1222221481\" class=\"gap-element clearfix\" style=\"display:block; height:auto;\">\n\t\t\n<style>\n#gap-1222221481 {\n  padding-top: 30px;\n}\n<\/style>\n\t<\/div>\n\t\n\n  \n    <div class=\"row large-columns-3 medium-columns-2 small-columns-1 slider row-slider slider-nav-reveal slider-nav-push\"  data-flickity-options='{&quot;imagesLoaded&quot;: true, &quot;groupCells&quot;: &quot;100%&quot;, &quot;dragThreshold&quot; : 5, &quot;cellAlign&quot;: &quot;left&quot;,&quot;wrapAround&quot;: true,&quot;prevNextButtons&quot;: true,&quot;percentPosition&quot;: true,&quot;pageDots&quot;: false, &quot;rightToLeft&quot;: false, &quot;autoPlay&quot; : false}' >\n\n  <div class=\"col post-item\" >\n\t\t\t<div class=\"col-inner\">\n\t\t\t\t<div class=\"box box-normal box-text-bottom box-blog-post has-hover\">\n            \t\t\t\t\t<div class=\"box-image\" >\n  \t\t\t\t\t\t<div class=\"image-cover\" style=\"padding-top:56.25%;\">\n\t\t\t\t\t\t\t<a href=\"https:\/\/www.weckmansteel.fi\/sv\/weckman-tunnplat-minskar-byggandets-koldioxidavtryck\/\" class=\"plain\" aria-label=\"Weckman-tunnpl\u00e5tar minskar koldioxidavtrycket vid byggentreprenader\">\n\t\t\t\t\t\t\t\t<img loading=\"lazy\" decoding=\"async\" width=\"300\" height=\"169\" src=\"https:\/\/www.weckmansteel.fi\/wp-content\/uploads\/2022\/10\/weckman_artikkelikuva_teraskatot-300x169.jpg\" class=\"attachment-medium size-medium wp-post-image\" alt=\"Kattolaskuri Weckman\" srcset=\"https:\/\/www.weckmansteel.fi\/wp-content\/uploads\/2022\/10\/weckman_artikkelikuva_teraskatot-300x169.jpg 300w, https:\/\/www.weckmansteel.fi\/wp-content\/uploads\/2022\/10\/weckman_artikkelikuva_teraskatot-900x506.jpg 900w, https:\/\/www.weckmansteel.fi\/wp-content\/uploads\/2022\/10\/weckman_artikkelikuva_teraskatot-1024x576.jpg 1024w, https:\/\/www.weckmansteel.fi\/wp-content\/uploads\/2022\/10\/weckman_artikkelikuva_teraskatot-768x432.jpg 768w, https:\/\/www.weckmansteel.fi\/wp-content\/uploads\/2022\/10\/weckman_artikkelikuva_teraskatot-1536x864.jpg 1536w, https:\/\/www.weckmansteel.fi\/wp-content\/uploads\/2022\/10\/weckman_artikkelikuva_teraskatot-2048x1152.jpg 2048w\" sizes=\"auto, (max-width: 300px) 100vw, 300px\" \/>\t\t\t\t\t\t\t<\/a>\n  \t\t\t\t\t\t\t  \t\t\t\t\t\t\t  \t\t\t\t\t\t<\/div>\n  \t\t\t\t\t\t  \t\t\t\t\t<\/div>\n          \t\t\t\t\t<div class=\"box-text text-center is-small\" >\n\t\t\t\t\t<div class=\"box-text-inner blog-post-inner\">\n\n\t\t\t\t\t\n\t\t\t\t\t\t\t\t\t\t<h5 class=\"post-title is-large \">\n\t\t\t\t\t\t<a href=\"https:\/\/www.weckmansteel.fi\/sv\/weckman-tunnplat-minskar-byggandets-koldioxidavtryck\/\" class=\"plain\">Weckman-tunnpl\u00e5tar minskar koldioxidavtrycket vid byggentreprenader<\/a>\n\t\t\t\t\t<\/h5>\n\t\t\t\t\t\t\t\t\t\t<div class=\"is-divider\"><\/div>\n\t\t\t\t\t\t\t\t\t\t<p class=\"from_the_blog_excerpt \">\n\t\t\t\t\t\t70\u201380% av Weckmans produkter av ytbelagd pl\u00e5t tillverkas p\u00e5 ett milj\u00f6m\u00e4ssigt ansvarsfullt s\u00e4tt. Weckman Steels [...]\t\t\t\t\t<\/p>\n\t\t\t\t\t                    \n\t\t\t\t\t\t\t\t\t\t\t<a href=\"https:\/\/www.weckmansteel.fi\/sv\/weckman-tunnplat-minskar-byggandets-koldioxidavtryck\/\" class=\"button secondary is-outline is-larger mb-0\">\n\t\t\t\t\t\t\tL\u00e4s mer\t\t\t\t\t\t<\/a>\n\t\t\t\t\t\n\t\t\t\t\t\n\t\t\t\t\t<\/div>\n\t\t\t\t\t<\/div>\n\t\t\t\t\t\t\t\t\t<\/div>\n\t\t\t<\/div>\n\t\t<\/div><div class=\"col post-item\" >\n\t\t\t<div class=\"col-inner\">\n\t\t\t\t<div class=\"box box-normal box-text-bottom box-blog-post has-hover\">\n            \t\t\t\t\t<div class=\"box-image\" >\n  \t\t\t\t\t\t<div class=\"image-cover\" style=\"padding-top:56.25%;\">\n\t\t\t\t\t\t\t<a href=\"https:\/\/www.weckmansteel.fi\/sv\/nya-weckman-trailrar-miljovanligare-att-tillverka-och-anvanda\/\" class=\"plain\" aria-label=\"Nya Weckman-trailrar milj\u00f6v\u00e4nligare att tillverka och anv\u00e4nda\">\n\t\t\t\t\t\t\t\t<img loading=\"lazy\" decoding=\"async\" width=\"300\" height=\"200\" src=\"https:\/\/www.weckmansteel.fi\/wp-content\/uploads\/2021\/11\/Weckman-paalivaunu-1-300x200.jpg\" class=\"attachment-medium size-medium wp-post-image\" alt=\"\" srcset=\"https:\/\/www.weckmansteel.fi\/wp-content\/uploads\/2021\/11\/Weckman-paalivaunu-1-300x200.jpg 300w, https:\/\/www.weckmansteel.fi\/wp-content\/uploads\/2021\/11\/Weckman-paalivaunu-1-900x600.jpg 900w, https:\/\/www.weckmansteel.fi\/wp-content\/uploads\/2021\/11\/Weckman-paalivaunu-1-1024x683.jpg 1024w, https:\/\/www.weckmansteel.fi\/wp-content\/uploads\/2021\/11\/Weckman-paalivaunu-1-768x512.jpg 768w, https:\/\/www.weckmansteel.fi\/wp-content\/uploads\/2021\/11\/Weckman-paalivaunu-1.jpg 1200w\" sizes=\"auto, (max-width: 300px) 100vw, 300px\" \/>\t\t\t\t\t\t\t<\/a>\n  \t\t\t\t\t\t\t  \t\t\t\t\t\t\t  \t\t\t\t\t\t<\/div>\n  \t\t\t\t\t\t  \t\t\t\t\t<\/div>\n          \t\t\t\t\t<div class=\"box-text text-center is-small\" >\n\t\t\t\t\t<div class=\"box-text-inner blog-post-inner\">\n\n\t\t\t\t\t\n\t\t\t\t\t\t\t\t\t\t<h5 class=\"post-title is-large \">\n\t\t\t\t\t\t<a href=\"https:\/\/www.weckmansteel.fi\/sv\/nya-weckman-trailrar-miljovanligare-att-tillverka-och-anvanda\/\" class=\"plain\">Nya Weckman-trailrar milj\u00f6v\u00e4nligare att tillverka och anv\u00e4nda<\/a>\n\t\t\t\t\t<\/h5>\n\t\t\t\t\t\t\t\t\t\t<div class=\"is-divider\"><\/div>\n\t\t\t\t\t\t\t\t\t\t<p class=\"from_the_blog_excerpt \">\n\t\t\t\t\t\tTillverkningen av Weckmans f\u00f6rnyade trailermodeller har setts \u00f6ver fr\u00e5n design och upphandling till produktion och [...]\t\t\t\t\t<\/p>\n\t\t\t\t\t                    \n\t\t\t\t\t\t\t\t\t\t\t<a href=\"https:\/\/www.weckmansteel.fi\/sv\/nya-weckman-trailrar-miljovanligare-att-tillverka-och-anvanda\/\" class=\"button secondary is-outline is-larger mb-0\">\n\t\t\t\t\t\t\tL\u00e4s mer\t\t\t\t\t\t<\/a>\n\t\t\t\t\t\n\t\t\t\t\t\n\t\t\t\t\t<\/div>\n\t\t\t\t\t<\/div>\n\t\t\t\t\t\t\t\t\t<\/div>\n\t\t\t<\/div>\n\t\t<\/div><div class=\"col post-item\" >\n\t\t\t<div class=\"col-inner\">\n\t\t\t\t<div class=\"box box-normal box-text-bottom box-blog-post has-hover\">\n            \t\t\t\t\t<div class=\"box-image\" >\n  \t\t\t\t\t\t<div class=\"image-cover\" style=\"padding-top:56.25%;\">\n\t\t\t\t\t\t\t<a href=\"https:\/\/www.weckmansteel.fi\/sv\/epd-miljovarudeklaration-anger-stalets-miljopaverkan-tillforlitligt\/\" class=\"plain\" aria-label=\"EPD-milj\u00f6varudeklaration anger st\u00e5lets milj\u00f6p\u00e5verkan tillf\u00f6rlitligt\">\n\t\t\t\t\t\t\t\t<img loading=\"lazy\" decoding=\"async\" width=\"300\" height=\"300\" src=\"https:\/\/www.weckmansteel.fi\/wp-content\/uploads\/2022\/11\/2-300x300.png\" class=\"attachment-medium size-medium wp-post-image\" alt=\"\" srcset=\"https:\/\/www.weckmansteel.fi\/wp-content\/uploads\/2022\/11\/2-300x300.png 300w, https:\/\/www.weckmansteel.fi\/wp-content\/uploads\/2022\/11\/2-400x400.png 400w, https:\/\/www.weckmansteel.fi\/wp-content\/uploads\/2022\/11\/2-100x100.png 100w, https:\/\/www.weckmansteel.fi\/wp-content\/uploads\/2022\/11\/2-900x900.png 900w, https:\/\/www.weckmansteel.fi\/wp-content\/uploads\/2022\/11\/2-1024x1024.png 1024w, https:\/\/www.weckmansteel.fi\/wp-content\/uploads\/2022\/11\/2-150x150.png 150w, https:\/\/www.weckmansteel.fi\/wp-content\/uploads\/2022\/11\/2-768x768.png 768w, https:\/\/www.weckmansteel.fi\/wp-content\/uploads\/2022\/11\/2.png 1080w\" sizes=\"auto, (max-width: 300px) 100vw, 300px\" \/>\t\t\t\t\t\t\t<\/a>\n  \t\t\t\t\t\t\t  \t\t\t\t\t\t\t  \t\t\t\t\t\t<\/div>\n  \t\t\t\t\t\t  \t\t\t\t\t<\/div>\n          \t\t\t\t\t<div class=\"box-text text-center is-small\" >\n\t\t\t\t\t<div class=\"box-text-inner blog-post-inner\">\n\n\t\t\t\t\t\n\t\t\t\t\t\t\t\t\t\t<h5 class=\"post-title is-large \">\n\t\t\t\t\t\t<a href=\"https:\/\/www.weckmansteel.fi\/sv\/epd-miljovarudeklaration-anger-stalets-miljopaverkan-tillforlitligt\/\" class=\"plain\">EPD-milj\u00f6varudeklaration anger st\u00e5lets milj\u00f6p\u00e5verkan tillf\u00f6rlitligt<\/a>\n\t\t\t\t\t<\/h5>\n\t\t\t\t\t\t\t\t\t\t<div class=\"is-divider\"><\/div>\n\t\t\t\t\t\t\t\t\t\t<p class=\"from_the_blog_excerpt \">\n\t\t\t\t\t\tWeckman har \u00e5tagit sig att minska sin milj\u00f6belastningen och att tillhandah\u00e5lla tillf\u00f6rlitlig information f\u00f6r mer [...]\t\t\t\t\t<\/p>\n\t\t\t\t\t                    \n\t\t\t\t\t\t\t\t\t\t\t<a href=\"https:\/\/www.weckmansteel.fi\/sv\/epd-miljovarudeklaration-anger-stalets-miljopaverkan-tillforlitligt\/\" class=\"button secondary is-outline is-larger mb-0\">\n\t\t\t\t\t\t\tL\u00e4s mer\t\t\t\t\t\t<\/a>\n\t\t\t\t\t\n\t\t\t\t\t\n\t\t\t\t\t<\/div>\n\t\t\t\t\t<\/div>\n\t\t\t\t\t\t\t\t\t<\/div>\n\t\t\t<\/div>\n\t\t<\/div><div class=\"col post-item\" >\n\t\t\t<div class=\"col-inner\">\n\t\t\t\t<div class=\"box box-normal box-text-bottom box-blog-post has-hover\">\n            \t\t\t\t\t<div class=\"box-image\" >\n  \t\t\t\t\t\t<div class=\"image-cover\" style=\"padding-top:56.25%;\">\n\t\t\t\t\t\t\t<a href=\"https:\/\/www.weckmansteel.fi\/sv\/ekonomiska-fordelar-av-lagre-koldioxidavtryck-for-weckman-stalhallar\/\" class=\"plain\" aria-label=\"Ekonomiska f\u00f6rdelar av l\u00e4gre koldioxidavtryck f\u00f6r Weckman-st\u00e5lhallar\">\n\t\t\t\t\t\t\t\t<img loading=\"lazy\" decoding=\"async\" width=\"300\" height=\"169\" src=\"https:\/\/www.weckmansteel.fi\/wp-content\/uploads\/2022\/10\/weckman_artikkelikuva_terashallit-300x169.jpg\" class=\"attachment-medium size-medium wp-post-image\" alt=\"\" srcset=\"https:\/\/www.weckmansteel.fi\/wp-content\/uploads\/2022\/10\/weckman_artikkelikuva_terashallit-300x169.jpg 300w, https:\/\/www.weckmansteel.fi\/wp-content\/uploads\/2022\/10\/weckman_artikkelikuva_terashallit-900x506.jpg 900w, https:\/\/www.weckmansteel.fi\/wp-content\/uploads\/2022\/10\/weckman_artikkelikuva_terashallit-1024x576.jpg 1024w, https:\/\/www.weckmansteel.fi\/wp-content\/uploads\/2022\/10\/weckman_artikkelikuva_terashallit-768x432.jpg 768w, https:\/\/www.weckmansteel.fi\/wp-content\/uploads\/2022\/10\/weckman_artikkelikuva_terashallit-1536x864.jpg 1536w, https:\/\/www.weckmansteel.fi\/wp-content\/uploads\/2022\/10\/weckman_artikkelikuva_terashallit-2048x1152.jpg 2048w\" sizes=\"auto, (max-width: 300px) 100vw, 300px\" \/>\t\t\t\t\t\t\t<\/a>\n  \t\t\t\t\t\t\t  \t\t\t\t\t\t\t  \t\t\t\t\t\t<\/div>\n  \t\t\t\t\t\t  \t\t\t\t\t<\/div>\n          \t\t\t\t\t<div class=\"box-text text-center is-small\" >\n\t\t\t\t\t<div class=\"box-text-inner blog-post-inner\">\n\n\t\t\t\t\t\n\t\t\t\t\t\t\t\t\t\t<h5 class=\"post-title is-large \">\n\t\t\t\t\t\t<a href=\"https:\/\/www.weckmansteel.fi\/sv\/ekonomiska-fordelar-av-lagre-koldioxidavtryck-for-weckman-stalhallar\/\" class=\"plain\">Ekonomiska f\u00f6rdelar av l\u00e4gre koldioxidavtryck f\u00f6r Weckman-st\u00e5lhallar<\/a>\n\t\t\t\t\t<\/h5>\n\t\t\t\t\t\t\t\t\t\t<div class=\"is-divider\"><\/div>\n\t\t\t\t\t\t\t\t\t\t<p class=\"from_the_blog_excerpt \">\n\t\t\t\t\t\tInnovationer inom produktion av Weckman-st\u00e5lhallar minskar hallarnas koldioxidavtryck fr\u00e5n tillverkning till drifts\u00e4ttning: m\u00e4ngden st\u00e5l som [...]\t\t\t\t\t<\/p>\n\t\t\t\t\t                    \n\t\t\t\t\t\t\t\t\t\t\t<a href=\"https:\/\/www.weckmansteel.fi\/sv\/ekonomiska-fordelar-av-lagre-koldioxidavtryck-for-weckman-stalhallar\/\" class=\"button secondary is-outline is-larger mb-0\">\n\t\t\t\t\t\t\tL\u00e4s mer\t\t\t\t\t\t<\/a>\n\t\t\t\t\t\n\t\t\t\t\t\n\t\t\t\t\t<\/div>\n\t\t\t\t\t<\/div>\n\t\t\t\t\t\t\t\t\t<\/div>\n\t\t\t<\/div>\n\t\t<\/div><\/div>\n\t\t<\/div>\n\t\t\t\t\t<\/div>\n\n\t\n<\/div>\n\t\t<\/div>\n\n\t\t\n<style>\n#section_486341245 {\n  padding-top: 30px;\n  padding-bottom: 30px;\n  background-color: rgb(193, 193, 193);\n}\n#section_486341245 .section-bg-overlay {\n  background-color: rgba(255, 255, 255, 0.85);\n}\n<\/style>\n\t<\/section>\n\t\n","protected":false},"excerpt":{"rendered":"","protected":false},"author":17,"featured_media":29313,"parent":0,"menu_order":153,"comment_status":"closed","ping_status":"closed","template":"page-blank.php","meta":{"footnotes":""},"class_list":["post-31381","page","type-page","status-publish","has-post-thumbnail","hentry"],"_links":{"self":[{"href":"https:\/\/www.weckmansteel.fi\/sv\/wp-json\/wp\/v2\/pages\/31381","targetHints":{"allow":["GET"]}}],"collection":[{"href":"https:\/\/www.weckmansteel.fi\/sv\/wp-json\/wp\/v2\/pages"}],"about":[{"href":"https:\/\/www.weckmansteel.fi\/sv\/wp-json\/wp\/v2\/types\/page"}],"author":[{"embeddable":true,"href":"https:\/\/www.weckmansteel.fi\/sv\/wp-json\/wp\/v2\/users\/17"}],"replies":[{"embeddable":true,"href":"https:\/\/www.weckmansteel.fi\/sv\/wp-json\/wp\/v2\/comments?post=31381"}],"version-history":[{"count":0,"href":"https:\/\/www.weckmansteel.fi\/sv\/wp-json\/wp\/v2\/pages\/31381\/revisions"}],"wp:featuredmedia":[{"embeddable":true,"href":"https:\/\/www.weckmansteel.fi\/sv\/wp-json\/wp\/v2\/media\/29313"}],"wp:attachment":[{"href":"https:\/\/www.weckmansteel.fi\/sv\/wp-json\/wp\/v2\/media?parent=31381"}],"curies":[{"name":"wp","href":"https:\/\/api.w.org\/{rel}","templated":true}]}}