{"id":45046,"date":"2025-08-19T15:29:17","date_gmt":"2025-08-19T12:29:17","guid":{"rendered":"https:\/\/www.weckmansteel.fi\/?page_id=45046"},"modified":"2025-08-19T15:47:34","modified_gmt":"2025-08-19T12:47:34","slug":"anvandarvideor-for-berakningsprogram-och-bim-objekt","status":"publish","type":"page","link":"https:\/\/www.weckmansteel.fi\/sv\/anvandarvideor-for-berakningsprogram-och-bim-objekt\/","title":{"rendered":"Anv\u00e4ndarvideor f\u00f6r ber\u00e4kningsprogram och BIM-objekt"},"content":{"rendered":"\n\t<section class=\"section dark\" id=\"section_1453552127\">\n\t\t<div class=\"section-bg fill\" >\n\t\t\t<img loading=\"lazy\" decoding=\"async\" width=\"1536\" height=\"863\" src=\"https:\/\/www.weckmansteel.fi\/wp-content\/uploads\/2025\/06\/Screenshot-2025-06-04-at-13.25.32-1536x863.png\" class=\"bg attachment-1536x1536 size-1536x1536\" alt=\"\" \/>\t\t\t\t\t\t<div class=\"section-bg-overlay absolute fill\"><\/div>\n\t\t\t\n\n\t\t<\/div>\n\n\t\t\n\n\t\t<div class=\"section-content relative\">\n\t\t\t\n<div class=\"row\"  id=\"row-1322589875\">\n\n\t<div id=\"col-1364199471\" class=\"col small-12 large-12\"  >\n\t\t\t\t<div class=\"col-inner text-center\"  >\n\t\t\t\n\t\t\t\n\t<div id=\"text-1745041817\" class=\"text heading-font\">\n\t\t\n<p class=\"uppercase\"><strong>Instruktionsvideor guidar dig genom anv\u00e4ndningen av ber\u00e4kningsprogram och BIM-objekt f\u00f6r korrugerade pl\u00e5tar, \u00e5sar och kompositplattor.<\/strong><\/p>\n\t\t\n<style>\n#text-1745041817 {\n  font-size: 2.25rem;\n}\n@media (min-width:550px) {\n  #text-1745041817 {\n    font-size: 2.75rem;\n  }\n}\n<\/style>\n\t<\/div>\n\t\n\t\t<\/div>\n\t\t\t\t\n<style>\n#col-1364199471 > .col-inner {\n  margin: 0px 0px -90px 0px;\n}\n<\/style>\n\t<\/div>\n\n\t\n<\/div>\n\t\t<\/div>\n\n\t\t\n<style>\n#section_1453552127 {\n  padding-top: 0px;\n  padding-bottom: 0px;\n  min-height: 500px;\n}\n#section_1453552127 .section-bg-overlay {\n  background-color: rgba(0, 30, 78, 0.5);\n}\n#section_1453552127 .section-bg img {\n  object-position: 50% 94%;\n}\n<\/style>\n\t<\/section>\n\t\n\n\t<section class=\"section\" id=\"section_875387965\">\n\t\t<div class=\"section-bg fill\" >\n\t\t\t\t\t\t\t\t\t\n\t\t\t\n\n\t\t<\/div>\n\n\t\t\n\n\t\t<div class=\"section-content relative\">\n\t\t\t\n<div class=\"row\"  id=\"row-7412441\">\n\n\t<div id=\"col-1438642957\" class=\"col small-12 large-12\"  >\n\t\t\t\t<div class=\"col-inner\"  >\n\t\t\t\n\t\t\t\n<h1>Anv\u00e4ndarvideor f\u00f6r ber\u00e4kningsprogram och BIM-objekt<\/h1>\n<p>Vi har sammanst\u00e4llt tydliga och praktiska videor som hj\u00e4lper dig att enkelt komma ig\u00e5ng med ber\u00e4kningsprogram \u2013 oavsett om du \u00e4r konstrukt\u00f6r eller n\u00e5gon som arbetar med BIM-material.<\/p>\n\t\t<\/div>\n\t\t\t\t\t<\/div>\n\n\t\n<\/div>\n\t\t<\/div>\n\n\t\t\n<style>\n#section_875387965 {\n  padding-top: 60px;\n  padding-bottom: 60px;\n}\n<\/style>\n\t<\/section>\n\t\n\n\t<section class=\"section\" id=\"section_4217694\">\n\t\t<div class=\"section-bg fill\" >\n\t\t\t\t\t\t\t\t\t\n\t\t\t\n\n\t\t<\/div>\n\n\t\t\n\n\t\t<div class=\"section-content relative\">\n\t\t\t\n<div class=\"row row-large\"  id=\"row-43606656\">\n\n\t<div id=\"col-2005780293\" class=\"col small-12 large-12\"  >\n\t\t\t\t<div class=\"col-inner text-left\"  >\n\t\t\t\n\t\t\t\n<h2>Videor med anv\u00e4ndarmanualer f\u00f6r ber\u00e4kningsprogram<\/h2>\n\t\t<\/div>\n\t\t\t\t\t<\/div>\n\n\t\n\n\t<div id=\"col-1793900521\" class=\"col medium-6 small-12 large-6\"  >\n\t\t\t\t<div class=\"col-inner\"  >\n\t\t\t\n\t\t\t\n<h3>Optimi program f\u00f6r Korrugerade pl\u00e5tar<\/h3>\n<div class=\"video video-fit mb\" style=\"padding-top:56.25%;\"><p><iframe loading=\"lazy\" title=\"Optimi Corrugated Sheet Sizing Program\" width=\"1020\" height=\"574\" src=\"https:\/\/www.youtube.com\/embed\/KJs-bE87R9E?feature=oembed\" frameborder=\"0\" allow=\"accelerometer; autoplay; clipboard-write; encrypted-media; gyroscope; picture-in-picture; web-share\" referrerpolicy=\"strict-origin-when-cross-origin\" allowfullscreen><\/iframe><\/p>\n<\/div>\n\t\t<\/div>\n\t\t\t\t\t<\/div>\n\n\t\n\n\t<div id=\"col-949504217\" class=\"col medium-6 small-12 large-6\"  >\n\t\t\t\t<div class=\"col-inner\"  >\n\t\t\t\n\t\t\t\n<h3>Purlin Master Dimensioneringsprogram<\/h3>\n<div class=\"video video-fit mb\" style=\"padding-top:56.25%;\"><p><iframe loading=\"lazy\" title=\"Purlin Master Design Program\" width=\"1020\" height=\"574\" src=\"https:\/\/www.youtube.com\/embed\/IgAMogOUX6Q?feature=oembed\" frameborder=\"0\" allow=\"accelerometer; autoplay; clipboard-write; encrypted-media; gyroscope; picture-in-picture; web-share\" referrerpolicy=\"strict-origin-when-cross-origin\" allowfullscreen><\/iframe><\/p>\n<\/div>\n\t\t<\/div>\n\t\t\t\t\t<\/div>\n\n\t\n<\/div>\n\t\t<\/div>\n\n\t\t\n<style>\n#section_4217694 {\n  padding-top: 60px;\n  padding-bottom: 60px;\n  background-color: rgb(240, 240, 240);\n}\n<\/style>\n\t<\/section>\n\t\n\n\t<section class=\"section\" id=\"section_1706277540\">\n\t\t<div class=\"section-bg fill\" >\n\t\t\t\t\t\t\t\t\t\n\t\t\t\n\n\t\t<\/div>\n\n\t\t\n\n\t\t<div class=\"section-content relative\">\n\t\t\t\n<div class=\"row row-large\"  id=\"row-1619607860\">\n\n\t<div id=\"col-36714469\" class=\"col small-12 large-12\"  >\n\t\t\t\t<div class=\"col-inner text-left\"  >\n\t\t\t\n\t\t\t\n<h2>Videor om anv\u00e4ndning av BIM-objekt<\/h2>\n\t\t<\/div>\n\t\t\t\t\t<\/div>\n\n\t\n\n\t<div id=\"col-1764061734\" class=\"col medium-6 small-12 large-6\"  >\n\t\t\t\t<div class=\"col-inner\"  >\n\t\t\t\n\t\t\t\n<h3>Videor om anv\u00e4ndning av Prodlib och BIM-objekt<\/h3>\n<div class=\"video video-fit mb\" style=\"padding-top:56.25%;\"><p><iframe loading=\"lazy\" title=\"Prodlib ja BIM-objects user manual\" width=\"1020\" height=\"574\" src=\"https:\/\/www.youtube.com\/embed\/6uCMlY8hKTo?feature=oembed\" frameborder=\"0\" allow=\"accelerometer; autoplay; clipboard-write; encrypted-media; gyroscope; picture-in-picture; web-share\" referrerpolicy=\"strict-origin-when-cross-origin\" allowfullscreen><\/iframe><\/p>\n<\/div>\n\t\t<\/div>\n\t\t\t\t\t<\/div>\n\n\t\n<\/div>\n\t\t<\/div>\n\n\t\t\n<style>\n#section_1706277540 {\n  padding-top: 60px;\n  padding-bottom: 60px;\n}\n<\/style>\n\t<\/section>\n\t\n\n\t<section class=\"section\" id=\"section_2004110233\">\n\t\t<div class=\"section-bg fill\" >\n\t\t\t\t\t\t\t\t\t\n\t\t\t\n\n\t\t<\/div>\n\n\t\t\n\n\t\t<div class=\"section-content relative\">\n\t\t\t\n<div class=\"row\"  id=\"row-423131513\">\n\n\t<div id=\"col-418423300\" class=\"col medium-6 small-12 large-6\"  >\n\t\t\t\t<div class=\"col-inner\"  >\n\t\t\t\n\t\t\t\n<h2>BIM-objekt f\u00f6r Weckman-produkter tillg\u00e4ngliga f\u00f6r nedladdning<\/h2>\n<p>BIM-objekt f\u00f6r Weckmans byggprodukter finns tillg\u00e4ngliga f\u00f6r gratis nedladdning p\u00e5 Prodlibs webbplats och i Prodlib-applikationen. Strukturbiblioteket inneh\u00e5ller f\u00e4rdiga produktmodeller f\u00f6r AutoCad, Autodesk Revit och Archicad. Inneh\u00e5llet i Prodlib \u00e4r alltid uppdaterat, s\u00e5 att du har den senaste produktinformationen.<\/p>\n<a href=\"https:\/\/www.prodlib.com\/weckman?lang=en\" target=\"_blank\" class=\"button primary\" rel=\"noopener\" style=\"border-radius:99px;\">\n\t\t<span>Ladda ner BIM-objekt<\/span>\n\t<\/a>\n\n\t\t<\/div>\n\t\t\t\t\t<\/div>\n\n\t\n\n\t<div id=\"col-867044094\" class=\"col medium-6 small-12 large-6\"  >\n\t\t\t\t<div class=\"col-inner\"  >\n\t\t\t\n\t\t\t\n\t<div class=\"img has-hover x md-x lg-x y md-y lg-y\" id=\"image_2059655138\">\n\t\t<a class=\"image-lightbox lightbox-gallery\" title=\"\" href=\"https:\/\/www.weckmansteel.fi\/wp-content\/uploads\/2025\/05\/Screenshot-2025-05-07-at-13.59.40-1024x435.png\">\t\t\t\t\t\t<div class=\"img-inner dark\" >\n\t\t\t<img loading=\"lazy\" decoding=\"async\" width=\"1020\" height=\"433\" src=\"https:\/\/www.weckmansteel.fi\/wp-content\/uploads\/2025\/05\/Screenshot-2025-05-07-at-13.59.40-1024x435.png\" class=\"attachment-large size-large\" alt=\"\" srcset=\"https:\/\/www.weckmansteel.fi\/wp-content\/uploads\/2025\/05\/Screenshot-2025-05-07-at-13.59.40-1024x435.png 1024w, https:\/\/www.weckmansteel.fi\/wp-content\/uploads\/2025\/05\/Screenshot-2025-05-07-at-13.59.40-scaled-900x383.png 900w, https:\/\/www.weckmansteel.fi\/wp-content\/uploads\/2025\/05\/Screenshot-2025-05-07-at-13.59.40-300x127.png 300w, https:\/\/www.weckmansteel.fi\/wp-content\/uploads\/2025\/05\/Screenshot-2025-05-07-at-13.59.40-768x326.png 768w, https:\/\/www.weckmansteel.fi\/wp-content\/uploads\/2025\/05\/Screenshot-2025-05-07-at-13.59.40-1536x653.png 1536w, https:\/\/www.weckmansteel.fi\/wp-content\/uploads\/2025\/05\/Screenshot-2025-05-07-at-13.59.40-2048x870.png 2048w\" sizes=\"auto, (max-width: 1020px) 100vw, 1020px\" \/>\t\t\t\t\t\t\n\t\t\t\t\t<\/div>\n\t\t\t\t\t\t<\/a>\t\t\n<style>\n#image_2059655138 {\n  width: 100%;\n}\n<\/style>\n\t<\/div>\n\t\n\t\t<\/div>\n\t\t\t\t\t<\/div>\n\n\t\n<\/div>\n\t\t<\/div>\n\n\t\t\n<style>\n#section_2004110233 {\n  padding-top: 60px;\n  padding-bottom: 60px;\n  background-color: rgb(240, 240, 240);\n}\n<\/style>\n\t<\/section>\n\t\n","protected":false},"excerpt":{"rendered":"","protected":false},"author":25,"featured_media":0,"parent":0,"menu_order":8,"comment_status":"closed","ping_status":"closed","template":"page-blank.php","meta":{"footnotes":""},"class_list":["post-45046","page","type-page","status-publish","hentry"],"_links":{"self":[{"href":"https:\/\/www.weckmansteel.fi\/sv\/wp-json\/wp\/v2\/pages\/45046","targetHints":{"allow":["GET"]}}],"collection":[{"href":"https:\/\/www.weckmansteel.fi\/sv\/wp-json\/wp\/v2\/pages"}],"about":[{"href":"https:\/\/www.weckmansteel.fi\/sv\/wp-json\/wp\/v2\/types\/page"}],"author":[{"embeddable":true,"href":"https:\/\/www.weckmansteel.fi\/sv\/wp-json\/wp\/v2\/users\/25"}],"replies":[{"embeddable":true,"href":"https:\/\/www.weckmansteel.fi\/sv\/wp-json\/wp\/v2\/comments?post=45046"}],"version-history":[{"count":14,"href":"https:\/\/www.weckmansteel.fi\/sv\/wp-json\/wp\/v2\/pages\/45046\/revisions"}],"predecessor-version":[{"id":45074,"href":"https:\/\/www.weckmansteel.fi\/sv\/wp-json\/wp\/v2\/pages\/45046\/revisions\/45074"}],"wp:attachment":[{"href":"https:\/\/www.weckmansteel.fi\/sv\/wp-json\/wp\/v2\/media?parent=45046"}],"curies":[{"name":"wp","href":"https:\/\/api.w.org\/{rel}","templated":true}]}}