{"id":5997,"date":"2017-03-13T11:16:34","date_gmt":"2017-03-13T11:16:34","guid":{"rendered":"http:\/\/weckmansteel.fi\/taksortiment\/"},"modified":"2023-11-20T07:53:16","modified_gmt":"2023-11-20T05:53:16","slug":"taksortiment","status":"publish","type":"page","link":"https:\/\/www.weckmansteel.fi\/sv\/taksortiment\/","title":{"rendered":"Taksortiment"},"content":{"rendered":"\n  <div class=\"banner has-hover\" id=\"banner-125178870\">\n          <div class=\"banner-inner fill\">\n        <div class=\"banner-bg fill\" >\n            <img loading=\"lazy\" decoding=\"async\" width=\"2048\" height=\"528\" src=\"https:\/\/www.weckmansteel.fi\/wp-content\/uploads\/2017\/04\/kattomallisto-tausta-1.jpg\" class=\"bg attachment-original size-original\" alt=\"\" \/>                        <div class=\"overlay\"><\/div>            \n                    <\/div>\n\t\t\n        <div class=\"banner-layers container\">\n            <div class=\"fill banner-link\"><\/div>            \n   <div id=\"text-box-1701749635\" class=\"text-box banner-layer x50 md-x50 lg-x50 y45 md-y45 lg-y45 res-text\">\n                                <div class=\"text-box-content text dark\">\n              \n              <div class=\"text-inner text-center\">\n                  \n<p class=\"uppercase\" style=\"text-align: center;\"><span style=\"font-size: 170%;\"><strong>Taksortiment<\/strong><\/span><\/p>\n              <\/div>\n           <\/div>\n                            \n<style>\n#text-box-1701749635 {\n  width: 100%;\n}\n#text-box-1701749635 .text-box-content {\n  font-size: 60%;\n}\n@media (min-width:550px) {\n  #text-box-1701749635 {\n    width: 70%;\n  }\n  #text-box-1701749635 .text-box-content {\n    font-size: 100%;\n  }\n}\n<\/style>\n    <\/div>\n \n        <\/div>\n      <\/div>\n\n            \n<style>\n#banner-125178870 {\n  padding-top: 99.99%;\n}\n#banner-125178870 .overlay {\n  background-color: rgba(16, 69, 146, 0.75);\n}\n@media (min-width:550px) {\n  #banner-125178870 {\n    padding-top: 40%;\n  }\n}\n@media (min-width:850px) {\n  #banner-125178870 {\n    padding-top: 500px;\n  }\n}\n<\/style>\n  <\/div>\n\n\n\n\t<section class=\"section\" id=\"section_1907684565\">\n\t\t<div class=\"section-bg fill\" >\n\t\t\t\t\t\t\t\t\t\n\t\t\t\n\n\t\t<\/div>\n\n\t\t\n\n\t\t<div class=\"section-content relative\">\n\t\t\t\n<div class=\"row\"  id=\"row-121687180\">\n\n\t<div id=\"col-1134095935\" class=\"col small-12 large-12\"  >\n\t\t\t\t<div class=\"col-inner\"  >\n\t\t\t\n\t\t\t\n<h1>Taksortiment<\/h1>\n<p>Weckman erbjuder marknadens mest omfattande sortiment av st\u00e5lpl\u00e5ttak f\u00f6r takbygge och renovering.<br \/>V\u00e5ra produkter \u00e4r lika l\u00e4mpliga f\u00f6r tak i egnahemshus, radhus och h\u00f6ghus.<\/p>\n<p>Weckmans h\u00f6gkvalitativa st\u00e5lpl\u00e5ttak har skyddat hem och andra byggnader i Finland och omkring v\u00e4rlden i \u00f6ver 55 \u00e5r.<br \/>Kontinuerlig produktutvecklig s\u00e4kerst\u00e4ller, att v\u00e5ra produkter \u00e4r av h\u00f6gsta kvalitet vad g\u00e4ller h\u00e5llbarhet, funktionalitet och utseende.<\/p>\n\t\t<\/div>\n\t\t\t\t\t<\/div>\n\n\t\n<\/div>\n\t\t<\/div>\n\n\t\t\n<style>\n#section_1907684565 {\n  padding-top: 30px;\n  padding-bottom: 30px;\n}\n<\/style>\n\t<\/section>\n\t\n\n\t<section class=\"section\" id=\"section_81690739\">\n\t\t<div class=\"section-bg fill\" >\n\t\t\t\t\t\t\t\t\t\n\t\t\t\n\n\t\t<\/div>\n\n\t\t\n\n\t\t<div class=\"section-content relative\">\n\t\t\t\n<div class=\"row\"  id=\"row-1050464186\">\n\n\t<div id=\"col-749651349\" class=\"col medium-4 small-12 large-4\"  >\n\t\t\t\t<div class=\"col-inner\"  >\n\t\t\t\n\t\t\t\n\t<div class=\"img has-hover x md-x lg-x y md-y lg-y\" id=\"image_835079271\">\n\t\t<a class=\"\" href=\"https:\/\/www.weckmansteel.fi\/sv\/lasfalstak\/weckman-progantti\/\" >\t\t\t\t\t\t<div class=\"img-inner image-cover dark\" style=\"padding-top:75%;\">\n\t\t\t<img loading=\"lazy\" decoding=\"async\" width=\"372\" height=\"307\" src=\"https:\/\/www.weckmansteel.fi\/wp-content\/uploads\/2017\/07\/Progantti-rajattu.jpg\" class=\"attachment-large size-large\" alt=\"\" srcset=\"https:\/\/www.weckmansteel.fi\/wp-content\/uploads\/2017\/07\/Progantti-rajattu.jpg 372w, https:\/\/www.weckmansteel.fi\/wp-content\/uploads\/2017\/07\/Progantti-rajattu-300x248.jpg 300w\" sizes=\"auto, (max-width: 372px) 100vw, 372px\" \/>\t\t\t\t\t\t\n\t\t\t\t\t<\/div>\n\t\t\t\t\t\t<\/a>\t\t\n<style>\n#image_835079271 {\n  width: 100%;\n}\n<\/style>\n\t<\/div>\n\t\n<h2>WECKMAN PROGANTTI L\u00c5SFALSTAK<\/h2>\n<p>Progantti \u00e4r den nya generationens h\u00e5llbara l\u00e5sfalstak fr\u00e5n Weckman. Det extra starka konstruktionsst\u00e5let och de unika konstruktionsl\u00f6sningarna g\u00f6r Progantti till den tystaste och b\u00e4st ventilerade takhelheten.<\/p>\n<a href=\"https:\/\/www.weckmansteel.fi\/sv\/lasfalstak\/\" class=\"button primary is-outline\" style=\"border-radius:99px;\">\n\t\t<span>L\u00c5SFALSTAK<\/span>\n\t<\/a>\n\n\t\t<\/div>\n\t\t\t\t\t<\/div>\n\n\t\n\n\t<div id=\"col-1217091205\" class=\"col medium-4 small-12 large-4\"  >\n\t\t\t\t<div class=\"col-inner\"  >\n\t\t\t\n\t\t\t\n\t<div class=\"img has-hover x md-x lg-x y md-y lg-y\" id=\"image_1884203998\">\n\t\t<a class=\"\" href=\"https:\/\/www.weckmansteel.fi\/sv\/tegelprofiltak\/weckman-terasaalto\/\" >\t\t\t\t\t\t<div class=\"img-inner image-cover dark\" style=\"padding-top:75%;\">\n\t\t\t<img loading=\"lazy\" decoding=\"async\" width=\"636\" height=\"346\" src=\"https:\/\/www.weckmansteel.fi\/wp-content\/uploads\/2017\/04\/weckman-tiilikuviokatot-etusivu.jpg\" class=\"attachment-large size-large\" alt=\"\" srcset=\"https:\/\/www.weckmansteel.fi\/wp-content\/uploads\/2017\/04\/weckman-tiilikuviokatot-etusivu.jpg 636w, https:\/\/www.weckmansteel.fi\/wp-content\/uploads\/2017\/04\/weckman-tiilikuviokatot-etusivu-600x326.jpg 600w, https:\/\/www.weckmansteel.fi\/wp-content\/uploads\/2017\/04\/weckman-tiilikuviokatot-etusivu-300x163.jpg 300w\" sizes=\"auto, (max-width: 636px) 100vw, 636px\" \/>\t\t\t\t\t\t\n\t\t\t\t\t<\/div>\n\t\t\t\t\t\t<\/a>\t\t\n<style>\n#image_1884203998 {\n  width: 100%;\n}\n<\/style>\n\t<\/div>\n\t\n<h2>WECKMAN TEGELPROFILTAK<\/h2>\n<p>Weckmans stiliga tegelprofiltak ger huset en lyxig look. Weckmans traditionella takpl\u00e5tar Ter\u00e4saalto, Ter\u00e4saateli och Ter\u00e4stiili \u00e4r tidl\u00f6sa favoriter bland finl\u00e4ndska byggare. Den nyaste tegelprofilmodellen Europa ger ditt tak en ny, elegant look.<\/p>\n<a href=\"https:\/\/www.weckmansteel.fi\/sv\/tegelprofiltak\/\" class=\"button primary is-outline\" style=\"border-radius:99px;\">\n\t\t<span>TEGELPROFILTAK<\/span>\n\t<\/a>\n\n\t\t<\/div>\n\t\t\t\t\t<\/div>\n\n\t\n\n\t<div id=\"col-166810331\" class=\"col medium-4 small-12 large-4\"  >\n\t\t\t\t<div class=\"col-inner\"  >\n\t\t\t\n\t\t\t\n\t<div class=\"img has-hover x md-x lg-x y md-y lg-y\" id=\"image_1768965993\">\n\t\t<a class=\"\" href=\"https:\/\/www.weckmansteel.fi\/sv\/korrugerade-tak\/weckman-w-1\/\" >\t\t\t\t\t\t<div class=\"img-inner image-cover dark\" style=\"padding-top:75%;\">\n\t\t\t<img loading=\"lazy\" decoding=\"async\" width=\"636\" height=\"346\" src=\"https:\/\/www.weckmansteel.fi\/wp-content\/uploads\/2017\/04\/weckman-poimukatot-etusivu.jpg\" class=\"attachment-large size-large\" alt=\"\" srcset=\"https:\/\/www.weckmansteel.fi\/wp-content\/uploads\/2017\/04\/weckman-poimukatot-etusivu.jpg 636w, https:\/\/www.weckmansteel.fi\/wp-content\/uploads\/2017\/04\/weckman-poimukatot-etusivu-600x326.jpg 600w, https:\/\/www.weckmansteel.fi\/wp-content\/uploads\/2017\/04\/weckman-poimukatot-etusivu-300x163.jpg 300w\" sizes=\"auto, (max-width: 636px) 100vw, 636px\" \/>\t\t\t\t\t\t\n\t\t\t\t\t<\/div>\n\t\t\t\t\t\t<\/a>\t\t\n<style>\n#image_1768965993 {\n  width: 100%;\n}\n<\/style>\n\t<\/div>\n\t\n<h2>WECKMAN KORRUGERADE TAK<\/h2>\n<p>Weckmans korrugerade tak \u00e4r traditionella inhemska pl\u00e5ttaksprofiler. V\u00e5rt m\u00e5ngsidiga urval omfattar s\u00e5v\u00e4l galvaniserade som m\u00e5lade alternativ.<\/p>\n<a href=\"https:\/\/www.weckmansteel.fi\/sv\/korrugerade-tak\/\" class=\"button primary is-outline\" style=\"border-radius:99px;\">\n\t\t<span>KORRUGERADE TAK<\/span>\n\t<\/a>\n\n\t\t<\/div>\n\t\t\t\t\t<\/div>\n\n\t\n<\/div>\n<div class=\"row\"  id=\"row-150885869\">\n\n\t<div id=\"col-2079835626\" class=\"col medium-4 small-12 large-4\"  >\n\t\t\t\t<div class=\"col-inner\"  >\n\t\t\t\n\t\t\t\n\t<div class=\"img has-hover x md-x lg-x y md-y lg-y\" id=\"image_296935953\">\n\t\t<a class=\"\" href=\"https:\/\/www.weckmansteel.fi\/sv\/maskinfalsade-tak\/weckman-radplat\/\" >\t\t\t\t\t\t<div class=\"img-inner image-cover dark\" style=\"padding-top:75%;\">\n\t\t\t<img loading=\"lazy\" decoding=\"async\" width=\"800\" height=\"600\" src=\"https:\/\/www.weckmansteel.fi\/wp-content\/uploads\/2017\/03\/Konesaumakatto-RR23.jpg\" class=\"attachment-large size-large\" alt=\"\" srcset=\"https:\/\/www.weckmansteel.fi\/wp-content\/uploads\/2017\/03\/Konesaumakatto-RR23.jpg 800w, https:\/\/www.weckmansteel.fi\/wp-content\/uploads\/2017\/03\/Konesaumakatto-RR23-600x450.jpg 600w, https:\/\/www.weckmansteel.fi\/wp-content\/uploads\/2017\/03\/Konesaumakatto-RR23-300x225.jpg 300w, https:\/\/www.weckmansteel.fi\/wp-content\/uploads\/2017\/03\/Konesaumakatto-RR23-768x576.jpg 768w\" sizes=\"auto, (max-width: 800px) 100vw, 800px\" \/>\t\t\t\t\t\t\n\t\t\t\t\t<\/div>\n\t\t\t\t\t\t<\/a>\t\t\n<style>\n#image_296935953 {\n  width: 100%;\n}\n<\/style>\n\t<\/div>\n\t\n<h2>WECKMAN MASKINFALSADE TAK<\/h2>\n<p>H\u00f6gklassiga radpl\u00e5tar f\u00f6r maskinfalsade tak. Monteras av pl\u00e5tslagare.<\/p>\n<a href=\"https:\/\/www.weckmansteel.fi\/sv\/maskinfalsade-tak\/\" class=\"button primary is-outline\" style=\"border-radius:99px;\">\n\t\t<span>MASKINFALSADE TAK<\/span>\n\t<\/a>\n\n\t\t<\/div>\n\t\t\t\t\t<\/div>\n\n\t\n\n\t<div id=\"col-1685408210\" class=\"col medium-4 small-12 large-4\"  >\n\t\t\t\t<div class=\"col-inner\"  >\n\t\t\t\n\t\t\t\n\t<div class=\"img has-hover x md-x lg-x y md-y lg-y\" id=\"image_155293101\">\n\t\t<a class=\"\" href=\"https:\/\/www.weckmansteel.fi\/sv\/vaggar\/korrugerade-platar-for-vaggar\/\" >\t\t\t\t\t\t<div class=\"img-inner image-cover dark\" style=\"padding-top:75%;\">\n\t\t\t<img loading=\"lazy\" decoding=\"async\" width=\"1020\" height=\"791\" src=\"https:\/\/www.weckmansteel.fi\/wp-content\/uploads\/2018\/07\/20080428-006-1-1024x794.jpg\" class=\"attachment-large size-large\" alt=\"Weckman sein\u00e4t\" srcset=\"https:\/\/www.weckmansteel.fi\/wp-content\/uploads\/2018\/07\/20080428-006-1-1024x794.jpg 1024w, https:\/\/www.weckmansteel.fi\/wp-content\/uploads\/2018\/07\/20080428-006-1-900x698.jpg 900w, https:\/\/www.weckmansteel.fi\/wp-content\/uploads\/2018\/07\/20080428-006-1-300x233.jpg 300w, https:\/\/www.weckmansteel.fi\/wp-content\/uploads\/2018\/07\/20080428-006-1-768x596.jpg 768w, https:\/\/www.weckmansteel.fi\/wp-content\/uploads\/2018\/07\/20080428-006-1.jpg 2048w\" sizes=\"auto, (max-width: 1020px) 100vw, 1020px\" \/>\t\t\t\t\t\t\n\t\t\t\t\t<\/div>\n\t\t\t\t\t\t<\/a>\t\t\n<style>\n#image_155293101 {\n  width: 100%;\n}\n<\/style>\n\t<\/div>\n\t\n<h2>WECKMAN V\u00c4GGAR<\/h2>\n<p>Weckman v\u00e4ggpl\u00e5tar f\u00f6r ytter- och innerv\u00e4ggar samt innertak. Olika profiler och f\u00e4rger kan kombineras f\u00f6r imponerande slutresultat.<\/p>\n<a href=\"https:\/\/www.weckmansteel.fi\/sv\/vaggar\/\" class=\"button primary is-outline\" style=\"border-radius:99px;\">\n\t\t<span>V\u00e4ggpl\u00e5tar<\/span>\n\t<\/a>\n\n\t\t<\/div>\n\t\t\t\t\t<\/div>\n\n\t\n<\/div>\n\t\t<\/div>\n\n\t\t\n<style>\n#section_81690739 {\n  padding-top: 30px;\n  padding-bottom: 30px;\n}\n<\/style>\n\t<\/section>\n\t\n","protected":false},"excerpt":{"rendered":"","protected":false},"author":16,"featured_media":9356,"parent":0,"menu_order":456,"comment_status":"closed","ping_status":"closed","template":"page-blank.php","meta":{"footnotes":""},"class_list":["post-5997","page","type-page","status-publish","has-post-thumbnail","hentry"],"_links":{"self":[{"href":"https:\/\/www.weckmansteel.fi\/sv\/wp-json\/wp\/v2\/pages\/5997","targetHints":{"allow":["GET"]}}],"collection":[{"href":"https:\/\/www.weckmansteel.fi\/sv\/wp-json\/wp\/v2\/pages"}],"about":[{"href":"https:\/\/www.weckmansteel.fi\/sv\/wp-json\/wp\/v2\/types\/page"}],"author":[{"embeddable":true,"href":"https:\/\/www.weckmansteel.fi\/sv\/wp-json\/wp\/v2\/users\/16"}],"replies":[{"embeddable":true,"href":"https:\/\/www.weckmansteel.fi\/sv\/wp-json\/wp\/v2\/comments?post=5997"}],"version-history":[{"count":0,"href":"https:\/\/www.weckmansteel.fi\/sv\/wp-json\/wp\/v2\/pages\/5997\/revisions"}],"wp:featuredmedia":[{"embeddable":true,"href":"https:\/\/www.weckmansteel.fi\/sv\/wp-json\/wp\/v2\/media\/9356"}],"wp:attachment":[{"href":"https:\/\/www.weckmansteel.fi\/sv\/wp-json\/wp\/v2\/media?parent=5997"}],"curies":[{"name":"wp","href":"https:\/\/api.w.org\/{rel}","templated":true}]}}