{"id":6023,"date":"2018-10-10T17:31:55","date_gmt":"2018-10-10T17:31:55","guid":{"rendered":"http:\/\/weckmansteel.fi\/varfor-weckman\/rekrytering\/"},"modified":"2023-11-06T14:14:13","modified_gmt":"2023-11-06T12:14:13","slug":"rekrytering","status":"publish","type":"page","link":"https:\/\/www.weckmansteel.fi\/sv\/varfor-weckman\/rekrytering\/","title":{"rendered":"Rekrytering"},"content":{"rendered":"\n\t<section class=\"section\" id=\"section_806508391\">\n\t\t<div class=\"section-bg fill\" >\n\t\t\t\t\t\t\t\t\t\n\t\t\t\n\n\t\t<\/div>\n\n\t\t\n\n\t\t<div class=\"section-content relative\">\n\t\t\t\n\n  <div class=\"banner has-hover\" id=\"banner-1817518145\">\n          <div class=\"banner-inner fill\">\n        <div class=\"banner-bg fill\" >\n            <img loading=\"lazy\" decoding=\"async\" width=\"1020\" height=\"628\" src=\"https:\/\/www.weckmansteel.fi\/wp-content\/uploads\/2021\/05\/5D4_7464-1024x630.jpg\" class=\"bg attachment-large size-large\" alt=\"\" \/>                        <div class=\"overlay\"><\/div>            \n                    <\/div>\n\t\t\n        <div class=\"banner-layers container\">\n            <div class=\"fill banner-link\"><\/div>            \n   <div id=\"text-box-75716617\" class=\"text-box banner-layer x50 md-x50 lg-x50 y50 md-y50 lg-y50 res-text\">\n                                <div class=\"text-box-content text dark\">\n              \n              <div class=\"text-inner text-center\">\n                  \n<p class=\"uppercase\" style=\"text-align: center;\"><span style=\"font-size: 170%;\"><strong>Rekrytering<\/strong><\/span><\/p>\n              <\/div>\n           <\/div>\n                            \n<style>\n#text-box-75716617 {\n  width: 100%;\n}\n#text-box-75716617 .text-box-content {\n  font-size: 50%;\n}\n@media (min-width:550px) {\n  #text-box-75716617 {\n    width: 60%;\n  }\n  #text-box-75716617 .text-box-content {\n    font-size: 100%;\n  }\n}\n<\/style>\n    <\/div>\n \n        <\/div>\n      <\/div>\n\n            \n<style>\n#banner-1817518145 {\n  padding-top: 500px;\n}\n#banner-1817518145 .overlay {\n  background-color: rgba(0, 0, 0, 0.3);\n}\n#banner-1817518145 .banner-bg img {\n  object-position: 64% 23%;\n}\n<\/style>\n  <\/div>\n\n\n\t\t<\/div>\n\n\t\t\n<style>\n#section_806508391 {\n  padding-top: 0px;\n  padding-bottom: 0px;\n}\n<\/style>\n\t<\/section>\n\t\n\n\t<section class=\"section\" id=\"section_814590944\">\n\t\t<div class=\"section-bg fill\" >\n\t\t\t\t\t\t\t\t\t\n\t\t\t\n\n\t\t<\/div>\n\n\t\t\n\n\t\t<div class=\"section-content relative\">\n\t\t\t\n<div class=\"row row-collapse align-center\"  id=\"row-978941983\">\n\n\t<div id=\"col-1205224303\" class=\"col medium-10 small-12 large-10\"  >\n\t\t\t\t<div class=\"col-inner text-left\"  >\n\t\t\t\n\t\t\t\n\t<div id=\"text-1557548445\" class=\"text\">\n\t\t\n<h2>V\u00e4lkommen till st\u00e5lexpert<\/h2>\n<p>Weckman Steel Oy f\u00f6rvaltar den internationella Weckman-koncernen. I koncernen ing\u00e5r Weckman Steel Oy och AS ESCO Weckman Estland. Koncernens intressef\u00f6retag \u00e4r Friedrich von Lien AG i Tyskland och det finska bolaget Orima-Tuote Oy, en tillverkare av taks\u00e4kerhetsprodukter och regnvattensystem.<br \/>\nExport sker till n\u00e4rmare 20 l\u00e4nder och Weckmans representanter finns i ungef\u00e4r tjugo olika l\u00e4nder.<\/p>\n\t\t\n<style>\n#text-1557548445 {\n  text-align: left;\n}\n<\/style>\n\t<\/div>\n\t\n\t<div id=\"text-1676294327\" class=\"text\">\n\t\t\n\t\t\n<style>\n#text-1676294327 {\n  text-align: left;\n}\n<\/style>\n\t<\/div>\n\t\n\n<div class='fluentform ff-default fluentform_wrapper_15 ffs_default_wrap'><form data-form_id=\"15\" id=\"fluentform_15\" class=\"frm-fluent-form fluent_form_15 ff-el-form-top ff_form_instance_15_1 ff-form-loading ff_has_v3_recptcha ffs_default\" data-form_instance=\"ff_form_instance_15_1\" method=\"POST\" data-recptcha_key=\"6LeHZAEpAAAAAK6qnuTyC5j6dNf_Pk4MeCNsVFdX\" ><fieldset  style=\"border: none!important;margin: 0!important;padding: 0!important;background-color: transparent!important;box-shadow: none!important;outline: none!important; min-inline-size: 100%;\">\n                    <legend class=\"ff_screen_reader_title\" style=\"display: block; margin: 0!important;padding: 0!important;height: 0!important;text-indent: -999999px;width: 0!important;overflow:hidden;\">Rekrytering<\/legend><input type='hidden' name='__fluent_form_embded_post_id' value='6023' \/><input type=\"hidden\" id=\"_fluentform_15_fluentformnonce\" name=\"_fluentform_15_fluentformnonce\" value=\"74c38af204\" \/><input type=\"hidden\" name=\"_wp_http_referer\" value=\"\/sv\/wp-json\/wp\/v2\/pages\/6023\" \/><div class='ff-el-group  ff-custom_html' tabindex='-1' data-name=\"custom_html-15_1\" ><h1>Kontakta oss och l\u00e4mna dina uppgifter<\/h1><\/div><div data-name=\"ff_cn_id_1\"  class='ff-t-container ff-column-container ff_columns_total_2 '><div class='ff-t-cell ff-t-column-1' style='flex-basis: 50%;'><div class='ff-el-group'><div class=\"ff-el-input--label ff-el-is-required asterisk-right\"><label for='ff_15_input_text' id='label_ff_15_input_text' aria-label=\"F\u00f6rnamn\">F\u00f6rnamn<\/label><\/div><div class='ff-el-input--content'><input type=\"text\" name=\"input_text\" class=\"ff-el-form-control\" data-name=\"input_text\" id=\"ff_15_input_text\"  aria-invalid=\"false\" aria-required=true><\/div><\/div><\/div><div class='ff-t-cell ff-t-column-2' style='flex-basis: 50%;'><div class='ff-el-group'><div class=\"ff-el-input--label ff-el-is-required asterisk-right\"><label for='ff_15_input_text_1' id='label_ff_15_input_text_1' aria-label=\"Efternamn\">Efternamn<\/label><\/div><div class='ff-el-input--content'><input type=\"text\" name=\"input_text_1\" class=\"ff-el-form-control\" data-name=\"input_text_1\" id=\"ff_15_input_text_1\"  aria-invalid=\"false\" aria-required=true><\/div><\/div><\/div><\/div><div data-name=\"ff_cn_id_2\"  class='ff-t-container ff-column-container ff_columns_total_2 '><div class='ff-t-cell ff-t-column-1' style='flex-basis: 50%;'><div class='ff-el-group'><div class=\"ff-el-input--label ff-el-is-required asterisk-right\"><label for='ff_15_phone' id='label_ff_15_phone' aria-label=\"Telefonnummer\">Telefonnummer<\/label><\/div><div class='ff-el-input--content'><input name=\"phone\" class=\"ff-el-form-control ff-el-phone ff_el_with_extended_validation\" type=\"tel\" data-name=\"phone\" id=\"ff_15_phone\" inputmode=\"tel\"  aria-invalid='false' aria-required=true><\/div><\/div><\/div><div class='ff-t-cell ff-t-column-2' style='flex-basis: 50%;'><div class='ff-el-group'><div class=\"ff-el-input--label asterisk-right\"><label for='ff_15_input_text_2' id='label_ff_15_input_text_2' aria-label=\"Gatuadress\">Gatuadress<\/label><\/div><div class='ff-el-input--content'><input type=\"text\" name=\"input_text_2\" class=\"ff-el-form-control\" data-name=\"input_text_2\" id=\"ff_15_input_text_2\"  aria-invalid=\"false\" aria-required=false><\/div><\/div><\/div><\/div><div data-name=\"ff_cn_id_3\"  class='ff-t-container ff-column-container ff_columns_total_2 '><div class='ff-t-cell ff-t-column-1' style='flex-basis: 50%;'><div class='ff-el-group'><div class=\"ff-el-input--label asterisk-right\"><label for='ff_15_input_text_3' id='label_ff_15_input_text_3' aria-label=\"Postnummer\">Postnummer<\/label><\/div><div class='ff-el-input--content'><input type=\"text\" name=\"input_text_3\" class=\"ff-el-form-control\" data-name=\"input_text_3\" id=\"ff_15_input_text_3\"  aria-invalid=\"false\" aria-required=false><\/div><\/div><\/div><div class='ff-t-cell ff-t-column-2' style='flex-basis: 50%;'><div class='ff-el-group'><div class=\"ff-el-input--label asterisk-right\"><label for='ff_15_input_text_4' id='label_ff_15_input_text_4' aria-label=\"Bostad\">Bostad<\/label><\/div><div class='ff-el-input--content'><input type=\"text\" name=\"input_text_4\" class=\"ff-el-form-control\" data-name=\"input_text_4\" id=\"ff_15_input_text_4\"  aria-invalid=\"false\" aria-required=false><\/div><\/div><\/div><\/div><div class='ff-el-group'><div class=\"ff-el-input--label ff-el-is-required asterisk-right\"><label for='ff_15_email' id='label_ff_15_email' aria-label=\"E-post\">E-post<\/label><\/div><div class='ff-el-input--content'><input type=\"email\" name=\"email\" id=\"ff_15_email\" class=\"ff-el-form-control\" data-name=\"email\"  aria-invalid=\"false\" aria-required=true><\/div><\/div><div class='ff-el-group'><div class=\"ff-el-input--label asterisk-right\"><label for='ff_15_description' id='label_ff_15_description' aria-label=\"Meddelande\">Meddelande<\/label><\/div><div class='ff-el-input--content'><textarea aria-required=\"false\" aria-labelledby=\"label_ff_15_description\" name=\"description\" id=\"ff_15_description\" class=\"ff-el-form-control\" rows=\"3\" cols=\"2\" data-name=\"description\" ><\/textarea><\/div><\/div><div class='ff-el-group  ff-custom_html' tabindex='-1' data-name=\"custom_html-15_2\" ><h2>Jag \u00e4r intresserad av<\/h2><\/div><div class='ff-el-group'><div class=\"ff-el-input--label asterisk-right\"><label for='ff_15_multi_select' id='label_ff_15_multi_select' aria-label=\"Jag \u00e4r intresserad av\">Jag \u00e4r intresserad av <\/label><\/div><div class='ff-el-input--content'><select name=\"multi_select[]\" id=\"ff_15_multi_select\" class=\"ff-el-form-control  ff_has_multi_select\" multiple=\"1\" data-name=\"multi_select\" data-calc_value=\"0\"  aria-invalid=\"false\" aria-required=\"false\" aria-labelledby=\"label_ff_15_multi_select\"><option value=\"F\u00f6rs\u00e4ljning\"  >F\u00f6rs\u00e4ljning<\/option><option value=\"Marknadsf\u00f6ring\"  >Marknadsf\u00f6ring<\/option><option value=\"Design\"  >Design<\/option><option value=\"Produktion\"  >Produktion<\/option><\/select><\/div><\/div><div class='ff-el-group'><div class=\"ff-el-input--label asterisk-right\"><label for='ff_15_file-upload_1' id='label_ff_15_file-upload_1' aria-label=\"Bifoga CV\">Bifoga CV <\/label><\/div><div class='ff-el-input--content'><label for='ff_15_file-upload_1' class='ff_file_upload_holder'><span class='ff_upload_btn ff-btn' tabindex='0'>V\u00e4lj en fil<\/span> <input type=\"file\" name=\"file-upload\" id=\"ff_15_file-upload_1\" class=\"ff-el-form-control button primary ff-screen-reader-element\" data-name=\"file-upload\" multiple=\"1\"  aria-invalid='false' aria-required=false><\/label><\/div><\/div><div class='ff-el-group ff-text-left ff_submit_btn_wrapper'><button type=\"submit\" class=\"ff-btn ff-btn-submit ff-btn-md button primary ff_btn_style\"  aria-label=\"Skicka\">Skicka<\/button><\/div><\/fieldset><\/form><div id='fluentform_15_errors' class='ff-errors-in-stack ff_form_instance_15_1 ff-form-loading_errors ff_form_instance_15_1_errors'><\/div><\/div>            <script type=\"text\/javascript\">\n                window.fluent_form_ff_form_instance_15_1 = {\"id\":\"15\",\"settings\":{\"layout\":{\"labelPlacement\":\"top\",\"helpMessagePlacement\":\"with_label\",\"errorMessagePlacement\":\"inline\",\"cssClassName\":\"\",\"asteriskPlacement\":\"asterisk-right\"},\"restrictions\":{\"denyEmptySubmission\":{\"enabled\":false}}},\"form_instance\":\"ff_form_instance_15_1\",\"form_id_selector\":\"fluentform_15\",\"rules\":{\"input_text\":{\"required\":{\"value\":true,\"message\":\"Detta f\\u00e4lt \\u00e4r obligatoriskt\",\"global\":false,\"global_message\":\"T\\u00e4m\\u00e4 kentt\\u00e4 on pakollinen\"}},\"input_text_1\":{\"required\":{\"value\":true,\"message\":\"Detta f\\u00e4lt \\u00e4r obligatoriskt\",\"global\":false,\"global_message\":\"T\\u00e4m\\u00e4 kentt\\u00e4 on pakollinen\"}},\"phone\":{\"required\":{\"value\":true,\"message\":\"Detta f\\u00e4lt \\u00e4r obligatoriskt\",\"global\":false,\"global_message\":\"T\\u00e4m\\u00e4 kentt\\u00e4 on pakollinen\"},\"valid_phone_number\":{\"value\":true,\"message\":\"Kontrollera telefonnumrets format\",\"global\":false,\"global_message\":\"Phone number is not valid\"}},\"input_text_2\":{\"required\":{\"value\":false,\"message\":\"This field is required\",\"global\":false,\"global_message\":\"T\\u00e4m\\u00e4 kentt\\u00e4 on pakollinen\"}},\"input_text_3\":{\"required\":{\"value\":false,\"message\":\"This field is required\",\"global\":false,\"global_message\":\"T\\u00e4m\\u00e4 kentt\\u00e4 on pakollinen\"}},\"input_text_4\":{\"required\":{\"value\":false,\"message\":\"This field is required\",\"global\":false,\"global_message\":\"T\\u00e4m\\u00e4 kentt\\u00e4 on pakollinen\"}},\"email\":{\"required\":{\"value\":true,\"message\":\"Detta f\\u00e4lt \\u00e4r obligatoriskt\",\"global\":false,\"global_message\":\"T\\u00e4m\\u00e4 kentt\\u00e4 on pakollinen\"},\"email\":{\"value\":true,\"message\":\"Kontrollera e-postadressens format\",\"global\":false,\"global_message\":\"T\\u00e4m\\u00e4n kent\\u00e4n tulee sis\\u00e4lt\\u00e4\\u00e4 kelvollinen s\\u00e4hk\\u00f6postiosoite\"}},\"description\":{\"required\":{\"value\":false,\"message\":\"This field is required\",\"global\":false,\"global_message\":\"T\\u00e4m\\u00e4 kentt\\u00e4 on pakollinen\"}},\"multi_select\":{\"required\":{\"value\":false,\"message\":\"This field is required\",\"global\":false,\"global_message\":\"T\\u00e4m\\u00e4 kentt\\u00e4 on pakollinen\"}},\"file-upload\":{\"required\":{\"value\":false,\"message\":\"This field is required\",\"global\":false,\"global_message\":\"T\\u00e4m\\u00e4 kentt\\u00e4 on pakollinen\"},\"max_file_size\":{\"value\":3145728,\"_valueFrom\":\"MB\",\"message\":\"Filen f\\u00e5r vara h\\u00f6gst 3 Mb\",\"global\":false,\"global_message\":\"Validation fails for maximum file size\"},\"max_file_count\":{\"value\":\"3\",\"message\":\"Du kan ladda upp h\\u00f6gst 3 filer\",\"global\":false,\"global_message\":\"Validation fails for maximum file count\"},\"allowed_file_types\":{\"value\":[\"jpg|jpeg|gif|png|bmp\",\"pdf\",\"doc|ppt|pps|xls|mdb|docx|xlsx|pptx|odt|odp|ods|odg|odc|odb|odf|rtf|txt\"],\"message\":\"Filformatet accepteras inte\",\"global\":false,\"global_message\":\"Invalid file type\"}}},\"debounce_time\":300};\n                            <\/script>\n            \n\n\t\t<\/div>\n\t\t\t\t\n<style>\n#col-1205224303 > .col-inner {\n  padding: 0px 10px 0px 10px;\n}\n<\/style>\n\t<\/div>\n\n\t\n<\/div>\n\t\t<\/div>\n\n\t\t\n<style>\n#section_814590944 {\n  padding-top: 20px;\n  padding-bottom: 20px;\n}\n<\/style>\n\t<\/section>\n\t\n","protected":false},"excerpt":{"rendered":"","protected":false},"author":16,"featured_media":8858,"parent":25379,"menu_order":309,"comment_status":"closed","ping_status":"closed","template":"page-blank.php","meta":{"footnotes":""},"class_list":["post-6023","page","type-page","status-publish","has-post-thumbnail","hentry"],"_links":{"self":[{"href":"https:\/\/www.weckmansteel.fi\/sv\/wp-json\/wp\/v2\/pages\/6023","targetHints":{"allow":["GET"]}}],"collection":[{"href":"https:\/\/www.weckmansteel.fi\/sv\/wp-json\/wp\/v2\/pages"}],"about":[{"href":"https:\/\/www.weckmansteel.fi\/sv\/wp-json\/wp\/v2\/types\/page"}],"author":[{"embeddable":true,"href":"https:\/\/www.weckmansteel.fi\/sv\/wp-json\/wp\/v2\/users\/16"}],"replies":[{"embeddable":true,"href":"https:\/\/www.weckmansteel.fi\/sv\/wp-json\/wp\/v2\/comments?post=6023"}],"version-history":[{"count":0,"href":"https:\/\/www.weckmansteel.fi\/sv\/wp-json\/wp\/v2\/pages\/6023\/revisions"}],"up":[{"embeddable":true,"href":"https:\/\/www.weckmansteel.fi\/sv\/wp-json\/wp\/v2\/pages\/25379"}],"wp:featuredmedia":[{"embeddable":true,"href":"https:\/\/www.weckmansteel.fi\/sv\/wp-json\/wp\/v2\/media\/8858"}],"wp:attachment":[{"href":"https:\/\/www.weckmansteel.fi\/sv\/wp-json\/wp\/v2\/media?parent=6023"}],"curies":[{"name":"wp","href":"https:\/\/api.w.org\/{rel}","templated":true}]}}