{"id":6048,"date":"2018-10-11T06:27:02","date_gmt":"2018-10-11T06:27:02","guid":{"rendered":"http:\/\/weckmansteel.fi\/ammattirakentajille\/"},"modified":"2023-07-03T10:50:35","modified_gmt":"2023-07-03T07:50:35","slug":"for-professionella-byggare","status":"publish","type":"page","link":"https:\/\/www.weckmansteel.fi\/sv\/for-professionella-byggare\/","title":{"rendered":"F\u00f6r professionella byggare"},"content":{"rendered":"\n\t<section class=\"section\" id=\"section_958580121\">\n\t\t<div class=\"section-bg fill\" >\n\t\t\t\t\t\t\t\t\t\n\t\t\t\n\n\t\t<\/div>\n\n\t\t\n\n\t\t<div class=\"section-content relative\">\n\t\t\t\n\n  <div class=\"banner has-hover\" id=\"banner-1331996757\">\n          <div class=\"banner-inner fill\">\n        <div class=\"banner-bg fill\" >\n            <img loading=\"lazy\" decoding=\"async\" width=\"1920\" height=\"960\" src=\"https:\/\/www.weckmansteel.fi\/wp-content\/uploads\/2018\/07\/weckman-teraskatot-ja-kattoremontit_rez.jpg\" class=\"bg attachment-original size-original\" alt=\"\" \/>                        <div class=\"overlay\"><\/div>            \n                    <\/div>\n\t\t\n        <div class=\"banner-layers container\">\n            <div class=\"fill banner-link\"><\/div>            \n   <div id=\"text-box-1987371144\" class=\"text-box banner-layer x50 md-x50 lg-x50 y50 md-y50 lg-y50 res-text\">\n                                <div class=\"text-box-content text dark\">\n              \n              <div class=\"text-inner text-center\">\n                  \n<h1 class=\"uppercase\">f\u00f6r professionella byggare<\/h1>\n              <\/div>\n           <\/div>\n                            \n<style>\n#text-box-1987371144 {\n  width: 100%;\n}\n#text-box-1987371144 .text-box-content {\n  font-size: 50%;\n}\n@media (min-width:550px) {\n  #text-box-1987371144 {\n    width: 60%;\n  }\n  #text-box-1987371144 .text-box-content {\n    font-size: 100%;\n  }\n}\n<\/style>\n    <\/div>\n \n        <\/div>\n      <\/div>\n\n            \n<style>\n#banner-1331996757 {\n  padding-top: 500px;\n  background-color: #025099;\n}\n#banner-1331996757 .overlay {\n  background-color: rgba(2, 80, 153, 0.65);\n}\n#banner-1331996757 .banner-bg img {\n  object-position: 58% 36%;\n}\n<\/style>\n  <\/div>\n\n\n\t\t<\/div>\n\n\t\t\n<style>\n#section_958580121 {\n  padding-top: 0px;\n  padding-bottom: 0px;\n}\n<\/style>\n\t<\/section>\n\t\n\n\t<section class=\"section\" id=\"section_84499719\">\n\t\t<div class=\"section-bg fill\" >\n\t\t\t\t\t\t\t\t\t\n\t\t\t\n\n\t\t<\/div>\n\n\t\t\n\n\t\t<div class=\"section-content relative\">\n\t\t\t\n<div class=\"row\"  id=\"row-441369499\">\n\n\t<div id=\"col-1434693803\" class=\"col small-12 large-12\"  >\n\t\t\t\t<div class=\"col-inner\"  >\n\t\t\t\n\t\t\t\n<h2 class=\"red\">WECKMAN \u00c4R PROFFSBYGGARENS B\u00c4STA PARTNER<\/h2>\n<p>N\u00e4r du vill ha s\u00e4ker, erfaren och kompetent takbyggarexpertis, kontakta Weckman. Vi har marknadens bredaste utbud av st\u00e5lpl\u00e5ttak. V\u00e4lj bland \u00f6ver 200 olika alternativ f\u00f6r alla sorters tak. Vi har vunnit proffsens f\u00f6rtroende genom att tillverka h\u00e5llbara, l\u00e4ttsk\u00f6tta, h\u00f6gkvalitativa och snygga st\u00e5lpl\u00e5ttak i \u00f6ver 60 \u00e5rs tid.<\/p>\n<p>I v\u00e5rt urval ing\u00e5r takpl\u00e5tar med tegelprofil, l\u00e5sfalstak och korrugerade takpl\u00e5tar. V\u00e5ra sj\u00e4lvb\u00e4rande korrugerade takpl\u00e5tar och radband f\u00f6r maskinfalsade tak \u00e4r proffsens val.<br \/>Vi tillverkar <a href=\"https:\/\/www.weckmansteel.fi\/sv\/barande-konstruktioner\/\">b\u00e4rande st\u00e5lkonstruktioner<\/a> f\u00f6r robusta tak och stommar.<\/p>\n<p>Till v\u00e5ra kunder h\u00f6r sm\u00e5 och stora byggf\u00f6retag och -entrepren\u00f6rer, industrif\u00f6retag och andra f\u00f6retag samt offentliga akt\u00f6rer.<\/p>\n<p>Weckmans st\u00e5lpl\u00e5tar anv\u00e4nds p\u00e5 rad- och v\u00e5ningshus samt internt och externt i stormarknader, aff\u00e4rer och k\u00f6pcentra, sjukhus, kyrkor, f\u00f6rsamlingshem och andra st\u00f6rre byggnader, s\u00e5v\u00e4l vid nybyggen som vid renoveringar.<\/p>\n<p>Vi betj\u00e4nar arkitekter och tekniska planerare genom att vid behov delta i planeringsskedet f\u00f6r projekt.<br \/>Ta hj\u00e4lp av <a href=\"https:\/\/www.weckmansteel.fi\/sv\/hjalp-for-planeringen\/\" target=\"_blank\" rel=\"noopener\">designprogrammet Optimi<\/a> f\u00f6r b\u00e4rande konstruktioner och <a href=\"https:\/\/www.weckmansteel.fi\/sv\/hjalp-for-planeringen\/\" target=\"_blank\" rel=\"noopener\">designprogrammet f\u00f6r HC-samverkanspl\u00e5tar<\/a>.<\/p>\n\t\t<\/div>\n\t\t\t\t\t<\/div>\n\n\t\n<\/div>\n\t\t<\/div>\n\n\t\t\n<style>\n#section_84499719 {\n  padding-top: 60px;\n  padding-bottom: 60px;\n}\n<\/style>\n\t<\/section>\n\t\n","protected":false},"excerpt":{"rendered":"","protected":false},"author":16,"featured_media":0,"parent":0,"menu_order":448,"comment_status":"closed","ping_status":"closed","template":"page-blank.php","meta":{"footnotes":""},"class_list":["post-6048","page","type-page","status-publish","hentry"],"_links":{"self":[{"href":"https:\/\/www.weckmansteel.fi\/sv\/wp-json\/wp\/v2\/pages\/6048","targetHints":{"allow":["GET"]}}],"collection":[{"href":"https:\/\/www.weckmansteel.fi\/sv\/wp-json\/wp\/v2\/pages"}],"about":[{"href":"https:\/\/www.weckmansteel.fi\/sv\/wp-json\/wp\/v2\/types\/page"}],"author":[{"embeddable":true,"href":"https:\/\/www.weckmansteel.fi\/sv\/wp-json\/wp\/v2\/users\/16"}],"replies":[{"embeddable":true,"href":"https:\/\/www.weckmansteel.fi\/sv\/wp-json\/wp\/v2\/comments?post=6048"}],"version-history":[{"count":0,"href":"https:\/\/www.weckmansteel.fi\/sv\/wp-json\/wp\/v2\/pages\/6048\/revisions"}],"wp:attachment":[{"href":"https:\/\/www.weckmansteel.fi\/sv\/wp-json\/wp\/v2\/media?parent=6048"}],"curies":[{"name":"wp","href":"https:\/\/api.w.org\/{rel}","templated":true}]}}