{"id":6224,"date":"2018-10-31T11:24:23","date_gmt":"2018-10-31T11:24:23","guid":{"rendered":"http:\/\/weckmansteel.fi\/kontaktuppgifter\/forsaljning-av-reservdelar-till-slapvagnar\/"},"modified":"2025-08-08T15:03:04","modified_gmt":"2025-08-08T12:03:04","slug":"forsaljning-av-reservdelar-till-slapvagnar","status":"publish","type":"page","link":"https:\/\/www.weckmansteel.fi\/sv\/forsaljning-av-reservdelar-till-slapvagnar\/","title":{"rendered":"F\u00f6rs\u00e4ljning av reservdelar till sl\u00e4pvagnar"},"content":{"rendered":"\n\t<section class=\"section dark\" id=\"section_146061645\">\n\t\t<div class=\"section-bg fill\" >\n\t\t\t<img loading=\"lazy\" decoding=\"async\" width=\"1536\" height=\"864\" src=\"https:\/\/www.weckmansteel.fi\/wp-content\/uploads\/2022\/10\/weckman_artikkelikuva_traktorin_perakarryt-1536x864.jpg\" class=\"bg attachment-1536x1536 size-1536x1536\" alt=\"\" \/>\t\t\t\t\t\t<div class=\"section-bg-overlay absolute fill\"><\/div>\n\t\t\t\n\n\t\t<\/div>\n\n\t\t\n\n\t\t<div class=\"section-content relative\">\n\t\t\t\n<div class=\"row\"  id=\"row-131726410\">\n\n\t<div id=\"col-1650913031\" class=\"col small-12 large-12\"  >\n\t\t\t\t<div class=\"col-inner text-center\"  >\n\t\t\t\n\t\t\t\n\t<div id=\"text-944835002\" class=\"text heading-font\">\n\t\t\n<p class=\"uppercase\"><strong>F\u00f6rs\u00e4ljning av reservdelar till sl\u00e4pvagnar<\/strong><\/p>\n\t\t\n<style>\n#text-944835002 {\n  font-size: 2.25rem;\n}\n@media (min-width:550px) {\n  #text-944835002 {\n    font-size: 2.75rem;\n  }\n}\n<\/style>\n\t<\/div>\n\t\n\t\t<\/div>\n\t\t\t\t\n<style>\n#col-1650913031 > .col-inner {\n  margin: 0px 0px -90px 0px;\n}\n<\/style>\n\t<\/div>\n\n\t\n<\/div>\n\t\t<\/div>\n\n\t\t\n<style>\n#section_146061645 {\n  padding-top: 0px;\n  padding-bottom: 0px;\n  min-height: 500px;\n}\n#section_146061645 .section-bg-overlay {\n  background-color: rgba(0, 30, 78, 0.5);\n}\n#section_146061645 .section-bg img {\n  object-position: 50% 50%;\n}\n<\/style>\n\t<\/section>\n\t\n<div class=\"row\"  id=\"row-1382477688\">\n\n\n\t<div id=\"col-931964568\" class=\"col small-12 large-12\"  >\n\t\t\t\t<div class=\"col-inner\"  >\n\t\t\t\n\t\t\t\n\n\n\n<div class=\"breadcrumb\">\n<nav aria-label=\"breadcrumbs\" class=\"rank-math-breadcrumb\"><p><span class=\"last\">Weckman<\/span><\/p><\/nav>\n<\/div>\n\n\n\t\t<\/div>\n\t\t\t\t\t<\/div>\n\n\t\n\n<\/div>\n<div class=\"row\"  id=\"row-1122916185\">\n\n\t<div id=\"col-870421988\" class=\"col small-12 large-12\"  >\n\t\t\t\t<div class=\"col-inner\"  >\n\t\t\t\n\t\t\t\n<h2>Fr\u00e5ga om reservdelar till sl\u00e4pvagnar<\/h2>\n<p>Weckman Steel Oy<br \/>H\u00e4rk\u00e4l\u00e4ntie 72<br \/>FI-19110 VIERUM\u00c4KI<br \/>Tfn <a href=\"tel:0447837210\" target=\"_blank\" rel=\"noopener\">044 7837210<\/a> \/ Pasi Kivilahti <a href=\"mailto:pasi.kivilahti@weckmansteel.com\" target=\"_blank\" rel=\"noopener\">pasi.kivilahti@weckmansteel.com<\/a><\/p>\n\t\t<\/div>\n\t\t\t\t\t<\/div>\n\n\t\n<\/div>\n","protected":false},"excerpt":{"rendered":"","protected":false},"author":16,"featured_media":0,"parent":0,"menu_order":501,"comment_status":"closed","ping_status":"closed","template":"page-blank.php","meta":{"footnotes":""},"class_list":["post-6224","page","type-page","status-publish","hentry"],"_links":{"self":[{"href":"https:\/\/www.weckmansteel.fi\/sv\/wp-json\/wp\/v2\/pages\/6224","targetHints":{"allow":["GET"]}}],"collection":[{"href":"https:\/\/www.weckmansteel.fi\/sv\/wp-json\/wp\/v2\/pages"}],"about":[{"href":"https:\/\/www.weckmansteel.fi\/sv\/wp-json\/wp\/v2\/types\/page"}],"author":[{"embeddable":true,"href":"https:\/\/www.weckmansteel.fi\/sv\/wp-json\/wp\/v2\/users\/16"}],"replies":[{"embeddable":true,"href":"https:\/\/www.weckmansteel.fi\/sv\/wp-json\/wp\/v2\/comments?post=6224"}],"version-history":[{"count":5,"href":"https:\/\/www.weckmansteel.fi\/sv\/wp-json\/wp\/v2\/pages\/6224\/revisions"}],"predecessor-version":[{"id":44845,"href":"https:\/\/www.weckmansteel.fi\/sv\/wp-json\/wp\/v2\/pages\/6224\/revisions\/44845"}],"wp:attachment":[{"href":"https:\/\/www.weckmansteel.fi\/sv\/wp-json\/wp\/v2\/media?parent=6224"}],"curies":[{"name":"wp","href":"https:\/\/api.w.org\/{rel}","templated":true}]}}